{"id":818,"date":"2020-08-17T22:02:08","date_gmt":"2020-08-17T20:02:08","guid":{"rendered":"https:\/\/flexib.ee\/toode\/import-placeholder-for-9520\/"},"modified":"2026-01-09T21:10:29","modified_gmt":"2026-01-09T18:10:29","slug":"oliradiaator-st50-ventilaator-ja-termostaat-12vnnituspunktidegaga","status":"publish","type":"product","link":"https:\/\/flexib.ee\/sv\/toode\/oliradiaator-st50-ventilaator-ja-termostaat-12vnnituspunktidegaga\/","title":{"rendered":"\u00d5liradiaator  ST50 ventilaator ja termostaat, 12Vnnituspunktidegaga"},"content":{"rendered":"<p>Mahutavus: 0,48L<\/p>\n<p>T\u00fc\u00fcp: ST50<\/p>\n<p>Pinge: 12V<\/p>\n<p>V\u00f5imsus: 0,100 kW<\/p>\n<p>Ventilaatori l\u00e4bim\u00f5\u00f5t: 190 mm<\/p>\n<p>\u00d5huvool: 1300 m 3 \/h<\/p>\n<p>Maksimaalne \u00f5livool s\u00fcsteemis: 100L\/min<\/p>\n<p>Maksimaalne t\u00f6\u00f6r\u00f5hk: 25 baari<\/p>\n<p>Testitud hetker\u00f5hul: 35 baari<\/p>\n<p>\u00d5li temperatuur, mille juures ventilaator l\u00fclitub sisse: 50 \u00b0C<\/p>\n","protected":false},"excerpt":{"rendered":"<p>Mahutavus: 0,48L T\u00fc\u00fcp: ST50 Pinge: 12V V\u00f5imsus: 0,100 kW Ventilaatori l\u00e4bim\u00f5\u00f5t: 190 mm \u00d5huvool: 1300 m 3 \/h Maksimaalne \u00f5livool<\/p>\n","protected":false},"featured_media":7830,"template":"","meta":[],"product_cat":[318],"product_tag":[555,554],"supplier_id":null,"supplier_sku":"","barcode":null,"atum_controlled":true,"out_stock_date":null,"out_stock_threshold":null,"inheritable":false,"inbound_stock":null,"stock_on_hold":0,"sold_today":0,"sales_last_days":0,"reserved_stock":null,"customer_returns":null,"warehouse_damage":null,"lost_in_post":null,"other_logs":null,"out_stock_days":0,"lost_sales":0,"has_location":false,"update_date":"2026-04-07T00:13:46","atum_locations":[],"atum_stock_status":"onbackorder","restock_status":false,"low_stock_amount":"","sales_update_date":"2026-04-07T00:13:46","calc_backorders":-1,"yoast_head":"<!-- This site is optimized with the Yoast SEO plugin v21.0 - https:\/\/yoast.com\/wordpress\/plugins\/seo\/ -->\n<title>\u00d5liradiaator ST50 ventilaator ja termostaat, 12Vnnituspunktidegaga - Flexib h\u00fcdraulika<\/title>\n<meta name=\"description\" content=\"\u00d5liradiaator ST50 ventilaator ja termostaat, 12Vnnituspunktidegaga - H\u00fcdraulika komponendid, h\u00fcdropumbad, h\u00fcdraulilised jagajad, h\u00fcdrosilindrid, h\u00fcdropumbad, h\u00fcdraulika \u00f5lid ja h\u00fcdromootorid. P\u00f5llumajandus h\u00fcdraulika, h\u00fcdrovoolikud ja h\u00fcdrojaamad.\" \/>\n<meta name=\"robots\" content=\"index, follow, max-snippet:-1, max-image-preview:large, max-video-preview:-1\" \/>\n<link rel=\"canonical\" href=\"https:\/\/flexib.ee\/sv\/toode\/oliradiaator-st50-ventilaator-ja-termostaat-12vnnituspunktidegaga\/\" \/>\n<meta property=\"og:locale\" content=\"sv_SE\" \/>\n<meta property=\"og:type\" content=\"article\" \/>\n<meta property=\"og:title\" content=\"\u00d5liradiaator ST50 ventilaator ja termostaat, 12Vnnituspunktidegaga - Flexib h\u00fcdraulika\" \/>\n<meta property=\"og:description\" content=\"\u00d5liradiaator ST50 ventilaator ja termostaat, 12Vnnituspunktidegaga - H\u00fcdraulika komponendid, h\u00fcdropumbad, h\u00fcdraulilised jagajad, h\u00fcdrosilindrid, h\u00fcdropumbad, h\u00fcdraulika \u00f5lid ja h\u00fcdromootorid. P\u00f5llumajandus h\u00fcdraulika, h\u00fcdrovoolikud ja h\u00fcdrojaamad.\" \/>\n<meta property=\"og:url\" content=\"https:\/\/flexib.ee\/sv\/toode\/oliradiaator-st50-ventilaator-ja-termostaat-12vnnituspunktidegaga\/\" \/>\n<meta property=\"og:site_name\" content=\"Flexib h\u00fcdraulika\" \/>\n<meta property=\"article:modified_time\" content=\"2026-01-09T18:10:29+00:00\" \/>\n<meta property=\"og:image\" content=\"https:\/\/flexib.ee\/wp-content\/uploads\/2020\/08\/7405.jpg\" \/>\n\t<meta property=\"og:image:width\" content=\"800\" \/>\n\t<meta property=\"og:image:height\" content=\"800\" \/>\n\t<meta property=\"og:image:type\" content=\"image\/jpeg\" \/>\n<meta name=\"twitter:card\" content=\"summary_large_image\" \/>\n<meta name=\"twitter:label1\" content=\"Ber\u00e4knad l\u00e4stid\" \/>\n\t<meta name=\"twitter:data1\" content=\"1 minut\" \/>\n<script type=\"application\/ld+json\" class=\"yoast-schema-graph\">{\"@context\":\"https:\/\/schema.org\",\"@graph\":[{\"@type\":\"WebPage\",\"@id\":\"https:\/\/flexib.ee\/sv\/toode\/oliradiaator-st50-ventilaator-ja-termostaat-12vnnituspunktidegaga\/\",\"url\":\"https:\/\/flexib.ee\/sv\/toode\/oliradiaator-st50-ventilaator-ja-termostaat-12vnnituspunktidegaga\/\",\"name\":\"\u00d5liradiaator ST50 ventilaator ja termostaat, 12Vnnituspunktidegaga - Flexib h\u00fcdraulika\",\"isPartOf\":{\"@id\":\"https:\/\/flexib.ee\/sv\/#website\"},\"datePublished\":\"2020-08-17T20:02:08+00:00\",\"dateModified\":\"2026-01-09T18:10:29+00:00\",\"description\":\"\u00d5liradiaator ST50 ventilaator ja termostaat, 12Vnnituspunktidegaga - H\u00fcdraulika komponendid, h\u00fcdropumbad, h\u00fcdraulilised jagajad, h\u00fcdrosilindrid, h\u00fcdropumbad, h\u00fcdraulika \u00f5lid ja h\u00fcdromootorid. P\u00f5llumajandus h\u00fcdraulika, h\u00fcdrovoolikud ja h\u00fcdrojaamad.\",\"breadcrumb\":{\"@id\":\"https:\/\/flexib.ee\/sv\/toode\/oliradiaator-st50-ventilaator-ja-termostaat-12vnnituspunktidegaga\/#breadcrumb\"},\"inLanguage\":\"sv-SE\",\"potentialAction\":[{\"@type\":\"ReadAction\",\"target\":[\"https:\/\/flexib.ee\/sv\/toode\/oliradiaator-st50-ventilaator-ja-termostaat-12vnnituspunktidegaga\/\"]}]},{\"@type\":\"BreadcrumbList\",\"@id\":\"https:\/\/flexib.ee\/sv\/toode\/oliradiaator-st50-ventilaator-ja-termostaat-12vnnituspunktidegaga\/#breadcrumb\",\"itemListElement\":[{\"@type\":\"ListItem\",\"position\":1,\"name\":\"Flexib\",\"item\":\"https:\/\/flexib.ee\/sv\/\"},{\"@type\":\"ListItem\",\"position\":2,\"name\":\"Butik\",\"item\":\"https:\/\/flexib.ee\/sv\/butik\/\"},{\"@type\":\"ListItem\",\"position\":3,\"name\":\"\u00d5liradiaator ST50 ventilaator ja termostaat, 12Vnnituspunktidegaga\"}]},{\"@type\":\"WebSite\",\"@id\":\"https:\/\/flexib.ee\/sv\/#website\",\"url\":\"https:\/\/flexib.ee\/sv\/\",\"name\":\"Flexib h\u00fcdraulika\",\"description\":\"H\u00fcdraulika tarvikud ja komponendid.\",\"publisher\":{\"@id\":\"https:\/\/flexib.ee\/sv\/#organization\"},\"potentialAction\":[{\"@type\":\"SearchAction\",\"target\":{\"@type\":\"EntryPoint\",\"urlTemplate\":\"https:\/\/flexib.ee\/sv\/?s={search_term_string}\"},\"query-input\":\"required name=search_term_string\"}],\"inLanguage\":\"sv-SE\"},{\"@type\":\"Organization\",\"@id\":\"https:\/\/flexib.ee\/sv\/#organization\",\"name\":\"Flexib H\u00fcdraulika\",\"url\":\"https:\/\/flexib.ee\/sv\/\",\"logo\":{\"@type\":\"ImageObject\",\"inLanguage\":\"sv-SE\",\"@id\":\"https:\/\/flexib.ee\/sv\/#\/schema\/logo\/image\/\",\"url\":\"https:\/\/flexib.ee\/wp-content\/uploads\/2020\/08\/FLEXIB-2.png\",\"contentUrl\":\"https:\/\/flexib.ee\/wp-content\/uploads\/2020\/08\/FLEXIB-2.png\",\"width\":500,\"height\":500,\"caption\":\"Flexib H\u00fcdraulika\"},\"image\":{\"@id\":\"https:\/\/flexib.ee\/sv\/#\/schema\/logo\/image\/\"}}]}<\/script>\n<!-- \/ Yoast SEO plugin. -->","yoast_head_json":{"title":"\u00d5liradiaator ST50 ventilaator ja termostaat, 12Vnnituspunktidegaga - Flexib h\u00fcdraulika","description":"\u00d5liradiaator ST50 ventilaator ja termostaat, 12Vnnituspunktidegaga - H\u00fcdraulika komponendid, h\u00fcdropumbad, h\u00fcdraulilised jagajad, h\u00fcdrosilindrid, h\u00fcdropumbad, h\u00fcdraulika \u00f5lid ja h\u00fcdromootorid. P\u00f5llumajandus h\u00fcdraulika, h\u00fcdrovoolikud ja h\u00fcdrojaamad.","robots":{"index":"index","follow":"follow","max-snippet":"max-snippet:-1","max-image-preview":"max-image-preview:large","max-video-preview":"max-video-preview:-1"},"canonical":"https:\/\/flexib.ee\/sv\/toode\/oliradiaator-st50-ventilaator-ja-termostaat-12vnnituspunktidegaga\/","og_locale":"sv_SE","og_type":"article","og_title":"\u00d5liradiaator ST50 ventilaator ja termostaat, 12Vnnituspunktidegaga - Flexib h\u00fcdraulika","og_description":"\u00d5liradiaator ST50 ventilaator ja termostaat, 12Vnnituspunktidegaga - H\u00fcdraulika komponendid, h\u00fcdropumbad, h\u00fcdraulilised jagajad, h\u00fcdrosilindrid, h\u00fcdropumbad, h\u00fcdraulika \u00f5lid ja h\u00fcdromootorid. P\u00f5llumajandus h\u00fcdraulika, h\u00fcdrovoolikud ja h\u00fcdrojaamad.","og_url":"https:\/\/flexib.ee\/sv\/toode\/oliradiaator-st50-ventilaator-ja-termostaat-12vnnituspunktidegaga\/","og_site_name":"Flexib h\u00fcdraulika","article_modified_time":"2026-01-09T18:10:29+00:00","og_image":[{"width":800,"height":800,"url":"https:\/\/flexib.ee\/wp-content\/uploads\/2020\/08\/7405.jpg","type":"image\/jpeg"}],"twitter_card":"summary_large_image","twitter_misc":{"Ber\u00e4knad l\u00e4stid":"1 minut"},"schema":{"@context":"https:\/\/schema.org","@graph":[{"@type":"WebPage","@id":"https:\/\/flexib.ee\/sv\/toode\/oliradiaator-st50-ventilaator-ja-termostaat-12vnnituspunktidegaga\/","url":"https:\/\/flexib.ee\/sv\/toode\/oliradiaator-st50-ventilaator-ja-termostaat-12vnnituspunktidegaga\/","name":"\u00d5liradiaator ST50 ventilaator ja termostaat, 12Vnnituspunktidegaga - Flexib h\u00fcdraulika","isPartOf":{"@id":"https:\/\/flexib.ee\/sv\/#website"},"datePublished":"2020-08-17T20:02:08+00:00","dateModified":"2026-01-09T18:10:29+00:00","description":"\u00d5liradiaator ST50 ventilaator ja termostaat, 12Vnnituspunktidegaga - H\u00fcdraulika komponendid, h\u00fcdropumbad, h\u00fcdraulilised jagajad, h\u00fcdrosilindrid, h\u00fcdropumbad, h\u00fcdraulika \u00f5lid ja h\u00fcdromootorid. P\u00f5llumajandus h\u00fcdraulika, h\u00fcdrovoolikud ja h\u00fcdrojaamad.","breadcrumb":{"@id":"https:\/\/flexib.ee\/sv\/toode\/oliradiaator-st50-ventilaator-ja-termostaat-12vnnituspunktidegaga\/#breadcrumb"},"inLanguage":"sv-SE","potentialAction":[{"@type":"ReadAction","target":["https:\/\/flexib.ee\/sv\/toode\/oliradiaator-st50-ventilaator-ja-termostaat-12vnnituspunktidegaga\/"]}]},{"@type":"BreadcrumbList","@id":"https:\/\/flexib.ee\/sv\/toode\/oliradiaator-st50-ventilaator-ja-termostaat-12vnnituspunktidegaga\/#breadcrumb","itemListElement":[{"@type":"ListItem","position":1,"name":"Flexib","item":"https:\/\/flexib.ee\/sv\/"},{"@type":"ListItem","position":2,"name":"Butik","item":"https:\/\/flexib.ee\/sv\/butik\/"},{"@type":"ListItem","position":3,"name":"\u00d5liradiaator ST50 ventilaator ja termostaat, 12Vnnituspunktidegaga"}]},{"@type":"WebSite","@id":"https:\/\/flexib.ee\/sv\/#website","url":"https:\/\/flexib.ee\/sv\/","name":"Flexib h\u00fcdraulika","description":"H\u00fcdraulika tarvikud ja komponendid.","publisher":{"@id":"https:\/\/flexib.ee\/sv\/#organization"},"potentialAction":[{"@type":"SearchAction","target":{"@type":"EntryPoint","urlTemplate":"https:\/\/flexib.ee\/sv\/?s={search_term_string}"},"query-input":"required name=search_term_string"}],"inLanguage":"sv-SE"},{"@type":"Organization","@id":"https:\/\/flexib.ee\/sv\/#organization","name":"Flexib H\u00fcdraulika","url":"https:\/\/flexib.ee\/sv\/","logo":{"@type":"ImageObject","inLanguage":"sv-SE","@id":"https:\/\/flexib.ee\/sv\/#\/schema\/logo\/image\/","url":"https:\/\/flexib.ee\/wp-content\/uploads\/2020\/08\/FLEXIB-2.png","contentUrl":"https:\/\/flexib.ee\/wp-content\/uploads\/2020\/08\/FLEXIB-2.png","width":500,"height":500,"caption":"Flexib H\u00fcdraulika"},"image":{"@id":"https:\/\/flexib.ee\/sv\/#\/schema\/logo\/image\/"}}]}},"_links":{"self":[{"href":"https:\/\/flexib.ee\/sv\/wp-json\/wp\/v2\/product\/818"}],"collection":[{"href":"https:\/\/flexib.ee\/sv\/wp-json\/wp\/v2\/product"}],"about":[{"href":"https:\/\/flexib.ee\/sv\/wp-json\/wp\/v2\/types\/product"}],"wp:featuredmedia":[{"embeddable":true,"href":"https:\/\/flexib.ee\/sv\/wp-json\/wp\/v2\/media\/7830"}],"wp:attachment":[{"href":"https:\/\/flexib.ee\/sv\/wp-json\/wp\/v2\/media?parent=818"}],"wp:term":[{"taxonomy":"product_cat","embeddable":true,"href":"https:\/\/flexib.ee\/sv\/wp-json\/wp\/v2\/product_cat?post=818"},{"taxonomy":"product_tag","embeddable":true,"href":"https:\/\/flexib.ee\/sv\/wp-json\/wp\/v2\/product_tag?post=818"}],"curies":[{"name":"wp","href":"https:\/\/api.w.org\/{rel}","templated":true}]}}