{"id":29821,"date":"2026-03-10T16:34:43","date_gmt":"2026-03-10T13:34:43","guid":{"rendered":"https:\/\/flexib.ee\/?post_type=product&#038;p=29821"},"modified":"2026-03-10T16:38:46","modified_gmt":"2026-03-10T13:38:46","slug":"universaalne-iste-traktorile-masinatele-tugedega","status":"publish","type":"product","link":"https:\/\/flexib.ee\/sv\/toode\/universaalne-iste-traktorile-masinatele-tugedega\/","title":{"rendered":"Universaalne iste traktorile masinatele k\u00e4etugedega"},"content":{"rendered":"<p>Tehnilised andmed:<br \/>\nVeekindel polster on valmistatud keskkonnas\u00f5bralikust materjalist. Spetsiaalse vahuga t\u00e4idetud iste ja seljatugi ning k\u00e4etoed tagavad mugavuse.<\/p>\n<p>Reguleerimine: Reguleerimine juhikutel, mille ette-\/tahapoole liikumisulatus on 150 mm ja istme nurga reguleerimine 5 asendis: 102\u00b0 &#8211; 116\u00b0 &#8211; 118\u00b0 &#8211; 120\u00b0 &#8211; 142\u00b0.<br \/>\nAmortisatsioon: Sujuv amortisatsioon 80 mm k\u00e4iguga vahemikus 50 kuni 120 kg ning amortisatsioon kahe vedru ja h\u00fcdraulilise silindri abil.<\/p>\n<p>&nbsp;<\/p>\n<p><img decoding=\"async\" loading=\"lazy\" class=\"alignnone wp-image-29826\" src=\"https:\/\/flexib.ee\/wp-content\/uploads\/2026\/03\/Screenshot-2026-03-10-at-15.35.48.png\" alt=\"\" width=\"555\" height=\"376\" srcset=\"https:\/\/flexib.ee\/wp-content\/uploads\/2026\/03\/Screenshot-2026-03-10-at-15.35.48.png 1240w, https:\/\/flexib.ee\/wp-content\/uploads\/2026\/03\/Screenshot-2026-03-10-at-15.35.48-300x203.png 300w, https:\/\/flexib.ee\/wp-content\/uploads\/2026\/03\/Screenshot-2026-03-10-at-15.35.48-1024x694.png 1024w, https:\/\/flexib.ee\/wp-content\/uploads\/2026\/03\/Screenshot-2026-03-10-at-15.35.48-768x520.png 768w, https:\/\/flexib.ee\/wp-content\/uploads\/2026\/03\/Screenshot-2026-03-10-at-15.35.48-1200x813.png 1200w, https:\/\/flexib.ee\/wp-content\/uploads\/2026\/03\/Screenshot-2026-03-10-at-15.35.48-150x102.png 150w\" sizes=\"(max-width: 555px) 100vw, 555px\" \/><img decoding=\"async\" loading=\"lazy\" class=\"alignnone wp-image-29829\" src=\"https:\/\/flexib.ee\/wp-content\/uploads\/2026\/03\/Screenshot-2026-03-10-at-15.35.58.png\" alt=\"\" width=\"430\" height=\"226\" srcset=\"https:\/\/flexib.ee\/wp-content\/uploads\/2026\/03\/Screenshot-2026-03-10-at-15.35.58.png 1220w, https:\/\/flexib.ee\/wp-content\/uploads\/2026\/03\/Screenshot-2026-03-10-at-15.35.58-300x157.png 300w, https:\/\/flexib.ee\/wp-content\/uploads\/2026\/03\/Screenshot-2026-03-10-at-15.35.58-1024x537.png 1024w, https:\/\/flexib.ee\/wp-content\/uploads\/2026\/03\/Screenshot-2026-03-10-at-15.35.58-768x403.png 768w, https:\/\/flexib.ee\/wp-content\/uploads\/2026\/03\/Screenshot-2026-03-10-at-15.35.58-1200x630.png 1200w, https:\/\/flexib.ee\/wp-content\/uploads\/2026\/03\/Screenshot-2026-03-10-at-15.35.58-150x79.png 150w\" sizes=\"(max-width: 430px) 100vw, 430px\" \/><\/p>\n","protected":false},"excerpt":{"rendered":"<p>Tehnilised andmed: Veekindel polster on valmistatud keskkonnas\u00f5bralikust materjalist. Spetsiaalse vahuga t\u00e4idetud iste ja seljatugi ning k\u00e4etoed tagavad mugavuse. Reguleerimine: Reguleerimine<\/p>\n","protected":false},"featured_media":29822,"template":"","meta":[],"product_cat":[362],"product_tag":[836,549],"supplier_id":null,"supplier_sku":"","barcode":null,"atum_controlled":true,"out_stock_date":"2026-03-10 16:34:44","out_stock_threshold":null,"inheritable":false,"inbound_stock":0,"stock_on_hold":0,"sold_today":0,"sales_last_days":0,"reserved_stock":0,"customer_returns":0,"warehouse_damage":0,"lost_in_post":0,"other_logs":0,"out_stock_days":40,"lost_sales":0,"has_location":false,"update_date":"2026-04-20T00:13:09","atum_locations":[],"atum_stock_status":"onbackorder","restock_status":false,"low_stock_amount":"","sales_update_date":"2026-04-20T00:13:09","calc_backorders":0,"yoast_head":"<!-- This site is optimized with the Yoast SEO plugin v21.0 - https:\/\/yoast.com\/wordpress\/plugins\/seo\/ -->\n<title>Universaalne iste traktorile masinatele k\u00e4etugedega - Flexib h\u00fcdraulika<\/title>\n<meta name=\"description\" content=\"Universaalne iste traktorile masinatele k\u00e4etugedega - H\u00fcdraulika komponendid, h\u00fcdropumbad, h\u00fcdraulilised jagajad, h\u00fcdrosilindrid, h\u00fcdropumbad, h\u00fcdraulika \u00f5lid ja h\u00fcdromootorid. P\u00f5llumajandus h\u00fcdraulika, h\u00fcdrovoolikud ja h\u00fcdrojaamad.\" \/>\n<meta name=\"robots\" content=\"index, follow, max-snippet:-1, max-image-preview:large, max-video-preview:-1\" \/>\n<link rel=\"canonical\" href=\"https:\/\/flexib.ee\/sv\/toode\/universaalne-iste-traktorile-masinatele-tugedega\/\" \/>\n<meta property=\"og:locale\" content=\"sv_SE\" \/>\n<meta property=\"og:type\" content=\"article\" \/>\n<meta property=\"og:title\" content=\"Universaalne iste traktorile masinatele k\u00e4etugedega - Flexib h\u00fcdraulika\" \/>\n<meta property=\"og:description\" content=\"Universaalne iste traktorile masinatele k\u00e4etugedega - H\u00fcdraulika komponendid, h\u00fcdropumbad, h\u00fcdraulilised jagajad, h\u00fcdrosilindrid, h\u00fcdropumbad, h\u00fcdraulika \u00f5lid ja h\u00fcdromootorid. P\u00f5llumajandus h\u00fcdraulika, h\u00fcdrovoolikud ja h\u00fcdrojaamad.\" \/>\n<meta property=\"og:url\" content=\"https:\/\/flexib.ee\/sv\/toode\/universaalne-iste-traktorile-masinatele-tugedega\/\" \/>\n<meta property=\"og:site_name\" content=\"Flexib h\u00fcdraulika\" \/>\n<meta property=\"article:modified_time\" content=\"2026-03-10T13:38:46+00:00\" \/>\n<meta property=\"og:image\" content=\"https:\/\/flexib.ee\/wp-content\/uploads\/2026\/03\/traktori-iste.png\" \/>\n\t<meta property=\"og:image:width\" content=\"500\" \/>\n\t<meta property=\"og:image:height\" content=\"500\" \/>\n\t<meta property=\"og:image:type\" content=\"image\/png\" \/>\n<meta name=\"twitter:card\" content=\"summary_large_image\" \/>\n<meta name=\"twitter:label1\" content=\"Ber\u00e4knad l\u00e4stid\" \/>\n\t<meta name=\"twitter:data1\" content=\"1 minut\" \/>\n<script type=\"application\/ld+json\" class=\"yoast-schema-graph\">{\"@context\":\"https:\/\/schema.org\",\"@graph\":[{\"@type\":\"WebPage\",\"@id\":\"https:\/\/flexib.ee\/sv\/toode\/universaalne-iste-traktorile-masinatele-tugedega\/\",\"url\":\"https:\/\/flexib.ee\/sv\/toode\/universaalne-iste-traktorile-masinatele-tugedega\/\",\"name\":\"Universaalne iste traktorile masinatele k\u00e4etugedega - Flexib h\u00fcdraulika\",\"isPartOf\":{\"@id\":\"https:\/\/flexib.ee\/sv\/#website\"},\"datePublished\":\"2026-03-10T13:34:43+00:00\",\"dateModified\":\"2026-03-10T13:38:46+00:00\",\"description\":\"Universaalne iste traktorile masinatele k\u00e4etugedega - H\u00fcdraulika komponendid, h\u00fcdropumbad, h\u00fcdraulilised jagajad, h\u00fcdrosilindrid, h\u00fcdropumbad, h\u00fcdraulika \u00f5lid ja h\u00fcdromootorid. P\u00f5llumajandus h\u00fcdraulika, h\u00fcdrovoolikud ja h\u00fcdrojaamad.\",\"breadcrumb\":{\"@id\":\"https:\/\/flexib.ee\/sv\/toode\/universaalne-iste-traktorile-masinatele-tugedega\/#breadcrumb\"},\"inLanguage\":\"sv-SE\",\"potentialAction\":[{\"@type\":\"ReadAction\",\"target\":[\"https:\/\/flexib.ee\/sv\/toode\/universaalne-iste-traktorile-masinatele-tugedega\/\"]}]},{\"@type\":\"BreadcrumbList\",\"@id\":\"https:\/\/flexib.ee\/sv\/toode\/universaalne-iste-traktorile-masinatele-tugedega\/#breadcrumb\",\"itemListElement\":[{\"@type\":\"ListItem\",\"position\":1,\"name\":\"Flexib\",\"item\":\"https:\/\/flexib.ee\/sv\/\"},{\"@type\":\"ListItem\",\"position\":2,\"name\":\"Butik\",\"item\":\"https:\/\/flexib.ee\/sv\/butik\/\"},{\"@type\":\"ListItem\",\"position\":3,\"name\":\"Universaalne iste traktorile masinatele k\u00e4etugedega\"}]},{\"@type\":\"WebSite\",\"@id\":\"https:\/\/flexib.ee\/sv\/#website\",\"url\":\"https:\/\/flexib.ee\/sv\/\",\"name\":\"Flexib h\u00fcdraulika\",\"description\":\"H\u00fcdraulika tarvikud ja komponendid.\",\"publisher\":{\"@id\":\"https:\/\/flexib.ee\/sv\/#organization\"},\"potentialAction\":[{\"@type\":\"SearchAction\",\"target\":{\"@type\":\"EntryPoint\",\"urlTemplate\":\"https:\/\/flexib.ee\/sv\/?s={search_term_string}\"},\"query-input\":\"required name=search_term_string\"}],\"inLanguage\":\"sv-SE\"},{\"@type\":\"Organization\",\"@id\":\"https:\/\/flexib.ee\/sv\/#organization\",\"name\":\"Flexib H\u00fcdraulika\",\"url\":\"https:\/\/flexib.ee\/sv\/\",\"logo\":{\"@type\":\"ImageObject\",\"inLanguage\":\"sv-SE\",\"@id\":\"https:\/\/flexib.ee\/sv\/#\/schema\/logo\/image\/\",\"url\":\"https:\/\/flexib.ee\/wp-content\/uploads\/2020\/08\/FLEXIB-2.png\",\"contentUrl\":\"https:\/\/flexib.ee\/wp-content\/uploads\/2020\/08\/FLEXIB-2.png\",\"width\":500,\"height\":500,\"caption\":\"Flexib H\u00fcdraulika\"},\"image\":{\"@id\":\"https:\/\/flexib.ee\/sv\/#\/schema\/logo\/image\/\"}}]}<\/script>\n<!-- \/ Yoast SEO plugin. -->","yoast_head_json":{"title":"Universaalne iste traktorile masinatele k\u00e4etugedega - Flexib h\u00fcdraulika","description":"Universaalne iste traktorile masinatele k\u00e4etugedega - H\u00fcdraulika komponendid, h\u00fcdropumbad, h\u00fcdraulilised jagajad, h\u00fcdrosilindrid, h\u00fcdropumbad, h\u00fcdraulika \u00f5lid ja h\u00fcdromootorid. P\u00f5llumajandus h\u00fcdraulika, h\u00fcdrovoolikud ja h\u00fcdrojaamad.","robots":{"index":"index","follow":"follow","max-snippet":"max-snippet:-1","max-image-preview":"max-image-preview:large","max-video-preview":"max-video-preview:-1"},"canonical":"https:\/\/flexib.ee\/sv\/toode\/universaalne-iste-traktorile-masinatele-tugedega\/","og_locale":"sv_SE","og_type":"article","og_title":"Universaalne iste traktorile masinatele k\u00e4etugedega - Flexib h\u00fcdraulika","og_description":"Universaalne iste traktorile masinatele k\u00e4etugedega - H\u00fcdraulika komponendid, h\u00fcdropumbad, h\u00fcdraulilised jagajad, h\u00fcdrosilindrid, h\u00fcdropumbad, h\u00fcdraulika \u00f5lid ja h\u00fcdromootorid. P\u00f5llumajandus h\u00fcdraulika, h\u00fcdrovoolikud ja h\u00fcdrojaamad.","og_url":"https:\/\/flexib.ee\/sv\/toode\/universaalne-iste-traktorile-masinatele-tugedega\/","og_site_name":"Flexib h\u00fcdraulika","article_modified_time":"2026-03-10T13:38:46+00:00","og_image":[{"width":500,"height":500,"url":"https:\/\/flexib.ee\/wp-content\/uploads\/2026\/03\/traktori-iste.png","type":"image\/png"}],"twitter_card":"summary_large_image","twitter_misc":{"Ber\u00e4knad l\u00e4stid":"1 minut"},"schema":{"@context":"https:\/\/schema.org","@graph":[{"@type":"WebPage","@id":"https:\/\/flexib.ee\/sv\/toode\/universaalne-iste-traktorile-masinatele-tugedega\/","url":"https:\/\/flexib.ee\/sv\/toode\/universaalne-iste-traktorile-masinatele-tugedega\/","name":"Universaalne iste traktorile masinatele k\u00e4etugedega - Flexib h\u00fcdraulika","isPartOf":{"@id":"https:\/\/flexib.ee\/sv\/#website"},"datePublished":"2026-03-10T13:34:43+00:00","dateModified":"2026-03-10T13:38:46+00:00","description":"Universaalne iste traktorile masinatele k\u00e4etugedega - H\u00fcdraulika komponendid, h\u00fcdropumbad, h\u00fcdraulilised jagajad, h\u00fcdrosilindrid, h\u00fcdropumbad, h\u00fcdraulika \u00f5lid ja h\u00fcdromootorid. P\u00f5llumajandus h\u00fcdraulika, h\u00fcdrovoolikud ja h\u00fcdrojaamad.","breadcrumb":{"@id":"https:\/\/flexib.ee\/sv\/toode\/universaalne-iste-traktorile-masinatele-tugedega\/#breadcrumb"},"inLanguage":"sv-SE","potentialAction":[{"@type":"ReadAction","target":["https:\/\/flexib.ee\/sv\/toode\/universaalne-iste-traktorile-masinatele-tugedega\/"]}]},{"@type":"BreadcrumbList","@id":"https:\/\/flexib.ee\/sv\/toode\/universaalne-iste-traktorile-masinatele-tugedega\/#breadcrumb","itemListElement":[{"@type":"ListItem","position":1,"name":"Flexib","item":"https:\/\/flexib.ee\/sv\/"},{"@type":"ListItem","position":2,"name":"Butik","item":"https:\/\/flexib.ee\/sv\/butik\/"},{"@type":"ListItem","position":3,"name":"Universaalne iste traktorile masinatele k\u00e4etugedega"}]},{"@type":"WebSite","@id":"https:\/\/flexib.ee\/sv\/#website","url":"https:\/\/flexib.ee\/sv\/","name":"Flexib h\u00fcdraulika","description":"H\u00fcdraulika tarvikud ja komponendid.","publisher":{"@id":"https:\/\/flexib.ee\/sv\/#organization"},"potentialAction":[{"@type":"SearchAction","target":{"@type":"EntryPoint","urlTemplate":"https:\/\/flexib.ee\/sv\/?s={search_term_string}"},"query-input":"required name=search_term_string"}],"inLanguage":"sv-SE"},{"@type":"Organization","@id":"https:\/\/flexib.ee\/sv\/#organization","name":"Flexib H\u00fcdraulika","url":"https:\/\/flexib.ee\/sv\/","logo":{"@type":"ImageObject","inLanguage":"sv-SE","@id":"https:\/\/flexib.ee\/sv\/#\/schema\/logo\/image\/","url":"https:\/\/flexib.ee\/wp-content\/uploads\/2020\/08\/FLEXIB-2.png","contentUrl":"https:\/\/flexib.ee\/wp-content\/uploads\/2020\/08\/FLEXIB-2.png","width":500,"height":500,"caption":"Flexib H\u00fcdraulika"},"image":{"@id":"https:\/\/flexib.ee\/sv\/#\/schema\/logo\/image\/"}}]}},"_links":{"self":[{"href":"https:\/\/flexib.ee\/sv\/wp-json\/wp\/v2\/product\/29821"}],"collection":[{"href":"https:\/\/flexib.ee\/sv\/wp-json\/wp\/v2\/product"}],"about":[{"href":"https:\/\/flexib.ee\/sv\/wp-json\/wp\/v2\/types\/product"}],"wp:featuredmedia":[{"embeddable":true,"href":"https:\/\/flexib.ee\/sv\/wp-json\/wp\/v2\/media\/29822"}],"wp:attachment":[{"href":"https:\/\/flexib.ee\/sv\/wp-json\/wp\/v2\/media?parent=29821"}],"wp:term":[{"taxonomy":"product_cat","embeddable":true,"href":"https:\/\/flexib.ee\/sv\/wp-json\/wp\/v2\/product_cat?post=29821"},{"taxonomy":"product_tag","embeddable":true,"href":"https:\/\/flexib.ee\/sv\/wp-json\/wp\/v2\/product_tag?post=29821"}],"curies":[{"name":"wp","href":"https:\/\/api.w.org\/{rel}","templated":true}]}}