{"id":29784,"date":"2026-03-06T14:48:55","date_gmt":"2026-03-06T11:48:55","guid":{"rendered":"https:\/\/flexib.ee\/toode\/uniflex-hm-495-toostuslik-hudrovooliku-press-ipc-500t\/"},"modified":"2026-03-06T14:48:55","modified_gmt":"2026-03-06T11:48:55","slug":"uniflex-hm-495-toostuslik-hudrovooliku-press-ipc-500t","status":"publish","type":"product","link":"https:\/\/flexib.ee\/sv\/toode\/uniflex-hm-495-toostuslik-hudrovooliku-press-ipc-500t\/","title":{"rendered":"Uniflex HM 495 \u2013 T\u00f6\u00f6stuslik h\u00fcdrovooliku press IPC (500t+)"},"content":{"rendered":"<h2>UNIFLEX HM 495 \u2013 T\u00f6\u00f6stuslik suurepressija<\/h2>\n<p>HM 495 pakub kuni 6000 kN surumisj\u00f5udu t\u00f6\u00f6stuse erisuuruste vooliks\u00f5lmede jaoks. IPC digitaalne juhtimiss\u00fcsteem tagab t\u00e4ieliku protsessikontrolli.<\/p>\n<h3>Tehnilised andmed<\/h3>\n<ul>\n<li>Surumisj&otilde;ud: kuni 6000 kN \/ ~600 t<\/li>\n<li>Erisuuruste t\u00f6\u00f6stusprofiilide pressimiseks<\/li>\n<li>Juhtimiss\u00fcsteem: Control IPC (Industry 4.0)<\/li>\n<\/ul>\n<p><strong>Garantii: 2 aastat<\/strong> | Tarnitakse ilma \u00f5li ja pistikuta, k\u00fcsi pakkumist ja listarvikuid ametlikult Uniflex maaletoojalt: info@flexib.ee<\/p>\n","protected":false},"excerpt":{"rendered":"<p>T\u00f6\u00f6stuslik vooliksurve masin kuni 6000 kN surumisj\u00f5uga erisuuruste t\u00f6\u00f6stusprofiilidele. IPC Industry 4.0 kontroller.<\/p>\n","protected":false},"featured_media":29781,"template":"","meta":[],"product_cat":[1719],"product_tag":[1844,846,1803,1817,1843,1818,1802],"supplier_id":null,"supplier_sku":"","barcode":null,"atum_controlled":true,"out_stock_date":null,"out_stock_threshold":null,"inheritable":false,"inbound_stock":0,"stock_on_hold":0,"sold_today":0,"sales_last_days":0,"reserved_stock":0,"customer_returns":0,"warehouse_damage":0,"lost_in_post":0,"other_logs":0,"out_stock_days":0,"lost_sales":0,"has_location":false,"update_date":"2026-04-05T00:13:39","atum_locations":[],"atum_stock_status":"instock","restock_status":false,"low_stock_amount":"","sales_update_date":"2026-04-05T00:13:39","calc_backorders":null,"yoast_head":"<!-- This site is optimized with the Yoast SEO plugin v21.0 - https:\/\/yoast.com\/wordpress\/plugins\/seo\/ -->\n<title>Uniflex HM 495 \u2013 T\u00f6\u00f6stuslik suurepressija IPC (500t+) | Flexib<\/title>\n<meta name=\"description\" content=\"T\u00f6\u00f6stuslik h\u00fcdrovooliku press kuni 6000 kN surumisj\u00f5uga erisuuruste t\u00f6\u00f6stusprofiilidele. IPC Industry 4.0 kontroller.\" \/>\n<meta name=\"robots\" content=\"index, follow, max-snippet:-1, max-image-preview:large, max-video-preview:-1\" \/>\n<link rel=\"canonical\" href=\"https:\/\/flexib.ee\/sv\/toode\/uniflex-hm-495-toostuslik-hudrovooliku-press-ipc-500t\/\" \/>\n<meta property=\"og:locale\" content=\"sv_SE\" \/>\n<meta property=\"og:type\" content=\"article\" \/>\n<meta property=\"og:title\" content=\"Uniflex HM 495 \u2013 T\u00f6\u00f6stuslik suurepressija IPC (500t+) | Flexib\" \/>\n<meta property=\"og:description\" content=\"T\u00f6\u00f6stuslik h\u00fcdrovooliku press kuni 6000 kN surumisj\u00f5uga erisuuruste t\u00f6\u00f6stusprofiilidele. IPC Industry 4.0 kontroller.\" \/>\n<meta property=\"og:url\" content=\"https:\/\/flexib.ee\/sv\/toode\/uniflex-hm-495-toostuslik-hudrovooliku-press-ipc-500t\/\" \/>\n<meta property=\"og:site_name\" content=\"Flexib h\u00fcdraulika\" \/>\n<meta property=\"og:image\" content=\"https:\/\/flexib.ee\/wp-content\/uploads\/2026\/03\/HM-495-13ce78d3.png\" \/>\n\t<meta property=\"og:image:width\" content=\"938\" \/>\n\t<meta property=\"og:image:height\" content=\"703\" \/>\n\t<meta property=\"og:image:type\" content=\"image\/png\" \/>\n<meta name=\"twitter:card\" content=\"summary_large_image\" \/>\n<script type=\"application\/ld+json\" class=\"yoast-schema-graph\">{\"@context\":\"https:\/\/schema.org\",\"@graph\":[{\"@type\":\"WebPage\",\"@id\":\"https:\/\/flexib.ee\/sv\/toode\/uniflex-hm-495-toostuslik-hudrovooliku-press-ipc-500t\/\",\"url\":\"https:\/\/flexib.ee\/sv\/toode\/uniflex-hm-495-toostuslik-hudrovooliku-press-ipc-500t\/\",\"name\":\"Uniflex HM 495 \u2013 T\u00f6\u00f6stuslik suurepressija IPC (500t+) | Flexib\",\"isPartOf\":{\"@id\":\"https:\/\/flexib.ee\/sv\/#website\"},\"datePublished\":\"2026-03-06T11:48:55+00:00\",\"dateModified\":\"2026-03-06T11:48:55+00:00\",\"description\":\"T\u00f6\u00f6stuslik h\u00fcdrovooliku press kuni 6000 kN surumisj\u00f5uga erisuuruste t\u00f6\u00f6stusprofiilidele. IPC Industry 4.0 kontroller.\",\"breadcrumb\":{\"@id\":\"https:\/\/flexib.ee\/sv\/toode\/uniflex-hm-495-toostuslik-hudrovooliku-press-ipc-500t\/#breadcrumb\"},\"inLanguage\":\"sv-SE\",\"potentialAction\":[{\"@type\":\"ReadAction\",\"target\":[\"https:\/\/flexib.ee\/sv\/toode\/uniflex-hm-495-toostuslik-hudrovooliku-press-ipc-500t\/\"]}]},{\"@type\":\"BreadcrumbList\",\"@id\":\"https:\/\/flexib.ee\/sv\/toode\/uniflex-hm-495-toostuslik-hudrovooliku-press-ipc-500t\/#breadcrumb\",\"itemListElement\":[{\"@type\":\"ListItem\",\"position\":1,\"name\":\"Flexib\",\"item\":\"https:\/\/flexib.ee\/sv\/\"},{\"@type\":\"ListItem\",\"position\":2,\"name\":\"Butik\",\"item\":\"https:\/\/flexib.ee\/sv\/butik\/\"},{\"@type\":\"ListItem\",\"position\":3,\"name\":\"Uniflex HM 495 \u2013 T\u00f6\u00f6stuslik h\u00fcdrovooliku press IPC (500t+)\"}]},{\"@type\":\"WebSite\",\"@id\":\"https:\/\/flexib.ee\/sv\/#website\",\"url\":\"https:\/\/flexib.ee\/sv\/\",\"name\":\"Flexib h\u00fcdraulika\",\"description\":\"H\u00fcdraulika tarvikud ja komponendid.\",\"publisher\":{\"@id\":\"https:\/\/flexib.ee\/sv\/#organization\"},\"potentialAction\":[{\"@type\":\"SearchAction\",\"target\":{\"@type\":\"EntryPoint\",\"urlTemplate\":\"https:\/\/flexib.ee\/sv\/?s={search_term_string}\"},\"query-input\":\"required name=search_term_string\"}],\"inLanguage\":\"sv-SE\"},{\"@type\":\"Organization\",\"@id\":\"https:\/\/flexib.ee\/sv\/#organization\",\"name\":\"Flexib H\u00fcdraulika\",\"url\":\"https:\/\/flexib.ee\/sv\/\",\"logo\":{\"@type\":\"ImageObject\",\"inLanguage\":\"sv-SE\",\"@id\":\"https:\/\/flexib.ee\/sv\/#\/schema\/logo\/image\/\",\"url\":\"https:\/\/flexib.ee\/wp-content\/uploads\/2020\/08\/FLEXIB-2.png\",\"contentUrl\":\"https:\/\/flexib.ee\/wp-content\/uploads\/2020\/08\/FLEXIB-2.png\",\"width\":500,\"height\":500,\"caption\":\"Flexib H\u00fcdraulika\"},\"image\":{\"@id\":\"https:\/\/flexib.ee\/sv\/#\/schema\/logo\/image\/\"}}]}<\/script>\n<!-- \/ Yoast SEO plugin. -->","yoast_head_json":{"title":"Uniflex HM 495 \u2013 T\u00f6\u00f6stuslik suurepressija IPC (500t+) | Flexib","description":"T\u00f6\u00f6stuslik h\u00fcdrovooliku press kuni 6000 kN surumisj\u00f5uga erisuuruste t\u00f6\u00f6stusprofiilidele. IPC Industry 4.0 kontroller.","robots":{"index":"index","follow":"follow","max-snippet":"max-snippet:-1","max-image-preview":"max-image-preview:large","max-video-preview":"max-video-preview:-1"},"canonical":"https:\/\/flexib.ee\/sv\/toode\/uniflex-hm-495-toostuslik-hudrovooliku-press-ipc-500t\/","og_locale":"sv_SE","og_type":"article","og_title":"Uniflex HM 495 \u2013 T\u00f6\u00f6stuslik suurepressija IPC (500t+) | Flexib","og_description":"T\u00f6\u00f6stuslik h\u00fcdrovooliku press kuni 6000 kN surumisj\u00f5uga erisuuruste t\u00f6\u00f6stusprofiilidele. IPC Industry 4.0 kontroller.","og_url":"https:\/\/flexib.ee\/sv\/toode\/uniflex-hm-495-toostuslik-hudrovooliku-press-ipc-500t\/","og_site_name":"Flexib h\u00fcdraulika","og_image":[{"width":938,"height":703,"url":"https:\/\/flexib.ee\/wp-content\/uploads\/2026\/03\/HM-495-13ce78d3.png","type":"image\/png"}],"twitter_card":"summary_large_image","schema":{"@context":"https:\/\/schema.org","@graph":[{"@type":"WebPage","@id":"https:\/\/flexib.ee\/sv\/toode\/uniflex-hm-495-toostuslik-hudrovooliku-press-ipc-500t\/","url":"https:\/\/flexib.ee\/sv\/toode\/uniflex-hm-495-toostuslik-hudrovooliku-press-ipc-500t\/","name":"Uniflex HM 495 \u2013 T\u00f6\u00f6stuslik suurepressija IPC (500t+) | Flexib","isPartOf":{"@id":"https:\/\/flexib.ee\/sv\/#website"},"datePublished":"2026-03-06T11:48:55+00:00","dateModified":"2026-03-06T11:48:55+00:00","description":"T\u00f6\u00f6stuslik h\u00fcdrovooliku press kuni 6000 kN surumisj\u00f5uga erisuuruste t\u00f6\u00f6stusprofiilidele. IPC Industry 4.0 kontroller.","breadcrumb":{"@id":"https:\/\/flexib.ee\/sv\/toode\/uniflex-hm-495-toostuslik-hudrovooliku-press-ipc-500t\/#breadcrumb"},"inLanguage":"sv-SE","potentialAction":[{"@type":"ReadAction","target":["https:\/\/flexib.ee\/sv\/toode\/uniflex-hm-495-toostuslik-hudrovooliku-press-ipc-500t\/"]}]},{"@type":"BreadcrumbList","@id":"https:\/\/flexib.ee\/sv\/toode\/uniflex-hm-495-toostuslik-hudrovooliku-press-ipc-500t\/#breadcrumb","itemListElement":[{"@type":"ListItem","position":1,"name":"Flexib","item":"https:\/\/flexib.ee\/sv\/"},{"@type":"ListItem","position":2,"name":"Butik","item":"https:\/\/flexib.ee\/sv\/butik\/"},{"@type":"ListItem","position":3,"name":"Uniflex HM 495 \u2013 T\u00f6\u00f6stuslik h\u00fcdrovooliku press IPC (500t+)"}]},{"@type":"WebSite","@id":"https:\/\/flexib.ee\/sv\/#website","url":"https:\/\/flexib.ee\/sv\/","name":"Flexib h\u00fcdraulika","description":"H\u00fcdraulika tarvikud ja komponendid.","publisher":{"@id":"https:\/\/flexib.ee\/sv\/#organization"},"potentialAction":[{"@type":"SearchAction","target":{"@type":"EntryPoint","urlTemplate":"https:\/\/flexib.ee\/sv\/?s={search_term_string}"},"query-input":"required name=search_term_string"}],"inLanguage":"sv-SE"},{"@type":"Organization","@id":"https:\/\/flexib.ee\/sv\/#organization","name":"Flexib H\u00fcdraulika","url":"https:\/\/flexib.ee\/sv\/","logo":{"@type":"ImageObject","inLanguage":"sv-SE","@id":"https:\/\/flexib.ee\/sv\/#\/schema\/logo\/image\/","url":"https:\/\/flexib.ee\/wp-content\/uploads\/2020\/08\/FLEXIB-2.png","contentUrl":"https:\/\/flexib.ee\/wp-content\/uploads\/2020\/08\/FLEXIB-2.png","width":500,"height":500,"caption":"Flexib H\u00fcdraulika"},"image":{"@id":"https:\/\/flexib.ee\/sv\/#\/schema\/logo\/image\/"}}]}},"_links":{"self":[{"href":"https:\/\/flexib.ee\/sv\/wp-json\/wp\/v2\/product\/29784"}],"collection":[{"href":"https:\/\/flexib.ee\/sv\/wp-json\/wp\/v2\/product"}],"about":[{"href":"https:\/\/flexib.ee\/sv\/wp-json\/wp\/v2\/types\/product"}],"wp:featuredmedia":[{"embeddable":true,"href":"https:\/\/flexib.ee\/sv\/wp-json\/wp\/v2\/media\/29781"}],"wp:attachment":[{"href":"https:\/\/flexib.ee\/sv\/wp-json\/wp\/v2\/media?parent=29784"}],"wp:term":[{"taxonomy":"product_cat","embeddable":true,"href":"https:\/\/flexib.ee\/sv\/wp-json\/wp\/v2\/product_cat?post=29784"},{"taxonomy":"product_tag","embeddable":true,"href":"https:\/\/flexib.ee\/sv\/wp-json\/wp\/v2\/product_tag?post=29784"}],"curies":[{"name":"wp","href":"https:\/\/api.w.org\/{rel}","templated":true}]}}