{"id":29780,"date":"2026-03-06T14:48:53","date_gmt":"2026-03-06T11:48:53","guid":{"rendered":"https:\/\/flexib.ee\/toode\/uniflex-hm-465-toostuslik-hudrovooliku-press-ipc-400t\/"},"modified":"2026-03-06T14:48:53","modified_gmt":"2026-03-06T11:48:53","slug":"uniflex-hm-465-toostuslik-hudrovooliku-press-ipc-400t","status":"publish","type":"product","link":"https:\/\/flexib.ee\/sv\/toode\/uniflex-hm-465-toostuslik-hudrovooliku-press-ipc-400t\/","title":{"rendered":"Uniflex HM 465 \u2013 T\u00f6\u00f6stuslik h\u00fcdrovooliku press IPC (400t)"},"content":{"rendered":"<h2>UNIFLEX HM 465 \u2013 T\u00f6\u00f6stuslik suurepressija<\/h2>\n<p>HM 465 on loodud spetsiaalselt t\u00f6\u00f6stuse erisuuruste vooliks\u00f5lmede jaoks. 4000 kN surumisj\u00f5ud kompaktses ehituses koos IPC digitaalse juhtimisega.<\/p>\n<h3>Tehnilised andmed<\/h3>\n<ul>\n<li>Surumisj&otilde;ud: 4000 kN \/ 400 t (ligikaudu)<\/li>\n<li>Erisuuruste t\u00f6\u00f6stusprofiilide pressimiseks<\/li>\n<li>Juhtimiss\u00fcsteem: Control IPC (Industry 4.0)<\/li>\n<li>Kompaktne ehitus \u2013 hea ligip\u00e4\u00e4setavus igast k\u00fcljest<\/li>\n<\/ul>\n<p><strong>Garantii: 2 aastat<\/strong> | Tarnitakse ilma \u00f5li ja pistikuta, k\u00fcsi pakkumist ja listarvikuid ametlikult Uniflex maaletoojalt: info@flexib.ee<\/p>\n","protected":false},"excerpt":{"rendered":"<p>T\u00f6\u00f6stuslik vooliksurve masin 400t surumisj\u00f5uga erisuuruste t\u00f6\u00f6stusprofiilidele. IPC Industry 4.0 kontroller. Kompaktne ruumis.<\/p>\n","protected":false},"featured_media":29777,"template":"","meta":[],"product_cat":[1719],"product_tag":[1842,846,1803,1817,1843,1818,1802],"supplier_id":null,"supplier_sku":"","barcode":null,"atum_controlled":true,"out_stock_date":null,"out_stock_threshold":null,"inheritable":false,"inbound_stock":0,"stock_on_hold":0,"sold_today":0,"sales_last_days":0,"reserved_stock":0,"customer_returns":0,"warehouse_damage":0,"lost_in_post":0,"other_logs":0,"out_stock_days":0,"lost_sales":0,"has_location":false,"update_date":"2026-04-05T00:13:39","atum_locations":[],"atum_stock_status":"instock","restock_status":false,"low_stock_amount":"","sales_update_date":"2026-04-05T00:13:39","calc_backorders":null,"yoast_head":"<!-- This site is optimized with the Yoast SEO plugin v21.0 - https:\/\/yoast.com\/wordpress\/plugins\/seo\/ -->\n<title>Uniflex HM 465 \u2013 T\u00f6\u00f6stuslik suurepressija IPC (400t) | Flexib<\/title>\n<meta name=\"description\" content=\"T\u00f6\u00f6stuslik h\u00fcdrovooliku press 400t surumisj\u00f5uga erisuuruste t\u00f6\u00f6stusprofiilidele. IPC Industry 4.0 kontroller. Kompaktne ruumis.\" \/>\n<meta name=\"robots\" content=\"index, follow, max-snippet:-1, max-image-preview:large, max-video-preview:-1\" \/>\n<link rel=\"canonical\" href=\"https:\/\/flexib.ee\/sv\/toode\/uniflex-hm-465-toostuslik-hudrovooliku-press-ipc-400t\/\" \/>\n<meta property=\"og:locale\" content=\"sv_SE\" \/>\n<meta property=\"og:type\" content=\"article\" \/>\n<meta property=\"og:title\" content=\"Uniflex HM 465 \u2013 T\u00f6\u00f6stuslik suurepressija IPC (400t) | Flexib\" \/>\n<meta property=\"og:description\" content=\"T\u00f6\u00f6stuslik h\u00fcdrovooliku press 400t surumisj\u00f5uga erisuuruste t\u00f6\u00f6stusprofiilidele. IPC Industry 4.0 kontroller. Kompaktne ruumis.\" \/>\n<meta property=\"og:url\" content=\"https:\/\/flexib.ee\/sv\/toode\/uniflex-hm-465-toostuslik-hudrovooliku-press-ipc-400t\/\" \/>\n<meta property=\"og:site_name\" content=\"Flexib h\u00fcdraulika\" \/>\n<meta property=\"og:image\" content=\"https:\/\/flexib.ee\/wp-content\/uploads\/2026\/03\/UNIFLEX_HM-4652-_Vorderseite-web_1_2024_05-2-0143c652.png\" \/>\n\t<meta property=\"og:image:width\" content=\"900\" \/>\n\t<meta property=\"og:image:height\" content=\"675\" \/>\n\t<meta property=\"og:image:type\" content=\"image\/png\" \/>\n<meta name=\"twitter:card\" content=\"summary_large_image\" \/>\n<script type=\"application\/ld+json\" class=\"yoast-schema-graph\">{\"@context\":\"https:\/\/schema.org\",\"@graph\":[{\"@type\":\"WebPage\",\"@id\":\"https:\/\/flexib.ee\/sv\/toode\/uniflex-hm-465-toostuslik-hudrovooliku-press-ipc-400t\/\",\"url\":\"https:\/\/flexib.ee\/sv\/toode\/uniflex-hm-465-toostuslik-hudrovooliku-press-ipc-400t\/\",\"name\":\"Uniflex HM 465 \u2013 T\u00f6\u00f6stuslik suurepressija IPC (400t) | Flexib\",\"isPartOf\":{\"@id\":\"https:\/\/flexib.ee\/sv\/#website\"},\"datePublished\":\"2026-03-06T11:48:53+00:00\",\"dateModified\":\"2026-03-06T11:48:53+00:00\",\"description\":\"T\u00f6\u00f6stuslik h\u00fcdrovooliku press 400t surumisj\u00f5uga erisuuruste t\u00f6\u00f6stusprofiilidele. IPC Industry 4.0 kontroller. Kompaktne ruumis.\",\"breadcrumb\":{\"@id\":\"https:\/\/flexib.ee\/sv\/toode\/uniflex-hm-465-toostuslik-hudrovooliku-press-ipc-400t\/#breadcrumb\"},\"inLanguage\":\"sv-SE\",\"potentialAction\":[{\"@type\":\"ReadAction\",\"target\":[\"https:\/\/flexib.ee\/sv\/toode\/uniflex-hm-465-toostuslik-hudrovooliku-press-ipc-400t\/\"]}]},{\"@type\":\"BreadcrumbList\",\"@id\":\"https:\/\/flexib.ee\/sv\/toode\/uniflex-hm-465-toostuslik-hudrovooliku-press-ipc-400t\/#breadcrumb\",\"itemListElement\":[{\"@type\":\"ListItem\",\"position\":1,\"name\":\"Flexib\",\"item\":\"https:\/\/flexib.ee\/sv\/\"},{\"@type\":\"ListItem\",\"position\":2,\"name\":\"Butik\",\"item\":\"https:\/\/flexib.ee\/sv\/butik\/\"},{\"@type\":\"ListItem\",\"position\":3,\"name\":\"Uniflex HM 465 \u2013 T\u00f6\u00f6stuslik h\u00fcdrovooliku press IPC (400t)\"}]},{\"@type\":\"WebSite\",\"@id\":\"https:\/\/flexib.ee\/sv\/#website\",\"url\":\"https:\/\/flexib.ee\/sv\/\",\"name\":\"Flexib h\u00fcdraulika\",\"description\":\"H\u00fcdraulika tarvikud ja komponendid.\",\"publisher\":{\"@id\":\"https:\/\/flexib.ee\/sv\/#organization\"},\"potentialAction\":[{\"@type\":\"SearchAction\",\"target\":{\"@type\":\"EntryPoint\",\"urlTemplate\":\"https:\/\/flexib.ee\/sv\/?s={search_term_string}\"},\"query-input\":\"required name=search_term_string\"}],\"inLanguage\":\"sv-SE\"},{\"@type\":\"Organization\",\"@id\":\"https:\/\/flexib.ee\/sv\/#organization\",\"name\":\"Flexib H\u00fcdraulika\",\"url\":\"https:\/\/flexib.ee\/sv\/\",\"logo\":{\"@type\":\"ImageObject\",\"inLanguage\":\"sv-SE\",\"@id\":\"https:\/\/flexib.ee\/sv\/#\/schema\/logo\/image\/\",\"url\":\"https:\/\/flexib.ee\/wp-content\/uploads\/2020\/08\/FLEXIB-2.png\",\"contentUrl\":\"https:\/\/flexib.ee\/wp-content\/uploads\/2020\/08\/FLEXIB-2.png\",\"width\":500,\"height\":500,\"caption\":\"Flexib H\u00fcdraulika\"},\"image\":{\"@id\":\"https:\/\/flexib.ee\/sv\/#\/schema\/logo\/image\/\"}}]}<\/script>\n<!-- \/ Yoast SEO plugin. -->","yoast_head_json":{"title":"Uniflex HM 465 \u2013 T\u00f6\u00f6stuslik suurepressija IPC (400t) | Flexib","description":"T\u00f6\u00f6stuslik h\u00fcdrovooliku press 400t surumisj\u00f5uga erisuuruste t\u00f6\u00f6stusprofiilidele. IPC Industry 4.0 kontroller. Kompaktne ruumis.","robots":{"index":"index","follow":"follow","max-snippet":"max-snippet:-1","max-image-preview":"max-image-preview:large","max-video-preview":"max-video-preview:-1"},"canonical":"https:\/\/flexib.ee\/sv\/toode\/uniflex-hm-465-toostuslik-hudrovooliku-press-ipc-400t\/","og_locale":"sv_SE","og_type":"article","og_title":"Uniflex HM 465 \u2013 T\u00f6\u00f6stuslik suurepressija IPC (400t) | Flexib","og_description":"T\u00f6\u00f6stuslik h\u00fcdrovooliku press 400t surumisj\u00f5uga erisuuruste t\u00f6\u00f6stusprofiilidele. IPC Industry 4.0 kontroller. Kompaktne ruumis.","og_url":"https:\/\/flexib.ee\/sv\/toode\/uniflex-hm-465-toostuslik-hudrovooliku-press-ipc-400t\/","og_site_name":"Flexib h\u00fcdraulika","og_image":[{"width":900,"height":675,"url":"https:\/\/flexib.ee\/wp-content\/uploads\/2026\/03\/UNIFLEX_HM-4652-_Vorderseite-web_1_2024_05-2-0143c652.png","type":"image\/png"}],"twitter_card":"summary_large_image","schema":{"@context":"https:\/\/schema.org","@graph":[{"@type":"WebPage","@id":"https:\/\/flexib.ee\/sv\/toode\/uniflex-hm-465-toostuslik-hudrovooliku-press-ipc-400t\/","url":"https:\/\/flexib.ee\/sv\/toode\/uniflex-hm-465-toostuslik-hudrovooliku-press-ipc-400t\/","name":"Uniflex HM 465 \u2013 T\u00f6\u00f6stuslik suurepressija IPC (400t) | Flexib","isPartOf":{"@id":"https:\/\/flexib.ee\/sv\/#website"},"datePublished":"2026-03-06T11:48:53+00:00","dateModified":"2026-03-06T11:48:53+00:00","description":"T\u00f6\u00f6stuslik h\u00fcdrovooliku press 400t surumisj\u00f5uga erisuuruste t\u00f6\u00f6stusprofiilidele. IPC Industry 4.0 kontroller. Kompaktne ruumis.","breadcrumb":{"@id":"https:\/\/flexib.ee\/sv\/toode\/uniflex-hm-465-toostuslik-hudrovooliku-press-ipc-400t\/#breadcrumb"},"inLanguage":"sv-SE","potentialAction":[{"@type":"ReadAction","target":["https:\/\/flexib.ee\/sv\/toode\/uniflex-hm-465-toostuslik-hudrovooliku-press-ipc-400t\/"]}]},{"@type":"BreadcrumbList","@id":"https:\/\/flexib.ee\/sv\/toode\/uniflex-hm-465-toostuslik-hudrovooliku-press-ipc-400t\/#breadcrumb","itemListElement":[{"@type":"ListItem","position":1,"name":"Flexib","item":"https:\/\/flexib.ee\/sv\/"},{"@type":"ListItem","position":2,"name":"Butik","item":"https:\/\/flexib.ee\/sv\/butik\/"},{"@type":"ListItem","position":3,"name":"Uniflex HM 465 \u2013 T\u00f6\u00f6stuslik h\u00fcdrovooliku press IPC (400t)"}]},{"@type":"WebSite","@id":"https:\/\/flexib.ee\/sv\/#website","url":"https:\/\/flexib.ee\/sv\/","name":"Flexib h\u00fcdraulika","description":"H\u00fcdraulika tarvikud ja komponendid.","publisher":{"@id":"https:\/\/flexib.ee\/sv\/#organization"},"potentialAction":[{"@type":"SearchAction","target":{"@type":"EntryPoint","urlTemplate":"https:\/\/flexib.ee\/sv\/?s={search_term_string}"},"query-input":"required name=search_term_string"}],"inLanguage":"sv-SE"},{"@type":"Organization","@id":"https:\/\/flexib.ee\/sv\/#organization","name":"Flexib H\u00fcdraulika","url":"https:\/\/flexib.ee\/sv\/","logo":{"@type":"ImageObject","inLanguage":"sv-SE","@id":"https:\/\/flexib.ee\/sv\/#\/schema\/logo\/image\/","url":"https:\/\/flexib.ee\/wp-content\/uploads\/2020\/08\/FLEXIB-2.png","contentUrl":"https:\/\/flexib.ee\/wp-content\/uploads\/2020\/08\/FLEXIB-2.png","width":500,"height":500,"caption":"Flexib H\u00fcdraulika"},"image":{"@id":"https:\/\/flexib.ee\/sv\/#\/schema\/logo\/image\/"}}]}},"_links":{"self":[{"href":"https:\/\/flexib.ee\/sv\/wp-json\/wp\/v2\/product\/29780"}],"collection":[{"href":"https:\/\/flexib.ee\/sv\/wp-json\/wp\/v2\/product"}],"about":[{"href":"https:\/\/flexib.ee\/sv\/wp-json\/wp\/v2\/types\/product"}],"wp:featuredmedia":[{"embeddable":true,"href":"https:\/\/flexib.ee\/sv\/wp-json\/wp\/v2\/media\/29777"}],"wp:attachment":[{"href":"https:\/\/flexib.ee\/sv\/wp-json\/wp\/v2\/media?parent=29780"}],"wp:term":[{"taxonomy":"product_cat","embeddable":true,"href":"https:\/\/flexib.ee\/sv\/wp-json\/wp\/v2\/product_cat?post=29780"},{"taxonomy":"product_tag","embeddable":true,"href":"https:\/\/flexib.ee\/sv\/wp-json\/wp\/v2\/product_tag?post=29780"}],"curies":[{"name":"wp","href":"https:\/\/api.w.org\/{rel}","templated":true}]}}