{"id":29764,"date":"2026-03-06T14:48:45","date_gmt":"2026-03-06T11:48:45","guid":{"rendered":"https:\/\/flexib.ee\/toode\/uniflex-hm-3h-ipc_mva-tootmise-hudrovooliku-press-industry-4-0-70t\/"},"modified":"2026-03-06T14:56:49","modified_gmt":"2026-03-06T11:56:49","slug":"uniflex-hm-3h-ipc_mva-tootmise-hudrovooliku-press-industry-4-0-70t","status":"publish","type":"product","link":"https:\/\/flexib.ee\/sv\/toode\/uniflex-hm-3h-ipc_mva-tootmise-hudrovooliku-press-industry-4-0-70t\/","title":{"rendered":"Uniflex HM 3H IPC_MVA \u2013 Tootmise h\u00fcdrovooliku press Industry 4.0 (70t)"},"content":{"rendered":"<h2>UNIFLEX HM 3H IPC_MVA \u2013 Tootmise vooliksurve masin Industry 4.0<\/h2>\n<p>HM 3H \u00fchendab t\u00f5husa mehaanilise disaini t\u00e4iustatud digitaalse IPC juhtimisega. Valmis Industry 4.0 keskkonnaks: reaalajas seire, t\u00e4ielik j\u00e4lgitavus, tehase infos\u00fcsteemidega integreerimine.<\/p>\n<h3>Tehnilised andmed<\/h3>\n<ul>\n<li>Surumisj&otilde;ud: 750 kN \/ 70 t | T\u00f6\u00f6stusvoolik kuni 2&#8243;<\/li>\n<li>SAE R12\/4SP kuni 3\/4&#8243; | 4SH kuni 3\/4&#8243; | 90\u00b0 k\u00fc\u00fcnarnukk kuni 1\u00bd&#8221;<\/li>\n<li>Maks. surumisulatus: \u00d8 70 mm | Avanemisliikumine: +35 mm (+1,38&#8243;)<\/li>\n<li>P\u00f5hihargi pikkus: 100 mm | Hargi t\u00fc\u00fcp: 239-xx-\u00d8-yy<\/li>\n<li>K\u00e4itumine: 5,5 kW, 3~VAC | Kiirus: 8,3\/8,3\/13,8 mm\/s<\/li>\n<li>M\u00fcratase: 53 dBA | Kaal: 193 kg | M\u00f5\u00f5tmed: 720\u00d7600\u00d7672 mm<\/li>\n<\/ul>\n<h3>IPC kontroller \u2013 Industry 4.0 \/ IoT<\/h3>\n<ul>\n<li>Siemensi 12&#8243; v\u00e4rviline puutearvuti (HID), Windows 10 OS<\/li>\n<li>V\u00f5rguandmebaasi liides | Andmete logimine (UDL) | RFID<\/li>\n<li>Reaalajas protsessij\u00e4lgimine ja kvaliteedikontroll (PFM)<\/li>\n<li>T\u00f6\u00f6stusliku vooliku pressimiskalkulaator (ICC) | Masina CMK seire<\/li>\n<li>Partiiloendur | J\u00e4rjekorra- ja t\u00f6\u00f6dere\u017eiim<\/li>\n<\/ul>\n<h3>Paketi sisu<\/h3>\n<ul>\n<li>Hargid 239: \u00d8 17, 20, 24, 28, 32, 40, 44, 50 mm<\/li>\n<li>QDC 239.5 kiirhargivahetusvahend | QDS 239 B hargihoidja<\/li>\n<\/ul>\n<p><strong>Garantii: 3 aastat<\/strong> | Tarne: 3\u20136 n\u00e4dalat | Tarnitakse ilma \u00f5li ja pistikuta, k\u00fcsi pakkumist ja listarvikuid ametlikult Uniflex maaletoojalt: info@flexib.ee<\/p>\n<p><a href=\"http:\/\/short.uniflex.de\/videohm3xx\">Videolink<\/a> | <a href=\"http:\/\/short.uniflex.de\/cataloguehm3h\">Kataloog<\/a><\/p>\n","protected":false},"excerpt":{"rendered":"<p>Professionaalne tootmise vooliksurve masin IPC kontrolleriga ja Industry 4.0 \u00fchendusega. Siemensi 12&#8243; puuteekraan, RFID, reaalajas protsessij\u00e4lgimine. Kuni 2&#8243; t\u00f6\u00f6stusvoolik.<\/p>\n","protected":false},"featured_media":29761,"template":"","meta":[],"product_cat":[1719],"product_tag":[1806,1816,846,1803,1819,1817,1818,1802],"supplier_id":null,"supplier_sku":"","barcode":null,"atum_controlled":true,"out_stock_date":null,"out_stock_threshold":null,"inheritable":false,"inbound_stock":0,"stock_on_hold":0,"sold_today":0,"sales_last_days":0,"reserved_stock":0,"customer_returns":0,"warehouse_damage":0,"lost_in_post":0,"other_logs":0,"out_stock_days":0,"lost_sales":0,"has_location":false,"update_date":"2026-04-05T00:13:37","atum_locations":[],"atum_stock_status":"instock","restock_status":false,"low_stock_amount":"","sales_update_date":"2026-04-05T00:13:37","calc_backorders":null,"yoast_head":"<!-- This site is optimized with the Yoast SEO plugin v21.0 - https:\/\/yoast.com\/wordpress\/plugins\/seo\/ -->\n<title>Uniflex HM 3H IPC_MVA \u2013 Tootmise h\u00fcdrovooliku press Industry 4.0 (70t) | Flexib<\/title>\n<meta name=\"description\" content=\"Professionaalne tootmise h\u00fcdrovooliku press IPC kontrolleriga ja Industry 4.0 \u00fchendusega. Siemensi 12&quot; puuteekraan, RFID, reaalajas protsessij\u00e4lgimine. Kuni\" \/>\n<meta name=\"robots\" content=\"index, follow, max-snippet:-1, max-image-preview:large, max-video-preview:-1\" \/>\n<link rel=\"canonical\" href=\"https:\/\/flexib.ee\/sv\/toode\/uniflex-hm-3h-ipc_mva-tootmise-hudrovooliku-press-industry-4-0-70t\/\" \/>\n<meta property=\"og:locale\" content=\"sv_SE\" \/>\n<meta property=\"og:type\" content=\"article\" \/>\n<meta property=\"og:title\" content=\"Uniflex HM 3H IPC_MVA \u2013 Tootmise h\u00fcdrovooliku press Industry 4.0 (70t) | Flexib\" \/>\n<meta property=\"og:description\" content=\"Professionaalne tootmise h\u00fcdrovooliku press IPC kontrolleriga ja Industry 4.0 \u00fchendusega. Siemensi 12&quot; puuteekraan, RFID, reaalajas protsessij\u00e4lgimine. Kuni\" \/>\n<meta property=\"og:url\" content=\"https:\/\/flexib.ee\/sv\/toode\/uniflex-hm-3h-ipc_mva-tootmise-hudrovooliku-press-industry-4-0-70t\/\" \/>\n<meta property=\"og:site_name\" content=\"Flexib h\u00fcdraulika\" \/>\n<meta property=\"article:modified_time\" content=\"2026-03-06T11:56:49+00:00\" \/>\n<meta property=\"og:image\" content=\"https:\/\/flexib.ee\/wp-content\/uploads\/2026\/03\/HM-3-H-52836d2f.png\" \/>\n\t<meta property=\"og:image:width\" content=\"938\" \/>\n\t<meta property=\"og:image:height\" content=\"703\" \/>\n\t<meta property=\"og:image:type\" content=\"image\/png\" \/>\n<meta name=\"twitter:card\" content=\"summary_large_image\" \/>\n<meta name=\"twitter:label1\" content=\"Ber\u00e4knad l\u00e4stid\" \/>\n\t<meta name=\"twitter:data1\" content=\"1 minut\" \/>\n<script type=\"application\/ld+json\" class=\"yoast-schema-graph\">{\"@context\":\"https:\/\/schema.org\",\"@graph\":[{\"@type\":\"WebPage\",\"@id\":\"https:\/\/flexib.ee\/sv\/toode\/uniflex-hm-3h-ipc_mva-tootmise-hudrovooliku-press-industry-4-0-70t\/\",\"url\":\"https:\/\/flexib.ee\/sv\/toode\/uniflex-hm-3h-ipc_mva-tootmise-hudrovooliku-press-industry-4-0-70t\/\",\"name\":\"Uniflex HM 3H IPC_MVA \u2013 Tootmise h\u00fcdrovooliku press Industry 4.0 (70t) | Flexib\",\"isPartOf\":{\"@id\":\"https:\/\/flexib.ee\/sv\/#website\"},\"datePublished\":\"2026-03-06T11:48:45+00:00\",\"dateModified\":\"2026-03-06T11:56:49+00:00\",\"description\":\"Professionaalne tootmise h\u00fcdrovooliku press IPC kontrolleriga ja Industry 4.0 \u00fchendusega. Siemensi 12\\\" puuteekraan, RFID, reaalajas protsessij\u00e4lgimine. Kuni\",\"breadcrumb\":{\"@id\":\"https:\/\/flexib.ee\/sv\/toode\/uniflex-hm-3h-ipc_mva-tootmise-hudrovooliku-press-industry-4-0-70t\/#breadcrumb\"},\"inLanguage\":\"sv-SE\",\"potentialAction\":[{\"@type\":\"ReadAction\",\"target\":[\"https:\/\/flexib.ee\/sv\/toode\/uniflex-hm-3h-ipc_mva-tootmise-hudrovooliku-press-industry-4-0-70t\/\"]}]},{\"@type\":\"BreadcrumbList\",\"@id\":\"https:\/\/flexib.ee\/sv\/toode\/uniflex-hm-3h-ipc_mva-tootmise-hudrovooliku-press-industry-4-0-70t\/#breadcrumb\",\"itemListElement\":[{\"@type\":\"ListItem\",\"position\":1,\"name\":\"Flexib\",\"item\":\"https:\/\/flexib.ee\/sv\/\"},{\"@type\":\"ListItem\",\"position\":2,\"name\":\"Butik\",\"item\":\"https:\/\/flexib.ee\/sv\/butik\/\"},{\"@type\":\"ListItem\",\"position\":3,\"name\":\"Uniflex HM 3H IPC_MVA \u2013 Tootmise h\u00fcdrovooliku press Industry 4.0 (70t)\"}]},{\"@type\":\"WebSite\",\"@id\":\"https:\/\/flexib.ee\/sv\/#website\",\"url\":\"https:\/\/flexib.ee\/sv\/\",\"name\":\"Flexib h\u00fcdraulika\",\"description\":\"H\u00fcdraulika tarvikud ja komponendid.\",\"publisher\":{\"@id\":\"https:\/\/flexib.ee\/sv\/#organization\"},\"potentialAction\":[{\"@type\":\"SearchAction\",\"target\":{\"@type\":\"EntryPoint\",\"urlTemplate\":\"https:\/\/flexib.ee\/sv\/?s={search_term_string}\"},\"query-input\":\"required name=search_term_string\"}],\"inLanguage\":\"sv-SE\"},{\"@type\":\"Organization\",\"@id\":\"https:\/\/flexib.ee\/sv\/#organization\",\"name\":\"Flexib H\u00fcdraulika\",\"url\":\"https:\/\/flexib.ee\/sv\/\",\"logo\":{\"@type\":\"ImageObject\",\"inLanguage\":\"sv-SE\",\"@id\":\"https:\/\/flexib.ee\/sv\/#\/schema\/logo\/image\/\",\"url\":\"https:\/\/flexib.ee\/wp-content\/uploads\/2020\/08\/FLEXIB-2.png\",\"contentUrl\":\"https:\/\/flexib.ee\/wp-content\/uploads\/2020\/08\/FLEXIB-2.png\",\"width\":500,\"height\":500,\"caption\":\"Flexib H\u00fcdraulika\"},\"image\":{\"@id\":\"https:\/\/flexib.ee\/sv\/#\/schema\/logo\/image\/\"}}]}<\/script>\n<!-- \/ Yoast SEO plugin. -->","yoast_head_json":{"title":"Uniflex HM 3H IPC_MVA \u2013 Tootmise h\u00fcdrovooliku press Industry 4.0 (70t) | Flexib","description":"Professionaalne tootmise h\u00fcdrovooliku press IPC kontrolleriga ja Industry 4.0 \u00fchendusega. Siemensi 12\" puuteekraan, RFID, reaalajas protsessij\u00e4lgimine. Kuni","robots":{"index":"index","follow":"follow","max-snippet":"max-snippet:-1","max-image-preview":"max-image-preview:large","max-video-preview":"max-video-preview:-1"},"canonical":"https:\/\/flexib.ee\/sv\/toode\/uniflex-hm-3h-ipc_mva-tootmise-hudrovooliku-press-industry-4-0-70t\/","og_locale":"sv_SE","og_type":"article","og_title":"Uniflex HM 3H IPC_MVA \u2013 Tootmise h\u00fcdrovooliku press Industry 4.0 (70t) | Flexib","og_description":"Professionaalne tootmise h\u00fcdrovooliku press IPC kontrolleriga ja Industry 4.0 \u00fchendusega. Siemensi 12\" puuteekraan, RFID, reaalajas protsessij\u00e4lgimine. Kuni","og_url":"https:\/\/flexib.ee\/sv\/toode\/uniflex-hm-3h-ipc_mva-tootmise-hudrovooliku-press-industry-4-0-70t\/","og_site_name":"Flexib h\u00fcdraulika","article_modified_time":"2026-03-06T11:56:49+00:00","og_image":[{"width":938,"height":703,"url":"https:\/\/flexib.ee\/wp-content\/uploads\/2026\/03\/HM-3-H-52836d2f.png","type":"image\/png"}],"twitter_card":"summary_large_image","twitter_misc":{"Ber\u00e4knad l\u00e4stid":"1 minut"},"schema":{"@context":"https:\/\/schema.org","@graph":[{"@type":"WebPage","@id":"https:\/\/flexib.ee\/sv\/toode\/uniflex-hm-3h-ipc_mva-tootmise-hudrovooliku-press-industry-4-0-70t\/","url":"https:\/\/flexib.ee\/sv\/toode\/uniflex-hm-3h-ipc_mva-tootmise-hudrovooliku-press-industry-4-0-70t\/","name":"Uniflex HM 3H IPC_MVA \u2013 Tootmise h\u00fcdrovooliku press Industry 4.0 (70t) | Flexib","isPartOf":{"@id":"https:\/\/flexib.ee\/sv\/#website"},"datePublished":"2026-03-06T11:48:45+00:00","dateModified":"2026-03-06T11:56:49+00:00","description":"Professionaalne tootmise h\u00fcdrovooliku press IPC kontrolleriga ja Industry 4.0 \u00fchendusega. Siemensi 12\" puuteekraan, RFID, reaalajas protsessij\u00e4lgimine. Kuni","breadcrumb":{"@id":"https:\/\/flexib.ee\/sv\/toode\/uniflex-hm-3h-ipc_mva-tootmise-hudrovooliku-press-industry-4-0-70t\/#breadcrumb"},"inLanguage":"sv-SE","potentialAction":[{"@type":"ReadAction","target":["https:\/\/flexib.ee\/sv\/toode\/uniflex-hm-3h-ipc_mva-tootmise-hudrovooliku-press-industry-4-0-70t\/"]}]},{"@type":"BreadcrumbList","@id":"https:\/\/flexib.ee\/sv\/toode\/uniflex-hm-3h-ipc_mva-tootmise-hudrovooliku-press-industry-4-0-70t\/#breadcrumb","itemListElement":[{"@type":"ListItem","position":1,"name":"Flexib","item":"https:\/\/flexib.ee\/sv\/"},{"@type":"ListItem","position":2,"name":"Butik","item":"https:\/\/flexib.ee\/sv\/butik\/"},{"@type":"ListItem","position":3,"name":"Uniflex HM 3H IPC_MVA \u2013 Tootmise h\u00fcdrovooliku press Industry 4.0 (70t)"}]},{"@type":"WebSite","@id":"https:\/\/flexib.ee\/sv\/#website","url":"https:\/\/flexib.ee\/sv\/","name":"Flexib h\u00fcdraulika","description":"H\u00fcdraulika tarvikud ja komponendid.","publisher":{"@id":"https:\/\/flexib.ee\/sv\/#organization"},"potentialAction":[{"@type":"SearchAction","target":{"@type":"EntryPoint","urlTemplate":"https:\/\/flexib.ee\/sv\/?s={search_term_string}"},"query-input":"required name=search_term_string"}],"inLanguage":"sv-SE"},{"@type":"Organization","@id":"https:\/\/flexib.ee\/sv\/#organization","name":"Flexib H\u00fcdraulika","url":"https:\/\/flexib.ee\/sv\/","logo":{"@type":"ImageObject","inLanguage":"sv-SE","@id":"https:\/\/flexib.ee\/sv\/#\/schema\/logo\/image\/","url":"https:\/\/flexib.ee\/wp-content\/uploads\/2020\/08\/FLEXIB-2.png","contentUrl":"https:\/\/flexib.ee\/wp-content\/uploads\/2020\/08\/FLEXIB-2.png","width":500,"height":500,"caption":"Flexib H\u00fcdraulika"},"image":{"@id":"https:\/\/flexib.ee\/sv\/#\/schema\/logo\/image\/"}}]}},"_links":{"self":[{"href":"https:\/\/flexib.ee\/sv\/wp-json\/wp\/v2\/product\/29764"}],"collection":[{"href":"https:\/\/flexib.ee\/sv\/wp-json\/wp\/v2\/product"}],"about":[{"href":"https:\/\/flexib.ee\/sv\/wp-json\/wp\/v2\/types\/product"}],"wp:featuredmedia":[{"embeddable":true,"href":"https:\/\/flexib.ee\/sv\/wp-json\/wp\/v2\/media\/29761"}],"wp:attachment":[{"href":"https:\/\/flexib.ee\/sv\/wp-json\/wp\/v2\/media?parent=29764"}],"wp:term":[{"taxonomy":"product_cat","embeddable":true,"href":"https:\/\/flexib.ee\/sv\/wp-json\/wp\/v2\/product_cat?post=29764"},{"taxonomy":"product_tag","embeddable":true,"href":"https:\/\/flexib.ee\/sv\/wp-json\/wp\/v2\/product_tag?post=29764"}],"curies":[{"name":"wp","href":"https:\/\/api.w.org\/{rel}","templated":true}]}}