{"id":29744,"date":"2026-03-06T14:48:24","date_gmt":"2026-03-06T11:48:24","guid":{"rendered":"https:\/\/flexib.ee\/toode\/uniflex-sh-10-i-sh-10-i-xl-suur-hudrovooliku-press-280t\/"},"modified":"2026-03-06T14:48:24","modified_gmt":"2026-03-06T11:48:24","slug":"uniflex-sh-10-i-sh-10-i-xl-suur-hudrovooliku-press-280t","status":"publish","type":"product","link":"https:\/\/flexib.ee\/sv\/toode\/uniflex-sh-10-i-sh-10-i-xl-suur-hudrovooliku-press-280t\/","title":{"rendered":"Uniflex SH 10 i \/ SH 10 i XL \u2013 Suur h\u00fcdrovooliku press (280t)"},"content":{"rendered":"<h2>UNIFLEX SH 10 i \/ SH 10 i XL \u2013 Suur vooliksurve masin<\/h2>\n<p>SH 10 i seeria pakub 280t surumisj\u00f5udu koos suure avanemisliikumisega (+45 mm SH10 i \/ +61 mm XL). V\u00f5imalik pressida 90\u00b0 armatuurid kuni 2&#8243; R15 ja kuni 4&#8243; t\u00f6\u00f6stusvoolikuid.<\/p>\n<h3>Tehnilised andmed<\/h3>\n<table>\n<tr>\n<th><\/th>\n<th>SH 10 i Ecoline<\/th>\n<th>SH 10 i XL<\/th>\n<\/tr>\n<tr>\n<td>Surumisj&otilde;ud (kN\/t)<\/td>\n<td>2800\/280<\/td>\n<td>2800\/280<\/td>\n<\/tr>\n<tr>\n<td>4\/6-spir. interlock<\/td>\n<td>2&#8243;<\/td>\n<td>2&#8243;<\/td>\n<\/tr>\n<tr>\n<td>T\u00f6\u00f6stusvoolik<\/td>\n<td>4&#8243;<\/td>\n<td>4&#8243;<\/td>\n<\/tr>\n<tr>\n<td>Maks. surumisulatus<\/td>\n<td colspan=\"2\">\u00d8 100 mm<\/td>\n<\/tr>\n<tr>\n<td>Avanemisliikumine<\/td>\n<td>+45 mm<\/td>\n<td>+61 mm<\/td>\n<\/tr>\n<\/table>\n<p><strong>Garantii: 2 aastat<\/strong> | Tarnitakse ilma \u00f5li ja pistikuta, k\u00fcsi pakkumist ja listarvikuid ametlikult Uniflex maaletoojalt: info@flexib.ee<\/p>\n","protected":false},"excerpt":{"rendered":"<p>SH 10 i (280t) kuni 2&#8243; R15 ja 4&#8243; t\u00f6\u00f6stusvoolik. SH 10 i XL suurema avausega (+61 mm). Sobib k\u00f5ige n\u00f5udlikumatele vooliks\u00f5lmedele.<\/p>\n","protected":false},"featured_media":29741,"template":"","meta":[],"product_cat":[1719],"product_tag":[1806,846,1803,1832,1802,1833],"supplier_id":null,"supplier_sku":"","barcode":null,"atum_controlled":true,"out_stock_date":null,"out_stock_threshold":null,"inheritable":false,"inbound_stock":0,"stock_on_hold":0,"sold_today":0,"sales_last_days":0,"reserved_stock":0,"customer_returns":0,"warehouse_damage":0,"lost_in_post":0,"other_logs":0,"out_stock_days":0,"lost_sales":0,"has_location":false,"update_date":"2026-04-05T00:13:36","atum_locations":[],"atum_stock_status":"instock","restock_status":false,"low_stock_amount":"","sales_update_date":"2026-04-05T00:13:36","calc_backorders":null,"yoast_head":"<!-- This site is optimized with the Yoast SEO plugin v21.0 - https:\/\/yoast.com\/wordpress\/plugins\/seo\/ -->\n<title>Uniflex SH 10 i \/ SH 10 i XL \u2013 Suur h\u00fcdrovooliku surve masin (280t) | Flexib<\/title>\n<meta name=\"description\" content=\"SH 10 i (280t) kuni 2&quot; R15 ja 4&quot; t\u00f6\u00f6stusvoolik. SH 10 i XL suurema avausega (+61 mm). Sobib k\u00f5ige n\u00f5udlikumatele vooliks\u00f5lmedele.\" \/>\n<meta name=\"robots\" content=\"index, follow, max-snippet:-1, max-image-preview:large, max-video-preview:-1\" \/>\n<link rel=\"canonical\" href=\"https:\/\/flexib.ee\/sv\/toode\/uniflex-sh-10-i-sh-10-i-xl-suur-hudrovooliku-press-280t\/\" \/>\n<meta property=\"og:locale\" content=\"sv_SE\" \/>\n<meta property=\"og:type\" content=\"article\" \/>\n<meta property=\"og:title\" content=\"Uniflex SH 10 i \/ SH 10 i XL \u2013 Suur h\u00fcdrovooliku surve masin (280t) | Flexib\" \/>\n<meta property=\"og:description\" content=\"SH 10 i (280t) kuni 2&quot; R15 ja 4&quot; t\u00f6\u00f6stusvoolik. SH 10 i XL suurema avausega (+61 mm). Sobib k\u00f5ige n\u00f5udlikumatele vooliks\u00f5lmedele.\" \/>\n<meta property=\"og:url\" content=\"https:\/\/flexib.ee\/sv\/toode\/uniflex-sh-10-i-sh-10-i-xl-suur-hudrovooliku-press-280t\/\" \/>\n<meta property=\"og:site_name\" content=\"Flexib h\u00fcdraulika\" \/>\n<meta property=\"og:image\" content=\"https:\/\/flexib.ee\/wp-content\/uploads\/2026\/03\/SH-10-i-XL-7f12f31a.png\" \/>\n\t<meta property=\"og:image:width\" content=\"938\" \/>\n\t<meta property=\"og:image:height\" content=\"703\" \/>\n\t<meta property=\"og:image:type\" content=\"image\/png\" \/>\n<meta name=\"twitter:card\" content=\"summary_large_image\" \/>\n<script type=\"application\/ld+json\" class=\"yoast-schema-graph\">{\"@context\":\"https:\/\/schema.org\",\"@graph\":[{\"@type\":\"WebPage\",\"@id\":\"https:\/\/flexib.ee\/sv\/toode\/uniflex-sh-10-i-sh-10-i-xl-suur-hudrovooliku-press-280t\/\",\"url\":\"https:\/\/flexib.ee\/sv\/toode\/uniflex-sh-10-i-sh-10-i-xl-suur-hudrovooliku-press-280t\/\",\"name\":\"Uniflex SH 10 i \/ SH 10 i XL \u2013 Suur h\u00fcdrovooliku surve masin (280t) | Flexib\",\"isPartOf\":{\"@id\":\"https:\/\/flexib.ee\/sv\/#website\"},\"datePublished\":\"2026-03-06T11:48:24+00:00\",\"dateModified\":\"2026-03-06T11:48:24+00:00\",\"description\":\"SH 10 i (280t) kuni 2\\\" R15 ja 4\\\" t\u00f6\u00f6stusvoolik. SH 10 i XL suurema avausega (+61 mm). Sobib k\u00f5ige n\u00f5udlikumatele vooliks\u00f5lmedele.\",\"breadcrumb\":{\"@id\":\"https:\/\/flexib.ee\/sv\/toode\/uniflex-sh-10-i-sh-10-i-xl-suur-hudrovooliku-press-280t\/#breadcrumb\"},\"inLanguage\":\"sv-SE\",\"potentialAction\":[{\"@type\":\"ReadAction\",\"target\":[\"https:\/\/flexib.ee\/sv\/toode\/uniflex-sh-10-i-sh-10-i-xl-suur-hudrovooliku-press-280t\/\"]}]},{\"@type\":\"BreadcrumbList\",\"@id\":\"https:\/\/flexib.ee\/sv\/toode\/uniflex-sh-10-i-sh-10-i-xl-suur-hudrovooliku-press-280t\/#breadcrumb\",\"itemListElement\":[{\"@type\":\"ListItem\",\"position\":1,\"name\":\"Flexib\",\"item\":\"https:\/\/flexib.ee\/sv\/\"},{\"@type\":\"ListItem\",\"position\":2,\"name\":\"Butik\",\"item\":\"https:\/\/flexib.ee\/sv\/butik\/\"},{\"@type\":\"ListItem\",\"position\":3,\"name\":\"Uniflex SH 10 i \/ SH 10 i XL \u2013 Suur h\u00fcdrovooliku press (280t)\"}]},{\"@type\":\"WebSite\",\"@id\":\"https:\/\/flexib.ee\/sv\/#website\",\"url\":\"https:\/\/flexib.ee\/sv\/\",\"name\":\"Flexib h\u00fcdraulika\",\"description\":\"H\u00fcdraulika tarvikud ja komponendid.\",\"publisher\":{\"@id\":\"https:\/\/flexib.ee\/sv\/#organization\"},\"potentialAction\":[{\"@type\":\"SearchAction\",\"target\":{\"@type\":\"EntryPoint\",\"urlTemplate\":\"https:\/\/flexib.ee\/sv\/?s={search_term_string}\"},\"query-input\":\"required name=search_term_string\"}],\"inLanguage\":\"sv-SE\"},{\"@type\":\"Organization\",\"@id\":\"https:\/\/flexib.ee\/sv\/#organization\",\"name\":\"Flexib H\u00fcdraulika\",\"url\":\"https:\/\/flexib.ee\/sv\/\",\"logo\":{\"@type\":\"ImageObject\",\"inLanguage\":\"sv-SE\",\"@id\":\"https:\/\/flexib.ee\/sv\/#\/schema\/logo\/image\/\",\"url\":\"https:\/\/flexib.ee\/wp-content\/uploads\/2020\/08\/FLEXIB-2.png\",\"contentUrl\":\"https:\/\/flexib.ee\/wp-content\/uploads\/2020\/08\/FLEXIB-2.png\",\"width\":500,\"height\":500,\"caption\":\"Flexib H\u00fcdraulika\"},\"image\":{\"@id\":\"https:\/\/flexib.ee\/sv\/#\/schema\/logo\/image\/\"}}]}<\/script>\n<!-- \/ Yoast SEO plugin. -->","yoast_head_json":{"title":"Uniflex SH 10 i \/ SH 10 i XL \u2013 Suur h\u00fcdrovooliku surve masin (280t) | Flexib","description":"SH 10 i (280t) kuni 2\" R15 ja 4\" t\u00f6\u00f6stusvoolik. SH 10 i XL suurema avausega (+61 mm). Sobib k\u00f5ige n\u00f5udlikumatele vooliks\u00f5lmedele.","robots":{"index":"index","follow":"follow","max-snippet":"max-snippet:-1","max-image-preview":"max-image-preview:large","max-video-preview":"max-video-preview:-1"},"canonical":"https:\/\/flexib.ee\/sv\/toode\/uniflex-sh-10-i-sh-10-i-xl-suur-hudrovooliku-press-280t\/","og_locale":"sv_SE","og_type":"article","og_title":"Uniflex SH 10 i \/ SH 10 i XL \u2013 Suur h\u00fcdrovooliku surve masin (280t) | Flexib","og_description":"SH 10 i (280t) kuni 2\" R15 ja 4\" t\u00f6\u00f6stusvoolik. SH 10 i XL suurema avausega (+61 mm). Sobib k\u00f5ige n\u00f5udlikumatele vooliks\u00f5lmedele.","og_url":"https:\/\/flexib.ee\/sv\/toode\/uniflex-sh-10-i-sh-10-i-xl-suur-hudrovooliku-press-280t\/","og_site_name":"Flexib h\u00fcdraulika","og_image":[{"width":938,"height":703,"url":"https:\/\/flexib.ee\/wp-content\/uploads\/2026\/03\/SH-10-i-XL-7f12f31a.png","type":"image\/png"}],"twitter_card":"summary_large_image","schema":{"@context":"https:\/\/schema.org","@graph":[{"@type":"WebPage","@id":"https:\/\/flexib.ee\/sv\/toode\/uniflex-sh-10-i-sh-10-i-xl-suur-hudrovooliku-press-280t\/","url":"https:\/\/flexib.ee\/sv\/toode\/uniflex-sh-10-i-sh-10-i-xl-suur-hudrovooliku-press-280t\/","name":"Uniflex SH 10 i \/ SH 10 i XL \u2013 Suur h\u00fcdrovooliku surve masin (280t) | Flexib","isPartOf":{"@id":"https:\/\/flexib.ee\/sv\/#website"},"datePublished":"2026-03-06T11:48:24+00:00","dateModified":"2026-03-06T11:48:24+00:00","description":"SH 10 i (280t) kuni 2\" R15 ja 4\" t\u00f6\u00f6stusvoolik. SH 10 i XL suurema avausega (+61 mm). Sobib k\u00f5ige n\u00f5udlikumatele vooliks\u00f5lmedele.","breadcrumb":{"@id":"https:\/\/flexib.ee\/sv\/toode\/uniflex-sh-10-i-sh-10-i-xl-suur-hudrovooliku-press-280t\/#breadcrumb"},"inLanguage":"sv-SE","potentialAction":[{"@type":"ReadAction","target":["https:\/\/flexib.ee\/sv\/toode\/uniflex-sh-10-i-sh-10-i-xl-suur-hudrovooliku-press-280t\/"]}]},{"@type":"BreadcrumbList","@id":"https:\/\/flexib.ee\/sv\/toode\/uniflex-sh-10-i-sh-10-i-xl-suur-hudrovooliku-press-280t\/#breadcrumb","itemListElement":[{"@type":"ListItem","position":1,"name":"Flexib","item":"https:\/\/flexib.ee\/sv\/"},{"@type":"ListItem","position":2,"name":"Butik","item":"https:\/\/flexib.ee\/sv\/butik\/"},{"@type":"ListItem","position":3,"name":"Uniflex SH 10 i \/ SH 10 i XL \u2013 Suur h\u00fcdrovooliku press (280t)"}]},{"@type":"WebSite","@id":"https:\/\/flexib.ee\/sv\/#website","url":"https:\/\/flexib.ee\/sv\/","name":"Flexib h\u00fcdraulika","description":"H\u00fcdraulika tarvikud ja komponendid.","publisher":{"@id":"https:\/\/flexib.ee\/sv\/#organization"},"potentialAction":[{"@type":"SearchAction","target":{"@type":"EntryPoint","urlTemplate":"https:\/\/flexib.ee\/sv\/?s={search_term_string}"},"query-input":"required name=search_term_string"}],"inLanguage":"sv-SE"},{"@type":"Organization","@id":"https:\/\/flexib.ee\/sv\/#organization","name":"Flexib H\u00fcdraulika","url":"https:\/\/flexib.ee\/sv\/","logo":{"@type":"ImageObject","inLanguage":"sv-SE","@id":"https:\/\/flexib.ee\/sv\/#\/schema\/logo\/image\/","url":"https:\/\/flexib.ee\/wp-content\/uploads\/2020\/08\/FLEXIB-2.png","contentUrl":"https:\/\/flexib.ee\/wp-content\/uploads\/2020\/08\/FLEXIB-2.png","width":500,"height":500,"caption":"Flexib H\u00fcdraulika"},"image":{"@id":"https:\/\/flexib.ee\/sv\/#\/schema\/logo\/image\/"}}]}},"_links":{"self":[{"href":"https:\/\/flexib.ee\/sv\/wp-json\/wp\/v2\/product\/29744"}],"collection":[{"href":"https:\/\/flexib.ee\/sv\/wp-json\/wp\/v2\/product"}],"about":[{"href":"https:\/\/flexib.ee\/sv\/wp-json\/wp\/v2\/types\/product"}],"wp:featuredmedia":[{"embeddable":true,"href":"https:\/\/flexib.ee\/sv\/wp-json\/wp\/v2\/media\/29741"}],"wp:attachment":[{"href":"https:\/\/flexib.ee\/sv\/wp-json\/wp\/v2\/media?parent=29744"}],"wp:term":[{"taxonomy":"product_cat","embeddable":true,"href":"https:\/\/flexib.ee\/sv\/wp-json\/wp\/v2\/product_cat?post=29744"},{"taxonomy":"product_tag","embeddable":true,"href":"https:\/\/flexib.ee\/sv\/wp-json\/wp\/v2\/product_tag?post=29744"}],"curies":[{"name":"wp","href":"https:\/\/api.w.org\/{rel}","templated":true}]}}