{"id":29724,"date":"2026-03-06T14:48:14","date_gmt":"2026-03-06T11:48:14","guid":{"rendered":"https:\/\/flexib.ee\/toode\/uniflex-sc-3-sc-4-ecoline-tookoja-hudrovooliku-press-120-180t\/"},"modified":"2026-03-06T15:04:49","modified_gmt":"2026-03-06T12:04:49","slug":"uniflex-sc-3-sc-4-ecoline-tookoja-hudrovooliku-press-120-180t","status":"publish","type":"product","link":"https:\/\/flexib.ee\/sv\/toode\/uniflex-sc-3-sc-4-ecoline-tookoja-hudrovooliku-press-120-180t\/","title":{"rendered":"Uniflex SC 3 \/ SC 4 Ecoline \u2013 T\u00f6\u00f6koja h\u00fcdrovooliku press (120\u2013180t)"},"content":{"rendered":"<h2>UNIFLEX SC 3 \/ SC 4 Ecoline \u2013 T\u00f6\u00f6koja vooliksurve masin<\/h2>\n<p>SC 3 ja SC 4 seeria pakub k\u00f5rget surumisj&otilde;udu kompaktses ehituses. 4-silindri tehnoloogia on eriti vastupidav pressimistolmule. Pikad p\u00f5hihargid v\u00f5imaldavad pressida 90\u00b0 armatuurid kuni 1\u00bc&#8221; (SC3) ja 1\u00bd&#8221; (SC4).<\/p>\n<h3>Tehnilised andmed<\/h3>\n<table>\n<tr>\n<th><\/th>\n<th>SC 3 Ecoline<\/th>\n<th>SC 4 Ecoline<\/th>\n<\/tr>\n<tr>\n<td>Surumisj&otilde;ud (kN\/t)<\/td>\n<td>1200\/120<\/td>\n<td>1800\/180<\/td>\n<\/tr>\n<tr>\n<td>4-spir. 1-osa kinnitused<\/td>\n<td>1\u00bd&#8221;<\/td>\n<td>2&#8243;<\/td>\n<\/tr>\n<tr>\n<td>4-spir. 2-osa kinnitused<\/td>\n<td>1\u00bc&#8221;<\/td>\n<td>2&#8243;<\/td>\n<\/tr>\n<tr>\n<td>T\u00f6\u00f6stusvoolik<\/td>\n<td>2&#8243;<\/td>\n<td>2&#8243;<\/td>\n<\/tr>\n<tr>\n<td>90\u00b0 k\u00fc\u00fcnarnukk<\/td>\n<td>1\u00bd&#8221;<\/td>\n<td>1\u00bd&#8221;<\/td>\n<\/tr>\n<tr>\n<td>Maks. surumisulatus<\/td>\n<td colspan=\"2\">\u00d8 70 mm<\/td>\n<\/tr>\n<tr>\n<td>Avanemisliikumine<\/td>\n<td colspan=\"2\">+35 mm (+1,38&#8243;)<\/td>\n<\/tr>\n<\/table>\n<h3>SC 4 Paketi sisu<\/h3>\n<ul>\n<li>Hargid 239: \u00d8 17, 20, 24, 28, 32, 36, 40, 44, 47, 54, 62 mm<\/li>\n<li>QDC 239.5 | QDS 239 B hargihoidja<\/li>\n<\/ul>\n<p><strong>Garantii: 3 aastat<\/strong> | Tarnitakse ilma \u00f5li ja pistikuta, k\u00fcsi pakkumist ja listarvikuid ametlikult Uniflex maaletoojalt: info@flexib.ee<\/p>\n","protected":false},"excerpt":{"rendered":"<p>SC 3 Ecoline (120t) ja SC 4 Ecoline (180t) \u2013 4-silindri tehnoloogiaga t\u00f6\u00f6koja pressid. SC 3 kuni 1\u00bc&#8221;, SC 4 kuni 1\u00bd&#8221; 4SP. 3 aastat garantii. QDC kiirvahetusega.<\/p>\n","protected":false},"featured_media":29721,"template":"","meta":[],"product_cat":[1719],"product_tag":[1806,1811,846,1803,1827,1828,1802],"supplier_id":null,"supplier_sku":"","barcode":null,"atum_controlled":true,"out_stock_date":null,"out_stock_threshold":null,"inheritable":false,"inbound_stock":null,"stock_on_hold":0,"sold_today":0,"sales_last_days":0,"reserved_stock":null,"customer_returns":null,"warehouse_damage":null,"lost_in_post":null,"other_logs":null,"out_stock_days":0,"lost_sales":0,"has_location":null,"update_date":"2026-04-07T00:15:17","atum_locations":[],"atum_stock_status":"instock","restock_status":false,"low_stock_amount":"","sales_update_date":"2026-04-07T00:15:17","calc_backorders":null,"yoast_head":"<!-- This site is optimized with the Yoast SEO plugin v21.0 - https:\/\/yoast.com\/wordpress\/plugins\/seo\/ -->\n<title>Uniflex SC 3 \/ SC 4 Ecoline \u2013 T\u00f6\u00f6koja h\u00fcdrovooliku surve masin (120\u2013180t) | Flexib<\/title>\n<meta name=\"description\" content=\"SC 3 Ecoline (120t) ja SC 4 Ecoline (180t) \u2013 4-silindri tehnoloogiaga t\u00f6\u00f6koja pressid. SC 3 kuni 1\u00bc&quot;, SC 4 kuni 1\u00bd&quot; 4SP. 3 aastat garantii. QDC kiirvahetus\" \/>\n<meta name=\"robots\" content=\"index, follow, max-snippet:-1, max-image-preview:large, max-video-preview:-1\" \/>\n<link rel=\"canonical\" href=\"https:\/\/flexib.ee\/sv\/toode\/uniflex-sc-3-sc-4-ecoline-tookoja-hudrovooliku-press-120-180t\/\" \/>\n<meta property=\"og:locale\" content=\"sv_SE\" \/>\n<meta property=\"og:type\" content=\"article\" \/>\n<meta property=\"og:title\" content=\"Uniflex SC 3 \/ SC 4 Ecoline \u2013 T\u00f6\u00f6koja h\u00fcdrovooliku surve masin (120\u2013180t) | Flexib\" \/>\n<meta property=\"og:description\" content=\"SC 3 Ecoline (120t) ja SC 4 Ecoline (180t) \u2013 4-silindri tehnoloogiaga t\u00f6\u00f6koja pressid. SC 3 kuni 1\u00bc&quot;, SC 4 kuni 1\u00bd&quot; 4SP. 3 aastat garantii. QDC kiirvahetus\" \/>\n<meta property=\"og:url\" content=\"https:\/\/flexib.ee\/sv\/toode\/uniflex-sc-3-sc-4-ecoline-tookoja-hudrovooliku-press-120-180t\/\" \/>\n<meta property=\"og:site_name\" content=\"Flexib h\u00fcdraulika\" \/>\n<meta property=\"article:modified_time\" content=\"2026-03-06T12:04:49+00:00\" \/>\n<meta property=\"og:image\" content=\"https:\/\/flexib.ee\/wp-content\/uploads\/2026\/03\/SC-3-Ecoline-94ea585c.png\" \/>\n\t<meta property=\"og:image:width\" content=\"938\" \/>\n\t<meta property=\"og:image:height\" content=\"703\" \/>\n\t<meta property=\"og:image:type\" content=\"image\/png\" \/>\n<meta name=\"twitter:card\" content=\"summary_large_image\" \/>\n<script type=\"application\/ld+json\" class=\"yoast-schema-graph\">{\"@context\":\"https:\/\/schema.org\",\"@graph\":[{\"@type\":\"WebPage\",\"@id\":\"https:\/\/flexib.ee\/sv\/toode\/uniflex-sc-3-sc-4-ecoline-tookoja-hudrovooliku-press-120-180t\/\",\"url\":\"https:\/\/flexib.ee\/sv\/toode\/uniflex-sc-3-sc-4-ecoline-tookoja-hudrovooliku-press-120-180t\/\",\"name\":\"Uniflex SC 3 \/ SC 4 Ecoline \u2013 T\u00f6\u00f6koja h\u00fcdrovooliku surve masin (120\u2013180t) | Flexib\",\"isPartOf\":{\"@id\":\"https:\/\/flexib.ee\/sv\/#website\"},\"datePublished\":\"2026-03-06T11:48:14+00:00\",\"dateModified\":\"2026-03-06T12:04:49+00:00\",\"description\":\"SC 3 Ecoline (120t) ja SC 4 Ecoline (180t) \u2013 4-silindri tehnoloogiaga t\u00f6\u00f6koja pressid. SC 3 kuni 1\u00bc\\\", SC 4 kuni 1\u00bd\\\" 4SP. 3 aastat garantii. QDC kiirvahetus\",\"breadcrumb\":{\"@id\":\"https:\/\/flexib.ee\/sv\/toode\/uniflex-sc-3-sc-4-ecoline-tookoja-hudrovooliku-press-120-180t\/#breadcrumb\"},\"inLanguage\":\"sv-SE\",\"potentialAction\":[{\"@type\":\"ReadAction\",\"target\":[\"https:\/\/flexib.ee\/sv\/toode\/uniflex-sc-3-sc-4-ecoline-tookoja-hudrovooliku-press-120-180t\/\"]}]},{\"@type\":\"BreadcrumbList\",\"@id\":\"https:\/\/flexib.ee\/sv\/toode\/uniflex-sc-3-sc-4-ecoline-tookoja-hudrovooliku-press-120-180t\/#breadcrumb\",\"itemListElement\":[{\"@type\":\"ListItem\",\"position\":1,\"name\":\"Flexib\",\"item\":\"https:\/\/flexib.ee\/sv\/\"},{\"@type\":\"ListItem\",\"position\":2,\"name\":\"Butik\",\"item\":\"https:\/\/flexib.ee\/sv\/butik\/\"},{\"@type\":\"ListItem\",\"position\":3,\"name\":\"Uniflex SC 3 \/ SC 4 Ecoline \u2013 T\u00f6\u00f6koja h\u00fcdrovooliku press (120\u2013180t)\"}]},{\"@type\":\"WebSite\",\"@id\":\"https:\/\/flexib.ee\/sv\/#website\",\"url\":\"https:\/\/flexib.ee\/sv\/\",\"name\":\"Flexib h\u00fcdraulika\",\"description\":\"H\u00fcdraulika tarvikud ja komponendid.\",\"publisher\":{\"@id\":\"https:\/\/flexib.ee\/sv\/#organization\"},\"potentialAction\":[{\"@type\":\"SearchAction\",\"target\":{\"@type\":\"EntryPoint\",\"urlTemplate\":\"https:\/\/flexib.ee\/sv\/?s={search_term_string}\"},\"query-input\":\"required name=search_term_string\"}],\"inLanguage\":\"sv-SE\"},{\"@type\":\"Organization\",\"@id\":\"https:\/\/flexib.ee\/sv\/#organization\",\"name\":\"Flexib H\u00fcdraulika\",\"url\":\"https:\/\/flexib.ee\/sv\/\",\"logo\":{\"@type\":\"ImageObject\",\"inLanguage\":\"sv-SE\",\"@id\":\"https:\/\/flexib.ee\/sv\/#\/schema\/logo\/image\/\",\"url\":\"https:\/\/flexib.ee\/wp-content\/uploads\/2020\/08\/FLEXIB-2.png\",\"contentUrl\":\"https:\/\/flexib.ee\/wp-content\/uploads\/2020\/08\/FLEXIB-2.png\",\"width\":500,\"height\":500,\"caption\":\"Flexib H\u00fcdraulika\"},\"image\":{\"@id\":\"https:\/\/flexib.ee\/sv\/#\/schema\/logo\/image\/\"}}]}<\/script>\n<!-- \/ Yoast SEO plugin. -->","yoast_head_json":{"title":"Uniflex SC 3 \/ SC 4 Ecoline \u2013 T\u00f6\u00f6koja h\u00fcdrovooliku surve masin (120\u2013180t) | Flexib","description":"SC 3 Ecoline (120t) ja SC 4 Ecoline (180t) \u2013 4-silindri tehnoloogiaga t\u00f6\u00f6koja pressid. SC 3 kuni 1\u00bc\", SC 4 kuni 1\u00bd\" 4SP. 3 aastat garantii. QDC kiirvahetus","robots":{"index":"index","follow":"follow","max-snippet":"max-snippet:-1","max-image-preview":"max-image-preview:large","max-video-preview":"max-video-preview:-1"},"canonical":"https:\/\/flexib.ee\/sv\/toode\/uniflex-sc-3-sc-4-ecoline-tookoja-hudrovooliku-press-120-180t\/","og_locale":"sv_SE","og_type":"article","og_title":"Uniflex SC 3 \/ SC 4 Ecoline \u2013 T\u00f6\u00f6koja h\u00fcdrovooliku surve masin (120\u2013180t) | Flexib","og_description":"SC 3 Ecoline (120t) ja SC 4 Ecoline (180t) \u2013 4-silindri tehnoloogiaga t\u00f6\u00f6koja pressid. SC 3 kuni 1\u00bc\", SC 4 kuni 1\u00bd\" 4SP. 3 aastat garantii. QDC kiirvahetus","og_url":"https:\/\/flexib.ee\/sv\/toode\/uniflex-sc-3-sc-4-ecoline-tookoja-hudrovooliku-press-120-180t\/","og_site_name":"Flexib h\u00fcdraulika","article_modified_time":"2026-03-06T12:04:49+00:00","og_image":[{"width":938,"height":703,"url":"https:\/\/flexib.ee\/wp-content\/uploads\/2026\/03\/SC-3-Ecoline-94ea585c.png","type":"image\/png"}],"twitter_card":"summary_large_image","schema":{"@context":"https:\/\/schema.org","@graph":[{"@type":"WebPage","@id":"https:\/\/flexib.ee\/sv\/toode\/uniflex-sc-3-sc-4-ecoline-tookoja-hudrovooliku-press-120-180t\/","url":"https:\/\/flexib.ee\/sv\/toode\/uniflex-sc-3-sc-4-ecoline-tookoja-hudrovooliku-press-120-180t\/","name":"Uniflex SC 3 \/ SC 4 Ecoline \u2013 T\u00f6\u00f6koja h\u00fcdrovooliku surve masin (120\u2013180t) | Flexib","isPartOf":{"@id":"https:\/\/flexib.ee\/sv\/#website"},"datePublished":"2026-03-06T11:48:14+00:00","dateModified":"2026-03-06T12:04:49+00:00","description":"SC 3 Ecoline (120t) ja SC 4 Ecoline (180t) \u2013 4-silindri tehnoloogiaga t\u00f6\u00f6koja pressid. SC 3 kuni 1\u00bc\", SC 4 kuni 1\u00bd\" 4SP. 3 aastat garantii. QDC kiirvahetus","breadcrumb":{"@id":"https:\/\/flexib.ee\/sv\/toode\/uniflex-sc-3-sc-4-ecoline-tookoja-hudrovooliku-press-120-180t\/#breadcrumb"},"inLanguage":"sv-SE","potentialAction":[{"@type":"ReadAction","target":["https:\/\/flexib.ee\/sv\/toode\/uniflex-sc-3-sc-4-ecoline-tookoja-hudrovooliku-press-120-180t\/"]}]},{"@type":"BreadcrumbList","@id":"https:\/\/flexib.ee\/sv\/toode\/uniflex-sc-3-sc-4-ecoline-tookoja-hudrovooliku-press-120-180t\/#breadcrumb","itemListElement":[{"@type":"ListItem","position":1,"name":"Flexib","item":"https:\/\/flexib.ee\/sv\/"},{"@type":"ListItem","position":2,"name":"Butik","item":"https:\/\/flexib.ee\/sv\/butik\/"},{"@type":"ListItem","position":3,"name":"Uniflex SC 3 \/ SC 4 Ecoline \u2013 T\u00f6\u00f6koja h\u00fcdrovooliku press (120\u2013180t)"}]},{"@type":"WebSite","@id":"https:\/\/flexib.ee\/sv\/#website","url":"https:\/\/flexib.ee\/sv\/","name":"Flexib h\u00fcdraulika","description":"H\u00fcdraulika tarvikud ja komponendid.","publisher":{"@id":"https:\/\/flexib.ee\/sv\/#organization"},"potentialAction":[{"@type":"SearchAction","target":{"@type":"EntryPoint","urlTemplate":"https:\/\/flexib.ee\/sv\/?s={search_term_string}"},"query-input":"required name=search_term_string"}],"inLanguage":"sv-SE"},{"@type":"Organization","@id":"https:\/\/flexib.ee\/sv\/#organization","name":"Flexib H\u00fcdraulika","url":"https:\/\/flexib.ee\/sv\/","logo":{"@type":"ImageObject","inLanguage":"sv-SE","@id":"https:\/\/flexib.ee\/sv\/#\/schema\/logo\/image\/","url":"https:\/\/flexib.ee\/wp-content\/uploads\/2020\/08\/FLEXIB-2.png","contentUrl":"https:\/\/flexib.ee\/wp-content\/uploads\/2020\/08\/FLEXIB-2.png","width":500,"height":500,"caption":"Flexib H\u00fcdraulika"},"image":{"@id":"https:\/\/flexib.ee\/sv\/#\/schema\/logo\/image\/"}}]}},"_links":{"self":[{"href":"https:\/\/flexib.ee\/sv\/wp-json\/wp\/v2\/product\/29724"}],"collection":[{"href":"https:\/\/flexib.ee\/sv\/wp-json\/wp\/v2\/product"}],"about":[{"href":"https:\/\/flexib.ee\/sv\/wp-json\/wp\/v2\/types\/product"}],"wp:featuredmedia":[{"embeddable":true,"href":"https:\/\/flexib.ee\/sv\/wp-json\/wp\/v2\/media\/29721"}],"wp:attachment":[{"href":"https:\/\/flexib.ee\/sv\/wp-json\/wp\/v2\/media?parent=29724"}],"wp:term":[{"taxonomy":"product_cat","embeddable":true,"href":"https:\/\/flexib.ee\/sv\/wp-json\/wp\/v2\/product_cat?post=29724"},{"taxonomy":"product_tag","embeddable":true,"href":"https:\/\/flexib.ee\/sv\/wp-json\/wp\/v2\/product_tag?post=29724"}],"curies":[{"name":"wp","href":"https:\/\/api.w.org\/{rel}","templated":true}]}}