{"id":29719,"date":"2026-03-06T14:48:12","date_gmt":"2026-03-06T11:48:12","guid":{"rendered":"https:\/\/flexib.ee\/toode\/uniflex-hm-200-4-ecoline-tookoja-hudrovooliku-press-130t\/"},"modified":"2026-03-06T15:00:53","modified_gmt":"2026-03-06T12:00:53","slug":"uniflex-hm-200-4-ecoline-tookoja-hudrovooliku-press-130t","status":"publish","type":"product","link":"https:\/\/flexib.ee\/sv\/toode\/uniflex-hm-200-4-ecoline-tookoja-hudrovooliku-press-130t\/","title":{"rendered":"Uniflex HM 200.4 Ecoline \u2013 T\u00f6\u00f6koja h\u00fcdrovooliku press (130t)"},"content":{"rendered":"<h2>UNIFLEX HM 200.4 Ecoline \u2013 T\u00f6\u00f6koja vooliksurve masin<\/h2>\n<p>HM 200 on oma klassis vaieldamatu klassika. Kitsas ja innovatiivne konstruktsioon, k\u00f5rge kasutajas\u00f5bralikkus ja pikk t\u00f6\u00f6iga pakuvad v\u00f5rreldamatut kvaliteedi taset. Ecoline mudel on h\u00fcdrauliliselt juhitav eraldi tankiga, mis s\u00e4\u00e4stab t\u00f6\u00f6koja ruumi.<\/p>\n<h3>Tehnilised andmed<\/h3>\n<ul>\n<li>Surumisj&otilde;ud: 1300 kN \/ 130 t<\/li>\n<li>4-spiraalvoolik (1-osa) kuni 1\u00bd&#8221; | (2-osa) kuni 1\u00bc&#8221;<\/li>\n<li>T\u00f6\u00f6stusvoolik kuni 2&#8243; | 90\u00b0 k\u00fc\u00fcnarnukk kuni 1\u00bd&#8221;<\/li>\n<li>Maks. surumisulatus: \u00d8 70 mm | Avanemisliikumine: +30 mm (+1,18&#8243;)<\/li>\n<li>Juhtimiss\u00fcsteem: Control A (mikromeetriga)<\/li>\n<li>K\u00e4itumine: 3 kW, 3-faasiline VAC<\/li>\n<li>Kiirus: 3,5\/3,5\/5,9 mm\/s | M\u00fcratase: 69 dBA | Kaal: 92 kg<\/li>\n<li>M\u00f5\u00f5tmed: 420\u00d7535\u00d7520 mm (ilma j\u00f5useadmeta)<\/li>\n<\/ul>\n<h3>Paketi sisu<\/h3>\n<ul>\n<li>Hargid 239: \u00d8 17, 20, 24, 28, 32, 40, 44, 50 mm<\/li>\n<li>QDC 239.5 kiirhargivahetusvahend | QDS 239 B hargihoidja<\/li>\n<\/ul>\n<p><strong>Garantii: 3 aastat<\/strong> | Tarne: 3\u20136 n\u00e4dalat | Tarnitakse ilma \u00f5li ja pistikuta, k\u00fcsi pakkumist ja listarvikuid ametlikult Uniflex maaletoojalt: info@flexib.ee<\/p>\n<p><a href=\"http:\/\/short.uniflex.de\/hm200\">Videolink<\/a> | <a href=\"https:\/\/short.uniflex.de\/hm200catalog\">Kataloog<\/a><\/p>\n","protected":false},"excerpt":{"rendered":"<p>Klassikaline HM 200 Ecoline 130t surumisj\u00f5uga, kuni 1\u00bc&#8221; SAE R12\/4SP. Eraldi h\u00fcdraulikatankiga kompaktne mudel. QDC kiirvahetuse ja hargihoidjaga pakett. 3 aastat garantii.<\/p>\n","protected":false},"featured_media":29716,"template":"","meta":[],"product_cat":[1719],"product_tag":[1806,1811,1810,846,1803,1812,1802],"supplier_id":null,"supplier_sku":"","barcode":null,"atum_controlled":true,"out_stock_date":null,"out_stock_threshold":null,"inheritable":false,"inbound_stock":null,"stock_on_hold":0,"sold_today":0,"sales_last_days":0,"reserved_stock":null,"customer_returns":null,"warehouse_damage":null,"lost_in_post":null,"other_logs":null,"out_stock_days":0,"lost_sales":0,"has_location":null,"update_date":"2026-04-07T00:15:17","atum_locations":[],"atum_stock_status":"instock","restock_status":false,"low_stock_amount":"","sales_update_date":"2026-04-07T00:15:17","calc_backorders":null,"yoast_head":"<!-- This site is optimized with the Yoast SEO plugin v21.0 - https:\/\/yoast.com\/wordpress\/plugins\/seo\/ -->\n<title>Uniflex HM 200.4 Ecoline \u2013 T\u00f6\u00f6koja h\u00fcdrovooliku surve masin (130t) | Flexib<\/title>\n<meta name=\"description\" content=\"Klassikaline HM 200 Ecoline 130t surumisj\u00f5uga, kuni 1\u00bc&quot; SAE R12\/4SP. Eraldi h\u00fcdraulikatankiga kompaktne mudel. QDC kiirvahetuse ja hargihoidjaga pakett. 3\" \/>\n<meta name=\"robots\" content=\"index, follow, max-snippet:-1, max-image-preview:large, max-video-preview:-1\" \/>\n<link rel=\"canonical\" href=\"https:\/\/flexib.ee\/sv\/toode\/uniflex-hm-200-4-ecoline-tookoja-hudrovooliku-press-130t\/\" \/>\n<meta property=\"og:locale\" content=\"sv_SE\" \/>\n<meta property=\"og:type\" content=\"article\" \/>\n<meta property=\"og:title\" content=\"Uniflex HM 200.4 Ecoline \u2013 T\u00f6\u00f6koja h\u00fcdrovooliku surve masin (130t) | Flexib\" \/>\n<meta property=\"og:description\" content=\"Klassikaline HM 200 Ecoline 130t surumisj\u00f5uga, kuni 1\u00bc&quot; SAE R12\/4SP. Eraldi h\u00fcdraulikatankiga kompaktne mudel. QDC kiirvahetuse ja hargihoidjaga pakett. 3\" \/>\n<meta property=\"og:url\" content=\"https:\/\/flexib.ee\/sv\/toode\/uniflex-hm-200-4-ecoline-tookoja-hudrovooliku-press-130t\/\" \/>\n<meta property=\"og:site_name\" content=\"Flexib h\u00fcdraulika\" \/>\n<meta property=\"article:modified_time\" content=\"2026-03-06T12:00:53+00:00\" \/>\n<meta property=\"og:image\" content=\"https:\/\/flexib.ee\/wp-content\/uploads\/2026\/03\/HM-200-818844d1.png\" \/>\n\t<meta property=\"og:image:width\" content=\"900\" \/>\n\t<meta property=\"og:image:height\" content=\"675\" \/>\n\t<meta property=\"og:image:type\" content=\"image\/png\" \/>\n<meta name=\"twitter:card\" content=\"summary_large_image\" \/>\n<meta name=\"twitter:label1\" content=\"Ber\u00e4knad l\u00e4stid\" \/>\n\t<meta name=\"twitter:data1\" content=\"1 minut\" \/>\n<script type=\"application\/ld+json\" class=\"yoast-schema-graph\">{\"@context\":\"https:\/\/schema.org\",\"@graph\":[{\"@type\":\"WebPage\",\"@id\":\"https:\/\/flexib.ee\/sv\/toode\/uniflex-hm-200-4-ecoline-tookoja-hudrovooliku-press-130t\/\",\"url\":\"https:\/\/flexib.ee\/sv\/toode\/uniflex-hm-200-4-ecoline-tookoja-hudrovooliku-press-130t\/\",\"name\":\"Uniflex HM 200.4 Ecoline \u2013 T\u00f6\u00f6koja h\u00fcdrovooliku surve masin (130t) | Flexib\",\"isPartOf\":{\"@id\":\"https:\/\/flexib.ee\/sv\/#website\"},\"datePublished\":\"2026-03-06T11:48:12+00:00\",\"dateModified\":\"2026-03-06T12:00:53+00:00\",\"description\":\"Klassikaline HM 200 Ecoline 130t surumisj\u00f5uga, kuni 1\u00bc\\\" SAE R12\/4SP. Eraldi h\u00fcdraulikatankiga kompaktne mudel. QDC kiirvahetuse ja hargihoidjaga pakett. 3\",\"breadcrumb\":{\"@id\":\"https:\/\/flexib.ee\/sv\/toode\/uniflex-hm-200-4-ecoline-tookoja-hudrovooliku-press-130t\/#breadcrumb\"},\"inLanguage\":\"sv-SE\",\"potentialAction\":[{\"@type\":\"ReadAction\",\"target\":[\"https:\/\/flexib.ee\/sv\/toode\/uniflex-hm-200-4-ecoline-tookoja-hudrovooliku-press-130t\/\"]}]},{\"@type\":\"BreadcrumbList\",\"@id\":\"https:\/\/flexib.ee\/sv\/toode\/uniflex-hm-200-4-ecoline-tookoja-hudrovooliku-press-130t\/#breadcrumb\",\"itemListElement\":[{\"@type\":\"ListItem\",\"position\":1,\"name\":\"Flexib\",\"item\":\"https:\/\/flexib.ee\/sv\/\"},{\"@type\":\"ListItem\",\"position\":2,\"name\":\"Butik\",\"item\":\"https:\/\/flexib.ee\/sv\/butik\/\"},{\"@type\":\"ListItem\",\"position\":3,\"name\":\"Uniflex HM 200.4 Ecoline \u2013 T\u00f6\u00f6koja h\u00fcdrovooliku press (130t)\"}]},{\"@type\":\"WebSite\",\"@id\":\"https:\/\/flexib.ee\/sv\/#website\",\"url\":\"https:\/\/flexib.ee\/sv\/\",\"name\":\"Flexib h\u00fcdraulika\",\"description\":\"H\u00fcdraulika tarvikud ja komponendid.\",\"publisher\":{\"@id\":\"https:\/\/flexib.ee\/sv\/#organization\"},\"potentialAction\":[{\"@type\":\"SearchAction\",\"target\":{\"@type\":\"EntryPoint\",\"urlTemplate\":\"https:\/\/flexib.ee\/sv\/?s={search_term_string}\"},\"query-input\":\"required name=search_term_string\"}],\"inLanguage\":\"sv-SE\"},{\"@type\":\"Organization\",\"@id\":\"https:\/\/flexib.ee\/sv\/#organization\",\"name\":\"Flexib H\u00fcdraulika\",\"url\":\"https:\/\/flexib.ee\/sv\/\",\"logo\":{\"@type\":\"ImageObject\",\"inLanguage\":\"sv-SE\",\"@id\":\"https:\/\/flexib.ee\/sv\/#\/schema\/logo\/image\/\",\"url\":\"https:\/\/flexib.ee\/wp-content\/uploads\/2020\/08\/FLEXIB-2.png\",\"contentUrl\":\"https:\/\/flexib.ee\/wp-content\/uploads\/2020\/08\/FLEXIB-2.png\",\"width\":500,\"height\":500,\"caption\":\"Flexib H\u00fcdraulika\"},\"image\":{\"@id\":\"https:\/\/flexib.ee\/sv\/#\/schema\/logo\/image\/\"}}]}<\/script>\n<!-- \/ Yoast SEO plugin. -->","yoast_head_json":{"title":"Uniflex HM 200.4 Ecoline \u2013 T\u00f6\u00f6koja h\u00fcdrovooliku surve masin (130t) | Flexib","description":"Klassikaline HM 200 Ecoline 130t surumisj\u00f5uga, kuni 1\u00bc\" SAE R12\/4SP. Eraldi h\u00fcdraulikatankiga kompaktne mudel. QDC kiirvahetuse ja hargihoidjaga pakett. 3","robots":{"index":"index","follow":"follow","max-snippet":"max-snippet:-1","max-image-preview":"max-image-preview:large","max-video-preview":"max-video-preview:-1"},"canonical":"https:\/\/flexib.ee\/sv\/toode\/uniflex-hm-200-4-ecoline-tookoja-hudrovooliku-press-130t\/","og_locale":"sv_SE","og_type":"article","og_title":"Uniflex HM 200.4 Ecoline \u2013 T\u00f6\u00f6koja h\u00fcdrovooliku surve masin (130t) | Flexib","og_description":"Klassikaline HM 200 Ecoline 130t surumisj\u00f5uga, kuni 1\u00bc\" SAE R12\/4SP. Eraldi h\u00fcdraulikatankiga kompaktne mudel. QDC kiirvahetuse ja hargihoidjaga pakett. 3","og_url":"https:\/\/flexib.ee\/sv\/toode\/uniflex-hm-200-4-ecoline-tookoja-hudrovooliku-press-130t\/","og_site_name":"Flexib h\u00fcdraulika","article_modified_time":"2026-03-06T12:00:53+00:00","og_image":[{"width":900,"height":675,"url":"https:\/\/flexib.ee\/wp-content\/uploads\/2026\/03\/HM-200-818844d1.png","type":"image\/png"}],"twitter_card":"summary_large_image","twitter_misc":{"Ber\u00e4knad l\u00e4stid":"1 minut"},"schema":{"@context":"https:\/\/schema.org","@graph":[{"@type":"WebPage","@id":"https:\/\/flexib.ee\/sv\/toode\/uniflex-hm-200-4-ecoline-tookoja-hudrovooliku-press-130t\/","url":"https:\/\/flexib.ee\/sv\/toode\/uniflex-hm-200-4-ecoline-tookoja-hudrovooliku-press-130t\/","name":"Uniflex HM 200.4 Ecoline \u2013 T\u00f6\u00f6koja h\u00fcdrovooliku surve masin (130t) | Flexib","isPartOf":{"@id":"https:\/\/flexib.ee\/sv\/#website"},"datePublished":"2026-03-06T11:48:12+00:00","dateModified":"2026-03-06T12:00:53+00:00","description":"Klassikaline HM 200 Ecoline 130t surumisj\u00f5uga, kuni 1\u00bc\" SAE R12\/4SP. Eraldi h\u00fcdraulikatankiga kompaktne mudel. QDC kiirvahetuse ja hargihoidjaga pakett. 3","breadcrumb":{"@id":"https:\/\/flexib.ee\/sv\/toode\/uniflex-hm-200-4-ecoline-tookoja-hudrovooliku-press-130t\/#breadcrumb"},"inLanguage":"sv-SE","potentialAction":[{"@type":"ReadAction","target":["https:\/\/flexib.ee\/sv\/toode\/uniflex-hm-200-4-ecoline-tookoja-hudrovooliku-press-130t\/"]}]},{"@type":"BreadcrumbList","@id":"https:\/\/flexib.ee\/sv\/toode\/uniflex-hm-200-4-ecoline-tookoja-hudrovooliku-press-130t\/#breadcrumb","itemListElement":[{"@type":"ListItem","position":1,"name":"Flexib","item":"https:\/\/flexib.ee\/sv\/"},{"@type":"ListItem","position":2,"name":"Butik","item":"https:\/\/flexib.ee\/sv\/butik\/"},{"@type":"ListItem","position":3,"name":"Uniflex HM 200.4 Ecoline \u2013 T\u00f6\u00f6koja h\u00fcdrovooliku press (130t)"}]},{"@type":"WebSite","@id":"https:\/\/flexib.ee\/sv\/#website","url":"https:\/\/flexib.ee\/sv\/","name":"Flexib h\u00fcdraulika","description":"H\u00fcdraulika tarvikud ja komponendid.","publisher":{"@id":"https:\/\/flexib.ee\/sv\/#organization"},"potentialAction":[{"@type":"SearchAction","target":{"@type":"EntryPoint","urlTemplate":"https:\/\/flexib.ee\/sv\/?s={search_term_string}"},"query-input":"required name=search_term_string"}],"inLanguage":"sv-SE"},{"@type":"Organization","@id":"https:\/\/flexib.ee\/sv\/#organization","name":"Flexib H\u00fcdraulika","url":"https:\/\/flexib.ee\/sv\/","logo":{"@type":"ImageObject","inLanguage":"sv-SE","@id":"https:\/\/flexib.ee\/sv\/#\/schema\/logo\/image\/","url":"https:\/\/flexib.ee\/wp-content\/uploads\/2020\/08\/FLEXIB-2.png","contentUrl":"https:\/\/flexib.ee\/wp-content\/uploads\/2020\/08\/FLEXIB-2.png","width":500,"height":500,"caption":"Flexib H\u00fcdraulika"},"image":{"@id":"https:\/\/flexib.ee\/sv\/#\/schema\/logo\/image\/"}}]}},"_links":{"self":[{"href":"https:\/\/flexib.ee\/sv\/wp-json\/wp\/v2\/product\/29719"}],"collection":[{"href":"https:\/\/flexib.ee\/sv\/wp-json\/wp\/v2\/product"}],"about":[{"href":"https:\/\/flexib.ee\/sv\/wp-json\/wp\/v2\/types\/product"}],"wp:featuredmedia":[{"embeddable":true,"href":"https:\/\/flexib.ee\/sv\/wp-json\/wp\/v2\/media\/29716"}],"wp:attachment":[{"href":"https:\/\/flexib.ee\/sv\/wp-json\/wp\/v2\/media?parent=29719"}],"wp:term":[{"taxonomy":"product_cat","embeddable":true,"href":"https:\/\/flexib.ee\/sv\/wp-json\/wp\/v2\/product_cat?post=29719"},{"taxonomy":"product_tag","embeddable":true,"href":"https:\/\/flexib.ee\/sv\/wp-json\/wp\/v2\/product_tag?post=29719"}],"curies":[{"name":"wp","href":"https:\/\/api.w.org\/{rel}","templated":true}]}}