{"id":29707,"date":"2026-03-06T14:48:07","date_gmt":"2026-03-06T11:48:07","guid":{"rendered":"https:\/\/flexib.ee\/toode\/uniflex-sl-3-mobiilne-hudrovooliku-press\/"},"modified":"2026-03-06T15:05:23","modified_gmt":"2026-03-06T12:05:23","slug":"uniflex-sl-3-mobiilne-hudrovooliku-press","status":"publish","type":"product","link":"https:\/\/flexib.ee\/sv\/toode\/uniflex-sl-3-mobiilne-hudrovooliku-press\/","title":{"rendered":"Uniflex SL 3 \u2013 Mobiilne h\u00fcdrovooliku press"},"content":{"rendered":"<h2>UNIFLEX SL 3 \u2013 Madalr\u00f5hu vooliksurve masin<\/h2>\n<p>2-in-1 lahendus madalr\u00f5hu h\u00fcdrovoolikute pressimiseks integreeritud hargikomplektidega 05 ja 015 DN 03-16 jaoks. SL 3-16 M.3 v\u00f5imaldab lihtsalt k\u00e4epidet \u00fcmber t\u00f5sta ja teises suuruses pressida \u2013 ilma ajakadude ja kadunud harkideta.<\/p>\n<h3>Mudelid ja tehnilised andmed<\/h3>\n<table>\n<tr>\n<th><\/th>\n<th>SL 3-16 M.3<\/th>\n<th>SL 3-32 M<\/th>\n<th>SL 3-75<\/th>\n<\/tr>\n<tr>\n<td>Surumisj&otilde;ud (kN\/t)<\/td>\n<td>30\/3<\/td>\n<td>200\/20<\/td>\n<td>500\/50<\/td>\n<\/tr>\n<tr>\n<td>Avanemisliikumine (mm)<\/td>\n<td>+31,7<\/td>\n<td>+36,7<\/td>\n<td>+55<\/td>\n<\/tr>\n<tr>\n<td>T\u00f6\u00f6stusvoolik<\/td>\n<td>5\/8&#8243;<\/td>\n<td>1\u00bc&#8221;<\/td>\n<td>3&#8243;<\/td>\n<\/tr>\n<tr>\n<td>Kaal (kg)<\/td>\n<td>20<\/td>\n<td>28<\/td>\n<td>88<\/td>\n<\/tr>\n<\/table>\n<p><strong>Garantii: 2 aastat<\/strong> | Tarnitakse ilma \u00f5li ja pistikuta, k\u00fcsi pakkumist ja listarvikuid ametlikult Uniflex maaletoojalt: info@flexib.ee<\/p>\n","protected":false},"excerpt":{"rendered":"<p>2-in-1 lahendus madalr\u00f5hu h\u00fcdrovoolikute pressimiseks. Integreeritud hargikompl. DN03-16. SL 3-16 M.3 v\u00f5imaldab kahes suuruses pressimist ilma hargivahetuseta.<\/p>\n","protected":false},"featured_media":29704,"template":"","meta":[],"product_cat":[1719],"product_tag":[1806,846,1803,1822,1821,1802],"supplier_id":null,"supplier_sku":"","barcode":null,"atum_controlled":true,"out_stock_date":null,"out_stock_threshold":null,"inheritable":false,"inbound_stock":null,"stock_on_hold":0,"sold_today":0,"sales_last_days":0,"reserved_stock":null,"customer_returns":null,"warehouse_damage":null,"lost_in_post":null,"other_logs":null,"out_stock_days":0,"lost_sales":0,"has_location":null,"update_date":"2026-04-07T00:15:14","atum_locations":[],"atum_stock_status":"instock","restock_status":false,"low_stock_amount":"","sales_update_date":"2026-04-07T00:15:14","calc_backorders":null,"yoast_head":"<!-- This site is optimized with the Yoast SEO plugin v21.0 - https:\/\/yoast.com\/wordpress\/plugins\/seo\/ -->\n<title>Uniflex SL 3 \u2013 Madalr\u00f5hu h\u00fcdrovooliku surve masin | Flexib<\/title>\n<meta name=\"description\" content=\"2-in-1 lahendus madalr\u00f5hu h\u00fcdrovoolikute pressimiseks. Integreeritud hargikompl. DN03-16. SL 3-16 M.3 v\u00f5imaldab kahes suuruses pressimist ilma hargivahetus\" \/>\n<meta name=\"robots\" content=\"index, follow, max-snippet:-1, max-image-preview:large, max-video-preview:-1\" \/>\n<link rel=\"canonical\" href=\"https:\/\/flexib.ee\/sv\/toode\/uniflex-sl-3-mobiilne-hudrovooliku-press\/\" \/>\n<meta property=\"og:locale\" content=\"sv_SE\" \/>\n<meta property=\"og:type\" content=\"article\" \/>\n<meta property=\"og:title\" content=\"Uniflex SL 3 \u2013 Madalr\u00f5hu h\u00fcdrovooliku surve masin | Flexib\" \/>\n<meta property=\"og:description\" content=\"2-in-1 lahendus madalr\u00f5hu h\u00fcdrovoolikute pressimiseks. Integreeritud hargikompl. DN03-16. SL 3-16 M.3 v\u00f5imaldab kahes suuruses pressimist ilma hargivahetus\" \/>\n<meta property=\"og:url\" content=\"https:\/\/flexib.ee\/sv\/toode\/uniflex-sl-3-mobiilne-hudrovooliku-press\/\" \/>\n<meta property=\"og:site_name\" content=\"Flexib h\u00fcdraulika\" \/>\n<meta property=\"article:modified_time\" content=\"2026-03-06T12:05:23+00:00\" \/>\n<meta property=\"og:image\" content=\"https:\/\/flexib.ee\/wp-content\/uploads\/2026\/03\/SL-3-32-15abd765.png\" \/>\n\t<meta property=\"og:image:width\" content=\"900\" \/>\n\t<meta property=\"og:image:height\" content=\"675\" \/>\n\t<meta property=\"og:image:type\" content=\"image\/png\" \/>\n<meta name=\"twitter:card\" content=\"summary_large_image\" \/>\n<script type=\"application\/ld+json\" class=\"yoast-schema-graph\">{\"@context\":\"https:\/\/schema.org\",\"@graph\":[{\"@type\":\"WebPage\",\"@id\":\"https:\/\/flexib.ee\/sv\/toode\/uniflex-sl-3-mobiilne-hudrovooliku-press\/\",\"url\":\"https:\/\/flexib.ee\/sv\/toode\/uniflex-sl-3-mobiilne-hudrovooliku-press\/\",\"name\":\"Uniflex SL 3 \u2013 Madalr\u00f5hu h\u00fcdrovooliku surve masin | Flexib\",\"isPartOf\":{\"@id\":\"https:\/\/flexib.ee\/sv\/#website\"},\"datePublished\":\"2026-03-06T11:48:07+00:00\",\"dateModified\":\"2026-03-06T12:05:23+00:00\",\"description\":\"2-in-1 lahendus madalr\u00f5hu h\u00fcdrovoolikute pressimiseks. Integreeritud hargikompl. DN03-16. SL 3-16 M.3 v\u00f5imaldab kahes suuruses pressimist ilma hargivahetus\",\"breadcrumb\":{\"@id\":\"https:\/\/flexib.ee\/sv\/toode\/uniflex-sl-3-mobiilne-hudrovooliku-press\/#breadcrumb\"},\"inLanguage\":\"sv-SE\",\"potentialAction\":[{\"@type\":\"ReadAction\",\"target\":[\"https:\/\/flexib.ee\/sv\/toode\/uniflex-sl-3-mobiilne-hudrovooliku-press\/\"]}]},{\"@type\":\"BreadcrumbList\",\"@id\":\"https:\/\/flexib.ee\/sv\/toode\/uniflex-sl-3-mobiilne-hudrovooliku-press\/#breadcrumb\",\"itemListElement\":[{\"@type\":\"ListItem\",\"position\":1,\"name\":\"Flexib\",\"item\":\"https:\/\/flexib.ee\/sv\/\"},{\"@type\":\"ListItem\",\"position\":2,\"name\":\"Butik\",\"item\":\"https:\/\/flexib.ee\/sv\/butik\/\"},{\"@type\":\"ListItem\",\"position\":3,\"name\":\"Uniflex SL 3 \u2013 Mobiilne h\u00fcdrovooliku press\"}]},{\"@type\":\"WebSite\",\"@id\":\"https:\/\/flexib.ee\/sv\/#website\",\"url\":\"https:\/\/flexib.ee\/sv\/\",\"name\":\"Flexib h\u00fcdraulika\",\"description\":\"H\u00fcdraulika tarvikud ja komponendid.\",\"publisher\":{\"@id\":\"https:\/\/flexib.ee\/sv\/#organization\"},\"potentialAction\":[{\"@type\":\"SearchAction\",\"target\":{\"@type\":\"EntryPoint\",\"urlTemplate\":\"https:\/\/flexib.ee\/sv\/?s={search_term_string}\"},\"query-input\":\"required name=search_term_string\"}],\"inLanguage\":\"sv-SE\"},{\"@type\":\"Organization\",\"@id\":\"https:\/\/flexib.ee\/sv\/#organization\",\"name\":\"Flexib H\u00fcdraulika\",\"url\":\"https:\/\/flexib.ee\/sv\/\",\"logo\":{\"@type\":\"ImageObject\",\"inLanguage\":\"sv-SE\",\"@id\":\"https:\/\/flexib.ee\/sv\/#\/schema\/logo\/image\/\",\"url\":\"https:\/\/flexib.ee\/wp-content\/uploads\/2020\/08\/FLEXIB-2.png\",\"contentUrl\":\"https:\/\/flexib.ee\/wp-content\/uploads\/2020\/08\/FLEXIB-2.png\",\"width\":500,\"height\":500,\"caption\":\"Flexib H\u00fcdraulika\"},\"image\":{\"@id\":\"https:\/\/flexib.ee\/sv\/#\/schema\/logo\/image\/\"}}]}<\/script>\n<!-- \/ Yoast SEO plugin. -->","yoast_head_json":{"title":"Uniflex SL 3 \u2013 Madalr\u00f5hu h\u00fcdrovooliku surve masin | Flexib","description":"2-in-1 lahendus madalr\u00f5hu h\u00fcdrovoolikute pressimiseks. Integreeritud hargikompl. DN03-16. SL 3-16 M.3 v\u00f5imaldab kahes suuruses pressimist ilma hargivahetus","robots":{"index":"index","follow":"follow","max-snippet":"max-snippet:-1","max-image-preview":"max-image-preview:large","max-video-preview":"max-video-preview:-1"},"canonical":"https:\/\/flexib.ee\/sv\/toode\/uniflex-sl-3-mobiilne-hudrovooliku-press\/","og_locale":"sv_SE","og_type":"article","og_title":"Uniflex SL 3 \u2013 Madalr\u00f5hu h\u00fcdrovooliku surve masin | Flexib","og_description":"2-in-1 lahendus madalr\u00f5hu h\u00fcdrovoolikute pressimiseks. Integreeritud hargikompl. DN03-16. SL 3-16 M.3 v\u00f5imaldab kahes suuruses pressimist ilma hargivahetus","og_url":"https:\/\/flexib.ee\/sv\/toode\/uniflex-sl-3-mobiilne-hudrovooliku-press\/","og_site_name":"Flexib h\u00fcdraulika","article_modified_time":"2026-03-06T12:05:23+00:00","og_image":[{"width":900,"height":675,"url":"https:\/\/flexib.ee\/wp-content\/uploads\/2026\/03\/SL-3-32-15abd765.png","type":"image\/png"}],"twitter_card":"summary_large_image","schema":{"@context":"https:\/\/schema.org","@graph":[{"@type":"WebPage","@id":"https:\/\/flexib.ee\/sv\/toode\/uniflex-sl-3-mobiilne-hudrovooliku-press\/","url":"https:\/\/flexib.ee\/sv\/toode\/uniflex-sl-3-mobiilne-hudrovooliku-press\/","name":"Uniflex SL 3 \u2013 Madalr\u00f5hu h\u00fcdrovooliku surve masin | Flexib","isPartOf":{"@id":"https:\/\/flexib.ee\/sv\/#website"},"datePublished":"2026-03-06T11:48:07+00:00","dateModified":"2026-03-06T12:05:23+00:00","description":"2-in-1 lahendus madalr\u00f5hu h\u00fcdrovoolikute pressimiseks. Integreeritud hargikompl. DN03-16. SL 3-16 M.3 v\u00f5imaldab kahes suuruses pressimist ilma hargivahetus","breadcrumb":{"@id":"https:\/\/flexib.ee\/sv\/toode\/uniflex-sl-3-mobiilne-hudrovooliku-press\/#breadcrumb"},"inLanguage":"sv-SE","potentialAction":[{"@type":"ReadAction","target":["https:\/\/flexib.ee\/sv\/toode\/uniflex-sl-3-mobiilne-hudrovooliku-press\/"]}]},{"@type":"BreadcrumbList","@id":"https:\/\/flexib.ee\/sv\/toode\/uniflex-sl-3-mobiilne-hudrovooliku-press\/#breadcrumb","itemListElement":[{"@type":"ListItem","position":1,"name":"Flexib","item":"https:\/\/flexib.ee\/sv\/"},{"@type":"ListItem","position":2,"name":"Butik","item":"https:\/\/flexib.ee\/sv\/butik\/"},{"@type":"ListItem","position":3,"name":"Uniflex SL 3 \u2013 Mobiilne h\u00fcdrovooliku press"}]},{"@type":"WebSite","@id":"https:\/\/flexib.ee\/sv\/#website","url":"https:\/\/flexib.ee\/sv\/","name":"Flexib h\u00fcdraulika","description":"H\u00fcdraulika tarvikud ja komponendid.","publisher":{"@id":"https:\/\/flexib.ee\/sv\/#organization"},"potentialAction":[{"@type":"SearchAction","target":{"@type":"EntryPoint","urlTemplate":"https:\/\/flexib.ee\/sv\/?s={search_term_string}"},"query-input":"required name=search_term_string"}],"inLanguage":"sv-SE"},{"@type":"Organization","@id":"https:\/\/flexib.ee\/sv\/#organization","name":"Flexib H\u00fcdraulika","url":"https:\/\/flexib.ee\/sv\/","logo":{"@type":"ImageObject","inLanguage":"sv-SE","@id":"https:\/\/flexib.ee\/sv\/#\/schema\/logo\/image\/","url":"https:\/\/flexib.ee\/wp-content\/uploads\/2020\/08\/FLEXIB-2.png","contentUrl":"https:\/\/flexib.ee\/wp-content\/uploads\/2020\/08\/FLEXIB-2.png","width":500,"height":500,"caption":"Flexib H\u00fcdraulika"},"image":{"@id":"https:\/\/flexib.ee\/sv\/#\/schema\/logo\/image\/"}}]}},"_links":{"self":[{"href":"https:\/\/flexib.ee\/sv\/wp-json\/wp\/v2\/product\/29707"}],"collection":[{"href":"https:\/\/flexib.ee\/sv\/wp-json\/wp\/v2\/product"}],"about":[{"href":"https:\/\/flexib.ee\/sv\/wp-json\/wp\/v2\/types\/product"}],"wp:featuredmedia":[{"embeddable":true,"href":"https:\/\/flexib.ee\/sv\/wp-json\/wp\/v2\/media\/29704"}],"wp:attachment":[{"href":"https:\/\/flexib.ee\/sv\/wp-json\/wp\/v2\/media?parent=29707"}],"wp:term":[{"taxonomy":"product_cat","embeddable":true,"href":"https:\/\/flexib.ee\/sv\/wp-json\/wp\/v2\/product_cat?post=29707"},{"taxonomy":"product_tag","embeddable":true,"href":"https:\/\/flexib.ee\/sv\/wp-json\/wp\/v2\/product_tag?post=29707"}],"curies":[{"name":"wp","href":"https:\/\/api.w.org\/{rel}","templated":true}]}}