{"id":29697,"date":"2026-03-06T14:24:23","date_gmt":"2026-03-06T11:24:23","guid":{"rendered":"https:\/\/flexib.ee\/toode\/uniflex-sh-2-xl-elektriline-tookoja-hudrauliline-hudrovooliku-press-suurendatud-avausega-90t\/"},"modified":"2026-03-06T15:01:35","modified_gmt":"2026-03-06T12:01:35","slug":"uniflex-sh-2-xl-elektriline-tookoja-hudrauliline-hudrovooliku-press-suurendatud-avausega-90t","status":"publish","type":"product","link":"https:\/\/flexib.ee\/sv\/toode\/uniflex-sh-2-xl-elektriline-tookoja-hudrauliline-hudrovooliku-press-suurendatud-avausega-90t\/","title":{"rendered":"Uniflex SH 2 XL \u2013 Elektriline t\u00f6\u00f6koja h\u00fcdrauliline h\u00fcdrovooliku press suurendatud avausega (90t)"},"content":{"rendered":"<h2>UNIFLEX SH 2 XL \u2013 Suurendatud avausega elektriline h\u00fcdrovooliku press<\/h2>\n<p>SH 2 XL on SH 2 seeria uusim lisand \u2013 suurema avausega mudel, mis s\u00e4ilitab t\u00e4ieliku 90t surumisj\u00f5u. Suurem avaus (+27 mm vs +22 mm) v\u00f5imaldab pressida ka suuremaid 90\u00b0 k\u00fc\u00fcnarnukkidega kinnitusi ilma harke vahetamata. Sobib 230V, 110V ning 12V ja 24V DC toitega.<\/p>\n<h3>Tehnilised andmed<\/h3>\n<ul>\n<li>Surumisj&otilde;ud: 900 kN \/ 90 tonni<\/li>\n<li>Kuni DN 25-4SH (1&#8243; R15)<\/li>\n<li>T\u00f6\u00f6stusvoolik kuni 1\u00bc&#8221;<\/li>\n<li>90\u00b0 k\u00fc\u00fcnarnukk kuni 1&#8243;<\/li>\n<li>Maks. surumisulatus: \u00d8 63 mm<\/li>\n<li>Avanemisliikumine: +27 mm (+1,06&#8243;)<\/li>\n<li>Avalus ilma harkideta: 82 mm<\/li>\n<li>P\u00f5hihargi pikkus: 75 mm<\/li>\n<li>Hargi t\u00fc\u00fcp: 263<\/li>\n<li>K\u00e4itumine: elektriline 230V \/ 110V (50\/60Hz-1Ph) v\u00f5i 12\/24V DC<\/li>\n<li>Pressimiskiirus: 2,7 mm\/s<\/li>\n<li>\u00d5li: 1,5 l<\/li>\n<li>M\u00f5\u00f5tmed (P\u00d7L\u00d7K): 540 \u00d7 716 \u00d7 562 mm (ilma j\u00f5useadmeta)<\/li>\n<li>Kaal: 80 kg<\/li>\n<\/ul>\n<h3>Paketi sisu<\/h3>\n<ul>\n<li>PB 263 surumishargid: \u00d8 14, 17, 20, 24, 28, 32, 40 mm<\/li>\n<\/ul>\n<h3>Eelised<\/h3>\n<ul>\n<li>Suurem avaus (+27 mm) \u2013 suuremad kinnitused ilma hargivahetuseta<\/li>\n<li>Mitme pingevalikuga: 230V, 110V, 12V ja 24V DC<\/li>\n<li>\u00dchilduv QDC kiirhargivahetusega<\/li>\n<li>M\u00e4\u00e4rimiseta liugelaagri tehnoloogia<\/li>\n<li>Sobib mobiilsetele hoolduss\u00f5idukitele<\/li>\n<\/ul>\n<p><strong>Garantii: 2 aastat<\/strong> | Tarne: 3\u20136 n\u00e4dalat | Tarnitakse ilma \u00f5li ja pistikuta<\/p>\n<p><a href=\"https:\/\/short.uniflex.de\/vsh2xl\">Videolink<\/a> | <a href=\"https:\/\/short.uniflex.de\/csh2xl\">Kataloog<\/a><\/p>\n","protected":false},"excerpt":{"rendered":"<p>SH 2 seeria uusim mudel suurendatud avausega +27 mm ja t\u00e4ieliku 90t surumisj\u00f5uga. Sobib kuni 1&#8243; R15 (DN25-4SH). Elektriline 230V\/110V\/12-24VDC.<\/p>\n","protected":false},"featured_media":29694,"template":"","meta":[],"product_cat":[16,1719],"product_tag":[1806,1807,846,1803,1809,1802],"supplier_id":null,"supplier_sku":"","barcode":null,"atum_controlled":true,"out_stock_date":null,"out_stock_threshold":null,"inheritable":false,"inbound_stock":null,"stock_on_hold":0,"sold_today":0,"sales_last_days":0,"reserved_stock":null,"customer_returns":null,"warehouse_damage":null,"lost_in_post":null,"other_logs":null,"out_stock_days":0,"lost_sales":0,"has_location":null,"update_date":"2026-04-19T00:13:24","atum_locations":[],"atum_stock_status":"instock","restock_status":false,"low_stock_amount":"","sales_update_date":"2026-04-19T00:13:24","calc_backorders":null,"yoast_head":"<!-- This site is optimized with the Yoast SEO plugin v21.0 - https:\/\/yoast.com\/wordpress\/plugins\/seo\/ -->\n<title>Uniflex SH 2 XL Elektriline T\u00f6\u00f6koja h\u00fcdrovooliku press 90t | Flexib<\/title>\n<meta name=\"description\" content=\"Uniflex SH 2 XL laiendatud avausega (+27mm) h\u00fcdrovooliku press 90t j\u00f5uga. Kuni 1&quot; R15 (DN25-4SH). 230V\/110V\/12-24VDC. 2 aastat garantii.\" \/>\n<meta name=\"robots\" content=\"index, follow, max-snippet:-1, max-image-preview:large, max-video-preview:-1\" \/>\n<link rel=\"canonical\" href=\"https:\/\/flexib.ee\/sv\/toode\/uniflex-sh-2-xl-elektriline-tookoja-hudrauliline-hudrovooliku-press-suurendatud-avausega-90t\/\" \/>\n<meta property=\"og:locale\" content=\"sv_SE\" \/>\n<meta property=\"og:type\" content=\"article\" \/>\n<meta property=\"og:title\" content=\"Uniflex SH 2 XL Elektriline T\u00f6\u00f6koja h\u00fcdrovooliku press 90t | Flexib\" \/>\n<meta property=\"og:description\" content=\"Uniflex SH 2 XL laiendatud avausega (+27mm) h\u00fcdrovooliku press 90t j\u00f5uga. Kuni 1&quot; R15 (DN25-4SH). 230V\/110V\/12-24VDC. 2 aastat garantii.\" \/>\n<meta property=\"og:url\" content=\"https:\/\/flexib.ee\/sv\/toode\/uniflex-sh-2-xl-elektriline-tookoja-hudrauliline-hudrovooliku-press-suurendatud-avausega-90t\/\" \/>\n<meta property=\"og:site_name\" content=\"Flexib h\u00fcdraulika\" \/>\n<meta property=\"article:modified_time\" content=\"2026-03-06T12:01:35+00:00\" \/>\n<meta property=\"og:image\" content=\"https:\/\/flexib.ee\/wp-content\/uploads\/2026\/03\/UNIFLEX_SH-2-XL-_Vorderseite_1_2024_04-web.png\" \/>\n\t<meta property=\"og:image:width\" content=\"900\" \/>\n\t<meta property=\"og:image:height\" content=\"675\" \/>\n\t<meta property=\"og:image:type\" content=\"image\/png\" \/>\n<meta name=\"twitter:card\" content=\"summary_large_image\" \/>\n<meta name=\"twitter:label1\" content=\"Ber\u00e4knad l\u00e4stid\" \/>\n\t<meta name=\"twitter:data1\" content=\"1 minut\" \/>\n<script type=\"application\/ld+json\" class=\"yoast-schema-graph\">{\"@context\":\"https:\/\/schema.org\",\"@graph\":[{\"@type\":\"WebPage\",\"@id\":\"https:\/\/flexib.ee\/sv\/toode\/uniflex-sh-2-xl-elektriline-tookoja-hudrauliline-hudrovooliku-press-suurendatud-avausega-90t\/\",\"url\":\"https:\/\/flexib.ee\/sv\/toode\/uniflex-sh-2-xl-elektriline-tookoja-hudrauliline-hudrovooliku-press-suurendatud-avausega-90t\/\",\"name\":\"Uniflex SH 2 XL Elektriline T\u00f6\u00f6koja h\u00fcdrovooliku press 90t | Flexib\",\"isPartOf\":{\"@id\":\"https:\/\/flexib.ee\/sv\/#website\"},\"datePublished\":\"2026-03-06T11:24:23+00:00\",\"dateModified\":\"2026-03-06T12:01:35+00:00\",\"description\":\"Uniflex SH 2 XL laiendatud avausega (+27mm) h\u00fcdrovooliku press 90t j\u00f5uga. Kuni 1\\\" R15 (DN25-4SH). 230V\/110V\/12-24VDC. 2 aastat garantii.\",\"breadcrumb\":{\"@id\":\"https:\/\/flexib.ee\/sv\/toode\/uniflex-sh-2-xl-elektriline-tookoja-hudrauliline-hudrovooliku-press-suurendatud-avausega-90t\/#breadcrumb\"},\"inLanguage\":\"sv-SE\",\"potentialAction\":[{\"@type\":\"ReadAction\",\"target\":[\"https:\/\/flexib.ee\/sv\/toode\/uniflex-sh-2-xl-elektriline-tookoja-hudrauliline-hudrovooliku-press-suurendatud-avausega-90t\/\"]}]},{\"@type\":\"BreadcrumbList\",\"@id\":\"https:\/\/flexib.ee\/sv\/toode\/uniflex-sh-2-xl-elektriline-tookoja-hudrauliline-hudrovooliku-press-suurendatud-avausega-90t\/#breadcrumb\",\"itemListElement\":[{\"@type\":\"ListItem\",\"position\":1,\"name\":\"Flexib\",\"item\":\"https:\/\/www.flexib.ee\/sv\/\"},{\"@type\":\"ListItem\",\"position\":2,\"name\":\"Butik\",\"item\":\"https:\/\/www.flexib.ee\/sv\/butik\/\"},{\"@type\":\"ListItem\",\"position\":3,\"name\":\"Uniflex SH 2 XL \u2013 Elektriline t\u00f6\u00f6koja h\u00fcdrauliline h\u00fcdrovooliku press suurendatud avausega (90t)\"}]},{\"@type\":\"WebSite\",\"@id\":\"https:\/\/flexib.ee\/sv\/#website\",\"url\":\"https:\/\/flexib.ee\/sv\/\",\"name\":\"Flexib h\u00fcdraulika\",\"description\":\"H\u00fcdraulika tarvikud ja komponendid.\",\"publisher\":{\"@id\":\"https:\/\/flexib.ee\/sv\/#organization\"},\"potentialAction\":[{\"@type\":\"SearchAction\",\"target\":{\"@type\":\"EntryPoint\",\"urlTemplate\":\"https:\/\/flexib.ee\/sv\/?s={search_term_string}\"},\"query-input\":\"required name=search_term_string\"}],\"inLanguage\":\"sv-SE\"},{\"@type\":\"Organization\",\"@id\":\"https:\/\/flexib.ee\/sv\/#organization\",\"name\":\"Flexib H\u00fcdraulika\",\"url\":\"https:\/\/flexib.ee\/sv\/\",\"logo\":{\"@type\":\"ImageObject\",\"inLanguage\":\"sv-SE\",\"@id\":\"https:\/\/flexib.ee\/sv\/#\/schema\/logo\/image\/\",\"url\":\"https:\/\/flexib.ee\/wp-content\/uploads\/2020\/08\/FLEXIB-2.png\",\"contentUrl\":\"https:\/\/flexib.ee\/wp-content\/uploads\/2020\/08\/FLEXIB-2.png\",\"width\":500,\"height\":500,\"caption\":\"Flexib H\u00fcdraulika\"},\"image\":{\"@id\":\"https:\/\/flexib.ee\/sv\/#\/schema\/logo\/image\/\"}}]}<\/script>\n<!-- \/ Yoast SEO plugin. -->","yoast_head_json":{"title":"Uniflex SH 2 XL Elektriline T\u00f6\u00f6koja h\u00fcdrovooliku press 90t | Flexib","description":"Uniflex SH 2 XL laiendatud avausega (+27mm) h\u00fcdrovooliku press 90t j\u00f5uga. Kuni 1\" R15 (DN25-4SH). 230V\/110V\/12-24VDC. 2 aastat garantii.","robots":{"index":"index","follow":"follow","max-snippet":"max-snippet:-1","max-image-preview":"max-image-preview:large","max-video-preview":"max-video-preview:-1"},"canonical":"https:\/\/flexib.ee\/sv\/toode\/uniflex-sh-2-xl-elektriline-tookoja-hudrauliline-hudrovooliku-press-suurendatud-avausega-90t\/","og_locale":"sv_SE","og_type":"article","og_title":"Uniflex SH 2 XL Elektriline T\u00f6\u00f6koja h\u00fcdrovooliku press 90t | Flexib","og_description":"Uniflex SH 2 XL laiendatud avausega (+27mm) h\u00fcdrovooliku press 90t j\u00f5uga. Kuni 1\" R15 (DN25-4SH). 230V\/110V\/12-24VDC. 2 aastat garantii.","og_url":"https:\/\/flexib.ee\/sv\/toode\/uniflex-sh-2-xl-elektriline-tookoja-hudrauliline-hudrovooliku-press-suurendatud-avausega-90t\/","og_site_name":"Flexib h\u00fcdraulika","article_modified_time":"2026-03-06T12:01:35+00:00","og_image":[{"width":900,"height":675,"url":"https:\/\/flexib.ee\/wp-content\/uploads\/2026\/03\/UNIFLEX_SH-2-XL-_Vorderseite_1_2024_04-web.png","type":"image\/png"}],"twitter_card":"summary_large_image","twitter_misc":{"Ber\u00e4knad l\u00e4stid":"1 minut"},"schema":{"@context":"https:\/\/schema.org","@graph":[{"@type":"WebPage","@id":"https:\/\/flexib.ee\/sv\/toode\/uniflex-sh-2-xl-elektriline-tookoja-hudrauliline-hudrovooliku-press-suurendatud-avausega-90t\/","url":"https:\/\/flexib.ee\/sv\/toode\/uniflex-sh-2-xl-elektriline-tookoja-hudrauliline-hudrovooliku-press-suurendatud-avausega-90t\/","name":"Uniflex SH 2 XL Elektriline T\u00f6\u00f6koja h\u00fcdrovooliku press 90t | Flexib","isPartOf":{"@id":"https:\/\/flexib.ee\/sv\/#website"},"datePublished":"2026-03-06T11:24:23+00:00","dateModified":"2026-03-06T12:01:35+00:00","description":"Uniflex SH 2 XL laiendatud avausega (+27mm) h\u00fcdrovooliku press 90t j\u00f5uga. Kuni 1\" R15 (DN25-4SH). 230V\/110V\/12-24VDC. 2 aastat garantii.","breadcrumb":{"@id":"https:\/\/flexib.ee\/sv\/toode\/uniflex-sh-2-xl-elektriline-tookoja-hudrauliline-hudrovooliku-press-suurendatud-avausega-90t\/#breadcrumb"},"inLanguage":"sv-SE","potentialAction":[{"@type":"ReadAction","target":["https:\/\/flexib.ee\/sv\/toode\/uniflex-sh-2-xl-elektriline-tookoja-hudrauliline-hudrovooliku-press-suurendatud-avausega-90t\/"]}]},{"@type":"BreadcrumbList","@id":"https:\/\/flexib.ee\/sv\/toode\/uniflex-sh-2-xl-elektriline-tookoja-hudrauliline-hudrovooliku-press-suurendatud-avausega-90t\/#breadcrumb","itemListElement":[{"@type":"ListItem","position":1,"name":"Flexib","item":"https:\/\/www.flexib.ee\/sv\/"},{"@type":"ListItem","position":2,"name":"Butik","item":"https:\/\/www.flexib.ee\/sv\/butik\/"},{"@type":"ListItem","position":3,"name":"Uniflex SH 2 XL \u2013 Elektriline t\u00f6\u00f6koja h\u00fcdrauliline h\u00fcdrovooliku press suurendatud avausega (90t)"}]},{"@type":"WebSite","@id":"https:\/\/flexib.ee\/sv\/#website","url":"https:\/\/flexib.ee\/sv\/","name":"Flexib h\u00fcdraulika","description":"H\u00fcdraulika tarvikud ja komponendid.","publisher":{"@id":"https:\/\/flexib.ee\/sv\/#organization"},"potentialAction":[{"@type":"SearchAction","target":{"@type":"EntryPoint","urlTemplate":"https:\/\/flexib.ee\/sv\/?s={search_term_string}"},"query-input":"required name=search_term_string"}],"inLanguage":"sv-SE"},{"@type":"Organization","@id":"https:\/\/flexib.ee\/sv\/#organization","name":"Flexib H\u00fcdraulika","url":"https:\/\/flexib.ee\/sv\/","logo":{"@type":"ImageObject","inLanguage":"sv-SE","@id":"https:\/\/flexib.ee\/sv\/#\/schema\/logo\/image\/","url":"https:\/\/flexib.ee\/wp-content\/uploads\/2020\/08\/FLEXIB-2.png","contentUrl":"https:\/\/flexib.ee\/wp-content\/uploads\/2020\/08\/FLEXIB-2.png","width":500,"height":500,"caption":"Flexib H\u00fcdraulika"},"image":{"@id":"https:\/\/flexib.ee\/sv\/#\/schema\/logo\/image\/"}}]}},"_links":{"self":[{"href":"https:\/\/flexib.ee\/sv\/wp-json\/wp\/v2\/product\/29697"}],"collection":[{"href":"https:\/\/flexib.ee\/sv\/wp-json\/wp\/v2\/product"}],"about":[{"href":"https:\/\/flexib.ee\/sv\/wp-json\/wp\/v2\/types\/product"}],"wp:featuredmedia":[{"embeddable":true,"href":"https:\/\/flexib.ee\/sv\/wp-json\/wp\/v2\/media\/29694"}],"wp:attachment":[{"href":"https:\/\/flexib.ee\/sv\/wp-json\/wp\/v2\/media?parent=29697"}],"wp:term":[{"taxonomy":"product_cat","embeddable":true,"href":"https:\/\/flexib.ee\/sv\/wp-json\/wp\/v2\/product_cat?post=29697"},{"taxonomy":"product_tag","embeddable":true,"href":"https:\/\/flexib.ee\/sv\/wp-json\/wp\/v2\/product_tag?post=29697"}],"curies":[{"name":"wp","href":"https:\/\/api.w.org\/{rel}","templated":true}]}}