{"id":29693,"date":"2026-03-06T14:24:21","date_gmt":"2026-03-06T11:24:21","guid":{"rendered":"https:\/\/flexib.ee\/toode\/uniflex-sh-2-la-sh-2-dc-elektriline-tookoja-hudrauliline-hudrovooliku-press-45t\/"},"modified":"2026-03-06T15:01:51","modified_gmt":"2026-03-06T12:01:51","slug":"uniflex-sh-2-la-sh-2-dc-elektriline-tookoja-hudrauliline-hudrovooliku-press-45t","status":"publish","type":"product","link":"https:\/\/flexib.ee\/sv\/toode\/uniflex-sh-2-la-sh-2-dc-elektriline-tookoja-hudrauliline-hudrovooliku-press-45t\/","title":{"rendered":"Uniflex SH 2 LA \/ SH 2 DC \u2013 Elektriline t\u00f6\u00f6koja h\u00fcdrauliline h\u00fcdrovooliku press (45t)"},"content":{"rendered":"<h2>UNIFLEX SH 2 LA \/ SH 2 DC \u2013 Elektriline t\u00f6\u00f6koja h\u00fcdrovooliku press<\/h2>\n<p>SH 2 LA \u00fchendab UNIFLEX liugelaagri tehnoloogia eelised kerge ja mobiilse ehitusega. Elektriline k\u00e4itumine tagab kiire ja mugava t\u00f6\u00f6 t\u00f6\u00f6koja tingimustes. Automaatne stopp optilise signaaliga m\u00e4rguandab pressimism\u00f5\u00f5du saavutamisest.<\/p>\n<h3>Tehnilised andmed<\/h3>\n<ul>\n<li>Surumisj&otilde;ud: 450 kN \/ 45 tonni<\/li>\n<li>Kuni 3\/4&#8243; 4 R12\/4SP voolik<\/li>\n<li>T\u00f6\u00f6stusvoolik kuni 1\u00bc&#8221;<\/li>\n<li>90\u00b0 k\u00fc\u00fcnarnukk kuni 1&#8243;<\/li>\n<li>Maks. surumisulatus: \u00d8 63 mm<\/li>\n<li>Avanemisliikumine: +22 mm<\/li>\n<li>Avalus ilma harkideta: 77 mm<\/li>\n<li>P\u00f5hihargi pikkus: 75 mm<\/li>\n<li>Hargi t\u00fc\u00fcp: 263<\/li>\n<li>K\u00e4itumine: elektriline 1~VAC<\/li>\n<li>Sulgemiskiirus: 2,4 mm\/s<\/li>\n<li>\u00d5li: 1,5 l<\/li>\n<li>M\u00f5\u00f5tmed (P\u00d7L\u00d7K): 450 \u00d7 450 \u00d7 450 mm<\/li>\n<li>Kaal: 56 kg<\/li>\n<\/ul>\n<h3>Paketi sisu<\/h3>\n<ul>\n<li>PB 263 surumishargid: \u00d8 14, 17, 20, 24 mm<\/li>\n<\/ul>\n<h3>Eelised<\/h3>\n<ul>\n<li>Elektriline k\u00e4itumine \u2013 kiire ja mugav t\u00f6\u00f6<\/li>\n<li>Automaatne stopp \u2013 optilise signaaliga pressimism\u00f5\u00f5du saavutamisel<\/li>\n<li>M\u00e4\u00e4rimiseta liugelaagri tehnoloogia \u2013 puhas ja vastupidav<\/li>\n<li>Kompaktne ja suhteliselt kerge \u2013 sobib igasse t\u00f6\u00f6kotta<\/li>\n<\/ul>\n<p><strong>Garantii: 2 aastat<\/strong> | Tarne: 3\u20136 n\u00e4dalat | Tarnitakse ilma \u00f5li ja pistikuta<\/p>\n<p><a href=\"http:\/\/short.uniflex.de\/s2\">Videolink<\/a> | <a href=\"https:\/\/short.uniflex.de\/sh2cen\">Kataloog<\/a><\/p>\n","protected":false},"excerpt":{"rendered":"<p>Kerge elektriline h\u00fcdrovooliku press 45t surumisj\u00f5uga, kuni 3\/4&#8243; 4R12\/4SP voolikutele. Ideaalne mobiilseks ja t\u00f6\u00f6koja kasutuseks. Sisaldab PB 263 surumisharge.<\/p>\n","protected":false},"featured_media":29690,"template":"","meta":[],"product_cat":[16,1719],"product_tag":[1806,1807,846,1803,1808,1804,1802],"supplier_id":null,"supplier_sku":"","barcode":null,"atum_controlled":true,"out_stock_date":null,"out_stock_threshold":null,"inheritable":false,"inbound_stock":null,"stock_on_hold":0,"sold_today":0,"sales_last_days":0,"reserved_stock":null,"customer_returns":null,"warehouse_damage":null,"lost_in_post":null,"other_logs":null,"out_stock_days":0,"lost_sales":0,"has_location":null,"update_date":"2026-04-05T00:13:34","atum_locations":[],"atum_stock_status":"instock","restock_status":false,"low_stock_amount":"","sales_update_date":"2026-04-05T00:13:34","calc_backorders":null,"yoast_head":"<!-- This site is optimized with the Yoast SEO plugin v21.0 - https:\/\/yoast.com\/wordpress\/plugins\/seo\/ -->\n<title>Uniflex SH 2 LA Elektriline T\u00f6\u00f6koja h\u00fcdrovooliku press 45t | Flexib<\/title>\n<meta name=\"description\" content=\"Uniflex SH 2 LA kerge elektriline h\u00fcdrovooliku press 45t j\u00f5uga, kuni 3\/4&quot; 4R12\/4SP. Automaatne stopp, liugelaagri tehnoloogia. 2 aastat garantii.\" \/>\n<meta name=\"robots\" content=\"index, follow, max-snippet:-1, max-image-preview:large, max-video-preview:-1\" \/>\n<link rel=\"canonical\" href=\"https:\/\/flexib.ee\/sv\/toode\/uniflex-sh-2-la-sh-2-dc-elektriline-tookoja-hudrauliline-hudrovooliku-press-45t\/\" \/>\n<meta property=\"og:locale\" content=\"sv_SE\" \/>\n<meta property=\"og:type\" content=\"article\" \/>\n<meta property=\"og:title\" content=\"Uniflex SH 2 LA Elektriline T\u00f6\u00f6koja h\u00fcdrovooliku press 45t | Flexib\" \/>\n<meta property=\"og:description\" content=\"Uniflex SH 2 LA kerge elektriline h\u00fcdrovooliku press 45t j\u00f5uga, kuni 3\/4&quot; 4R12\/4SP. Automaatne stopp, liugelaagri tehnoloogia. 2 aastat garantii.\" \/>\n<meta property=\"og:url\" content=\"https:\/\/flexib.ee\/sv\/toode\/uniflex-sh-2-la-sh-2-dc-elektriline-tookoja-hudrauliline-hudrovooliku-press-45t\/\" \/>\n<meta property=\"og:site_name\" content=\"Flexib h\u00fcdraulika\" \/>\n<meta property=\"article:modified_time\" content=\"2026-03-06T12:01:51+00:00\" \/>\n<meta property=\"og:image\" content=\"https:\/\/flexib.ee\/wp-content\/uploads\/2026\/03\/S-2-LA-1.png\" \/>\n\t<meta property=\"og:image:width\" content=\"900\" \/>\n\t<meta property=\"og:image:height\" content=\"675\" \/>\n\t<meta property=\"og:image:type\" content=\"image\/png\" \/>\n<meta name=\"twitter:card\" content=\"summary_large_image\" \/>\n<meta name=\"twitter:label1\" content=\"Ber\u00e4knad l\u00e4stid\" \/>\n\t<meta name=\"twitter:data1\" content=\"1 minut\" \/>\n<script type=\"application\/ld+json\" class=\"yoast-schema-graph\">{\"@context\":\"https:\/\/schema.org\",\"@graph\":[{\"@type\":\"WebPage\",\"@id\":\"https:\/\/flexib.ee\/sv\/toode\/uniflex-sh-2-la-sh-2-dc-elektriline-tookoja-hudrauliline-hudrovooliku-press-45t\/\",\"url\":\"https:\/\/flexib.ee\/sv\/toode\/uniflex-sh-2-la-sh-2-dc-elektriline-tookoja-hudrauliline-hudrovooliku-press-45t\/\",\"name\":\"Uniflex SH 2 LA Elektriline T\u00f6\u00f6koja h\u00fcdrovooliku press 45t | Flexib\",\"isPartOf\":{\"@id\":\"https:\/\/flexib.ee\/sv\/#website\"},\"datePublished\":\"2026-03-06T11:24:21+00:00\",\"dateModified\":\"2026-03-06T12:01:51+00:00\",\"description\":\"Uniflex SH 2 LA kerge elektriline h\u00fcdrovooliku press 45t j\u00f5uga, kuni 3\/4\\\" 4R12\/4SP. Automaatne stopp, liugelaagri tehnoloogia. 2 aastat garantii.\",\"breadcrumb\":{\"@id\":\"https:\/\/flexib.ee\/sv\/toode\/uniflex-sh-2-la-sh-2-dc-elektriline-tookoja-hudrauliline-hudrovooliku-press-45t\/#breadcrumb\"},\"inLanguage\":\"sv-SE\",\"potentialAction\":[{\"@type\":\"ReadAction\",\"target\":[\"https:\/\/flexib.ee\/sv\/toode\/uniflex-sh-2-la-sh-2-dc-elektriline-tookoja-hudrauliline-hudrovooliku-press-45t\/\"]}]},{\"@type\":\"BreadcrumbList\",\"@id\":\"https:\/\/flexib.ee\/sv\/toode\/uniflex-sh-2-la-sh-2-dc-elektriline-tookoja-hudrauliline-hudrovooliku-press-45t\/#breadcrumb\",\"itemListElement\":[{\"@type\":\"ListItem\",\"position\":1,\"name\":\"Flexib\",\"item\":\"https:\/\/flexib.ee\/sv\/\"},{\"@type\":\"ListItem\",\"position\":2,\"name\":\"Butik\",\"item\":\"https:\/\/flexib.ee\/sv\/butik\/\"},{\"@type\":\"ListItem\",\"position\":3,\"name\":\"Uniflex SH 2 LA \/ SH 2 DC \u2013 Elektriline t\u00f6\u00f6koja h\u00fcdrauliline h\u00fcdrovooliku press (45t)\"}]},{\"@type\":\"WebSite\",\"@id\":\"https:\/\/flexib.ee\/sv\/#website\",\"url\":\"https:\/\/flexib.ee\/sv\/\",\"name\":\"Flexib h\u00fcdraulika\",\"description\":\"H\u00fcdraulika tarvikud ja komponendid.\",\"publisher\":{\"@id\":\"https:\/\/flexib.ee\/sv\/#organization\"},\"potentialAction\":[{\"@type\":\"SearchAction\",\"target\":{\"@type\":\"EntryPoint\",\"urlTemplate\":\"https:\/\/flexib.ee\/sv\/?s={search_term_string}\"},\"query-input\":\"required name=search_term_string\"}],\"inLanguage\":\"sv-SE\"},{\"@type\":\"Organization\",\"@id\":\"https:\/\/flexib.ee\/sv\/#organization\",\"name\":\"Flexib H\u00fcdraulika\",\"url\":\"https:\/\/flexib.ee\/sv\/\",\"logo\":{\"@type\":\"ImageObject\",\"inLanguage\":\"sv-SE\",\"@id\":\"https:\/\/flexib.ee\/sv\/#\/schema\/logo\/image\/\",\"url\":\"https:\/\/flexib.ee\/wp-content\/uploads\/2020\/08\/FLEXIB-2.png\",\"contentUrl\":\"https:\/\/flexib.ee\/wp-content\/uploads\/2020\/08\/FLEXIB-2.png\",\"width\":500,\"height\":500,\"caption\":\"Flexib H\u00fcdraulika\"},\"image\":{\"@id\":\"https:\/\/flexib.ee\/sv\/#\/schema\/logo\/image\/\"}}]}<\/script>\n<!-- \/ Yoast SEO plugin. -->","yoast_head_json":{"title":"Uniflex SH 2 LA Elektriline T\u00f6\u00f6koja h\u00fcdrovooliku press 45t | Flexib","description":"Uniflex SH 2 LA kerge elektriline h\u00fcdrovooliku press 45t j\u00f5uga, kuni 3\/4\" 4R12\/4SP. Automaatne stopp, liugelaagri tehnoloogia. 2 aastat garantii.","robots":{"index":"index","follow":"follow","max-snippet":"max-snippet:-1","max-image-preview":"max-image-preview:large","max-video-preview":"max-video-preview:-1"},"canonical":"https:\/\/flexib.ee\/sv\/toode\/uniflex-sh-2-la-sh-2-dc-elektriline-tookoja-hudrauliline-hudrovooliku-press-45t\/","og_locale":"sv_SE","og_type":"article","og_title":"Uniflex SH 2 LA Elektriline T\u00f6\u00f6koja h\u00fcdrovooliku press 45t | Flexib","og_description":"Uniflex SH 2 LA kerge elektriline h\u00fcdrovooliku press 45t j\u00f5uga, kuni 3\/4\" 4R12\/4SP. Automaatne stopp, liugelaagri tehnoloogia. 2 aastat garantii.","og_url":"https:\/\/flexib.ee\/sv\/toode\/uniflex-sh-2-la-sh-2-dc-elektriline-tookoja-hudrauliline-hudrovooliku-press-45t\/","og_site_name":"Flexib h\u00fcdraulika","article_modified_time":"2026-03-06T12:01:51+00:00","og_image":[{"width":900,"height":675,"url":"https:\/\/flexib.ee\/wp-content\/uploads\/2026\/03\/S-2-LA-1.png","type":"image\/png"}],"twitter_card":"summary_large_image","twitter_misc":{"Ber\u00e4knad l\u00e4stid":"1 minut"},"schema":{"@context":"https:\/\/schema.org","@graph":[{"@type":"WebPage","@id":"https:\/\/flexib.ee\/sv\/toode\/uniflex-sh-2-la-sh-2-dc-elektriline-tookoja-hudrauliline-hudrovooliku-press-45t\/","url":"https:\/\/flexib.ee\/sv\/toode\/uniflex-sh-2-la-sh-2-dc-elektriline-tookoja-hudrauliline-hudrovooliku-press-45t\/","name":"Uniflex SH 2 LA Elektriline T\u00f6\u00f6koja h\u00fcdrovooliku press 45t | Flexib","isPartOf":{"@id":"https:\/\/flexib.ee\/sv\/#website"},"datePublished":"2026-03-06T11:24:21+00:00","dateModified":"2026-03-06T12:01:51+00:00","description":"Uniflex SH 2 LA kerge elektriline h\u00fcdrovooliku press 45t j\u00f5uga, kuni 3\/4\" 4R12\/4SP. Automaatne stopp, liugelaagri tehnoloogia. 2 aastat garantii.","breadcrumb":{"@id":"https:\/\/flexib.ee\/sv\/toode\/uniflex-sh-2-la-sh-2-dc-elektriline-tookoja-hudrauliline-hudrovooliku-press-45t\/#breadcrumb"},"inLanguage":"sv-SE","potentialAction":[{"@type":"ReadAction","target":["https:\/\/flexib.ee\/sv\/toode\/uniflex-sh-2-la-sh-2-dc-elektriline-tookoja-hudrauliline-hudrovooliku-press-45t\/"]}]},{"@type":"BreadcrumbList","@id":"https:\/\/flexib.ee\/sv\/toode\/uniflex-sh-2-la-sh-2-dc-elektriline-tookoja-hudrauliline-hudrovooliku-press-45t\/#breadcrumb","itemListElement":[{"@type":"ListItem","position":1,"name":"Flexib","item":"https:\/\/flexib.ee\/sv\/"},{"@type":"ListItem","position":2,"name":"Butik","item":"https:\/\/flexib.ee\/sv\/butik\/"},{"@type":"ListItem","position":3,"name":"Uniflex SH 2 LA \/ SH 2 DC \u2013 Elektriline t\u00f6\u00f6koja h\u00fcdrauliline h\u00fcdrovooliku press (45t)"}]},{"@type":"WebSite","@id":"https:\/\/flexib.ee\/sv\/#website","url":"https:\/\/flexib.ee\/sv\/","name":"Flexib h\u00fcdraulika","description":"H\u00fcdraulika tarvikud ja komponendid.","publisher":{"@id":"https:\/\/flexib.ee\/sv\/#organization"},"potentialAction":[{"@type":"SearchAction","target":{"@type":"EntryPoint","urlTemplate":"https:\/\/flexib.ee\/sv\/?s={search_term_string}"},"query-input":"required name=search_term_string"}],"inLanguage":"sv-SE"},{"@type":"Organization","@id":"https:\/\/flexib.ee\/sv\/#organization","name":"Flexib H\u00fcdraulika","url":"https:\/\/flexib.ee\/sv\/","logo":{"@type":"ImageObject","inLanguage":"sv-SE","@id":"https:\/\/flexib.ee\/sv\/#\/schema\/logo\/image\/","url":"https:\/\/flexib.ee\/wp-content\/uploads\/2020\/08\/FLEXIB-2.png","contentUrl":"https:\/\/flexib.ee\/wp-content\/uploads\/2020\/08\/FLEXIB-2.png","width":500,"height":500,"caption":"Flexib H\u00fcdraulika"},"image":{"@id":"https:\/\/flexib.ee\/sv\/#\/schema\/logo\/image\/"}}]}},"_links":{"self":[{"href":"https:\/\/flexib.ee\/sv\/wp-json\/wp\/v2\/product\/29693"}],"collection":[{"href":"https:\/\/flexib.ee\/sv\/wp-json\/wp\/v2\/product"}],"about":[{"href":"https:\/\/flexib.ee\/sv\/wp-json\/wp\/v2\/types\/product"}],"wp:featuredmedia":[{"embeddable":true,"href":"https:\/\/flexib.ee\/sv\/wp-json\/wp\/v2\/media\/29690"}],"wp:attachment":[{"href":"https:\/\/flexib.ee\/sv\/wp-json\/wp\/v2\/media?parent=29693"}],"wp:term":[{"taxonomy":"product_cat","embeddable":true,"href":"https:\/\/flexib.ee\/sv\/wp-json\/wp\/v2\/product_cat?post=29693"},{"taxonomy":"product_tag","embeddable":true,"href":"https:\/\/flexib.ee\/sv\/wp-json\/wp\/v2\/product_tag?post=29693"}],"curies":[{"name":"wp","href":"https:\/\/api.w.org\/{rel}","templated":true}]}}