{"id":29689,"date":"2026-03-06T14:24:20","date_gmt":"2026-03-06T11:24:20","guid":{"rendered":"https:\/\/flexib.ee\/toode\/uniflex-sh-2-m-h-2-kasipumbaga-tookoja-hudrauliline-hudrovooliku-press-90t\/"},"modified":"2026-03-06T14:31:50","modified_gmt":"2026-03-06T11:31:50","slug":"uniflex-sh-2-m-h-2-kasipumbaga-tookoja-hudrauliline-hudrovooliku-press-90t","status":"publish","type":"product","link":"https:\/\/flexib.ee\/sv\/toode\/uniflex-sh-2-m-h-2-kasipumbaga-tookoja-hudrauliline-hudrovooliku-press-90t\/","title":{"rendered":"Uniflex SH 2 M H.2 \u2013 K\u00e4sipumbaga t\u00f6\u00f6koja h\u00fcdrauliline h\u00fcdrovooliku press (90t)"},"content":{"rendered":"<h2>UNIFLEX SH 2 M H.2 \u2013 T\u00f6\u00f6koja h\u00fcdrovooliku press k\u00e4sipumbaga<\/h2>\n<p>Kompaktsed t\u00f6\u00f6koja pressid t\u00f5estavad, et legendaarne UNIFLEX liugelaagri tehnoloogia toimib suurep\u00e4raselt ka kergetes, kulut\u00f5husates seadmetes, mis mahuvad igasse s\u00f5idukisse ja t\u00f6\u00f6kotta. SH 2 M H.2 pakub 90t surumisj\u00f5udu ning optimaalset j\u00f5u- ja kaalusuhet.<\/p>\n<h3>Tehnilised andmed<\/h3>\n<ul>\n<li>Surumisj&otilde;ud: 900 kN \/ 90 tonni<\/li>\n<li>Kuni 1&#8243; 4-spiraalvoolik (\u00fcheosalised kinnitused)<\/li>\n<li>Kuni 1&#8243; 4-spiraalvoolik (kaheosalised kinnitused)<\/li>\n<li>T\u00f6\u00f6stusvoolik kuni 1\u00bc&#8221;<\/li>\n<li>Maks. surumisulatus: \u00d8 63 mm<\/li>\n<li>Avanemisliikumine: +22 mm (0,87&#8243;)<\/li>\n<li>Avalus ilma harkideta: 77 mm<\/li>\n<li>P\u00f5hihargi pikkus: 75 mm<\/li>\n<li>Hargi t\u00fc\u00fcp: 263<\/li>\n<li>K\u00e4itumine: k\u00e4sij\u00f5ul (2-astmeline teleskoopiline k\u00e4sipump)<\/li>\n<li>\u00d5li: 0,75 l<\/li>\n<li>M\u00f5\u00f5tmed (P\u00d7L\u00d7K): 500 \u00d7 420 \u00d7 440 mm<\/li>\n<li>Kaal: 32 kg<\/li>\n<\/ul>\n<h3>Paketi sisu<\/h3>\n<ul>\n<li>2-astmeline k\u00e4sipump (39,33 cm\u00b3 \/ 2,47 cm\u00b3)<\/li>\n<li>PB 263 surumishargid: \u00d8 14, 17, 20, 24, 28, 32, 40 mm<\/li>\n<\/ul>\n<h3>Liugelaagri tehnoloogia eelised<\/h3>\n<ul>\n<li>Kuni 20% v\u00e4hem h\u00f5\u00f5rdumist \u2013 suurem surumisj&otilde;ud<\/li>\n<li>M\u00e4\u00e4rimiseta \u2013 puhtam keskkond, pikem t\u00f6\u00f6iga<\/li>\n<li>Sobib toiduaine- ja farmaatsiat\u00f6\u00f6stusele<\/li>\n<li>Maksimaalne tootlikkus madalate k\u00e4itluskuludega<\/li>\n<\/ul>\n<p><strong>Garantii: 2 aastat<\/strong> | Tarne: 2\u20134 n\u00e4dalat | Tarnitakse ilma \u00f5li ja pistikuta<\/p>\n<p><a href=\"http:\/\/short.uniflex.de\/s2\">Videolink<\/a> | <a href=\"https:\/\/short.uniflex.de\/sh2cen\">Kataloog<\/a><\/p>\n","protected":false},"excerpt":{"rendered":"<p>Kompaktne k\u00e4sipumbaga h\u00fcdrauliline h\u00fcdrovooliku press 90t surumisj\u00f5uga, kuni 1&#8243; 4-spiraalvoolikutele. Paketi hind sisaldab 2-astmelist k\u00e4sipumpa ja PB 263 surumisharge \u00d8 14\u201340 mm.<\/p>\n","protected":false},"featured_media":29686,"template":"","meta":[],"product_cat":[16,1719],"product_tag":[1806,846,1803,1805,1804,1802],"supplier_id":null,"supplier_sku":"","barcode":null,"atum_controlled":true,"out_stock_date":null,"out_stock_threshold":null,"inheritable":false,"inbound_stock":null,"stock_on_hold":0,"sold_today":0,"sales_last_days":0,"reserved_stock":null,"customer_returns":null,"warehouse_damage":null,"lost_in_post":null,"other_logs":null,"out_stock_days":0,"lost_sales":0,"has_location":null,"update_date":"2026-04-05T00:13:34","atum_locations":[],"atum_stock_status":"instock","restock_status":false,"low_stock_amount":"","sales_update_date":"2026-04-05T00:13:33","calc_backorders":null,"yoast_head":"<!-- This site is optimized with the Yoast SEO plugin v21.0 - https:\/\/yoast.com\/wordpress\/plugins\/seo\/ -->\n<title>Uniflex SH 2 M H.2 T\u00f6\u00f6koja H\u00fcdrauliline h\u00fcdrovooliku press | Flexib<\/title>\n<meta name=\"description\" content=\"Uniflex SH 2 M H.2 kompaktne k\u00e4sipumbaga h\u00fcdrovooliku press 90t j\u00f5uga. Kuni 1&quot; 4-spiraalvoolikutele. 2 aastat garantii. Tarne 2\u20134 n\u00e4dalat.\" \/>\n<meta name=\"robots\" content=\"index, follow, max-snippet:-1, max-image-preview:large, max-video-preview:-1\" \/>\n<link rel=\"canonical\" href=\"https:\/\/flexib.ee\/sv\/toode\/uniflex-sh-2-m-h-2-kasipumbaga-tookoja-hudrauliline-hudrovooliku-press-90t\/\" \/>\n<meta property=\"og:locale\" content=\"sv_SE\" \/>\n<meta property=\"og:type\" content=\"article\" \/>\n<meta property=\"og:title\" content=\"Uniflex SH 2 M H.2 T\u00f6\u00f6koja H\u00fcdrauliline h\u00fcdrovooliku press | Flexib\" \/>\n<meta property=\"og:description\" content=\"Uniflex SH 2 M H.2 kompaktne k\u00e4sipumbaga h\u00fcdrovooliku press 90t j\u00f5uga. Kuni 1&quot; 4-spiraalvoolikutele. 2 aastat garantii. Tarne 2\u20134 n\u00e4dalat.\" \/>\n<meta property=\"og:url\" content=\"https:\/\/flexib.ee\/sv\/toode\/uniflex-sh-2-m-h-2-kasipumbaga-tookoja-hudrauliline-hudrovooliku-press-90t\/\" \/>\n<meta property=\"og:site_name\" content=\"Flexib h\u00fcdraulika\" \/>\n<meta property=\"article:modified_time\" content=\"2026-03-06T11:31:50+00:00\" \/>\n<meta property=\"og:image\" content=\"https:\/\/www.flexib.ee\/wp-content\/uploads\/2026\/03\/S2M_01.png\" \/>\n\t<meta property=\"og:image:width\" content=\"900\" \/>\n\t<meta property=\"og:image:height\" content=\"675\" \/>\n\t<meta property=\"og:image:type\" content=\"image\/png\" \/>\n<meta name=\"twitter:card\" content=\"summary_large_image\" \/>\n<meta name=\"twitter:label1\" content=\"Ber\u00e4knad l\u00e4stid\" \/>\n\t<meta name=\"twitter:data1\" content=\"1 minut\" \/>\n<script type=\"application\/ld+json\" class=\"yoast-schema-graph\">{\"@context\":\"https:\/\/schema.org\",\"@graph\":[{\"@type\":\"WebPage\",\"@id\":\"https:\/\/flexib.ee\/sv\/toode\/uniflex-sh-2-m-h-2-kasipumbaga-tookoja-hudrauliline-hudrovooliku-press-90t\/\",\"url\":\"https:\/\/flexib.ee\/sv\/toode\/uniflex-sh-2-m-h-2-kasipumbaga-tookoja-hudrauliline-hudrovooliku-press-90t\/\",\"name\":\"Uniflex SH 2 M H.2 T\u00f6\u00f6koja H\u00fcdrauliline h\u00fcdrovooliku press | Flexib\",\"isPartOf\":{\"@id\":\"https:\/\/flexib.ee\/sv\/#website\"},\"datePublished\":\"2026-03-06T11:24:20+00:00\",\"dateModified\":\"2026-03-06T11:31:50+00:00\",\"description\":\"Uniflex SH 2 M H.2 kompaktne k\u00e4sipumbaga h\u00fcdrovooliku press 90t j\u00f5uga. Kuni 1\\\" 4-spiraalvoolikutele. 2 aastat garantii. Tarne 2\u20134 n\u00e4dalat.\",\"breadcrumb\":{\"@id\":\"https:\/\/flexib.ee\/sv\/toode\/uniflex-sh-2-m-h-2-kasipumbaga-tookoja-hudrauliline-hudrovooliku-press-90t\/#breadcrumb\"},\"inLanguage\":\"sv-SE\",\"potentialAction\":[{\"@type\":\"ReadAction\",\"target\":[\"https:\/\/flexib.ee\/sv\/toode\/uniflex-sh-2-m-h-2-kasipumbaga-tookoja-hudrauliline-hudrovooliku-press-90t\/\"]}]},{\"@type\":\"BreadcrumbList\",\"@id\":\"https:\/\/flexib.ee\/sv\/toode\/uniflex-sh-2-m-h-2-kasipumbaga-tookoja-hudrauliline-hudrovooliku-press-90t\/#breadcrumb\",\"itemListElement\":[{\"@type\":\"ListItem\",\"position\":1,\"name\":\"Flexib\",\"item\":\"https:\/\/flexib.ee\/sv\/\"},{\"@type\":\"ListItem\",\"position\":2,\"name\":\"Butik\",\"item\":\"https:\/\/flexib.ee\/sv\/butik\/\"},{\"@type\":\"ListItem\",\"position\":3,\"name\":\"Uniflex SH 2 M H.2 \u2013 K\u00e4sipumbaga t\u00f6\u00f6koja h\u00fcdrauliline h\u00fcdrovooliku press (90t)\"}]},{\"@type\":\"WebSite\",\"@id\":\"https:\/\/flexib.ee\/sv\/#website\",\"url\":\"https:\/\/flexib.ee\/sv\/\",\"name\":\"Flexib h\u00fcdraulika\",\"description\":\"H\u00fcdraulika tarvikud ja komponendid.\",\"publisher\":{\"@id\":\"https:\/\/flexib.ee\/sv\/#organization\"},\"potentialAction\":[{\"@type\":\"SearchAction\",\"target\":{\"@type\":\"EntryPoint\",\"urlTemplate\":\"https:\/\/flexib.ee\/sv\/?s={search_term_string}\"},\"query-input\":\"required name=search_term_string\"}],\"inLanguage\":\"sv-SE\"},{\"@type\":\"Organization\",\"@id\":\"https:\/\/flexib.ee\/sv\/#organization\",\"name\":\"Flexib H\u00fcdraulika\",\"url\":\"https:\/\/flexib.ee\/sv\/\",\"logo\":{\"@type\":\"ImageObject\",\"inLanguage\":\"sv-SE\",\"@id\":\"https:\/\/flexib.ee\/sv\/#\/schema\/logo\/image\/\",\"url\":\"https:\/\/flexib.ee\/wp-content\/uploads\/2020\/08\/FLEXIB-2.png\",\"contentUrl\":\"https:\/\/flexib.ee\/wp-content\/uploads\/2020\/08\/FLEXIB-2.png\",\"width\":500,\"height\":500,\"caption\":\"Flexib H\u00fcdraulika\"},\"image\":{\"@id\":\"https:\/\/flexib.ee\/sv\/#\/schema\/logo\/image\/\"}}]}<\/script>\n<!-- \/ Yoast SEO plugin. -->","yoast_head_json":{"title":"Uniflex SH 2 M H.2 T\u00f6\u00f6koja H\u00fcdrauliline h\u00fcdrovooliku press | Flexib","description":"Uniflex SH 2 M H.2 kompaktne k\u00e4sipumbaga h\u00fcdrovooliku press 90t j\u00f5uga. Kuni 1\" 4-spiraalvoolikutele. 2 aastat garantii. Tarne 2\u20134 n\u00e4dalat.","robots":{"index":"index","follow":"follow","max-snippet":"max-snippet:-1","max-image-preview":"max-image-preview:large","max-video-preview":"max-video-preview:-1"},"canonical":"https:\/\/flexib.ee\/sv\/toode\/uniflex-sh-2-m-h-2-kasipumbaga-tookoja-hudrauliline-hudrovooliku-press-90t\/","og_locale":"sv_SE","og_type":"article","og_title":"Uniflex SH 2 M H.2 T\u00f6\u00f6koja H\u00fcdrauliline h\u00fcdrovooliku press | Flexib","og_description":"Uniflex SH 2 M H.2 kompaktne k\u00e4sipumbaga h\u00fcdrovooliku press 90t j\u00f5uga. Kuni 1\" 4-spiraalvoolikutele. 2 aastat garantii. Tarne 2\u20134 n\u00e4dalat.","og_url":"https:\/\/flexib.ee\/sv\/toode\/uniflex-sh-2-m-h-2-kasipumbaga-tookoja-hudrauliline-hudrovooliku-press-90t\/","og_site_name":"Flexib h\u00fcdraulika","article_modified_time":"2026-03-06T11:31:50+00:00","og_image":[{"width":900,"height":675,"url":"https:\/\/www.flexib.ee\/wp-content\/uploads\/2026\/03\/S2M_01.png","type":"image\/png"}],"twitter_card":"summary_large_image","twitter_misc":{"Ber\u00e4knad l\u00e4stid":"1 minut"},"schema":{"@context":"https:\/\/schema.org","@graph":[{"@type":"WebPage","@id":"https:\/\/flexib.ee\/sv\/toode\/uniflex-sh-2-m-h-2-kasipumbaga-tookoja-hudrauliline-hudrovooliku-press-90t\/","url":"https:\/\/flexib.ee\/sv\/toode\/uniflex-sh-2-m-h-2-kasipumbaga-tookoja-hudrauliline-hudrovooliku-press-90t\/","name":"Uniflex SH 2 M H.2 T\u00f6\u00f6koja H\u00fcdrauliline h\u00fcdrovooliku press | Flexib","isPartOf":{"@id":"https:\/\/flexib.ee\/sv\/#website"},"datePublished":"2026-03-06T11:24:20+00:00","dateModified":"2026-03-06T11:31:50+00:00","description":"Uniflex SH 2 M H.2 kompaktne k\u00e4sipumbaga h\u00fcdrovooliku press 90t j\u00f5uga. Kuni 1\" 4-spiraalvoolikutele. 2 aastat garantii. Tarne 2\u20134 n\u00e4dalat.","breadcrumb":{"@id":"https:\/\/flexib.ee\/sv\/toode\/uniflex-sh-2-m-h-2-kasipumbaga-tookoja-hudrauliline-hudrovooliku-press-90t\/#breadcrumb"},"inLanguage":"sv-SE","potentialAction":[{"@type":"ReadAction","target":["https:\/\/flexib.ee\/sv\/toode\/uniflex-sh-2-m-h-2-kasipumbaga-tookoja-hudrauliline-hudrovooliku-press-90t\/"]}]},{"@type":"BreadcrumbList","@id":"https:\/\/flexib.ee\/sv\/toode\/uniflex-sh-2-m-h-2-kasipumbaga-tookoja-hudrauliline-hudrovooliku-press-90t\/#breadcrumb","itemListElement":[{"@type":"ListItem","position":1,"name":"Flexib","item":"https:\/\/flexib.ee\/sv\/"},{"@type":"ListItem","position":2,"name":"Butik","item":"https:\/\/flexib.ee\/sv\/butik\/"},{"@type":"ListItem","position":3,"name":"Uniflex SH 2 M H.2 \u2013 K\u00e4sipumbaga t\u00f6\u00f6koja h\u00fcdrauliline h\u00fcdrovooliku press (90t)"}]},{"@type":"WebSite","@id":"https:\/\/flexib.ee\/sv\/#website","url":"https:\/\/flexib.ee\/sv\/","name":"Flexib h\u00fcdraulika","description":"H\u00fcdraulika tarvikud ja komponendid.","publisher":{"@id":"https:\/\/flexib.ee\/sv\/#organization"},"potentialAction":[{"@type":"SearchAction","target":{"@type":"EntryPoint","urlTemplate":"https:\/\/flexib.ee\/sv\/?s={search_term_string}"},"query-input":"required name=search_term_string"}],"inLanguage":"sv-SE"},{"@type":"Organization","@id":"https:\/\/flexib.ee\/sv\/#organization","name":"Flexib H\u00fcdraulika","url":"https:\/\/flexib.ee\/sv\/","logo":{"@type":"ImageObject","inLanguage":"sv-SE","@id":"https:\/\/flexib.ee\/sv\/#\/schema\/logo\/image\/","url":"https:\/\/flexib.ee\/wp-content\/uploads\/2020\/08\/FLEXIB-2.png","contentUrl":"https:\/\/flexib.ee\/wp-content\/uploads\/2020\/08\/FLEXIB-2.png","width":500,"height":500,"caption":"Flexib H\u00fcdraulika"},"image":{"@id":"https:\/\/flexib.ee\/sv\/#\/schema\/logo\/image\/"}}]}},"_links":{"self":[{"href":"https:\/\/flexib.ee\/sv\/wp-json\/wp\/v2\/product\/29689"}],"collection":[{"href":"https:\/\/flexib.ee\/sv\/wp-json\/wp\/v2\/product"}],"about":[{"href":"https:\/\/flexib.ee\/sv\/wp-json\/wp\/v2\/types\/product"}],"wp:featuredmedia":[{"embeddable":true,"href":"https:\/\/flexib.ee\/sv\/wp-json\/wp\/v2\/media\/29686"}],"wp:attachment":[{"href":"https:\/\/flexib.ee\/sv\/wp-json\/wp\/v2\/media?parent=29689"}],"wp:term":[{"taxonomy":"product_cat","embeddable":true,"href":"https:\/\/flexib.ee\/sv\/wp-json\/wp\/v2\/product_cat?post=29689"},{"taxonomy":"product_tag","embeddable":true,"href":"https:\/\/flexib.ee\/sv\/wp-json\/wp\/v2\/product_tag?post=29689"}],"curies":[{"name":"wp","href":"https:\/\/api.w.org\/{rel}","templated":true}]}}