{"id":29644,"date":"2026-02-17T18:04:09","date_gmt":"2026-02-17T15:04:09","guid":{"rendered":"https:\/\/flexib.ee\/?post_type=product&#038;p=29644"},"modified":"2026-02-17T18:06:30","modified_gmt":"2026-02-17T15:06:30","slug":"cetop-plokk-6-osalise-vooluregulaatoriga-cetop-3-ng6","status":"publish","type":"product","link":"https:\/\/flexib.ee\/sv\/toode\/cetop-plokk-6-osalise-vooluregulaatoriga-cetop-3-ng6\/","title":{"rendered":"CETOP plokk 6-osalise vooluregulaatoriga CETOP 3 NG6"},"content":{"rendered":"<p>Osa tootja: Hydroleader<br \/>\nRakendus:<br \/>\nSeda kasutatakse laialdaselt h\u00fcdros\u00fcsteemides ehituses, p\u00f5llumajanduses ja t\u00f6\u00f6stuses. Alusplaadid ehk ventiiliplokid on osa terviklikest CETOP h\u00fcdraulilistest suunaventiilidest. Need on aluseks CETOP 3 NG6 suunaventiilide paigaldamiseks. Need alusplaadile paigaldatud suunaventiilid on m\u00f5eldud \u00f5livoolu suuna juhtimiseks, mille tulemuseks on komponendi, n\u00e4iteks silindri v\u00f5i h\u00fcdromootori, kindel liikumine v\u00f5i seiskamine. Alusplaat v\u00f5imaldab paigaldada kuus CETOP 3 NG6 seeria suunaventiili.<\/p>\n<p>Sektsioonide arv:<br \/>\n6<\/p>\n<p>P- ja T-keerme\u00fchendused:<br \/>\n3\/4&#8243;<\/p>\n<p>\u00dchendused A:B ja P1:T1 keere:<br \/>\n1\/2&#8243;<\/p>\n<p>Liides MP; LS-keere:<br \/>\n1\/4&#8243;<\/p>\n<p>Maksimaalne r\u00f5hk:<br \/>\n250 baari<\/p>\n<p>Maksimaalne vooluhulk:<br \/>\n114 l\/min<\/p>\n<p>Reguleeritav vooluhulk:<br \/>\n0\u201357 l\/min<\/p>\n<p>Lubatud \u00fcmbritseva \u00f5hu temperatuur:<br \/>\n-40 \u00b0C kuni +60 \u00b0C<\/p>\n<p>Lubatud \u00f5litemperatuur:<br \/>\n-15 \u00b0C kuni +80 \u00b0C<\/p>\n<p>Soovitatav h\u00fcdraulika\u00f5li:<br \/>\nmineraal\u00f5lip\u00f5hine h\u00fcdraulika\u00f5li, nt HL 32 v\u00f5i HL 46<\/p>\n<p>Soovitatav \u00f5li filtreerimine:<br \/>\n\u00f5li filtreerimine tasemel 10\u201315 \u00b5<\/p>\n","protected":false},"excerpt":{"rendered":"<p>Osa tootja: Hydroleader Rakendus: Seda kasutatakse laialdaselt h\u00fcdros\u00fcsteemides ehituses, p\u00f5llumajanduses ja t\u00f6\u00f6stuses. Alusplaadid ehk ventiiliplokid on osa terviklikest CETOP h\u00fcdraulilistest<\/p>\n","protected":false},"featured_media":29645,"template":"","meta":[],"product_cat":[122],"product_tag":[532,531],"supplier_id":null,"supplier_sku":"","barcode":null,"atum_controlled":true,"out_stock_date":"2026-02-17 18:04:09","out_stock_threshold":null,"inheritable":false,"inbound_stock":0,"stock_on_hold":0,"sold_today":0,"sales_last_days":0,"reserved_stock":0,"customer_returns":0,"warehouse_damage":0,"lost_in_post":0,"other_logs":0,"out_stock_days":74,"lost_sales":0,"has_location":false,"update_date":"2026-05-03T00:20:25","atum_locations":[],"atum_stock_status":"onbackorder","restock_status":false,"low_stock_amount":"","sales_update_date":"2026-05-03T00:20:24","calc_backorders":0,"yoast_head":"<!-- This site is optimized with the Yoast SEO plugin v21.0 - https:\/\/yoast.com\/wordpress\/plugins\/seo\/ -->\n<title>CETOP plokk 6-osalise vooluregulaatoriga CETOP 3 NG6 - Flexib h\u00fcdraulika<\/title>\n<meta name=\"description\" content=\"CETOP plokk 6-osalise vooluregulaatoriga CETOP 3 NG6 - H\u00fcdraulika komponendid, h\u00fcdropumbad, h\u00fcdraulilised jagajad, h\u00fcdrosilindrid, h\u00fcdropumbad, h\u00fcdraulika \u00f5lid ja h\u00fcdromootorid. P\u00f5llumajandus h\u00fcdraulika, h\u00fcdrovoolikud ja h\u00fcdrojaamad.\" \/>\n<meta name=\"robots\" content=\"index, follow, max-snippet:-1, max-image-preview:large, max-video-preview:-1\" \/>\n<link rel=\"canonical\" href=\"https:\/\/flexib.ee\/sv\/toode\/cetop-plokk-6-osalise-vooluregulaatoriga-cetop-3-ng6\/\" \/>\n<meta property=\"og:locale\" content=\"sv_SE\" \/>\n<meta property=\"og:type\" content=\"article\" \/>\n<meta property=\"og:title\" content=\"CETOP plokk 6-osalise vooluregulaatoriga CETOP 3 NG6 - Flexib h\u00fcdraulika\" \/>\n<meta property=\"og:description\" content=\"CETOP plokk 6-osalise vooluregulaatoriga CETOP 3 NG6 - H\u00fcdraulika komponendid, h\u00fcdropumbad, h\u00fcdraulilised jagajad, h\u00fcdrosilindrid, h\u00fcdropumbad, h\u00fcdraulika \u00f5lid ja h\u00fcdromootorid. P\u00f5llumajandus h\u00fcdraulika, h\u00fcdrovoolikud ja h\u00fcdrojaamad.\" \/>\n<meta property=\"og:url\" content=\"https:\/\/flexib.ee\/sv\/toode\/cetop-plokk-6-osalise-vooluregulaatoriga-cetop-3-ng6\/\" \/>\n<meta property=\"og:site_name\" content=\"Flexib h\u00fcdraulika\" \/>\n<meta property=\"article:modified_time\" content=\"2026-02-17T15:06:30+00:00\" \/>\n<meta property=\"og:image\" content=\"https:\/\/flexib.ee\/wp-content\/uploads\/2026\/02\/cetop-klapp.png\" \/>\n\t<meta property=\"og:image:width\" content=\"800\" \/>\n\t<meta property=\"og:image:height\" content=\"800\" \/>\n\t<meta property=\"og:image:type\" content=\"image\/png\" \/>\n<meta name=\"twitter:card\" content=\"summary_large_image\" \/>\n<meta name=\"twitter:label1\" content=\"Ber\u00e4knad l\u00e4stid\" \/>\n\t<meta name=\"twitter:data1\" content=\"1 minut\" \/>\n<script type=\"application\/ld+json\" class=\"yoast-schema-graph\">{\"@context\":\"https:\/\/schema.org\",\"@graph\":[{\"@type\":\"WebPage\",\"@id\":\"https:\/\/flexib.ee\/sv\/toode\/cetop-plokk-6-osalise-vooluregulaatoriga-cetop-3-ng6\/\",\"url\":\"https:\/\/flexib.ee\/sv\/toode\/cetop-plokk-6-osalise-vooluregulaatoriga-cetop-3-ng6\/\",\"name\":\"CETOP plokk 6-osalise vooluregulaatoriga CETOP 3 NG6 - Flexib h\u00fcdraulika\",\"isPartOf\":{\"@id\":\"https:\/\/flexib.ee\/sv\/#website\"},\"datePublished\":\"2026-02-17T15:04:09+00:00\",\"dateModified\":\"2026-02-17T15:06:30+00:00\",\"description\":\"CETOP plokk 6-osalise vooluregulaatoriga CETOP 3 NG6 - H\u00fcdraulika komponendid, h\u00fcdropumbad, h\u00fcdraulilised jagajad, h\u00fcdrosilindrid, h\u00fcdropumbad, h\u00fcdraulika \u00f5lid ja h\u00fcdromootorid. P\u00f5llumajandus h\u00fcdraulika, h\u00fcdrovoolikud ja h\u00fcdrojaamad.\",\"breadcrumb\":{\"@id\":\"https:\/\/flexib.ee\/sv\/toode\/cetop-plokk-6-osalise-vooluregulaatoriga-cetop-3-ng6\/#breadcrumb\"},\"inLanguage\":\"sv-SE\",\"potentialAction\":[{\"@type\":\"ReadAction\",\"target\":[\"https:\/\/flexib.ee\/sv\/toode\/cetop-plokk-6-osalise-vooluregulaatoriga-cetop-3-ng6\/\"]}]},{\"@type\":\"BreadcrumbList\",\"@id\":\"https:\/\/flexib.ee\/sv\/toode\/cetop-plokk-6-osalise-vooluregulaatoriga-cetop-3-ng6\/#breadcrumb\",\"itemListElement\":[{\"@type\":\"ListItem\",\"position\":1,\"name\":\"Flexib\",\"item\":\"https:\/\/www.flexib.ee\/sv\/\"},{\"@type\":\"ListItem\",\"position\":2,\"name\":\"Butik\",\"item\":\"https:\/\/flexib.ee\/sv\/butik\/\"},{\"@type\":\"ListItem\",\"position\":3,\"name\":\"CETOP plokk 6-osalise vooluregulaatoriga CETOP 3 NG6\"}]},{\"@type\":\"WebSite\",\"@id\":\"https:\/\/flexib.ee\/sv\/#website\",\"url\":\"https:\/\/flexib.ee\/sv\/\",\"name\":\"Flexib h\u00fcdraulika\",\"description\":\"H\u00fcdraulika tarvikud ja komponendid.\",\"publisher\":{\"@id\":\"https:\/\/flexib.ee\/sv\/#organization\"},\"potentialAction\":[{\"@type\":\"SearchAction\",\"target\":{\"@type\":\"EntryPoint\",\"urlTemplate\":\"https:\/\/flexib.ee\/sv\/?s={search_term_string}\"},\"query-input\":\"required name=search_term_string\"}],\"inLanguage\":\"sv-SE\"},{\"@type\":\"Organization\",\"@id\":\"https:\/\/flexib.ee\/sv\/#organization\",\"name\":\"Flexib H\u00fcdraulika\",\"url\":\"https:\/\/flexib.ee\/sv\/\",\"logo\":{\"@type\":\"ImageObject\",\"inLanguage\":\"sv-SE\",\"@id\":\"https:\/\/flexib.ee\/sv\/#\/schema\/logo\/image\/\",\"url\":\"https:\/\/flexib.ee\/wp-content\/uploads\/2020\/08\/FLEXIB-2.png\",\"contentUrl\":\"https:\/\/flexib.ee\/wp-content\/uploads\/2020\/08\/FLEXIB-2.png\",\"width\":500,\"height\":500,\"caption\":\"Flexib H\u00fcdraulika\"},\"image\":{\"@id\":\"https:\/\/flexib.ee\/sv\/#\/schema\/logo\/image\/\"}}]}<\/script>\n<!-- \/ Yoast SEO plugin. -->","yoast_head_json":{"title":"CETOP plokk 6-osalise vooluregulaatoriga CETOP 3 NG6 - Flexib h\u00fcdraulika","description":"CETOP plokk 6-osalise vooluregulaatoriga CETOP 3 NG6 - H\u00fcdraulika komponendid, h\u00fcdropumbad, h\u00fcdraulilised jagajad, h\u00fcdrosilindrid, h\u00fcdropumbad, h\u00fcdraulika \u00f5lid ja h\u00fcdromootorid. P\u00f5llumajandus h\u00fcdraulika, h\u00fcdrovoolikud ja h\u00fcdrojaamad.","robots":{"index":"index","follow":"follow","max-snippet":"max-snippet:-1","max-image-preview":"max-image-preview:large","max-video-preview":"max-video-preview:-1"},"canonical":"https:\/\/flexib.ee\/sv\/toode\/cetop-plokk-6-osalise-vooluregulaatoriga-cetop-3-ng6\/","og_locale":"sv_SE","og_type":"article","og_title":"CETOP plokk 6-osalise vooluregulaatoriga CETOP 3 NG6 - Flexib h\u00fcdraulika","og_description":"CETOP plokk 6-osalise vooluregulaatoriga CETOP 3 NG6 - H\u00fcdraulika komponendid, h\u00fcdropumbad, h\u00fcdraulilised jagajad, h\u00fcdrosilindrid, h\u00fcdropumbad, h\u00fcdraulika \u00f5lid ja h\u00fcdromootorid. P\u00f5llumajandus h\u00fcdraulika, h\u00fcdrovoolikud ja h\u00fcdrojaamad.","og_url":"https:\/\/flexib.ee\/sv\/toode\/cetop-plokk-6-osalise-vooluregulaatoriga-cetop-3-ng6\/","og_site_name":"Flexib h\u00fcdraulika","article_modified_time":"2026-02-17T15:06:30+00:00","og_image":[{"width":800,"height":800,"url":"https:\/\/flexib.ee\/wp-content\/uploads\/2026\/02\/cetop-klapp.png","type":"image\/png"}],"twitter_card":"summary_large_image","twitter_misc":{"Ber\u00e4knad l\u00e4stid":"1 minut"},"schema":{"@context":"https:\/\/schema.org","@graph":[{"@type":"WebPage","@id":"https:\/\/flexib.ee\/sv\/toode\/cetop-plokk-6-osalise-vooluregulaatoriga-cetop-3-ng6\/","url":"https:\/\/flexib.ee\/sv\/toode\/cetop-plokk-6-osalise-vooluregulaatoriga-cetop-3-ng6\/","name":"CETOP plokk 6-osalise vooluregulaatoriga CETOP 3 NG6 - Flexib h\u00fcdraulika","isPartOf":{"@id":"https:\/\/flexib.ee\/sv\/#website"},"datePublished":"2026-02-17T15:04:09+00:00","dateModified":"2026-02-17T15:06:30+00:00","description":"CETOP plokk 6-osalise vooluregulaatoriga CETOP 3 NG6 - H\u00fcdraulika komponendid, h\u00fcdropumbad, h\u00fcdraulilised jagajad, h\u00fcdrosilindrid, h\u00fcdropumbad, h\u00fcdraulika \u00f5lid ja h\u00fcdromootorid. P\u00f5llumajandus h\u00fcdraulika, h\u00fcdrovoolikud ja h\u00fcdrojaamad.","breadcrumb":{"@id":"https:\/\/flexib.ee\/sv\/toode\/cetop-plokk-6-osalise-vooluregulaatoriga-cetop-3-ng6\/#breadcrumb"},"inLanguage":"sv-SE","potentialAction":[{"@type":"ReadAction","target":["https:\/\/flexib.ee\/sv\/toode\/cetop-plokk-6-osalise-vooluregulaatoriga-cetop-3-ng6\/"]}]},{"@type":"BreadcrumbList","@id":"https:\/\/flexib.ee\/sv\/toode\/cetop-plokk-6-osalise-vooluregulaatoriga-cetop-3-ng6\/#breadcrumb","itemListElement":[{"@type":"ListItem","position":1,"name":"Flexib","item":"https:\/\/www.flexib.ee\/sv\/"},{"@type":"ListItem","position":2,"name":"Butik","item":"https:\/\/flexib.ee\/sv\/butik\/"},{"@type":"ListItem","position":3,"name":"CETOP plokk 6-osalise vooluregulaatoriga CETOP 3 NG6"}]},{"@type":"WebSite","@id":"https:\/\/flexib.ee\/sv\/#website","url":"https:\/\/flexib.ee\/sv\/","name":"Flexib h\u00fcdraulika","description":"H\u00fcdraulika tarvikud ja komponendid.","publisher":{"@id":"https:\/\/flexib.ee\/sv\/#organization"},"potentialAction":[{"@type":"SearchAction","target":{"@type":"EntryPoint","urlTemplate":"https:\/\/flexib.ee\/sv\/?s={search_term_string}"},"query-input":"required name=search_term_string"}],"inLanguage":"sv-SE"},{"@type":"Organization","@id":"https:\/\/flexib.ee\/sv\/#organization","name":"Flexib H\u00fcdraulika","url":"https:\/\/flexib.ee\/sv\/","logo":{"@type":"ImageObject","inLanguage":"sv-SE","@id":"https:\/\/flexib.ee\/sv\/#\/schema\/logo\/image\/","url":"https:\/\/flexib.ee\/wp-content\/uploads\/2020\/08\/FLEXIB-2.png","contentUrl":"https:\/\/flexib.ee\/wp-content\/uploads\/2020\/08\/FLEXIB-2.png","width":500,"height":500,"caption":"Flexib H\u00fcdraulika"},"image":{"@id":"https:\/\/flexib.ee\/sv\/#\/schema\/logo\/image\/"}}]}},"_links":{"self":[{"href":"https:\/\/flexib.ee\/sv\/wp-json\/wp\/v2\/product\/29644"}],"collection":[{"href":"https:\/\/flexib.ee\/sv\/wp-json\/wp\/v2\/product"}],"about":[{"href":"https:\/\/flexib.ee\/sv\/wp-json\/wp\/v2\/types\/product"}],"wp:featuredmedia":[{"embeddable":true,"href":"https:\/\/flexib.ee\/sv\/wp-json\/wp\/v2\/media\/29645"}],"wp:attachment":[{"href":"https:\/\/flexib.ee\/sv\/wp-json\/wp\/v2\/media?parent=29644"}],"wp:term":[{"taxonomy":"product_cat","embeddable":true,"href":"https:\/\/flexib.ee\/sv\/wp-json\/wp\/v2\/product_cat?post=29644"},{"taxonomy":"product_tag","embeddable":true,"href":"https:\/\/flexib.ee\/sv\/wp-json\/wp\/v2\/product_tag?post=29644"}],"curies":[{"name":"wp","href":"https:\/\/api.w.org\/{rel}","templated":true}]}}