{"id":29585,"date":"2026-01-19T16:34:55","date_gmt":"2026-01-19T13:34:55","guid":{"rendered":"https:\/\/flexib.ee\/?post_type=product&#038;p=29585"},"modified":"2026-01-19T16:44:11","modified_gmt":"2026-01-19T13:44:11","slug":"mtz-esilaadur-tytan-mt-02","status":"publish","type":"product","link":"https:\/\/flexib.ee\/sv\/toode\/mtz-esilaadur-tytan-mt-02\/","title":{"rendered":"MTZ Esilaadur Tytan MT 02"},"content":{"rendered":"<p>Tytan MT 02 MTZ\/Belarus traktoritele, lisainfo: info@flexib.ee<\/p>\n<p>Esilaadur, poltidega kronsteinid, h\u00fcdrojagaja, juhtkang, Bowdeni trossid 3tk, h\u00fcdrovoolikud, paralleel, automaatselt lukustuv euroraam, hinnad alates 3795+km<\/p>\n<p>Tehnilised andmed<br \/>\nMasina t\u00fc\u00fcp: ripp-t\u00fc\u00fcpi<br \/>\nTraktori kinnitus: tugikonstruktsioon<br \/>\nT\u00f5stek\u00f5rgus: 3570 mm<br \/>\nLaaduri kaal (ainult poom): 562 kg<br \/>\nHinnanguline t\u00f5stev\u00f5ime: 1600 kg<br \/>\nKaevamiss\u00fcgavus: 230 mm<br \/>\nKaevamisnurk: 30 kraadi<br \/>\nT\u00fchjendusnurk: 62 kraadi<br \/>\nT\u00f6\u00f6k\u00f5rguse reguleerimine: h\u00fcdrauliline<br \/>\nTasandusviga: max 3 kraadi<br \/>\nAsendiviga: kopa puhul: max 10 kraadi<br \/>\nT\u00f6\u00f6r\u00f5hk kuni 190 baari<br \/>\nTraktori v\u00f5imsus: 60\u2013120 hj<\/p>\n<p><img decoding=\"async\" loading=\"lazy\" class=\"alignnone size-full wp-image-29586\" src=\"https:\/\/flexib.ee\/wp-content\/uploads\/2026\/01\/MTZ-laadur.png\" alt=\"\" width=\"1450\" height=\"1322\" srcset=\"https:\/\/flexib.ee\/wp-content\/uploads\/2026\/01\/MTZ-laadur.png 1450w, https:\/\/flexib.ee\/wp-content\/uploads\/2026\/01\/MTZ-laadur-300x274.png 300w, https:\/\/flexib.ee\/wp-content\/uploads\/2026\/01\/MTZ-laadur-1024x934.png 1024w, https:\/\/flexib.ee\/wp-content\/uploads\/2026\/01\/MTZ-laadur-768x700.png 768w, https:\/\/flexib.ee\/wp-content\/uploads\/2026\/01\/MTZ-laadur-1200x1094.png 1200w, https:\/\/flexib.ee\/wp-content\/uploads\/2026\/01\/MTZ-laadur-150x137.png 150w\" sizes=\"(max-width: 1450px) 100vw, 1450px\" \/><\/p>\n<p>Tytan MT 02 esilaaduri varuosade kataloog<\/p>\n<p><img decoding=\"async\" loading=\"lazy\" class=\"alignnone wp-image-29570 \" src=\"https:\/\/flexib.ee\/wp-content\/uploads\/2026\/01\/Screenshot-2026-01-14-at-13.04.57-1024x915.png\" alt=\"\" width=\"879\" height=\"785\" srcset=\"https:\/\/flexib.ee\/wp-content\/uploads\/2026\/01\/Screenshot-2026-01-14-at-13.04.57-1024x915.png 1024w, https:\/\/flexib.ee\/wp-content\/uploads\/2026\/01\/Screenshot-2026-01-14-at-13.04.57-300x268.png 300w, https:\/\/flexib.ee\/wp-content\/uploads\/2026\/01\/Screenshot-2026-01-14-at-13.04.57-768x687.png 768w, https:\/\/flexib.ee\/wp-content\/uploads\/2026\/01\/Screenshot-2026-01-14-at-13.04.57-1536x1373.png 1536w, https:\/\/flexib.ee\/wp-content\/uploads\/2026\/01\/Screenshot-2026-01-14-at-13.04.57-1200x1073.png 1200w, https:\/\/flexib.ee\/wp-content\/uploads\/2026\/01\/Screenshot-2026-01-14-at-13.04.57-150x134.png 150w, https:\/\/flexib.ee\/wp-content\/uploads\/2026\/01\/Screenshot-2026-01-14-at-13.04.57.png 1584w\" sizes=\"(max-width: 879px) 100vw, 879px\" \/><\/p>\n","protected":false},"excerpt":{"rendered":"<p>Tytan MT 02 MTZ\/Belarus traktoritele, lisainfo: info@flexib.ee Esilaadur, poltidega kronsteinid, h\u00fcdrojagaja, juhtkang, Bowdeni trossid 3tk, h\u00fcdrovoolikud, paralleel, automaatselt lukustuv euroraam,<\/p>\n","protected":false},"featured_media":29567,"template":"","meta":[],"product_cat":[1724],"product_tag":[],"supplier_id":null,"supplier_sku":"","barcode":null,"atum_controlled":true,"out_stock_date":null,"out_stock_threshold":null,"inheritable":false,"inbound_stock":0,"stock_on_hold":0,"sold_today":0,"sales_last_days":0,"reserved_stock":0,"customer_returns":0,"warehouse_damage":0,"lost_in_post":0,"other_logs":0,"out_stock_days":0,"lost_sales":0,"has_location":false,"update_date":"2026-04-09T00:09:49","atum_locations":[],"atum_stock_status":"instock","restock_status":false,"low_stock_amount":"","sales_update_date":"2026-04-09T00:09:49","calc_backorders":null,"yoast_head":"<!-- This site is optimized with the Yoast SEO plugin v21.0 - https:\/\/yoast.com\/wordpress\/plugins\/seo\/ -->\n<title>MTZ Esilaadur Tytan MT 02 - Flexib h\u00fcdraulika<\/title>\n<meta name=\"description\" content=\"MTZ Esilaadur Tytan MT 02 - H\u00fcdraulika komponendid, h\u00fcdropumbad, h\u00fcdraulilised jagajad, h\u00fcdrosilindrid, h\u00fcdropumbad, h\u00fcdraulika \u00f5lid ja h\u00fcdromootorid. P\u00f5llumajandus h\u00fcdraulika, h\u00fcdrovoolikud ja h\u00fcdrojaamad.\" \/>\n<meta name=\"robots\" content=\"index, follow, max-snippet:-1, max-image-preview:large, max-video-preview:-1\" \/>\n<link rel=\"canonical\" href=\"https:\/\/flexib.ee\/sv\/toode\/mtz-esilaadur-tytan-mt-02\/\" \/>\n<meta property=\"og:locale\" content=\"sv_SE\" \/>\n<meta property=\"og:type\" content=\"article\" \/>\n<meta property=\"og:title\" content=\"MTZ Esilaadur Tytan MT 02 - Flexib h\u00fcdraulika\" \/>\n<meta property=\"og:description\" content=\"MTZ Esilaadur Tytan MT 02 - H\u00fcdraulika komponendid, h\u00fcdropumbad, h\u00fcdraulilised jagajad, h\u00fcdrosilindrid, h\u00fcdropumbad, h\u00fcdraulika \u00f5lid ja h\u00fcdromootorid. P\u00f5llumajandus h\u00fcdraulika, h\u00fcdrovoolikud ja h\u00fcdrojaamad.\" \/>\n<meta property=\"og:url\" content=\"https:\/\/flexib.ee\/sv\/toode\/mtz-esilaadur-tytan-mt-02\/\" \/>\n<meta property=\"og:site_name\" content=\"Flexib h\u00fcdraulika\" \/>\n<meta property=\"article:modified_time\" content=\"2026-01-19T13:44:11+00:00\" \/>\n<meta property=\"og:image\" content=\"https:\/\/flexib.ee\/wp-content\/uploads\/2026\/01\/Esilaadur-mtz.jpg\" \/>\n\t<meta property=\"og:image:width\" content=\"1920\" \/>\n\t<meta property=\"og:image:height\" content=\"1374\" \/>\n\t<meta property=\"og:image:type\" content=\"image\/jpeg\" \/>\n<meta name=\"twitter:card\" content=\"summary_large_image\" \/>\n<meta name=\"twitter:label1\" content=\"Ber\u00e4knad l\u00e4stid\" \/>\n\t<meta name=\"twitter:data1\" content=\"1 minut\" \/>\n<script type=\"application\/ld+json\" class=\"yoast-schema-graph\">{\"@context\":\"https:\/\/schema.org\",\"@graph\":[{\"@type\":\"WebPage\",\"@id\":\"https:\/\/flexib.ee\/sv\/toode\/mtz-esilaadur-tytan-mt-02\/\",\"url\":\"https:\/\/flexib.ee\/sv\/toode\/mtz-esilaadur-tytan-mt-02\/\",\"name\":\"MTZ Esilaadur Tytan MT 02 - Flexib h\u00fcdraulika\",\"isPartOf\":{\"@id\":\"https:\/\/flexib.ee\/sv\/#website\"},\"datePublished\":\"2026-01-19T13:34:55+00:00\",\"dateModified\":\"2026-01-19T13:44:11+00:00\",\"description\":\"MTZ Esilaadur Tytan MT 02 - H\u00fcdraulika komponendid, h\u00fcdropumbad, h\u00fcdraulilised jagajad, h\u00fcdrosilindrid, h\u00fcdropumbad, h\u00fcdraulika \u00f5lid ja h\u00fcdromootorid. P\u00f5llumajandus h\u00fcdraulika, h\u00fcdrovoolikud ja h\u00fcdrojaamad.\",\"breadcrumb\":{\"@id\":\"https:\/\/flexib.ee\/sv\/toode\/mtz-esilaadur-tytan-mt-02\/#breadcrumb\"},\"inLanguage\":\"sv-SE\",\"potentialAction\":[{\"@type\":\"ReadAction\",\"target\":[\"https:\/\/flexib.ee\/sv\/toode\/mtz-esilaadur-tytan-mt-02\/\"]}]},{\"@type\":\"BreadcrumbList\",\"@id\":\"https:\/\/flexib.ee\/sv\/toode\/mtz-esilaadur-tytan-mt-02\/#breadcrumb\",\"itemListElement\":[{\"@type\":\"ListItem\",\"position\":1,\"name\":\"Flexib\",\"item\":\"https:\/\/flexib.ee\/sv\/\"},{\"@type\":\"ListItem\",\"position\":2,\"name\":\"Butik\",\"item\":\"https:\/\/flexib.ee\/sv\/butik\/\"},{\"@type\":\"ListItem\",\"position\":3,\"name\":\"MTZ Esilaadur Tytan MT 02\"}]},{\"@type\":\"WebSite\",\"@id\":\"https:\/\/flexib.ee\/sv\/#website\",\"url\":\"https:\/\/flexib.ee\/sv\/\",\"name\":\"Flexib h\u00fcdraulika\",\"description\":\"H\u00fcdraulika tarvikud ja komponendid.\",\"publisher\":{\"@id\":\"https:\/\/flexib.ee\/sv\/#organization\"},\"potentialAction\":[{\"@type\":\"SearchAction\",\"target\":{\"@type\":\"EntryPoint\",\"urlTemplate\":\"https:\/\/flexib.ee\/sv\/?s={search_term_string}\"},\"query-input\":\"required name=search_term_string\"}],\"inLanguage\":\"sv-SE\"},{\"@type\":\"Organization\",\"@id\":\"https:\/\/flexib.ee\/sv\/#organization\",\"name\":\"Flexib H\u00fcdraulika\",\"url\":\"https:\/\/flexib.ee\/sv\/\",\"logo\":{\"@type\":\"ImageObject\",\"inLanguage\":\"sv-SE\",\"@id\":\"https:\/\/flexib.ee\/sv\/#\/schema\/logo\/image\/\",\"url\":\"https:\/\/flexib.ee\/wp-content\/uploads\/2020\/08\/FLEXIB-2.png\",\"contentUrl\":\"https:\/\/flexib.ee\/wp-content\/uploads\/2020\/08\/FLEXIB-2.png\",\"width\":500,\"height\":500,\"caption\":\"Flexib H\u00fcdraulika\"},\"image\":{\"@id\":\"https:\/\/flexib.ee\/sv\/#\/schema\/logo\/image\/\"}}]}<\/script>\n<!-- \/ Yoast SEO plugin. -->","yoast_head_json":{"title":"MTZ Esilaadur Tytan MT 02 - Flexib h\u00fcdraulika","description":"MTZ Esilaadur Tytan MT 02 - H\u00fcdraulika komponendid, h\u00fcdropumbad, h\u00fcdraulilised jagajad, h\u00fcdrosilindrid, h\u00fcdropumbad, h\u00fcdraulika \u00f5lid ja h\u00fcdromootorid. P\u00f5llumajandus h\u00fcdraulika, h\u00fcdrovoolikud ja h\u00fcdrojaamad.","robots":{"index":"index","follow":"follow","max-snippet":"max-snippet:-1","max-image-preview":"max-image-preview:large","max-video-preview":"max-video-preview:-1"},"canonical":"https:\/\/flexib.ee\/sv\/toode\/mtz-esilaadur-tytan-mt-02\/","og_locale":"sv_SE","og_type":"article","og_title":"MTZ Esilaadur Tytan MT 02 - Flexib h\u00fcdraulika","og_description":"MTZ Esilaadur Tytan MT 02 - H\u00fcdraulika komponendid, h\u00fcdropumbad, h\u00fcdraulilised jagajad, h\u00fcdrosilindrid, h\u00fcdropumbad, h\u00fcdraulika \u00f5lid ja h\u00fcdromootorid. P\u00f5llumajandus h\u00fcdraulika, h\u00fcdrovoolikud ja h\u00fcdrojaamad.","og_url":"https:\/\/flexib.ee\/sv\/toode\/mtz-esilaadur-tytan-mt-02\/","og_site_name":"Flexib h\u00fcdraulika","article_modified_time":"2026-01-19T13:44:11+00:00","og_image":[{"width":1920,"height":1374,"url":"https:\/\/flexib.ee\/wp-content\/uploads\/2026\/01\/Esilaadur-mtz.jpg","type":"image\/jpeg"}],"twitter_card":"summary_large_image","twitter_misc":{"Ber\u00e4knad l\u00e4stid":"1 minut"},"schema":{"@context":"https:\/\/schema.org","@graph":[{"@type":"WebPage","@id":"https:\/\/flexib.ee\/sv\/toode\/mtz-esilaadur-tytan-mt-02\/","url":"https:\/\/flexib.ee\/sv\/toode\/mtz-esilaadur-tytan-mt-02\/","name":"MTZ Esilaadur Tytan MT 02 - Flexib h\u00fcdraulika","isPartOf":{"@id":"https:\/\/flexib.ee\/sv\/#website"},"datePublished":"2026-01-19T13:34:55+00:00","dateModified":"2026-01-19T13:44:11+00:00","description":"MTZ Esilaadur Tytan MT 02 - H\u00fcdraulika komponendid, h\u00fcdropumbad, h\u00fcdraulilised jagajad, h\u00fcdrosilindrid, h\u00fcdropumbad, h\u00fcdraulika \u00f5lid ja h\u00fcdromootorid. P\u00f5llumajandus h\u00fcdraulika, h\u00fcdrovoolikud ja h\u00fcdrojaamad.","breadcrumb":{"@id":"https:\/\/flexib.ee\/sv\/toode\/mtz-esilaadur-tytan-mt-02\/#breadcrumb"},"inLanguage":"sv-SE","potentialAction":[{"@type":"ReadAction","target":["https:\/\/flexib.ee\/sv\/toode\/mtz-esilaadur-tytan-mt-02\/"]}]},{"@type":"BreadcrumbList","@id":"https:\/\/flexib.ee\/sv\/toode\/mtz-esilaadur-tytan-mt-02\/#breadcrumb","itemListElement":[{"@type":"ListItem","position":1,"name":"Flexib","item":"https:\/\/flexib.ee\/sv\/"},{"@type":"ListItem","position":2,"name":"Butik","item":"https:\/\/flexib.ee\/sv\/butik\/"},{"@type":"ListItem","position":3,"name":"MTZ Esilaadur Tytan MT 02"}]},{"@type":"WebSite","@id":"https:\/\/flexib.ee\/sv\/#website","url":"https:\/\/flexib.ee\/sv\/","name":"Flexib h\u00fcdraulika","description":"H\u00fcdraulika tarvikud ja komponendid.","publisher":{"@id":"https:\/\/flexib.ee\/sv\/#organization"},"potentialAction":[{"@type":"SearchAction","target":{"@type":"EntryPoint","urlTemplate":"https:\/\/flexib.ee\/sv\/?s={search_term_string}"},"query-input":"required name=search_term_string"}],"inLanguage":"sv-SE"},{"@type":"Organization","@id":"https:\/\/flexib.ee\/sv\/#organization","name":"Flexib H\u00fcdraulika","url":"https:\/\/flexib.ee\/sv\/","logo":{"@type":"ImageObject","inLanguage":"sv-SE","@id":"https:\/\/flexib.ee\/sv\/#\/schema\/logo\/image\/","url":"https:\/\/flexib.ee\/wp-content\/uploads\/2020\/08\/FLEXIB-2.png","contentUrl":"https:\/\/flexib.ee\/wp-content\/uploads\/2020\/08\/FLEXIB-2.png","width":500,"height":500,"caption":"Flexib H\u00fcdraulika"},"image":{"@id":"https:\/\/flexib.ee\/sv\/#\/schema\/logo\/image\/"}}]}},"_links":{"self":[{"href":"https:\/\/flexib.ee\/sv\/wp-json\/wp\/v2\/product\/29585"}],"collection":[{"href":"https:\/\/flexib.ee\/sv\/wp-json\/wp\/v2\/product"}],"about":[{"href":"https:\/\/flexib.ee\/sv\/wp-json\/wp\/v2\/types\/product"}],"wp:featuredmedia":[{"embeddable":true,"href":"https:\/\/flexib.ee\/sv\/wp-json\/wp\/v2\/media\/29567"}],"wp:attachment":[{"href":"https:\/\/flexib.ee\/sv\/wp-json\/wp\/v2\/media?parent=29585"}],"wp:term":[{"taxonomy":"product_cat","embeddable":true,"href":"https:\/\/flexib.ee\/sv\/wp-json\/wp\/v2\/product_cat?post=29585"},{"taxonomy":"product_tag","embeddable":true,"href":"https:\/\/flexib.ee\/sv\/wp-json\/wp\/v2\/product_tag?post=29585"}],"curies":[{"name":"wp","href":"https:\/\/api.w.org\/{rel}","templated":true}]}}