{"id":29389,"date":"2026-01-14T13:53:11","date_gmt":"2026-01-14T10:53:11","guid":{"rendered":"https:\/\/flexib.ee\/toode\/mahukopp-max-esilaadurile-0-8-1-1-m%c2%b3\/"},"modified":"2026-01-14T13:53:11","modified_gmt":"2026-01-14T10:53:11","slug":"mahukopp-max-esilaadurile-0-8-1-1-m%c2%b3","status":"publish","type":"product","link":"https:\/\/flexib.ee\/sv\/toode\/mahukopp-max-esilaadurile-0-8-1-1-m%c2%b3\/","title":{"rendered":"Mahukopp MAX esilaadurile 0.8- 1.1 m\u00b3"},"content":{"rendered":"<p>MAX-kopp<br \/>\nMeie esilaaduri lisaseadmete hulgas mahult suurim kopp. Seda kasutatakse lahtiste ja mahukate materjalide laadimiseks ja mahalaadimiseks. Selle vastupidav konstruktsioon tagab pikaajalise ja ohutu t\u00f6\u00f6. Samuti on sellel tugevdused, mis muudavad kopa painde- ja m\u00f5lkimiskindlaks. Saadaval mitmes t\u00f6\u00f6laiuses, Hardox-teraga.<br \/>\nTehnilised andmed<br \/>\nLaius [mm] Kogu-\/kasulik k\u00f5rgus [mm] Kaal [kg] Maht [m3]<br \/>\n1800 825 247 0,8<br \/>\n2000 271 0,9<br \/>\n2200 290 1,0<br \/>\n2400 317 1,1<\/p>\n","protected":false},"excerpt":{"rendered":"<p>MAX-kopp Meie esilaaduri lisaseadmete hulgas mahult suurim kopp. Seda kasutatakse lahtiste ja mahukate materjalide laadimiseks ja mahalaadimiseks. Selle vastupidav konstruktsioon<\/p>\n","protected":false},"featured_media":29386,"template":"","meta":[],"product_cat":[1725],"product_tag":[],"supplier_id":null,"supplier_sku":"","barcode":null,"atum_controlled":true,"out_stock_date":null,"out_stock_threshold":null,"inheritable":false,"inbound_stock":null,"stock_on_hold":0,"sold_today":0,"sales_last_days":0,"reserved_stock":null,"customer_returns":null,"warehouse_damage":null,"lost_in_post":null,"other_logs":null,"out_stock_days":0,"lost_sales":0,"has_location":null,"update_date":"2026-04-09T00:09:42","atum_locations":[],"atum_stock_status":"instock","restock_status":false,"low_stock_amount":"","sales_update_date":"2026-04-09T00:09:42","calc_backorders":null,"yoast_head":"<!-- This site is optimized with the Yoast SEO plugin v21.0 - https:\/\/yoast.com\/wordpress\/plugins\/seo\/ -->\n<title>Mahukopp MAX esilaadurile 0.8- 1.1 m\u00b3 - Flexib h\u00fcdraulika<\/title>\n<meta name=\"description\" content=\"Mahukopp MAX esilaadurile 0.8- 1.1 m\u00b3 - H\u00fcdraulika komponendid, h\u00fcdropumbad, h\u00fcdraulilised jagajad, h\u00fcdrosilindrid, h\u00fcdropumbad, h\u00fcdraulika \u00f5lid ja h\u00fcdromootorid. P\u00f5llumajandus h\u00fcdraulika, h\u00fcdrovoolikud ja h\u00fcdrojaamad.\" \/>\n<meta name=\"robots\" content=\"index, follow, max-snippet:-1, max-image-preview:large, max-video-preview:-1\" \/>\n<link rel=\"canonical\" href=\"https:\/\/flexib.ee\/sv\/toode\/mahukopp-max-esilaadurile-0-8-1-1-m%c2%b3\/\" \/>\n<meta property=\"og:locale\" content=\"sv_SE\" \/>\n<meta property=\"og:type\" content=\"article\" \/>\n<meta property=\"og:title\" content=\"Mahukopp MAX esilaadurile 0.8- 1.1 m\u00b3 - Flexib h\u00fcdraulika\" \/>\n<meta property=\"og:description\" content=\"Mahukopp MAX esilaadurile 0.8- 1.1 m\u00b3 - H\u00fcdraulika komponendid, h\u00fcdropumbad, h\u00fcdraulilised jagajad, h\u00fcdrosilindrid, h\u00fcdropumbad, h\u00fcdraulika \u00f5lid ja h\u00fcdromootorid. P\u00f5llumajandus h\u00fcdraulika, h\u00fcdrovoolikud ja h\u00fcdrojaamad.\" \/>\n<meta property=\"og:url\" content=\"https:\/\/flexib.ee\/sv\/toode\/mahukopp-max-esilaadurile-0-8-1-1-m%c2%b3\/\" \/>\n<meta property=\"og:site_name\" content=\"Flexib h\u00fcdraulika\" \/>\n<meta property=\"og:image\" content=\"https:\/\/www.flexib.ee\/wp-content\/uploads\/2026\/01\/lycha-max.png\" \/>\n\t<meta property=\"og:image:width\" content=\"700\" \/>\n\t<meta property=\"og:image:height\" content=\"492\" \/>\n\t<meta property=\"og:image:type\" content=\"image\/png\" \/>\n<meta name=\"twitter:card\" content=\"summary_large_image\" \/>\n<script type=\"application\/ld+json\" class=\"yoast-schema-graph\">{\"@context\":\"https:\/\/schema.org\",\"@graph\":[{\"@type\":\"WebPage\",\"@id\":\"https:\/\/flexib.ee\/sv\/toode\/mahukopp-max-esilaadurile-0-8-1-1-m%c2%b3\/\",\"url\":\"https:\/\/flexib.ee\/sv\/toode\/mahukopp-max-esilaadurile-0-8-1-1-m%c2%b3\/\",\"name\":\"Mahukopp MAX esilaadurile 0.8- 1.1 m\u00b3 - Flexib h\u00fcdraulika\",\"isPartOf\":{\"@id\":\"https:\/\/flexib.ee\/sv\/#website\"},\"datePublished\":\"2026-01-14T10:53:11+00:00\",\"dateModified\":\"2026-01-14T10:53:11+00:00\",\"description\":\"Mahukopp MAX esilaadurile 0.8- 1.1 m\u00b3 - H\u00fcdraulika komponendid, h\u00fcdropumbad, h\u00fcdraulilised jagajad, h\u00fcdrosilindrid, h\u00fcdropumbad, h\u00fcdraulika \u00f5lid ja h\u00fcdromootorid. P\u00f5llumajandus h\u00fcdraulika, h\u00fcdrovoolikud ja h\u00fcdrojaamad.\",\"breadcrumb\":{\"@id\":\"https:\/\/flexib.ee\/sv\/toode\/mahukopp-max-esilaadurile-0-8-1-1-m%c2%b3\/#breadcrumb\"},\"inLanguage\":\"sv-SE\",\"potentialAction\":[{\"@type\":\"ReadAction\",\"target\":[\"https:\/\/flexib.ee\/sv\/toode\/mahukopp-max-esilaadurile-0-8-1-1-m%c2%b3\/\"]}]},{\"@type\":\"BreadcrumbList\",\"@id\":\"https:\/\/flexib.ee\/sv\/toode\/mahukopp-max-esilaadurile-0-8-1-1-m%c2%b3\/#breadcrumb\",\"itemListElement\":[{\"@type\":\"ListItem\",\"position\":1,\"name\":\"Flexib\",\"item\":\"https:\/\/flexib.ee\/sv\/\"},{\"@type\":\"ListItem\",\"position\":2,\"name\":\"Butik\",\"item\":\"https:\/\/flexib.ee\/sv\/butik\/\"},{\"@type\":\"ListItem\",\"position\":3,\"name\":\"Mahukopp MAX esilaadurile 0.8- 1.1 m\u00b3\"}]},{\"@type\":\"WebSite\",\"@id\":\"https:\/\/flexib.ee\/sv\/#website\",\"url\":\"https:\/\/flexib.ee\/sv\/\",\"name\":\"Flexib h\u00fcdraulika\",\"description\":\"H\u00fcdraulika tarvikud ja komponendid.\",\"publisher\":{\"@id\":\"https:\/\/flexib.ee\/sv\/#organization\"},\"potentialAction\":[{\"@type\":\"SearchAction\",\"target\":{\"@type\":\"EntryPoint\",\"urlTemplate\":\"https:\/\/flexib.ee\/sv\/?s={search_term_string}\"},\"query-input\":\"required name=search_term_string\"}],\"inLanguage\":\"sv-SE\"},{\"@type\":\"Organization\",\"@id\":\"https:\/\/flexib.ee\/sv\/#organization\",\"name\":\"Flexib H\u00fcdraulika\",\"url\":\"https:\/\/flexib.ee\/sv\/\",\"logo\":{\"@type\":\"ImageObject\",\"inLanguage\":\"sv-SE\",\"@id\":\"https:\/\/flexib.ee\/sv\/#\/schema\/logo\/image\/\",\"url\":\"https:\/\/flexib.ee\/wp-content\/uploads\/2020\/08\/FLEXIB-2.png\",\"contentUrl\":\"https:\/\/flexib.ee\/wp-content\/uploads\/2020\/08\/FLEXIB-2.png\",\"width\":500,\"height\":500,\"caption\":\"Flexib H\u00fcdraulika\"},\"image\":{\"@id\":\"https:\/\/flexib.ee\/sv\/#\/schema\/logo\/image\/\"}}]}<\/script>\n<!-- \/ Yoast SEO plugin. -->","yoast_head_json":{"title":"Mahukopp MAX esilaadurile 0.8- 1.1 m\u00b3 - Flexib h\u00fcdraulika","description":"Mahukopp MAX esilaadurile 0.8- 1.1 m\u00b3 - H\u00fcdraulika komponendid, h\u00fcdropumbad, h\u00fcdraulilised jagajad, h\u00fcdrosilindrid, h\u00fcdropumbad, h\u00fcdraulika \u00f5lid ja h\u00fcdromootorid. P\u00f5llumajandus h\u00fcdraulika, h\u00fcdrovoolikud ja h\u00fcdrojaamad.","robots":{"index":"index","follow":"follow","max-snippet":"max-snippet:-1","max-image-preview":"max-image-preview:large","max-video-preview":"max-video-preview:-1"},"canonical":"https:\/\/flexib.ee\/sv\/toode\/mahukopp-max-esilaadurile-0-8-1-1-m%c2%b3\/","og_locale":"sv_SE","og_type":"article","og_title":"Mahukopp MAX esilaadurile 0.8- 1.1 m\u00b3 - Flexib h\u00fcdraulika","og_description":"Mahukopp MAX esilaadurile 0.8- 1.1 m\u00b3 - H\u00fcdraulika komponendid, h\u00fcdropumbad, h\u00fcdraulilised jagajad, h\u00fcdrosilindrid, h\u00fcdropumbad, h\u00fcdraulika \u00f5lid ja h\u00fcdromootorid. P\u00f5llumajandus h\u00fcdraulika, h\u00fcdrovoolikud ja h\u00fcdrojaamad.","og_url":"https:\/\/flexib.ee\/sv\/toode\/mahukopp-max-esilaadurile-0-8-1-1-m%c2%b3\/","og_site_name":"Flexib h\u00fcdraulika","og_image":[{"width":700,"height":492,"url":"https:\/\/www.flexib.ee\/wp-content\/uploads\/2026\/01\/lycha-max.png","type":"image\/png"}],"twitter_card":"summary_large_image","schema":{"@context":"https:\/\/schema.org","@graph":[{"@type":"WebPage","@id":"https:\/\/flexib.ee\/sv\/toode\/mahukopp-max-esilaadurile-0-8-1-1-m%c2%b3\/","url":"https:\/\/flexib.ee\/sv\/toode\/mahukopp-max-esilaadurile-0-8-1-1-m%c2%b3\/","name":"Mahukopp MAX esilaadurile 0.8- 1.1 m\u00b3 - Flexib h\u00fcdraulika","isPartOf":{"@id":"https:\/\/flexib.ee\/sv\/#website"},"datePublished":"2026-01-14T10:53:11+00:00","dateModified":"2026-01-14T10:53:11+00:00","description":"Mahukopp MAX esilaadurile 0.8- 1.1 m\u00b3 - H\u00fcdraulika komponendid, h\u00fcdropumbad, h\u00fcdraulilised jagajad, h\u00fcdrosilindrid, h\u00fcdropumbad, h\u00fcdraulika \u00f5lid ja h\u00fcdromootorid. P\u00f5llumajandus h\u00fcdraulika, h\u00fcdrovoolikud ja h\u00fcdrojaamad.","breadcrumb":{"@id":"https:\/\/flexib.ee\/sv\/toode\/mahukopp-max-esilaadurile-0-8-1-1-m%c2%b3\/#breadcrumb"},"inLanguage":"sv-SE","potentialAction":[{"@type":"ReadAction","target":["https:\/\/flexib.ee\/sv\/toode\/mahukopp-max-esilaadurile-0-8-1-1-m%c2%b3\/"]}]},{"@type":"BreadcrumbList","@id":"https:\/\/flexib.ee\/sv\/toode\/mahukopp-max-esilaadurile-0-8-1-1-m%c2%b3\/#breadcrumb","itemListElement":[{"@type":"ListItem","position":1,"name":"Flexib","item":"https:\/\/flexib.ee\/sv\/"},{"@type":"ListItem","position":2,"name":"Butik","item":"https:\/\/flexib.ee\/sv\/butik\/"},{"@type":"ListItem","position":3,"name":"Mahukopp MAX esilaadurile 0.8- 1.1 m\u00b3"}]},{"@type":"WebSite","@id":"https:\/\/flexib.ee\/sv\/#website","url":"https:\/\/flexib.ee\/sv\/","name":"Flexib h\u00fcdraulika","description":"H\u00fcdraulika tarvikud ja komponendid.","publisher":{"@id":"https:\/\/flexib.ee\/sv\/#organization"},"potentialAction":[{"@type":"SearchAction","target":{"@type":"EntryPoint","urlTemplate":"https:\/\/flexib.ee\/sv\/?s={search_term_string}"},"query-input":"required name=search_term_string"}],"inLanguage":"sv-SE"},{"@type":"Organization","@id":"https:\/\/flexib.ee\/sv\/#organization","name":"Flexib H\u00fcdraulika","url":"https:\/\/flexib.ee\/sv\/","logo":{"@type":"ImageObject","inLanguage":"sv-SE","@id":"https:\/\/flexib.ee\/sv\/#\/schema\/logo\/image\/","url":"https:\/\/flexib.ee\/wp-content\/uploads\/2020\/08\/FLEXIB-2.png","contentUrl":"https:\/\/flexib.ee\/wp-content\/uploads\/2020\/08\/FLEXIB-2.png","width":500,"height":500,"caption":"Flexib H\u00fcdraulika"},"image":{"@id":"https:\/\/flexib.ee\/sv\/#\/schema\/logo\/image\/"}}]}},"_links":{"self":[{"href":"https:\/\/flexib.ee\/sv\/wp-json\/wp\/v2\/product\/29389"}],"collection":[{"href":"https:\/\/flexib.ee\/sv\/wp-json\/wp\/v2\/product"}],"about":[{"href":"https:\/\/flexib.ee\/sv\/wp-json\/wp\/v2\/types\/product"}],"wp:featuredmedia":[{"embeddable":true,"href":"https:\/\/flexib.ee\/sv\/wp-json\/wp\/v2\/media\/29386"}],"wp:attachment":[{"href":"https:\/\/flexib.ee\/sv\/wp-json\/wp\/v2\/media?parent=29389"}],"wp:term":[{"taxonomy":"product_cat","embeddable":true,"href":"https:\/\/flexib.ee\/sv\/wp-json\/wp\/v2\/product_cat?post=29389"},{"taxonomy":"product_tag","embeddable":true,"href":"https:\/\/flexib.ee\/sv\/wp-json\/wp\/v2\/product_tag?post=29389"}],"curies":[{"name":"wp","href":"https:\/\/api.w.org\/{rel}","templated":true}]}}