{"id":29373,"date":"2026-01-14T13:53:08","date_gmt":"2026-01-14T10:53:08","guid":{"rendered":"https:\/\/flexib.ee\/toode\/kopphaarats-krokodill-sissekeeratavate-piikidega\/"},"modified":"2026-01-14T13:53:08","modified_gmt":"2026-01-14T10:53:08","slug":"kopphaarats-krokodill-sissekeeratavate-piikidega","status":"publish","type":"product","link":"https:\/\/flexib.ee\/sv\/toode\/kopphaarats-krokodill-sissekeeratavate-piikidega\/","title":{"rendered":"Kopphaarats krokodill \u2013 sissekeeratavate piikidega"},"content":{"rendered":"<p>Krokodillkopp sissekeeratavate hammastega<br \/>\nKrokodillkopp on m\u00f5eldud peenfraktsioonide v\u00f5i poolvedelate s\u00f5nnikukomponentide transportimiseks. Selle vastupidav konstruktsioon ja kvaliteetsete materjalide kasutamine tagavad pikaajalise ja probleemivaba t\u00f6\u00f6. Kahe v\u00f5imsa h\u00fcdrosilindri kasutamine tagab materjali n\u00f5uetekohase kokkusurumise.<\/p>\n<p>Eemaldatavad k\u00fcljed on standardvarustuses,<br \/>\nEuro-kinnitus on standardvarustuses,<br \/>\nja seda saab kohandada teleskooplaaduritele. Tehnilised andmed<br \/>\nLaius [mm] 1400 1600 1800 2000 2200 2400<br \/>\nKoguk\u00f5rgus [mm] 949 949 949 949 949 949<br \/>\nAva k\u00f5rgus [mm] 1160<br \/>\nKaal [kg] 299 319 352 383 415 445<br \/>\nMaht [m3] 0,75 0,90 1,00 1,10 1,2 1,3<br \/>\nKandev\u00f5ime [kg] 450 500 700 900 1100 1300<br \/>\nPiide pikkus \/ piide arv [mm\/tk] 680\/7 680\/8 680\/9 680\/9<br \/>\nPiide vahe [mm] 205 205 203 228 225 247<br \/>\nAjamite arv 2 2 2 2 2 2 2<\/p>\n","protected":false},"excerpt":{"rendered":"<p>Krokodillkopp sissekeeratavate hammastega Krokodillkopp on m\u00f5eldud peenfraktsioonide v\u00f5i poolvedelate s\u00f5nnikukomponentide transportimiseks. Selle vastupidav konstruktsioon ja kvaliteetsete materjalide kasutamine tagavad pikaajalise<\/p>\n","protected":false},"featured_media":29370,"template":"","meta":[],"product_cat":[1725],"product_tag":[],"supplier_id":null,"supplier_sku":"","barcode":null,"atum_controlled":true,"out_stock_date":null,"out_stock_threshold":null,"inheritable":false,"inbound_stock":null,"stock_on_hold":0,"sold_today":0,"sales_last_days":0,"reserved_stock":null,"customer_returns":null,"warehouse_damage":null,"lost_in_post":null,"other_logs":null,"out_stock_days":0,"lost_sales":0,"has_location":null,"update_date":"2026-04-10T00:10:27","atum_locations":[],"atum_stock_status":"instock","restock_status":false,"low_stock_amount":"","sales_update_date":"2026-04-10T00:10:27","calc_backorders":null,"yoast_head":"<!-- This site is optimized with the Yoast SEO plugin v21.0 - https:\/\/yoast.com\/wordpress\/plugins\/seo\/ -->\n<title>Kopphaarats krokodill \u2013 sissekeeratavate piikidega - Flexib h\u00fcdraulika<\/title>\n<meta name=\"description\" content=\"Kopphaarats krokodill \u2013 sissekeeratavate piikidega - H\u00fcdraulika komponendid, h\u00fcdropumbad, h\u00fcdraulilised jagajad, h\u00fcdrosilindrid, h\u00fcdropumbad, h\u00fcdraulika \u00f5lid ja h\u00fcdromootorid. P\u00f5llumajandus h\u00fcdraulika, h\u00fcdrovoolikud ja h\u00fcdrojaamad.\" \/>\n<meta name=\"robots\" content=\"index, follow, max-snippet:-1, max-image-preview:large, max-video-preview:-1\" \/>\n<link rel=\"canonical\" href=\"https:\/\/flexib.ee\/sv\/toode\/kopphaarats-krokodill-sissekeeratavate-piikidega\/\" \/>\n<meta property=\"og:locale\" content=\"sv_SE\" \/>\n<meta property=\"og:type\" content=\"article\" \/>\n<meta property=\"og:title\" content=\"Kopphaarats krokodill \u2013 sissekeeratavate piikidega - Flexib h\u00fcdraulika\" \/>\n<meta property=\"og:description\" content=\"Kopphaarats krokodill \u2013 sissekeeratavate piikidega - H\u00fcdraulika komponendid, h\u00fcdropumbad, h\u00fcdraulilised jagajad, h\u00fcdrosilindrid, h\u00fcdropumbad, h\u00fcdraulika \u00f5lid ja h\u00fcdromootorid. P\u00f5llumajandus h\u00fcdraulika, h\u00fcdrovoolikud ja h\u00fcdrojaamad.\" \/>\n<meta property=\"og:url\" content=\"https:\/\/flexib.ee\/sv\/toode\/kopphaarats-krokodill-sissekeeratavate-piikidega\/\" \/>\n<meta property=\"og:site_name\" content=\"Flexib h\u00fcdraulika\" \/>\n<meta property=\"og:image\" content=\"https:\/\/flexib.ee\/wp-content\/uploads\/2026\/01\/LK.ZW-1-e1679572069187.png\" \/>\n\t<meta property=\"og:image:width\" content=\"900\" \/>\n\t<meta property=\"og:image:height\" content=\"686\" \/>\n\t<meta property=\"og:image:type\" content=\"image\/png\" \/>\n<meta name=\"twitter:card\" content=\"summary_large_image\" \/>\n<script type=\"application\/ld+json\" class=\"yoast-schema-graph\">{\"@context\":\"https:\/\/schema.org\",\"@graph\":[{\"@type\":\"WebPage\",\"@id\":\"https:\/\/flexib.ee\/sv\/toode\/kopphaarats-krokodill-sissekeeratavate-piikidega\/\",\"url\":\"https:\/\/flexib.ee\/sv\/toode\/kopphaarats-krokodill-sissekeeratavate-piikidega\/\",\"name\":\"Kopphaarats krokodill \u2013 sissekeeratavate piikidega - Flexib h\u00fcdraulika\",\"isPartOf\":{\"@id\":\"https:\/\/flexib.ee\/sv\/#website\"},\"datePublished\":\"2026-01-14T10:53:08+00:00\",\"dateModified\":\"2026-01-14T10:53:08+00:00\",\"description\":\"Kopphaarats krokodill \u2013 sissekeeratavate piikidega - H\u00fcdraulika komponendid, h\u00fcdropumbad, h\u00fcdraulilised jagajad, h\u00fcdrosilindrid, h\u00fcdropumbad, h\u00fcdraulika \u00f5lid ja h\u00fcdromootorid. P\u00f5llumajandus h\u00fcdraulika, h\u00fcdrovoolikud ja h\u00fcdrojaamad.\",\"breadcrumb\":{\"@id\":\"https:\/\/flexib.ee\/sv\/toode\/kopphaarats-krokodill-sissekeeratavate-piikidega\/#breadcrumb\"},\"inLanguage\":\"sv-SE\",\"potentialAction\":[{\"@type\":\"ReadAction\",\"target\":[\"https:\/\/flexib.ee\/sv\/toode\/kopphaarats-krokodill-sissekeeratavate-piikidega\/\"]}]},{\"@type\":\"BreadcrumbList\",\"@id\":\"https:\/\/flexib.ee\/sv\/toode\/kopphaarats-krokodill-sissekeeratavate-piikidega\/#breadcrumb\",\"itemListElement\":[{\"@type\":\"ListItem\",\"position\":1,\"name\":\"Flexib\",\"item\":\"https:\/\/flexib.ee\/sv\/\"},{\"@type\":\"ListItem\",\"position\":2,\"name\":\"Butik\",\"item\":\"https:\/\/flexib.ee\/sv\/butik\/\"},{\"@type\":\"ListItem\",\"position\":3,\"name\":\"Kopphaarats krokodill \u2013 sissekeeratavate piikidega\"}]},{\"@type\":\"WebSite\",\"@id\":\"https:\/\/flexib.ee\/sv\/#website\",\"url\":\"https:\/\/flexib.ee\/sv\/\",\"name\":\"Flexib h\u00fcdraulika\",\"description\":\"H\u00fcdraulika tarvikud ja komponendid.\",\"publisher\":{\"@id\":\"https:\/\/flexib.ee\/sv\/#organization\"},\"potentialAction\":[{\"@type\":\"SearchAction\",\"target\":{\"@type\":\"EntryPoint\",\"urlTemplate\":\"https:\/\/flexib.ee\/sv\/?s={search_term_string}\"},\"query-input\":\"required name=search_term_string\"}],\"inLanguage\":\"sv-SE\"},{\"@type\":\"Organization\",\"@id\":\"https:\/\/flexib.ee\/sv\/#organization\",\"name\":\"Flexib H\u00fcdraulika\",\"url\":\"https:\/\/flexib.ee\/sv\/\",\"logo\":{\"@type\":\"ImageObject\",\"inLanguage\":\"sv-SE\",\"@id\":\"https:\/\/flexib.ee\/sv\/#\/schema\/logo\/image\/\",\"url\":\"https:\/\/flexib.ee\/wp-content\/uploads\/2020\/08\/FLEXIB-2.png\",\"contentUrl\":\"https:\/\/flexib.ee\/wp-content\/uploads\/2020\/08\/FLEXIB-2.png\",\"width\":500,\"height\":500,\"caption\":\"Flexib H\u00fcdraulika\"},\"image\":{\"@id\":\"https:\/\/flexib.ee\/sv\/#\/schema\/logo\/image\/\"}}]}<\/script>\n<!-- \/ Yoast SEO plugin. -->","yoast_head_json":{"title":"Kopphaarats krokodill \u2013 sissekeeratavate piikidega - Flexib h\u00fcdraulika","description":"Kopphaarats krokodill \u2013 sissekeeratavate piikidega - H\u00fcdraulika komponendid, h\u00fcdropumbad, h\u00fcdraulilised jagajad, h\u00fcdrosilindrid, h\u00fcdropumbad, h\u00fcdraulika \u00f5lid ja h\u00fcdromootorid. P\u00f5llumajandus h\u00fcdraulika, h\u00fcdrovoolikud ja h\u00fcdrojaamad.","robots":{"index":"index","follow":"follow","max-snippet":"max-snippet:-1","max-image-preview":"max-image-preview:large","max-video-preview":"max-video-preview:-1"},"canonical":"https:\/\/flexib.ee\/sv\/toode\/kopphaarats-krokodill-sissekeeratavate-piikidega\/","og_locale":"sv_SE","og_type":"article","og_title":"Kopphaarats krokodill \u2013 sissekeeratavate piikidega - Flexib h\u00fcdraulika","og_description":"Kopphaarats krokodill \u2013 sissekeeratavate piikidega - H\u00fcdraulika komponendid, h\u00fcdropumbad, h\u00fcdraulilised jagajad, h\u00fcdrosilindrid, h\u00fcdropumbad, h\u00fcdraulika \u00f5lid ja h\u00fcdromootorid. P\u00f5llumajandus h\u00fcdraulika, h\u00fcdrovoolikud ja h\u00fcdrojaamad.","og_url":"https:\/\/flexib.ee\/sv\/toode\/kopphaarats-krokodill-sissekeeratavate-piikidega\/","og_site_name":"Flexib h\u00fcdraulika","og_image":[{"width":900,"height":686,"url":"https:\/\/flexib.ee\/wp-content\/uploads\/2026\/01\/LK.ZW-1-e1679572069187.png","type":"image\/png"}],"twitter_card":"summary_large_image","schema":{"@context":"https:\/\/schema.org","@graph":[{"@type":"WebPage","@id":"https:\/\/flexib.ee\/sv\/toode\/kopphaarats-krokodill-sissekeeratavate-piikidega\/","url":"https:\/\/flexib.ee\/sv\/toode\/kopphaarats-krokodill-sissekeeratavate-piikidega\/","name":"Kopphaarats krokodill \u2013 sissekeeratavate piikidega - Flexib h\u00fcdraulika","isPartOf":{"@id":"https:\/\/flexib.ee\/sv\/#website"},"datePublished":"2026-01-14T10:53:08+00:00","dateModified":"2026-01-14T10:53:08+00:00","description":"Kopphaarats krokodill \u2013 sissekeeratavate piikidega - H\u00fcdraulika komponendid, h\u00fcdropumbad, h\u00fcdraulilised jagajad, h\u00fcdrosilindrid, h\u00fcdropumbad, h\u00fcdraulika \u00f5lid ja h\u00fcdromootorid. P\u00f5llumajandus h\u00fcdraulika, h\u00fcdrovoolikud ja h\u00fcdrojaamad.","breadcrumb":{"@id":"https:\/\/flexib.ee\/sv\/toode\/kopphaarats-krokodill-sissekeeratavate-piikidega\/#breadcrumb"},"inLanguage":"sv-SE","potentialAction":[{"@type":"ReadAction","target":["https:\/\/flexib.ee\/sv\/toode\/kopphaarats-krokodill-sissekeeratavate-piikidega\/"]}]},{"@type":"BreadcrumbList","@id":"https:\/\/flexib.ee\/sv\/toode\/kopphaarats-krokodill-sissekeeratavate-piikidega\/#breadcrumb","itemListElement":[{"@type":"ListItem","position":1,"name":"Flexib","item":"https:\/\/flexib.ee\/sv\/"},{"@type":"ListItem","position":2,"name":"Butik","item":"https:\/\/flexib.ee\/sv\/butik\/"},{"@type":"ListItem","position":3,"name":"Kopphaarats krokodill \u2013 sissekeeratavate piikidega"}]},{"@type":"WebSite","@id":"https:\/\/flexib.ee\/sv\/#website","url":"https:\/\/flexib.ee\/sv\/","name":"Flexib h\u00fcdraulika","description":"H\u00fcdraulika tarvikud ja komponendid.","publisher":{"@id":"https:\/\/flexib.ee\/sv\/#organization"},"potentialAction":[{"@type":"SearchAction","target":{"@type":"EntryPoint","urlTemplate":"https:\/\/flexib.ee\/sv\/?s={search_term_string}"},"query-input":"required name=search_term_string"}],"inLanguage":"sv-SE"},{"@type":"Organization","@id":"https:\/\/flexib.ee\/sv\/#organization","name":"Flexib H\u00fcdraulika","url":"https:\/\/flexib.ee\/sv\/","logo":{"@type":"ImageObject","inLanguage":"sv-SE","@id":"https:\/\/flexib.ee\/sv\/#\/schema\/logo\/image\/","url":"https:\/\/flexib.ee\/wp-content\/uploads\/2020\/08\/FLEXIB-2.png","contentUrl":"https:\/\/flexib.ee\/wp-content\/uploads\/2020\/08\/FLEXIB-2.png","width":500,"height":500,"caption":"Flexib H\u00fcdraulika"},"image":{"@id":"https:\/\/flexib.ee\/sv\/#\/schema\/logo\/image\/"}}]}},"_links":{"self":[{"href":"https:\/\/flexib.ee\/sv\/wp-json\/wp\/v2\/product\/29373"}],"collection":[{"href":"https:\/\/flexib.ee\/sv\/wp-json\/wp\/v2\/product"}],"about":[{"href":"https:\/\/flexib.ee\/sv\/wp-json\/wp\/v2\/types\/product"}],"wp:featuredmedia":[{"embeddable":true,"href":"https:\/\/flexib.ee\/sv\/wp-json\/wp\/v2\/media\/29370"}],"wp:attachment":[{"href":"https:\/\/flexib.ee\/sv\/wp-json\/wp\/v2\/media?parent=29373"}],"wp:term":[{"taxonomy":"product_cat","embeddable":true,"href":"https:\/\/flexib.ee\/sv\/wp-json\/wp\/v2\/product_cat?post=29373"},{"taxonomy":"product_tag","embeddable":true,"href":"https:\/\/flexib.ee\/sv\/wp-json\/wp\/v2\/product_tag?post=29373"}],"curies":[{"name":"wp","href":"https:\/\/api.w.org\/{rel}","templated":true}]}}