{"id":29032,"date":"2025-09-29T09:56:54","date_gmt":"2025-09-29T06:56:54","guid":{"rendered":"https:\/\/flexib.ee\/?post_type=product&#038;p=29032"},"modified":"2025-09-29T10:05:48","modified_gmt":"2025-09-29T07:05:48","slug":"hudrosilinder-800mm-kaik-600mm-50-30-600-silm-25mm","status":"publish","type":"product","link":"https:\/\/flexib.ee\/sv\/toode\/hudrosilinder-800mm-kaik-600mm-50-30-600-silm-25mm\/","title":{"rendered":"H\u00fcdrosilinder 800mm, K\u00e4ik 600mm 50\/30\/600 Silm: 25mm"},"content":{"rendered":"<p>T\u00e4iturmehhanismi t\u00fc\u00fcp: kahetoimeline<br \/>\nKolvi (toru) v\u00e4lisl\u00e4bim\u00f5\u00f5t: 60<br \/>\nKolvi (toru) sisel\u00e4bim\u00f5\u00f5t: 50<br \/>\nKolvivarda l\u00e4bim\u00f5\u00f5t: 30<br \/>\nTihvtiavade l\u00e4bim\u00f5\u00f5t: 25<br \/>\nKolvivarda k\u00e4ik (t\u00f6\u00f6liikumine): 600 mm<br \/>\nPikkus, m\u00f5\u00f5detuna ava tsentritest: 800 mm<br \/>\nSisekeere \u00fchenduste jaoks: 2x BSP 3\/8&#8243;<\/p>\n","protected":false},"excerpt":{"rendered":"<p>T\u00e4iturmehhanismi t\u00fc\u00fcp: kahetoimeline Kolvi (toru) v\u00e4lisl\u00e4bim\u00f5\u00f5t: 60 Kolvi (toru) sisel\u00e4bim\u00f5\u00f5t: 50 Kolvivarda l\u00e4bim\u00f5\u00f5t: 30 Tihvtiavade l\u00e4bim\u00f5\u00f5t: 25 Kolvivarda k\u00e4ik (t\u00f6\u00f6liikumine):<\/p>\n","protected":false},"featured_media":29033,"template":"","meta":[],"product_cat":[66],"product_tag":[],"supplier_id":null,"supplier_sku":"","barcode":null,"atum_controlled":true,"out_stock_date":"2025-09-29 09:56:54","out_stock_threshold":null,"inheritable":false,"inbound_stock":0,"stock_on_hold":0,"sold_today":0,"sales_last_days":0,"reserved_stock":0,"customer_returns":0,"warehouse_damage":0,"lost_in_post":0,"other_logs":0,"out_stock_days":189,"lost_sales":0,"has_location":false,"update_date":"2026-04-07T00:15:02","atum_locations":[],"atum_stock_status":"onbackorder","restock_status":false,"low_stock_amount":"","sales_update_date":"2026-04-07T00:15:02","calc_backorders":0,"yoast_head":"<!-- This site is optimized with the Yoast SEO plugin v21.0 - https:\/\/yoast.com\/wordpress\/plugins\/seo\/ -->\n<title>H\u00fcdrosilinder 800mm, K\u00e4ik 600mm 50\/30\/600 Silm: 25mm - Flexib h\u00fcdraulika<\/title>\n<meta name=\"description\" content=\"H\u00fcdrosilinder 800mm, K\u00e4ik 600mm 50\/30\/600 Silm: 25mm - H\u00fcdraulika komponendid, h\u00fcdropumbad, h\u00fcdraulilised jagajad, h\u00fcdrosilindrid, h\u00fcdropumbad, h\u00fcdraulika \u00f5lid ja h\u00fcdromootorid. P\u00f5llumajandus h\u00fcdraulika, h\u00fcdrovoolikud ja h\u00fcdrojaamad.\" \/>\n<meta name=\"robots\" content=\"index, follow, max-snippet:-1, max-image-preview:large, max-video-preview:-1\" \/>\n<link rel=\"canonical\" href=\"https:\/\/flexib.ee\/sv\/toode\/hudrosilinder-800mm-kaik-600mm-50-30-600-silm-25mm\/\" \/>\n<meta property=\"og:locale\" content=\"sv_SE\" \/>\n<meta property=\"og:type\" content=\"article\" \/>\n<meta property=\"og:title\" content=\"H\u00fcdrosilinder 800mm, K\u00e4ik 600mm 50\/30\/600 Silm: 25mm - Flexib h\u00fcdraulika\" \/>\n<meta property=\"og:description\" content=\"H\u00fcdrosilinder 800mm, K\u00e4ik 600mm 50\/30\/600 Silm: 25mm - H\u00fcdraulika komponendid, h\u00fcdropumbad, h\u00fcdraulilised jagajad, h\u00fcdrosilindrid, h\u00fcdropumbad, h\u00fcdraulika \u00f5lid ja h\u00fcdromootorid. P\u00f5llumajandus h\u00fcdraulika, h\u00fcdrovoolikud ja h\u00fcdrojaamad.\" \/>\n<meta property=\"og:url\" content=\"https:\/\/flexib.ee\/sv\/toode\/hudrosilinder-800mm-kaik-600mm-50-30-600-silm-25mm\/\" \/>\n<meta property=\"og:site_name\" content=\"Flexib h\u00fcdraulika\" \/>\n<meta property=\"article:modified_time\" content=\"2025-09-29T07:05:48+00:00\" \/>\n<meta property=\"og:image\" content=\"http:\/\/flexib.ee\/wp-content\/uploads\/2025\/09\/Screenshot-2025-09-29-at-09.57.23.png\" \/>\n\t<meta property=\"og:image:width\" content=\"1444\" \/>\n\t<meta property=\"og:image:height\" content=\"1266\" \/>\n\t<meta property=\"og:image:type\" content=\"image\/png\" \/>\n<meta name=\"twitter:card\" content=\"summary_large_image\" \/>\n<meta name=\"twitter:label1\" content=\"Ber\u00e4knad l\u00e4stid\" \/>\n\t<meta name=\"twitter:data1\" content=\"1 minut\" \/>\n<script type=\"application\/ld+json\" class=\"yoast-schema-graph\">{\"@context\":\"https:\/\/schema.org\",\"@graph\":[{\"@type\":\"WebPage\",\"@id\":\"https:\/\/flexib.ee\/sv\/toode\/hudrosilinder-800mm-kaik-600mm-50-30-600-silm-25mm\/\",\"url\":\"https:\/\/flexib.ee\/sv\/toode\/hudrosilinder-800mm-kaik-600mm-50-30-600-silm-25mm\/\",\"name\":\"H\u00fcdrosilinder 800mm, K\u00e4ik 600mm 50\/30\/600 Silm: 25mm - Flexib h\u00fcdraulika\",\"isPartOf\":{\"@id\":\"https:\/\/flexib.ee\/sv\/#website\"},\"datePublished\":\"2025-09-29T06:56:54+00:00\",\"dateModified\":\"2025-09-29T07:05:48+00:00\",\"description\":\"H\u00fcdrosilinder 800mm, K\u00e4ik 600mm 50\/30\/600 Silm: 25mm - H\u00fcdraulika komponendid, h\u00fcdropumbad, h\u00fcdraulilised jagajad, h\u00fcdrosilindrid, h\u00fcdropumbad, h\u00fcdraulika \u00f5lid ja h\u00fcdromootorid. P\u00f5llumajandus h\u00fcdraulika, h\u00fcdrovoolikud ja h\u00fcdrojaamad.\",\"breadcrumb\":{\"@id\":\"https:\/\/flexib.ee\/sv\/toode\/hudrosilinder-800mm-kaik-600mm-50-30-600-silm-25mm\/#breadcrumb\"},\"inLanguage\":\"sv-SE\",\"potentialAction\":[{\"@type\":\"ReadAction\",\"target\":[\"https:\/\/flexib.ee\/sv\/toode\/hudrosilinder-800mm-kaik-600mm-50-30-600-silm-25mm\/\"]}]},{\"@type\":\"BreadcrumbList\",\"@id\":\"https:\/\/flexib.ee\/sv\/toode\/hudrosilinder-800mm-kaik-600mm-50-30-600-silm-25mm\/#breadcrumb\",\"itemListElement\":[{\"@type\":\"ListItem\",\"position\":1,\"name\":\"Flexib\",\"item\":\"https:\/\/flexib.ee\/sv\/\"},{\"@type\":\"ListItem\",\"position\":2,\"name\":\"Butik\",\"item\":\"https:\/\/flexib.ee\/sv\/butik\/\"},{\"@type\":\"ListItem\",\"position\":3,\"name\":\"H\u00fcdrosilinder 800mm, K\u00e4ik 600mm 50\/30\/600 Silm: 25mm\"}]},{\"@type\":\"WebSite\",\"@id\":\"https:\/\/flexib.ee\/sv\/#website\",\"url\":\"https:\/\/flexib.ee\/sv\/\",\"name\":\"Flexib h\u00fcdraulika\",\"description\":\"H\u00fcdraulika tarvikud ja komponendid.\",\"publisher\":{\"@id\":\"https:\/\/flexib.ee\/sv\/#organization\"},\"potentialAction\":[{\"@type\":\"SearchAction\",\"target\":{\"@type\":\"EntryPoint\",\"urlTemplate\":\"https:\/\/flexib.ee\/sv\/?s={search_term_string}\"},\"query-input\":\"required name=search_term_string\"}],\"inLanguage\":\"sv-SE\"},{\"@type\":\"Organization\",\"@id\":\"https:\/\/flexib.ee\/sv\/#organization\",\"name\":\"Flexib H\u00fcdraulika\",\"url\":\"https:\/\/flexib.ee\/sv\/\",\"logo\":{\"@type\":\"ImageObject\",\"inLanguage\":\"sv-SE\",\"@id\":\"https:\/\/flexib.ee\/sv\/#\/schema\/logo\/image\/\",\"url\":\"https:\/\/flexib.ee\/wp-content\/uploads\/2020\/08\/FLEXIB-2.png\",\"contentUrl\":\"https:\/\/flexib.ee\/wp-content\/uploads\/2020\/08\/FLEXIB-2.png\",\"width\":500,\"height\":500,\"caption\":\"Flexib H\u00fcdraulika\"},\"image\":{\"@id\":\"https:\/\/flexib.ee\/sv\/#\/schema\/logo\/image\/\"}}]}<\/script>\n<!-- \/ Yoast SEO plugin. -->","yoast_head_json":{"title":"H\u00fcdrosilinder 800mm, K\u00e4ik 600mm 50\/30\/600 Silm: 25mm - Flexib h\u00fcdraulika","description":"H\u00fcdrosilinder 800mm, K\u00e4ik 600mm 50\/30\/600 Silm: 25mm - H\u00fcdraulika komponendid, h\u00fcdropumbad, h\u00fcdraulilised jagajad, h\u00fcdrosilindrid, h\u00fcdropumbad, h\u00fcdraulika \u00f5lid ja h\u00fcdromootorid. P\u00f5llumajandus h\u00fcdraulika, h\u00fcdrovoolikud ja h\u00fcdrojaamad.","robots":{"index":"index","follow":"follow","max-snippet":"max-snippet:-1","max-image-preview":"max-image-preview:large","max-video-preview":"max-video-preview:-1"},"canonical":"https:\/\/flexib.ee\/sv\/toode\/hudrosilinder-800mm-kaik-600mm-50-30-600-silm-25mm\/","og_locale":"sv_SE","og_type":"article","og_title":"H\u00fcdrosilinder 800mm, K\u00e4ik 600mm 50\/30\/600 Silm: 25mm - Flexib h\u00fcdraulika","og_description":"H\u00fcdrosilinder 800mm, K\u00e4ik 600mm 50\/30\/600 Silm: 25mm - H\u00fcdraulika komponendid, h\u00fcdropumbad, h\u00fcdraulilised jagajad, h\u00fcdrosilindrid, h\u00fcdropumbad, h\u00fcdraulika \u00f5lid ja h\u00fcdromootorid. P\u00f5llumajandus h\u00fcdraulika, h\u00fcdrovoolikud ja h\u00fcdrojaamad.","og_url":"https:\/\/flexib.ee\/sv\/toode\/hudrosilinder-800mm-kaik-600mm-50-30-600-silm-25mm\/","og_site_name":"Flexib h\u00fcdraulika","article_modified_time":"2025-09-29T07:05:48+00:00","og_image":[{"width":1444,"height":1266,"url":"http:\/\/flexib.ee\/wp-content\/uploads\/2025\/09\/Screenshot-2025-09-29-at-09.57.23.png","type":"image\/png"}],"twitter_card":"summary_large_image","twitter_misc":{"Ber\u00e4knad l\u00e4stid":"1 minut"},"schema":{"@context":"https:\/\/schema.org","@graph":[{"@type":"WebPage","@id":"https:\/\/flexib.ee\/sv\/toode\/hudrosilinder-800mm-kaik-600mm-50-30-600-silm-25mm\/","url":"https:\/\/flexib.ee\/sv\/toode\/hudrosilinder-800mm-kaik-600mm-50-30-600-silm-25mm\/","name":"H\u00fcdrosilinder 800mm, K\u00e4ik 600mm 50\/30\/600 Silm: 25mm - Flexib h\u00fcdraulika","isPartOf":{"@id":"https:\/\/flexib.ee\/sv\/#website"},"datePublished":"2025-09-29T06:56:54+00:00","dateModified":"2025-09-29T07:05:48+00:00","description":"H\u00fcdrosilinder 800mm, K\u00e4ik 600mm 50\/30\/600 Silm: 25mm - H\u00fcdraulika komponendid, h\u00fcdropumbad, h\u00fcdraulilised jagajad, h\u00fcdrosilindrid, h\u00fcdropumbad, h\u00fcdraulika \u00f5lid ja h\u00fcdromootorid. P\u00f5llumajandus h\u00fcdraulika, h\u00fcdrovoolikud ja h\u00fcdrojaamad.","breadcrumb":{"@id":"https:\/\/flexib.ee\/sv\/toode\/hudrosilinder-800mm-kaik-600mm-50-30-600-silm-25mm\/#breadcrumb"},"inLanguage":"sv-SE","potentialAction":[{"@type":"ReadAction","target":["https:\/\/flexib.ee\/sv\/toode\/hudrosilinder-800mm-kaik-600mm-50-30-600-silm-25mm\/"]}]},{"@type":"BreadcrumbList","@id":"https:\/\/flexib.ee\/sv\/toode\/hudrosilinder-800mm-kaik-600mm-50-30-600-silm-25mm\/#breadcrumb","itemListElement":[{"@type":"ListItem","position":1,"name":"Flexib","item":"https:\/\/flexib.ee\/sv\/"},{"@type":"ListItem","position":2,"name":"Butik","item":"https:\/\/flexib.ee\/sv\/butik\/"},{"@type":"ListItem","position":3,"name":"H\u00fcdrosilinder 800mm, K\u00e4ik 600mm 50\/30\/600 Silm: 25mm"}]},{"@type":"WebSite","@id":"https:\/\/flexib.ee\/sv\/#website","url":"https:\/\/flexib.ee\/sv\/","name":"Flexib h\u00fcdraulika","description":"H\u00fcdraulika tarvikud ja komponendid.","publisher":{"@id":"https:\/\/flexib.ee\/sv\/#organization"},"potentialAction":[{"@type":"SearchAction","target":{"@type":"EntryPoint","urlTemplate":"https:\/\/flexib.ee\/sv\/?s={search_term_string}"},"query-input":"required name=search_term_string"}],"inLanguage":"sv-SE"},{"@type":"Organization","@id":"https:\/\/flexib.ee\/sv\/#organization","name":"Flexib H\u00fcdraulika","url":"https:\/\/flexib.ee\/sv\/","logo":{"@type":"ImageObject","inLanguage":"sv-SE","@id":"https:\/\/flexib.ee\/sv\/#\/schema\/logo\/image\/","url":"https:\/\/flexib.ee\/wp-content\/uploads\/2020\/08\/FLEXIB-2.png","contentUrl":"https:\/\/flexib.ee\/wp-content\/uploads\/2020\/08\/FLEXIB-2.png","width":500,"height":500,"caption":"Flexib H\u00fcdraulika"},"image":{"@id":"https:\/\/flexib.ee\/sv\/#\/schema\/logo\/image\/"}}]}},"_links":{"self":[{"href":"https:\/\/flexib.ee\/sv\/wp-json\/wp\/v2\/product\/29032"}],"collection":[{"href":"https:\/\/flexib.ee\/sv\/wp-json\/wp\/v2\/product"}],"about":[{"href":"https:\/\/flexib.ee\/sv\/wp-json\/wp\/v2\/types\/product"}],"wp:featuredmedia":[{"embeddable":true,"href":"https:\/\/flexib.ee\/sv\/wp-json\/wp\/v2\/media\/29033"}],"wp:attachment":[{"href":"https:\/\/flexib.ee\/sv\/wp-json\/wp\/v2\/media?parent=29032"}],"wp:term":[{"taxonomy":"product_cat","embeddable":true,"href":"https:\/\/flexib.ee\/sv\/wp-json\/wp\/v2\/product_cat?post=29032"},{"taxonomy":"product_tag","embeddable":true,"href":"https:\/\/flexib.ee\/sv\/wp-json\/wp\/v2\/product_tag?post=29032"}],"curies":[{"name":"wp","href":"https:\/\/api.w.org\/{rel}","templated":true}]}}