{"id":28504,"date":"2025-04-07T12:14:38","date_gmt":"2025-04-07T09:14:38","guid":{"rendered":"https:\/\/flexib.ee\/?post_type=product&#038;p=28504"},"modified":"2025-04-07T12:21:14","modified_gmt":"2025-04-07T09:21:14","slug":"hudrojaama-komplekt-12v-hudrosilinder-8t-kaik-1300mm","status":"publish","type":"product","link":"https:\/\/flexib.ee\/sv\/toode\/hudrojaama-komplekt-12v-hudrosilinder-8t-kaik-1300mm\/","title":{"rendered":"H\u00fcdrojaama komplekt 12V + H\u00fcdrosilinder 8T K\u00e4ik: 1300mm"},"content":{"rendered":"<p>Komplekt on m\u00f5eldud paigaldamiseks kallurhaagistele, kalluritele, t\u00f5stukitele,<\/p>\n<p>laadimisplatvormidele ja muud metsanduses, ehitus ja p\u00f5llumajanduses kasutatavatale seadmetel.<\/p>\n<p>Koorem langetatakse raskusj\u00f5u ja t\u00f5stetava koorma r\u00f5hu m\u00f5jul.<\/p>\n<p>1. Pumba v\u00f5imsus: 2,6 cm3\/p\u00f6\u00f6re (7L\/min 90 baari juures), maksimaalne r\u00f5hk: 180 baari<\/p>\n<p>2. elektrimootori vool: 12V, v\u00f5imsus: 2.0kW, max kiirus: 2600rpm<\/p>\n<p>3. \u00fchendusplaat 3\/8&#8243; \u00fchenduskeere<\/p>\n<p>4. \u00f5lipaagi maht 11 liitrit<\/p>\n<p>5. kahe nupuga juhtimispult (t\u00f5stmine\/langetamine)<\/p>\n<p>6. elektrimootori kate<\/p>\n<p>&nbsp;<\/p>\n<p>Osade arv (teleskoop): 4<\/p>\n<p>Keerme\u00fchendus M22x1,5<\/p>\n<p>\u00d5livajadus: 7,1 liitrit<\/p>\n<p>&nbsp;<\/p>\n<p>T\u00e4nu oma v\u00e4ikesele suurusele on t\u00e4iturmehhanism ideaalne v\u00e4ikeste koormate t\u00f5stmiseks.<\/p>\n<p>Laadimisplatvormid madala kliirensiga madalate s\u00f5idukite jaoks.<\/p>\n<p>T\u00e4iskoorma kasti maksimaalne kaal kuni 8 tonni.<\/p>\n<p>Tagakallutamise v\u00f5imalus.<\/p>\n<p>&nbsp;<\/p>\n<p><img decoding=\"async\" loading=\"lazy\" class=\"alignnone size-full wp-image-28505\" src=\"https:\/\/flexib.ee\/wp-content\/uploads\/2025\/04\/kalluri-silinder.jpg\" alt=\"\" width=\"800\" height=\"800\" srcset=\"https:\/\/www.flexib.ee\/wp-content\/uploads\/2025\/04\/kalluri-silinder.jpg 800w, https:\/\/www.flexib.ee\/wp-content\/uploads\/2025\/04\/kalluri-silinder-300x300.jpg 300w, https:\/\/www.flexib.ee\/wp-content\/uploads\/2025\/04\/kalluri-silinder-150x150.jpg 150w, https:\/\/www.flexib.ee\/wp-content\/uploads\/2025\/04\/kalluri-silinder-768x768.jpg 768w, https:\/\/www.flexib.ee\/wp-content\/uploads\/2025\/04\/kalluri-silinder-600x600.jpg 600w\" sizes=\"(max-width: 800px) 100vw, 800px\" \/><\/p>\n","protected":false},"excerpt":{"rendered":"<p>Komplekt on m\u00f5eldud paigaldamiseks kallurhaagistele, kalluritele, t\u00f5stukitele, laadimisplatvormidele ja muud metsanduses, ehitus ja p\u00f5llumajanduses kasutatavatale seadmetel. Koorem langetatakse raskusj\u00f5u ja<\/p>\n","protected":false},"featured_media":28508,"template":"","meta":[],"product_cat":[130],"product_tag":[861],"supplier_id":null,"supplier_sku":"","barcode":null,"atum_controlled":true,"out_stock_date":"2025-04-07 12:21:14","out_stock_threshold":null,"inheritable":false,"inbound_stock":0,"stock_on_hold":0,"sold_today":0,"sales_last_days":0,"reserved_stock":0,"customer_returns":0,"warehouse_damage":0,"lost_in_post":0,"other_logs":0,"out_stock_days":364,"lost_sales":0,"has_location":false,"update_date":"2026-04-07T00:14:51","atum_locations":[],"atum_stock_status":"onbackorder","restock_status":false,"low_stock_amount":"","sales_update_date":"2026-04-07T00:14:50","calc_backorders":0,"yoast_head":"<!-- This site is optimized with the Yoast SEO plugin v21.0 - https:\/\/yoast.com\/wordpress\/plugins\/seo\/ -->\n<title>H\u00fcdrojaama komplekt 12V + H\u00fcdrosilinder 8T K\u00e4ik: 1300mm - Flexib h\u00fcdraulika<\/title>\n<meta name=\"description\" content=\"H\u00fcdrojaama komplekt 12V + H\u00fcdrosilinder 8T K\u00e4ik: 1300mm - H\u00fcdraulika komponendid, h\u00fcdropumbad, h\u00fcdraulilised jagajad, h\u00fcdrosilindrid, h\u00fcdropumbad, h\u00fcdraulika \u00f5lid ja h\u00fcdromootorid. P\u00f5llumajandus h\u00fcdraulika, h\u00fcdrovoolikud ja h\u00fcdrojaamad.\" \/>\n<meta name=\"robots\" content=\"index, follow, max-snippet:-1, max-image-preview:large, max-video-preview:-1\" \/>\n<link rel=\"canonical\" href=\"https:\/\/flexib.ee\/sv\/toode\/hudrojaama-komplekt-12v-hudrosilinder-8t-kaik-1300mm\/\" \/>\n<meta property=\"og:locale\" content=\"sv_SE\" \/>\n<meta property=\"og:type\" content=\"article\" \/>\n<meta property=\"og:title\" content=\"H\u00fcdrojaama komplekt 12V + H\u00fcdrosilinder 8T K\u00e4ik: 1300mm - Flexib h\u00fcdraulika\" \/>\n<meta property=\"og:description\" content=\"H\u00fcdrojaama komplekt 12V + H\u00fcdrosilinder 8T K\u00e4ik: 1300mm - H\u00fcdraulika komponendid, h\u00fcdropumbad, h\u00fcdraulilised jagajad, h\u00fcdrosilindrid, h\u00fcdropumbad, h\u00fcdraulika \u00f5lid ja h\u00fcdromootorid. P\u00f5llumajandus h\u00fcdraulika, h\u00fcdrovoolikud ja h\u00fcdrojaamad.\" \/>\n<meta property=\"og:url\" content=\"https:\/\/flexib.ee\/sv\/toode\/hudrojaama-komplekt-12v-hudrosilinder-8t-kaik-1300mm\/\" \/>\n<meta property=\"og:site_name\" content=\"Flexib h\u00fcdraulika\" \/>\n<meta property=\"article:modified_time\" content=\"2025-04-07T09:21:14+00:00\" \/>\n<meta property=\"og:image\" content=\"https:\/\/flexib.ee\/wp-content\/uploads\/2025\/04\/kalluri-hudraulika.webp\" \/>\n\t<meta property=\"og:image:width\" content=\"500\" \/>\n\t<meta property=\"og:image:height\" content=\"500\" \/>\n\t<meta property=\"og:image:type\" content=\"image\/webp\" \/>\n<meta name=\"twitter:card\" content=\"summary_large_image\" \/>\n<meta name=\"twitter:label1\" content=\"Ber\u00e4knad l\u00e4stid\" \/>\n\t<meta name=\"twitter:data1\" content=\"1 minut\" \/>\n<script type=\"application\/ld+json\" class=\"yoast-schema-graph\">{\"@context\":\"https:\/\/schema.org\",\"@graph\":[{\"@type\":\"WebPage\",\"@id\":\"https:\/\/flexib.ee\/sv\/toode\/hudrojaama-komplekt-12v-hudrosilinder-8t-kaik-1300mm\/\",\"url\":\"https:\/\/flexib.ee\/sv\/toode\/hudrojaama-komplekt-12v-hudrosilinder-8t-kaik-1300mm\/\",\"name\":\"H\u00fcdrojaama komplekt 12V + H\u00fcdrosilinder 8T K\u00e4ik: 1300mm - Flexib h\u00fcdraulika\",\"isPartOf\":{\"@id\":\"https:\/\/flexib.ee\/sv\/#website\"},\"datePublished\":\"2025-04-07T09:14:38+00:00\",\"dateModified\":\"2025-04-07T09:21:14+00:00\",\"description\":\"H\u00fcdrojaama komplekt 12V + H\u00fcdrosilinder 8T K\u00e4ik: 1300mm - H\u00fcdraulika komponendid, h\u00fcdropumbad, h\u00fcdraulilised jagajad, h\u00fcdrosilindrid, h\u00fcdropumbad, h\u00fcdraulika \u00f5lid ja h\u00fcdromootorid. P\u00f5llumajandus h\u00fcdraulika, h\u00fcdrovoolikud ja h\u00fcdrojaamad.\",\"breadcrumb\":{\"@id\":\"https:\/\/flexib.ee\/sv\/toode\/hudrojaama-komplekt-12v-hudrosilinder-8t-kaik-1300mm\/#breadcrumb\"},\"inLanguage\":\"sv-SE\",\"potentialAction\":[{\"@type\":\"ReadAction\",\"target\":[\"https:\/\/flexib.ee\/sv\/toode\/hudrojaama-komplekt-12v-hudrosilinder-8t-kaik-1300mm\/\"]}]},{\"@type\":\"BreadcrumbList\",\"@id\":\"https:\/\/flexib.ee\/sv\/toode\/hudrojaama-komplekt-12v-hudrosilinder-8t-kaik-1300mm\/#breadcrumb\",\"itemListElement\":[{\"@type\":\"ListItem\",\"position\":1,\"name\":\"Flexib\",\"item\":\"https:\/\/flexib.ee\/sv\/\"},{\"@type\":\"ListItem\",\"position\":2,\"name\":\"Butik\",\"item\":\"https:\/\/flexib.ee\/sv\/butik\/\"},{\"@type\":\"ListItem\",\"position\":3,\"name\":\"H\u00fcdrojaama komplekt 12V + H\u00fcdrosilinder 8T K\u00e4ik: 1300mm\"}]},{\"@type\":\"WebSite\",\"@id\":\"https:\/\/flexib.ee\/sv\/#website\",\"url\":\"https:\/\/flexib.ee\/sv\/\",\"name\":\"Flexib h\u00fcdraulika\",\"description\":\"H\u00fcdraulika tarvikud ja komponendid.\",\"publisher\":{\"@id\":\"https:\/\/flexib.ee\/sv\/#organization\"},\"potentialAction\":[{\"@type\":\"SearchAction\",\"target\":{\"@type\":\"EntryPoint\",\"urlTemplate\":\"https:\/\/flexib.ee\/sv\/?s={search_term_string}\"},\"query-input\":\"required name=search_term_string\"}],\"inLanguage\":\"sv-SE\"},{\"@type\":\"Organization\",\"@id\":\"https:\/\/flexib.ee\/sv\/#organization\",\"name\":\"Flexib H\u00fcdraulika\",\"url\":\"https:\/\/flexib.ee\/sv\/\",\"logo\":{\"@type\":\"ImageObject\",\"inLanguage\":\"sv-SE\",\"@id\":\"https:\/\/flexib.ee\/sv\/#\/schema\/logo\/image\/\",\"url\":\"https:\/\/flexib.ee\/wp-content\/uploads\/2020\/08\/FLEXIB-2.png\",\"contentUrl\":\"https:\/\/flexib.ee\/wp-content\/uploads\/2020\/08\/FLEXIB-2.png\",\"width\":500,\"height\":500,\"caption\":\"Flexib H\u00fcdraulika\"},\"image\":{\"@id\":\"https:\/\/flexib.ee\/sv\/#\/schema\/logo\/image\/\"}}]}<\/script>\n<!-- \/ Yoast SEO plugin. -->","yoast_head_json":{"title":"H\u00fcdrojaama komplekt 12V + H\u00fcdrosilinder 8T K\u00e4ik: 1300mm - Flexib h\u00fcdraulika","description":"H\u00fcdrojaama komplekt 12V + H\u00fcdrosilinder 8T K\u00e4ik: 1300mm - H\u00fcdraulika komponendid, h\u00fcdropumbad, h\u00fcdraulilised jagajad, h\u00fcdrosilindrid, h\u00fcdropumbad, h\u00fcdraulika \u00f5lid ja h\u00fcdromootorid. P\u00f5llumajandus h\u00fcdraulika, h\u00fcdrovoolikud ja h\u00fcdrojaamad.","robots":{"index":"index","follow":"follow","max-snippet":"max-snippet:-1","max-image-preview":"max-image-preview:large","max-video-preview":"max-video-preview:-1"},"canonical":"https:\/\/flexib.ee\/sv\/toode\/hudrojaama-komplekt-12v-hudrosilinder-8t-kaik-1300mm\/","og_locale":"sv_SE","og_type":"article","og_title":"H\u00fcdrojaama komplekt 12V + H\u00fcdrosilinder 8T K\u00e4ik: 1300mm - Flexib h\u00fcdraulika","og_description":"H\u00fcdrojaama komplekt 12V + H\u00fcdrosilinder 8T K\u00e4ik: 1300mm - H\u00fcdraulika komponendid, h\u00fcdropumbad, h\u00fcdraulilised jagajad, h\u00fcdrosilindrid, h\u00fcdropumbad, h\u00fcdraulika \u00f5lid ja h\u00fcdromootorid. P\u00f5llumajandus h\u00fcdraulika, h\u00fcdrovoolikud ja h\u00fcdrojaamad.","og_url":"https:\/\/flexib.ee\/sv\/toode\/hudrojaama-komplekt-12v-hudrosilinder-8t-kaik-1300mm\/","og_site_name":"Flexib h\u00fcdraulika","article_modified_time":"2025-04-07T09:21:14+00:00","og_image":[{"width":500,"height":500,"url":"https:\/\/flexib.ee\/wp-content\/uploads\/2025\/04\/kalluri-hudraulika.webp","type":"image\/webp"}],"twitter_card":"summary_large_image","twitter_misc":{"Ber\u00e4knad l\u00e4stid":"1 minut"},"schema":{"@context":"https:\/\/schema.org","@graph":[{"@type":"WebPage","@id":"https:\/\/flexib.ee\/sv\/toode\/hudrojaama-komplekt-12v-hudrosilinder-8t-kaik-1300mm\/","url":"https:\/\/flexib.ee\/sv\/toode\/hudrojaama-komplekt-12v-hudrosilinder-8t-kaik-1300mm\/","name":"H\u00fcdrojaama komplekt 12V + H\u00fcdrosilinder 8T K\u00e4ik: 1300mm - Flexib h\u00fcdraulika","isPartOf":{"@id":"https:\/\/flexib.ee\/sv\/#website"},"datePublished":"2025-04-07T09:14:38+00:00","dateModified":"2025-04-07T09:21:14+00:00","description":"H\u00fcdrojaama komplekt 12V + H\u00fcdrosilinder 8T K\u00e4ik: 1300mm - H\u00fcdraulika komponendid, h\u00fcdropumbad, h\u00fcdraulilised jagajad, h\u00fcdrosilindrid, h\u00fcdropumbad, h\u00fcdraulika \u00f5lid ja h\u00fcdromootorid. P\u00f5llumajandus h\u00fcdraulika, h\u00fcdrovoolikud ja h\u00fcdrojaamad.","breadcrumb":{"@id":"https:\/\/flexib.ee\/sv\/toode\/hudrojaama-komplekt-12v-hudrosilinder-8t-kaik-1300mm\/#breadcrumb"},"inLanguage":"sv-SE","potentialAction":[{"@type":"ReadAction","target":["https:\/\/flexib.ee\/sv\/toode\/hudrojaama-komplekt-12v-hudrosilinder-8t-kaik-1300mm\/"]}]},{"@type":"BreadcrumbList","@id":"https:\/\/flexib.ee\/sv\/toode\/hudrojaama-komplekt-12v-hudrosilinder-8t-kaik-1300mm\/#breadcrumb","itemListElement":[{"@type":"ListItem","position":1,"name":"Flexib","item":"https:\/\/flexib.ee\/sv\/"},{"@type":"ListItem","position":2,"name":"Butik","item":"https:\/\/flexib.ee\/sv\/butik\/"},{"@type":"ListItem","position":3,"name":"H\u00fcdrojaama komplekt 12V + H\u00fcdrosilinder 8T K\u00e4ik: 1300mm"}]},{"@type":"WebSite","@id":"https:\/\/flexib.ee\/sv\/#website","url":"https:\/\/flexib.ee\/sv\/","name":"Flexib h\u00fcdraulika","description":"H\u00fcdraulika tarvikud ja komponendid.","publisher":{"@id":"https:\/\/flexib.ee\/sv\/#organization"},"potentialAction":[{"@type":"SearchAction","target":{"@type":"EntryPoint","urlTemplate":"https:\/\/flexib.ee\/sv\/?s={search_term_string}"},"query-input":"required name=search_term_string"}],"inLanguage":"sv-SE"},{"@type":"Organization","@id":"https:\/\/flexib.ee\/sv\/#organization","name":"Flexib H\u00fcdraulika","url":"https:\/\/flexib.ee\/sv\/","logo":{"@type":"ImageObject","inLanguage":"sv-SE","@id":"https:\/\/flexib.ee\/sv\/#\/schema\/logo\/image\/","url":"https:\/\/flexib.ee\/wp-content\/uploads\/2020\/08\/FLEXIB-2.png","contentUrl":"https:\/\/flexib.ee\/wp-content\/uploads\/2020\/08\/FLEXIB-2.png","width":500,"height":500,"caption":"Flexib H\u00fcdraulika"},"image":{"@id":"https:\/\/flexib.ee\/sv\/#\/schema\/logo\/image\/"}}]}},"_links":{"self":[{"href":"https:\/\/flexib.ee\/sv\/wp-json\/wp\/v2\/product\/28504"}],"collection":[{"href":"https:\/\/flexib.ee\/sv\/wp-json\/wp\/v2\/product"}],"about":[{"href":"https:\/\/flexib.ee\/sv\/wp-json\/wp\/v2\/types\/product"}],"wp:featuredmedia":[{"embeddable":true,"href":"https:\/\/flexib.ee\/sv\/wp-json\/wp\/v2\/media\/28508"}],"wp:attachment":[{"href":"https:\/\/flexib.ee\/sv\/wp-json\/wp\/v2\/media?parent=28504"}],"wp:term":[{"taxonomy":"product_cat","embeddable":true,"href":"https:\/\/flexib.ee\/sv\/wp-json\/wp\/v2\/product_cat?post=28504"},{"taxonomy":"product_tag","embeddable":true,"href":"https:\/\/flexib.ee\/sv\/wp-json\/wp\/v2\/product_tag?post=28504"}],"curies":[{"name":"wp","href":"https:\/\/api.w.org\/{rel}","templated":true}]}}