{"id":27965,"date":"2025-03-05T20:37:44","date_gmt":"2025-03-05T17:37:44","guid":{"rendered":"https:\/\/flexib.ee\/?post_type=product&#038;p=27965"},"modified":"2025-03-05T20:41:51","modified_gmt":"2025-03-05T17:41:51","slug":"hudrovooliku-press-uniflex-sc-3","status":"publish","type":"product","link":"https:\/\/flexib.ee\/sv\/toode\/hudrovooliku-press-uniflex-sc-3\/","title":{"rendered":"H\u00fcdrovooliku press Uniflex SC 3"},"content":{"rendered":"<p data-start=\"74\" data-end=\"312\">\n<p data-start=\"74\" data-end=\"481\"><strong data-start=\"74\" data-end=\"89\">SC 3 seeria<\/strong><br data-start=\"89\" data-end=\"92\" \/>\u00d5hukese, uuendusliku disaini, k\u00f5rge kasutajas\u00f5bralikkuse, mitmek\u00fclgsuse ja pika t\u00f6\u00f6ea t\u00f5ttu seab SC 3 seeria kvaliteedi ja kuluefektiivsuse standardid. Selle kompaktne disain v\u00f5imaldab ergonoomilist t\u00f6\u00f6d. Pikad baashaud v\u00f5imaldavad suruda 90\u00b0 liitmikke kuni 1 1\/4-tollise suuruseni ning t\u00f5estatud m\u00e4\u00e4rdeaineteta libislaagertehnoloogia v\u00e4hendab hoolduskulusid ja t\u00f5stab tootmise kvaliteeti.<\/p>\n<p data-start=\"483\" data-end=\"499\"><strong data-start=\"483\" data-end=\"497\">Variandid:<\/strong><\/p>\n<ul data-start=\"500\" data-end=\"552\">\n<li data-start=\"500\" data-end=\"516\">SC 3 Ecoline (pilt 1)<\/li>\n<li data-start=\"517\" data-end=\"533\">SC 4 Ecoline<\/li>\n<li data-start=\"534\" data-end=\"552\">SC 4 Ecoline C.2 (pilt 2)<\/li>\n<\/ul>\n<hr data-start=\"554\" data-end=\"557\" \/>\n<h3 data-start=\"559\" data-end=\"571\">Omadused<\/h3>\n<ul data-start=\"573\" data-end=\"1080\">\n<li data-start=\"573\" data-end=\"593\"><strong data-start=\"575\" data-end=\"593\">Suur avamisala<\/strong><\/li>\n<li data-start=\"594\" data-end=\"679\"><strong data-start=\"596\" data-end=\"640\">Lihtne surumine k\u00fc\u00fcnarnukiliitmike puhul<\/strong> \u2013 ei ole vaja surumandreid eemaldada<\/li>\n<li data-start=\"680\" data-end=\"732\"><strong data-start=\"682\" data-end=\"702\">Kompaktne disain<\/strong> \u2013 leiab ruumi igas t\u00f6\u00f6tubas<\/li>\n<li data-start=\"733\" data-end=\"821\"><strong data-start=\"735\" data-end=\"776\">M\u00e4\u00e4rdeaineteta libislaagertehnoloogia<\/strong> \u2013 tagab puhtama t\u00f6\u00f6 ja pikema masina t\u00f6\u00f6ea<\/li>\n<li data-start=\"822\" data-end=\"886\"><strong data-start=\"824\" data-end=\"850\">Maksimaalne tootlikkus<\/strong> \u00e4\u00e4rmiselt madalate k\u00e4ituskuludega<\/li>\n<li data-start=\"887\" data-end=\"929\"><strong data-start=\"889\" data-end=\"929\">Ei saasta vooliku liini m\u00e4\u00e4rdeainega<\/strong><\/li>\n<li data-start=\"930\" data-end=\"975\"><strong data-start=\"932\" data-end=\"975\">Ideaalne toidu- ja farmaatsiat\u00f6\u00f6stusele<\/strong><\/li>\n<li data-start=\"976\" data-end=\"1015\"><strong data-start=\"978\" data-end=\"1015\">V\u00e4hendab surumisj\u00f5u kadu kuni 20%<\/strong><\/li>\n<li data-start=\"1016\" data-end=\"1055\"><strong data-start=\"1018\" data-end=\"1055\">Stabiilsus protsessis ja korduvus<\/strong><\/li>\n<li data-start=\"1056\" data-end=\"1080\"><strong data-start=\"1058\" data-end=\"1080\">Vastab CE n\u00f5uetele<\/strong><\/li>\n<li data-start=\"1056\" data-end=\"1080\"><strong>Toodetud Saksamaal<\/strong><\/li>\n<\/ul>\n<hr data-start=\"1082\" data-end=\"1085\" \/>\n<h3 data-start=\"1087\" data-end=\"1108\">Tehnilised andmed<\/h3>\n<table data-start=\"1110\" data-end=\"4131\">\n<thead data-start=\"1110\" data-end=\"1225\">\n<tr data-start=\"1110\" data-end=\"1225\">\n<th data-start=\"1110\" data-end=\"1159\">Parameeter<\/th>\n<th data-start=\"1159\" data-end=\"1180\">SC 3 Ecoline<\/th>\n<th data-start=\"1180\" data-end=\"1201\">SC 4 Ecoline<\/th>\n<th data-start=\"1201\" data-end=\"1225\">SC 4 Ecoline C.2<\/th>\n<\/tr>\n<\/thead>\n<tbody data-start=\"1342\" data-end=\"4131\">\n<tr data-start=\"1342\" data-end=\"1458\">\n<td><strong data-start=\"1344\" data-end=\"1369\">Surumisj\u00f5ud (kN\/tonn)<\/strong><\/td>\n<td>1200 \/ 120<\/td>\n<td>1800 \/ 180<\/td>\n<td>1800 \/ 180<\/td>\n<\/tr>\n<tr data-start=\"1459\" data-end=\"1574\">\n<td><strong data-start=\"1461\" data-end=\"1474\">Juhtimine<\/strong><\/td>\n<td>Control A<\/td>\n<td>Control A<\/td>\n<td>Control C.2 + Touch<\/td>\n<\/tr>\n<tr data-start=\"1575\" data-end=\"1691\">\n<td><em data-start=\"1577\" data-end=\"1611\">SAE R 12 \/ 4SP 1-osaline liitm<\/em>*<\/td>\n<td>1\u00bd\u2033<\/td>\n<td>2\u2033<\/td>\n<td>2\u2033<\/td>\n<\/tr>\n<tr data-start=\"1692\" data-end=\"1806\">\n<td><em data-start=\"1694\" data-end=\"1728\">SAE R 15 \/ 4SH 2-osaline liitm<\/em>*<\/td>\n<td>1\u2033<\/td>\n<td>1\u00bc\u2033<\/td>\n<td>1\u00bd\u2033<\/td>\n<\/tr>\n<tr data-start=\"1807\" data-end=\"1923\">\n<td><em data-start=\"1809\" data-end=\"1843\">SAE R 12 \/ 4SP 2-osaline liitm<\/em>*<\/td>\n<td>1\u00bc\u2033<\/td>\n<td>2\u2033<\/td>\n<td>2\u2033<\/td>\n<\/tr>\n<tr data-start=\"1924\" data-end=\"2039\">\n<td><strong data-start=\"1926\" data-end=\"1957\">Maksimaalne surumisala (mm)<\/strong><\/td>\n<td>70<\/td>\n<td>70<\/td>\n<td>70<\/td>\n<\/tr>\n<tr data-start=\"2040\" data-end=\"2156\">\n<td><strong data-start=\"2042\" data-end=\"2065\">Avamisharjumus (mm)<\/strong><\/td>\n<td>+35<\/td>\n<td>+35<\/td>\n<td>+35<\/td>\n<\/tr>\n<tr data-start=\"2157\" data-end=\"2273\">\n<td><strong data-start=\"2159\" data-end=\"2195\">Avamine ilma surumandriteta (mm)<\/strong><\/td>\n<td>105<\/td>\n<td>105<\/td>\n<td>105<\/td>\n<\/tr>\n<tr data-start=\"2274\" data-end=\"2390\">\n<td><strong data-start=\"2276\" data-end=\"2301\">Baashaudi pikkus (mm)<\/strong><\/td>\n<td>100<\/td>\n<td>100<\/td>\n<td>100<\/td>\n<\/tr>\n<tr data-start=\"2391\" data-end=\"2506\">\n<td><strong data-start=\"2393\" data-end=\"2414\">Surumandrite t\u00fc\u00fcp<\/strong><\/td>\n<td>239-xx-\u00d8<\/td>\n<td>239-xx<\/td>\n<td>239-xx<\/td>\n<\/tr>\n<tr data-start=\"2507\" data-end=\"2622\">\n<td><strong data-start=\"2509\" data-end=\"2520\">T\u00f6\u00f6stus<\/strong><\/td>\n<td>2\u2033<\/td>\n<td>2\u2033<\/td>\n<td>2\u2033<\/td>\n<\/tr>\n<tr data-start=\"2623\" data-end=\"2735\">\n<td><strong data-start=\"2625\" data-end=\"2640\">90\u00b0 kumerus<\/strong><\/td>\n<td>1\u00bd\u2033<\/td>\n<td>1\u00bd\u2033<\/td>\n<td>1\u00bd\u2033<\/td>\n<\/tr>\n<tr data-start=\"2736\" data-end=\"2852\">\n<td><strong data-start=\"2738\" data-end=\"2763\">Sulgemiskiirus (mm\/s)<\/strong><\/td>\n<td>4<\/td>\n<td>2.7<\/td>\n<td>2.7<\/td>\n<\/tr>\n<tr data-start=\"2853\" data-end=\"2969\">\n<td><strong data-start=\"2855\" data-end=\"2879\">Surumiskiirus (mm\/s)<\/strong><\/td>\n<td>4<\/td>\n<td>2.7<\/td>\n<td>2.7<\/td>\n<\/tr>\n<tr data-start=\"2970\" data-end=\"3086\">\n<td><strong data-start=\"2972\" data-end=\"2995\">Avamiskiirus (mm\/s)<\/strong><\/td>\n<td>6.5<\/td>\n<td>4.7<\/td>\n<td>4.7<\/td>\n<\/tr>\n<tr data-start=\"3087\" data-end=\"3203\">\n<td><strong data-start=\"3089\" data-end=\"3108\">M\u00fcra tase (dBA)<\/strong><\/td>\n<td>69<\/td>\n<td>69<\/td>\n<td>69<\/td>\n<\/tr>\n<tr data-start=\"3204\" data-end=\"3320\">\n<td><strong data-start=\"3206\" data-end=\"3230\">Mootori v\u00f5imsus (kW)<\/strong><\/td>\n<td>3 kW, 3 VAC<\/td>\n<td>3 kW, 3 VAC<\/td>\n<td>3 kW, 3 VAC<\/td>\n<\/tr>\n<tr data-start=\"3321\" data-end=\"3436\">\n<td><strong data-start=\"3323\" data-end=\"3334\">\u00d5li (l)<\/strong><\/td>\n<td>35<\/td>\n<td>35<\/td>\n<td>35<\/td>\n<\/tr>\n<tr data-start=\"3437\" data-end=\"3553\">\n<td><strong data-start=\"3439\" data-end=\"3461\">Masina pikkus (mm)<\/strong><\/td>\n<td>592<\/td>\n<td>592<\/td>\n<td>720<\/td>\n<\/tr>\n<tr data-start=\"3554\" data-end=\"3670\">\n<td><strong data-start=\"3556\" data-end=\"3577\">Masina laius (mm)<\/strong><\/td>\n<td>545<\/td>\n<td>545<\/td>\n<td>600<\/td>\n<\/tr>\n<tr data-start=\"3671\" data-end=\"3787\">\n<td><strong data-start=\"3673\" data-end=\"3695\">Masina k\u00f5rgus (mm)<\/strong><\/td>\n<td>672<\/td>\n<td>672<\/td>\n<td>672<\/td>\n<\/tr>\n<tr data-start=\"3788\" data-end=\"3903\">\n<td><strong data-start=\"3790\" data-end=\"3803\">Kaal (kg)<\/strong><\/td>\n<td>150<\/td>\n<td>160<\/td>\n<td>203<\/td>\n<\/tr>\n<tr data-start=\"3904\" data-end=\"4017\">\n<td><strong data-start=\"3906\" data-end=\"3917\">Valikud<\/strong><\/td>\n<td>12 VDC \/ 24 VDC<\/td>\n<td>\u2013<\/td>\n<td>\u2013<\/td>\n<\/tr>\n<tr data-start=\"4018\" data-end=\"4131\" data-is-only-node=\"\">\n<td><strong data-start=\"4020\" data-end=\"4030\">1 faas<\/strong><\/td>\n<td>1 faas<\/td>\n<td>1 faas<\/td>\n<td>1 faas<\/td>\n<\/tr>\n<\/tbody>\n<\/table>\n<ul data-start=\"4133\" data-end=\"4159\">\n<li data-start=\"4133\" data-end=\"4159\">S\u00f5ltub liitmiku t\u00fc\u00fcbist.<\/li>\n<\/ul>\n<hr data-start=\"4161\" data-end=\"4164\" \/>\n<h3 data-start=\"4166\" data-end=\"4191\">Pressimandrite andmed<\/h3>\n<table data-start=\"4193\" data-end=\"4859\">\n<thead data-start=\"4193\" data-end=\"4215\">\n<tr data-start=\"4193\" data-end=\"4215\">\n<th data-start=\"4193\" data-end=\"4202\">\u00d8 (mm)<\/th>\n<th data-start=\"4202\" data-end=\"4215\">Pikkus (mm)<\/th>\n<\/tr>\n<\/thead>\n<tbody data-start=\"4239\" data-end=\"4859\">\n<tr data-start=\"4239\" data-end=\"4261\">\n<td>6.8<\/td>\n<td>50<\/td>\n<\/tr>\n<tr data-start=\"4262\" data-end=\"4284\">\n<td>9<\/td>\n<td>50<\/td>\n<\/tr>\n<tr data-start=\"4285\" data-end=\"4307\">\n<td>10<\/td>\n<td>50<\/td>\n<\/tr>\n<tr data-start=\"4308\" data-end=\"4330\">\n<td>12<\/td>\n<td>65<\/td>\n<\/tr>\n<tr data-start=\"4331\" data-end=\"4353\">\n<td>14<\/td>\n<td>65<\/td>\n<\/tr>\n<tr data-start=\"4354\" data-end=\"4376\">\n<td>16<\/td>\n<td>65<\/td>\n<\/tr>\n<tr data-start=\"4377\" data-end=\"4399\">\n<td>17<\/td>\n<td>65<\/td>\n<\/tr>\n<tr data-start=\"4400\" data-end=\"4422\">\n<td>19<\/td>\n<td>65<\/td>\n<\/tr>\n<tr data-start=\"4423\" data-end=\"4445\">\n<td>20<\/td>\n<td>65<\/td>\n<\/tr>\n<tr data-start=\"4446\" data-end=\"4468\">\n<td>22<\/td>\n<td>65<\/td>\n<\/tr>\n<tr data-start=\"4469\" data-end=\"4491\">\n<td>24<\/td>\n<td>65<\/td>\n<\/tr>\n<tr data-start=\"4492\" data-end=\"4514\">\n<td>26<\/td>\n<td>65<\/td>\n<\/tr>\n<tr data-start=\"4515\" data-end=\"4537\">\n<td>28<\/td>\n<td>80<\/td>\n<\/tr>\n<tr data-start=\"4538\" data-end=\"4560\">\n<td>30<\/td>\n<td>80<\/td>\n<\/tr>\n<tr data-start=\"4561\" data-end=\"4583\">\n<td>31<\/td>\n<td>80<\/td>\n<\/tr>\n<tr data-start=\"4584\" data-end=\"4606\">\n<td>32<\/td>\n<td>80<\/td>\n<\/tr>\n<tr data-start=\"4607\" data-end=\"4629\">\n<td>34<\/td>\n<td>80<\/td>\n<\/tr>\n<tr data-start=\"4630\" data-end=\"4652\">\n<td>36<\/td>\n<td>80<\/td>\n<\/tr>\n<tr data-start=\"4653\" data-end=\"4675\">\n<td>38<\/td>\n<td>80<\/td>\n<\/tr>\n<tr data-start=\"4676\" data-end=\"4698\">\n<td>39<\/td>\n<td>80<\/td>\n<\/tr>\n<tr data-start=\"4699\" data-end=\"4721\">\n<td>40<\/td>\n<td>80<\/td>\n<\/tr>\n<tr data-start=\"4722\" data-end=\"4744\">\n<td>44<\/td>\n<td>80<\/td>\n<\/tr>\n<tr data-start=\"4745\" data-end=\"4767\">\n<td>47<\/td>\n<td>100<\/td>\n<\/tr>\n<tr data-start=\"4768\" data-end=\"4790\" data-is-only-node=\"\">\n<td>50<\/td>\n<td>100<\/td>\n<\/tr>\n<tr data-start=\"4791\" data-end=\"4813\">\n<td>54<\/td>\n<td>100<\/td>\n<\/tr>\n<tr data-start=\"4814\" data-end=\"4836\">\n<td>57<\/td>\n<td>100<\/td>\n<\/tr>\n<tr data-start=\"4837\" data-end=\"4859\">\n<td>62<\/td>\n<td>100<\/td>\n<\/tr>\n<\/tbody>\n<\/table>\n<hr data-start=\"4861\" data-end=\"4864\" \/>\n<h3 data-start=\"4866\" data-end=\"4892\">Esimese klassi eelised<\/h3>\n<ul data-start=\"4894\" data-end=\"4966\">\n<li data-start=\"4894\" data-end=\"4914\"><strong data-start=\"4896\" data-end=\"4914\">M\u00e4\u00e4rdeaineteta<\/strong><\/li>\n<li data-start=\"4915\" data-end=\"4933\"><strong data-start=\"4917\" data-end=\"4933\">Universaalne<\/strong><\/li>\n<li data-start=\"4934\" data-end=\"4947\"><strong data-start=\"4936\" data-end=\"4947\">Ecoline<\/strong><\/li>\n<\/ul>\n<hr data-start=\"4968\" data-end=\"4971\" \/>\n<h3 data-start=\"4973\" data-end=\"4983\">Pakett<\/h3>\n<p data-start=\"4985\" data-end=\"5049\">J\u00e4rgnevad tooted on kaasas tootega ja on hinnas kaasa arvatud:<\/p>\n<ul data-start=\"5051\" data-end=\"5168\">\n<li data-start=\"5051\" data-end=\"5134\"><strong data-start=\"5053\" data-end=\"5064\">Pakett:<\/strong> Masin + PB \u00d8 17, 20, 24, 28, 32, 40, 44, 50 + QDS 239 B + QDC 239.5<\/li>\n<li data-start=\"5135\" data-end=\"5152\"><strong data-start=\"5137\" data-end=\"5150\">QDS 239 B<\/strong><\/li>\n<li data-start=\"5153\" data-end=\"5168\">QDC 239.5<\/li>\n<\/ul>\n<p data-start=\"5555\" data-end=\"5641\">P\u00e4ring:<\/p>\n<p data-start=\"5555\" data-end=\"5641\">\n<div class=\"wpcf7 no-js\" id=\"wpcf7-f3534-o1\" lang=\"et\" dir=\"ltr\">\n<div class=\"screen-reader-response\"><p role=\"status\" aria-live=\"polite\" aria-atomic=\"true\"><\/p> <ul><\/ul><\/div>\n<form action=\"\/sv\/wp-json\/wp\/v2\/product\/27965#wpcf7-f3534-o1\" method=\"post\" class=\"wpcf7-form init\" aria-label=\"Contact form\" novalidate=\"novalidate\" data-status=\"init\">\n<div style=\"display: none;\">\n<input type=\"hidden\" name=\"_wpcf7\" value=\"3534\" \/>\n<input type=\"hidden\" name=\"_wpcf7_version\" value=\"5.7.4\" \/>\n<input type=\"hidden\" name=\"_wpcf7_locale\" value=\"et\" \/>\n<input type=\"hidden\" name=\"_wpcf7_unit_tag\" value=\"wpcf7-f3534-o1\" \/>\n<input type=\"hidden\" name=\"_wpcf7_container_post\" value=\"0\" \/>\n<input type=\"hidden\" name=\"_wpcf7_posted_data_hash\" value=\"\" \/>\n<input type=\"hidden\" name=\"_wpcf7_recaptcha_response\" value=\"\" \/>\n<\/div>\n<p><label> E-mail<br \/>\n<span class=\"wpcf7-form-control-wrap\" data-name=\"your-email\"><input size=\"40\" class=\"wpcf7-form-control wpcf7-text wpcf7-email wpcf7-validates-as-required wpcf7-validates-as-email\" aria-required=\"true\" aria-invalid=\"false\" value=\"\" type=\"email\" name=\"your-email\" \/><\/span> <\/label>\n<\/p>\n<p><label> S\u00f5num<br \/>\n<span class=\"wpcf7-form-control-wrap\" data-name=\"your-message\"><textarea cols=\"40\" rows=\"10\" class=\"wpcf7-form-control wpcf7-textarea wpcf7-validates-as-required\" aria-required=\"true\" aria-invalid=\"false\" name=\"your-message\"><\/textarea><\/span> <\/label>\n<\/p>\n<p><input class=\"wpcf7-form-control has-spinner wpcf7-submit\" type=\"submit\" value=\"Saada\" \/>\n<\/p><div class=\"wpcf7-response-output\" aria-hidden=\"true\"><\/div>\n<\/form>\n<\/div>\n","protected":false},"excerpt":{"rendered":"<p>SC 3 seeria\u00d5hukese, uuendusliku disaini, k\u00f5rge kasutajas\u00f5bralikkuse, mitmek\u00fclgsuse ja pika t\u00f6\u00f6ea t\u00f5ttu seab SC 3 seeria kvaliteedi ja kuluefektiivsuse standardid.<\/p>\n","protected":false},"featured_media":27966,"template":"","meta":[],"product_cat":[1719],"product_tag":[1720],"supplier_id":null,"supplier_sku":"","barcode":null,"atum_controlled":true,"out_stock_date":null,"out_stock_threshold":null,"inheritable":false,"inbound_stock":0,"stock_on_hold":0,"sold_today":0,"sales_last_days":0,"reserved_stock":0,"customer_returns":0,"warehouse_damage":0,"lost_in_post":0,"other_logs":0,"out_stock_days":0,"lost_sales":0,"has_location":false,"update_date":"2026-04-07T00:14:39","atum_locations":[],"atum_stock_status":"onbackorder","restock_status":false,"low_stock_amount":"","sales_update_date":"2026-04-07T00:14:39","calc_backorders":null,"yoast_head":"<!-- This site is optimized with the Yoast SEO plugin v21.0 - https:\/\/yoast.com\/wordpress\/plugins\/seo\/ -->\n<title>H\u00fcdrovooliku press Uniflex SC 3 - Flexib h\u00fcdraulika<\/title>\n<meta name=\"description\" content=\"H\u00fcdrovooliku press Uniflex SC 3 - H\u00fcdraulika komponendid, h\u00fcdropumbad, h\u00fcdraulilised jagajad, h\u00fcdrosilindrid, h\u00fcdropumbad, h\u00fcdraulika \u00f5lid ja h\u00fcdromootorid. P\u00f5llumajandus h\u00fcdraulika, h\u00fcdrovoolikud ja h\u00fcdrojaamad.\" \/>\n<meta name=\"robots\" content=\"index, follow, max-snippet:-1, max-image-preview:large, max-video-preview:-1\" \/>\n<link rel=\"canonical\" href=\"https:\/\/flexib.ee\/sv\/toode\/hudrovooliku-press-uniflex-sc-3\/\" \/>\n<meta property=\"og:locale\" content=\"sv_SE\" \/>\n<meta property=\"og:type\" content=\"article\" \/>\n<meta property=\"og:title\" content=\"H\u00fcdrovooliku press Uniflex SC 3 - Flexib h\u00fcdraulika\" \/>\n<meta property=\"og:description\" content=\"H\u00fcdrovooliku press Uniflex SC 3 - H\u00fcdraulika komponendid, h\u00fcdropumbad, h\u00fcdraulilised jagajad, h\u00fcdrosilindrid, h\u00fcdropumbad, h\u00fcdraulika \u00f5lid ja h\u00fcdromootorid. P\u00f5llumajandus h\u00fcdraulika, h\u00fcdrovoolikud ja h\u00fcdrojaamad.\" \/>\n<meta property=\"og:url\" content=\"https:\/\/flexib.ee\/sv\/toode\/hudrovooliku-press-uniflex-sc-3\/\" \/>\n<meta property=\"og:site_name\" content=\"Flexib h\u00fcdraulika\" \/>\n<meta property=\"article:modified_time\" content=\"2025-03-05T17:41:51+00:00\" \/>\n<meta property=\"og:image\" content=\"https:\/\/flexib.ee\/wp-content\/uploads\/2025\/03\/Hudrovooliku-press-Uniflex-SC-3.png\" \/>\n\t<meta property=\"og:image:width\" content=\"900\" \/>\n\t<meta property=\"og:image:height\" content=\"675\" \/>\n\t<meta property=\"og:image:type\" content=\"image\/png\" \/>\n<meta name=\"twitter:card\" content=\"summary_large_image\" \/>\n<meta name=\"twitter:label1\" content=\"Ber\u00e4knad l\u00e4stid\" \/>\n\t<meta name=\"twitter:data1\" content=\"3 minuter\" \/>\n<script type=\"application\/ld+json\" class=\"yoast-schema-graph\">{\"@context\":\"https:\/\/schema.org\",\"@graph\":[{\"@type\":\"WebPage\",\"@id\":\"https:\/\/flexib.ee\/sv\/toode\/hudrovooliku-press-uniflex-sc-3\/\",\"url\":\"https:\/\/flexib.ee\/sv\/toode\/hudrovooliku-press-uniflex-sc-3\/\",\"name\":\"H\u00fcdrovooliku press Uniflex SC 3 - Flexib h\u00fcdraulika\",\"isPartOf\":{\"@id\":\"https:\/\/flexib.ee\/sv\/#website\"},\"datePublished\":\"2025-03-05T17:37:44+00:00\",\"dateModified\":\"2025-03-05T17:41:51+00:00\",\"description\":\"H\u00fcdrovooliku press Uniflex SC 3 - H\u00fcdraulika komponendid, h\u00fcdropumbad, h\u00fcdraulilised jagajad, h\u00fcdrosilindrid, h\u00fcdropumbad, h\u00fcdraulika \u00f5lid ja h\u00fcdromootorid. P\u00f5llumajandus h\u00fcdraulika, h\u00fcdrovoolikud ja h\u00fcdrojaamad.\",\"breadcrumb\":{\"@id\":\"https:\/\/flexib.ee\/sv\/toode\/hudrovooliku-press-uniflex-sc-3\/#breadcrumb\"},\"inLanguage\":\"sv-SE\",\"potentialAction\":[{\"@type\":\"ReadAction\",\"target\":[\"https:\/\/flexib.ee\/sv\/toode\/hudrovooliku-press-uniflex-sc-3\/\"]}]},{\"@type\":\"BreadcrumbList\",\"@id\":\"https:\/\/flexib.ee\/sv\/toode\/hudrovooliku-press-uniflex-sc-3\/#breadcrumb\",\"itemListElement\":[{\"@type\":\"ListItem\",\"position\":1,\"name\":\"Flexib\",\"item\":\"https:\/\/flexib.ee\/sv\/\"},{\"@type\":\"ListItem\",\"position\":2,\"name\":\"Butik\",\"item\":\"https:\/\/flexib.ee\/sv\/butik\/\"},{\"@type\":\"ListItem\",\"position\":3,\"name\":\"H\u00fcdrovooliku press Uniflex SC 3\"}]},{\"@type\":\"WebSite\",\"@id\":\"https:\/\/flexib.ee\/sv\/#website\",\"url\":\"https:\/\/flexib.ee\/sv\/\",\"name\":\"Flexib h\u00fcdraulika\",\"description\":\"H\u00fcdraulika tarvikud ja komponendid.\",\"publisher\":{\"@id\":\"https:\/\/flexib.ee\/sv\/#organization\"},\"potentialAction\":[{\"@type\":\"SearchAction\",\"target\":{\"@type\":\"EntryPoint\",\"urlTemplate\":\"https:\/\/flexib.ee\/sv\/?s={search_term_string}\"},\"query-input\":\"required name=search_term_string\"}],\"inLanguage\":\"sv-SE\"},{\"@type\":\"Organization\",\"@id\":\"https:\/\/flexib.ee\/sv\/#organization\",\"name\":\"Flexib H\u00fcdraulika\",\"url\":\"https:\/\/flexib.ee\/sv\/\",\"logo\":{\"@type\":\"ImageObject\",\"inLanguage\":\"sv-SE\",\"@id\":\"https:\/\/flexib.ee\/sv\/#\/schema\/logo\/image\/\",\"url\":\"https:\/\/flexib.ee\/wp-content\/uploads\/2020\/08\/FLEXIB-2.png\",\"contentUrl\":\"https:\/\/flexib.ee\/wp-content\/uploads\/2020\/08\/FLEXIB-2.png\",\"width\":500,\"height\":500,\"caption\":\"Flexib H\u00fcdraulika\"},\"image\":{\"@id\":\"https:\/\/flexib.ee\/sv\/#\/schema\/logo\/image\/\"}}]}<\/script>\n<!-- \/ Yoast SEO plugin. -->","yoast_head_json":{"title":"H\u00fcdrovooliku press Uniflex SC 3 - Flexib h\u00fcdraulika","description":"H\u00fcdrovooliku press Uniflex SC 3 - H\u00fcdraulika komponendid, h\u00fcdropumbad, h\u00fcdraulilised jagajad, h\u00fcdrosilindrid, h\u00fcdropumbad, h\u00fcdraulika \u00f5lid ja h\u00fcdromootorid. P\u00f5llumajandus h\u00fcdraulika, h\u00fcdrovoolikud ja h\u00fcdrojaamad.","robots":{"index":"index","follow":"follow","max-snippet":"max-snippet:-1","max-image-preview":"max-image-preview:large","max-video-preview":"max-video-preview:-1"},"canonical":"https:\/\/flexib.ee\/sv\/toode\/hudrovooliku-press-uniflex-sc-3\/","og_locale":"sv_SE","og_type":"article","og_title":"H\u00fcdrovooliku press Uniflex SC 3 - Flexib h\u00fcdraulika","og_description":"H\u00fcdrovooliku press Uniflex SC 3 - H\u00fcdraulika komponendid, h\u00fcdropumbad, h\u00fcdraulilised jagajad, h\u00fcdrosilindrid, h\u00fcdropumbad, h\u00fcdraulika \u00f5lid ja h\u00fcdromootorid. P\u00f5llumajandus h\u00fcdraulika, h\u00fcdrovoolikud ja h\u00fcdrojaamad.","og_url":"https:\/\/flexib.ee\/sv\/toode\/hudrovooliku-press-uniflex-sc-3\/","og_site_name":"Flexib h\u00fcdraulika","article_modified_time":"2025-03-05T17:41:51+00:00","og_image":[{"width":900,"height":675,"url":"https:\/\/flexib.ee\/wp-content\/uploads\/2025\/03\/Hudrovooliku-press-Uniflex-SC-3.png","type":"image\/png"}],"twitter_card":"summary_large_image","twitter_misc":{"Ber\u00e4knad l\u00e4stid":"3 minuter"},"schema":{"@context":"https:\/\/schema.org","@graph":[{"@type":"WebPage","@id":"https:\/\/flexib.ee\/sv\/toode\/hudrovooliku-press-uniflex-sc-3\/","url":"https:\/\/flexib.ee\/sv\/toode\/hudrovooliku-press-uniflex-sc-3\/","name":"H\u00fcdrovooliku press Uniflex SC 3 - Flexib h\u00fcdraulika","isPartOf":{"@id":"https:\/\/flexib.ee\/sv\/#website"},"datePublished":"2025-03-05T17:37:44+00:00","dateModified":"2025-03-05T17:41:51+00:00","description":"H\u00fcdrovooliku press Uniflex SC 3 - H\u00fcdraulika komponendid, h\u00fcdropumbad, h\u00fcdraulilised jagajad, h\u00fcdrosilindrid, h\u00fcdropumbad, h\u00fcdraulika \u00f5lid ja h\u00fcdromootorid. P\u00f5llumajandus h\u00fcdraulika, h\u00fcdrovoolikud ja h\u00fcdrojaamad.","breadcrumb":{"@id":"https:\/\/flexib.ee\/sv\/toode\/hudrovooliku-press-uniflex-sc-3\/#breadcrumb"},"inLanguage":"sv-SE","potentialAction":[{"@type":"ReadAction","target":["https:\/\/flexib.ee\/sv\/toode\/hudrovooliku-press-uniflex-sc-3\/"]}]},{"@type":"BreadcrumbList","@id":"https:\/\/flexib.ee\/sv\/toode\/hudrovooliku-press-uniflex-sc-3\/#breadcrumb","itemListElement":[{"@type":"ListItem","position":1,"name":"Flexib","item":"https:\/\/flexib.ee\/sv\/"},{"@type":"ListItem","position":2,"name":"Butik","item":"https:\/\/flexib.ee\/sv\/butik\/"},{"@type":"ListItem","position":3,"name":"H\u00fcdrovooliku press Uniflex SC 3"}]},{"@type":"WebSite","@id":"https:\/\/flexib.ee\/sv\/#website","url":"https:\/\/flexib.ee\/sv\/","name":"Flexib h\u00fcdraulika","description":"H\u00fcdraulika tarvikud ja komponendid.","publisher":{"@id":"https:\/\/flexib.ee\/sv\/#organization"},"potentialAction":[{"@type":"SearchAction","target":{"@type":"EntryPoint","urlTemplate":"https:\/\/flexib.ee\/sv\/?s={search_term_string}"},"query-input":"required name=search_term_string"}],"inLanguage":"sv-SE"},{"@type":"Organization","@id":"https:\/\/flexib.ee\/sv\/#organization","name":"Flexib H\u00fcdraulika","url":"https:\/\/flexib.ee\/sv\/","logo":{"@type":"ImageObject","inLanguage":"sv-SE","@id":"https:\/\/flexib.ee\/sv\/#\/schema\/logo\/image\/","url":"https:\/\/flexib.ee\/wp-content\/uploads\/2020\/08\/FLEXIB-2.png","contentUrl":"https:\/\/flexib.ee\/wp-content\/uploads\/2020\/08\/FLEXIB-2.png","width":500,"height":500,"caption":"Flexib H\u00fcdraulika"},"image":{"@id":"https:\/\/flexib.ee\/sv\/#\/schema\/logo\/image\/"}}]}},"_links":{"self":[{"href":"https:\/\/flexib.ee\/sv\/wp-json\/wp\/v2\/product\/27965"}],"collection":[{"href":"https:\/\/flexib.ee\/sv\/wp-json\/wp\/v2\/product"}],"about":[{"href":"https:\/\/flexib.ee\/sv\/wp-json\/wp\/v2\/types\/product"}],"wp:featuredmedia":[{"embeddable":true,"href":"https:\/\/flexib.ee\/sv\/wp-json\/wp\/v2\/media\/27966"}],"wp:attachment":[{"href":"https:\/\/flexib.ee\/sv\/wp-json\/wp\/v2\/media?parent=27965"}],"wp:term":[{"taxonomy":"product_cat","embeddable":true,"href":"https:\/\/flexib.ee\/sv\/wp-json\/wp\/v2\/product_cat?post=27965"},{"taxonomy":"product_tag","embeddable":true,"href":"https:\/\/flexib.ee\/sv\/wp-json\/wp\/v2\/product_tag?post=27965"}],"curies":[{"name":"wp","href":"https:\/\/api.w.org\/{rel}","templated":true}]}}