{"id":27958,"date":"2025-03-05T20:28:36","date_gmt":"2025-03-05T17:28:36","guid":{"rendered":"https:\/\/flexib.ee\/?post_type=product&#038;p=27958"},"modified":"2025-03-05T20:39:58","modified_gmt":"2025-03-05T17:39:58","slug":"hudrovooliku-press-uniflex-hm-200","status":"publish","type":"product","link":"https:\/\/flexib.ee\/sv\/toode\/hudrovooliku-press-uniflex-hm-200\/","title":{"rendered":"H\u00fcdrovooliku press Uniflex HM 200"},"content":{"rendered":"<p data-start=\"74\" data-end=\"312\"><strong data-start=\"74\" data-end=\"116\">V\u00f5rreldamatu klassikaline voolikupress<\/strong><br data-start=\"116\" data-end=\"119\" \/>1 \u00bc\u201d suuruses pakub \u00fcletamatut kvaliteedi ja kuluefektiivsuse standardit t\u00e4nu oma \u00f5hukesele, uuenduslikule disainile, k\u00f5rgele kasutajas\u00f5bralikkusele, mitmek\u00fclgsusele ja pikale t\u00f6\u00f6ea kestvusele.<\/p>\n<p data-start=\"314\" data-end=\"348\"><strong data-start=\"314\" data-end=\"346\">Ergonoomiline t\u00f6\u00f6 ja hooldus<\/strong><\/p>\n<ul data-start=\"349\" data-end=\"555\">\n<li data-start=\"349\" data-end=\"410\">Kompaktne disain v\u00f5imaldab ergonoomilist t\u00f6\u00f6d t\u00f6\u00f6tubades.<\/li>\n<li data-start=\"411\" data-end=\"480\">Tugevate baashaudade kasutamine v\u00f5imaldab suruda k\u00f5iki liitmikke.<\/li>\n<li data-start=\"481\" data-end=\"555\">T\u00f5estatud m\u00e4\u00e4rdeaineteta libislaagertehnoloogia v\u00e4hendab hoolduskulusid.<\/li>\n<\/ul>\n<p data-start=\"557\" data-end=\"582\"><strong data-start=\"557\" data-end=\"580\">Saadaval variandid:<\/strong><\/p>\n<ul data-start=\"583\" data-end=\"613\">\n<li data-start=\"583\" data-end=\"596\">HM 200 DC<\/li>\n<li data-start=\"597\" data-end=\"613\">HM 200 Ecoline<\/li>\n<\/ul>\n<hr data-start=\"615\" data-end=\"618\" \/>\n<h3 data-start=\"620\" data-end=\"638\">Toote omadused<\/h3>\n<ul data-start=\"640\" data-end=\"1235\">\n<li data-start=\"640\" data-end=\"660\"><strong data-start=\"642\" data-end=\"660\">Suur avamisala<\/strong><\/li>\n<li data-start=\"661\" data-end=\"729\"><strong data-start=\"663\" data-end=\"695\">Lihtne nurkliitmike surumine<\/strong> ilma surumandrite eemaldamiseta<\/li>\n<li data-start=\"730\" data-end=\"782\"><strong data-start=\"732\" data-end=\"752\">Kompaktne disain<\/strong> \u2013 leiab ruumi igas t\u00f6\u00f6tubas<\/li>\n<li data-start=\"783\" data-end=\"823\"><strong data-start=\"785\" data-end=\"823\">Ideaalne kohapealseks teeninduseks<\/strong><\/li>\n<li data-start=\"824\" data-end=\"915\"><strong data-start=\"826\" data-end=\"867\">M\u00e4\u00e4rdeaineteta libislaagertehnoloogia<\/strong> \u2013 tagab puhtama t\u00f6\u00f6 ja pikema masinate eluiga<\/li>\n<li data-start=\"916\" data-end=\"980\"><strong data-start=\"918\" data-end=\"944\">Maksimaalne tootlikkus<\/strong> \u00e4\u00e4rmiselt madalate k\u00e4ituskuludega<\/li>\n<li data-start=\"981\" data-end=\"1023\"><strong data-start=\"983\" data-end=\"1023\">Ei saasta vooliku liini m\u00e4\u00e4rdeainega<\/strong><\/li>\n<li data-start=\"1024\" data-end=\"1067\"><strong data-start=\"1026\" data-end=\"1067\">Ideaalne toidu- ja farmatset\u00f6\u00f6stusele<\/strong><\/li>\n<li data-start=\"1068\" data-end=\"1109\"><strong data-start=\"1070\" data-end=\"1098\">V\u00e4hendab surumisj\u00f5u kadu<\/strong> kuni 20%<\/li>\n<li data-start=\"1110\" data-end=\"1149\"><strong data-start=\"1112\" data-end=\"1149\">Stabiilsus protsessis ja korduvus<\/strong><\/li>\n<li data-start=\"1150\" data-end=\"1210\"><strong data-start=\"1152\" data-end=\"1172\">Ecoline versioon<\/strong> \u2013 algtaseme mudel samas kvaliteedis<\/li>\n<li data-start=\"1211\" data-end=\"1235\"><strong data-start=\"1213\" data-end=\"1235\">CE-n\u00f5uetele vastav<\/strong><\/li>\n<li><strong>Toodetud Saksamaal<\/strong><\/li>\n<\/ul>\n<hr data-start=\"1237\" data-end=\"1240\" \/>\n<h3 data-start=\"1242\" data-end=\"1263\">Tehnilised andmed<\/h3>\n<p data-start=\"1265\" data-end=\"1294\"><strong data-start=\"1265\" data-end=\"1294\">HM 200 vs HM 200 Ecoline:<\/strong><\/p>\n<table data-start=\"1296\" data-end=\"4757\">\n<thead data-start=\"1296\" data-end=\"1418\">\n<tr data-start=\"1296\" data-end=\"1418\">\n<th data-start=\"1296\" data-end=\"1344\">Parameeter<\/th>\n<th data-start=\"1344\" data-end=\"1371\">HM 200<\/th>\n<th data-start=\"1371\" data-end=\"1418\">HM 200 Ecoline<\/th>\n<\/tr>\n<\/thead>\n<tbody data-start=\"1542\" data-end=\"4757\">\n<tr data-start=\"1542\" data-end=\"1665\">\n<td><strong data-start=\"1544\" data-end=\"1569\">Surumisj\u00f5ud (kN\/tonn)<\/strong><\/td>\n<td>1300 \/ 130<\/td>\n<td>1300 \/ 130<\/td>\n<\/tr>\n<tr data-start=\"1666\" data-end=\"1787\">\n<td><em data-start=\"1668\" data-end=\"1702\">SAE R 12 \/ 4SP 1-osaline liitm<\/em>*<\/td>\n<td>1\u00bd\u2033<\/td>\n<td>1\u00bd\u2033<\/td>\n<\/tr>\n<tr data-start=\"1788\" data-end=\"1909\">\n<td><em data-start=\"1790\" data-end=\"1824\">SAE R 15 \/ 4SH 2-osaline liitm<\/em>*<\/td>\n<td>1\u2033<\/td>\n<td>1\u2033<\/td>\n<\/tr>\n<tr data-start=\"1910\" data-end=\"2031\">\n<td><em data-start=\"1912\" data-end=\"1946\">SAE R 12 \/ 4SP 2-osaline liitm<\/em>*<\/td>\n<td>1\u00bc\u2033<\/td>\n<td>1\u00bc\u2033<\/td>\n<\/tr>\n<tr data-start=\"2032\" data-end=\"2153\">\n<td><strong data-start=\"2034\" data-end=\"2065\">Maksimaalne surumisala (mm)<\/strong><\/td>\n<td>70<\/td>\n<td>70<\/td>\n<\/tr>\n<tr data-start=\"2154\" data-end=\"2276\">\n<td><strong data-start=\"2156\" data-end=\"2179\">Avamisharjumus (mm)<\/strong><\/td>\n<td>+30<\/td>\n<td>+30<\/td>\n<\/tr>\n<tr data-start=\"2277\" data-end=\"2399\">\n<td><strong data-start=\"2279\" data-end=\"2315\">Avamine ilma surumandriteta (mm)<\/strong><\/td>\n<td>100<\/td>\n<td>100<\/td>\n<\/tr>\n<tr data-start=\"2400\" data-end=\"2522\">\n<td><strong data-start=\"2402\" data-end=\"2427\">Baaspikkus (mm)<\/strong><\/td>\n<td>75<\/td>\n<td>75<\/td>\n<\/tr>\n<tr data-start=\"2523\" data-end=\"2645\">\n<td><strong data-start=\"2525\" data-end=\"2546\">Surumandrite t\u00fc\u00fcp<\/strong><\/td>\n<td>239<\/td>\n<td>239<\/td>\n<\/tr>\n<tr data-start=\"2646\" data-end=\"2767\">\n<td><strong data-start=\"2648\" data-end=\"2681\">Fitting\u00a0<\/strong><\/td>\n<td>2\u2033<\/td>\n<td>2\u2033<\/td>\n<\/tr>\n<tr data-start=\"2768\" data-end=\"2889\">\n<td><strong data-start=\"2770\" data-end=\"2785\">90\u00b0 kumerus<\/strong><\/td>\n<td>1\u00bd\u2033<\/td>\n<td>1\u00bd\u2033<\/td>\n<\/tr>\n<tr data-start=\"2890\" data-end=\"3012\">\n<td><strong data-start=\"2892\" data-end=\"2917\">Sulgemiskiirus (mm\/s)<\/strong><\/td>\n<td>3.5<\/td>\n<td>3.5<\/td>\n<\/tr>\n<tr data-start=\"3013\" data-end=\"3135\">\n<td><strong data-start=\"3015\" data-end=\"3039\">Surumiskiirus (mm\/s)<\/strong><\/td>\n<td>3.5<\/td>\n<td>3.5<\/td>\n<\/tr>\n<tr data-start=\"3136\" data-end=\"3258\">\n<td><strong data-start=\"3138\" data-end=\"3161\">Avamiskiirus (mm\/s)<\/strong><\/td>\n<td>5.9<\/td>\n<td>5.9<\/td>\n<\/tr>\n<tr data-start=\"3259\" data-end=\"3381\">\n<td><strong data-start=\"3261\" data-end=\"3280\">M\u00fcra tase (dBA)<\/strong><\/td>\n<td>69<\/td>\n<td>69<\/td>\n<\/tr>\n<tr data-start=\"3382\" data-end=\"3506\">\n<td><strong data-start=\"3384\" data-end=\"3408\">Mootori v\u00f5imsus (kW)<\/strong><\/td>\n<td>3 kW, 3 VAC<\/td>\n<td>3 kW, 3 VAC<\/td>\n<\/tr>\n<tr data-start=\"3507\" data-end=\"3628\">\n<td><strong data-start=\"3509\" data-end=\"3520\">\u00d5li (l)<\/strong><\/td>\n<td>40<\/td>\n<td>40 (DC 4 l)<\/td>\n<\/tr>\n<tr data-start=\"3629\" data-end=\"3751\">\n<td><strong data-start=\"3631\" data-end=\"3653\">Masina pikkus (mm)<\/strong><\/td>\n<td>800<\/td>\n<td>420<\/td>\n<\/tr>\n<tr data-start=\"3752\" data-end=\"3874\">\n<td><strong data-start=\"3754\" data-end=\"3775\">Masina laius (mm)<\/strong><\/td>\n<td>530<\/td>\n<td>535<\/td>\n<\/tr>\n<tr data-start=\"3875\" data-end=\"3997\">\n<td><strong data-start=\"3877\" data-end=\"3899\">Masina k\u00f5rgus (mm)<\/strong><\/td>\n<td>630<\/td>\n<td>520<\/td>\n<\/tr>\n<tr data-start=\"3998\" data-end=\"4120\">\n<td><strong data-start=\"4000\" data-end=\"4019\">Kogupikkus (mm)<\/strong><\/td>\n<td>\u2013<\/td>\n<td>300<\/td>\n<\/tr>\n<tr data-start=\"4121\" data-end=\"4243\">\n<td><strong data-start=\"4123\" data-end=\"4141\">Kogulaius (mm)<\/strong><\/td>\n<td>\u2013<\/td>\n<td>450<\/td>\n<\/tr>\n<tr data-start=\"4244\" data-end=\"4366\" data-is-only-node=\"\">\n<td><strong data-start=\"4246\" data-end=\"4265\">Koguk\u00f5rgus (mm)<\/strong><\/td>\n<td>\u2013<\/td>\n<td>560<\/td>\n<\/tr>\n<tr data-start=\"4367\" data-end=\"4510\">\n<td><strong data-start=\"4369\" data-end=\"4382\">Kaal (kg)<\/strong><\/td>\n<td>140<\/td>\n<td>92 kg (ilma lisavarustuseta), 130 kg (surumandrite komplektiga)<\/td>\n<\/tr>\n<tr data-start=\"4511\" data-end=\"4632\">\n<td><strong data-start=\"4513\" data-end=\"4527\">V\u00f5imalused<\/strong><\/td>\n<td>12 VDC \/ 24 VDC<\/td>\n<td>1 faas, 2.2 kW<\/td>\n<\/tr>\n<tr data-start=\"4633\" data-end=\"4757\">\n<td><strong data-start=\"4635\" data-end=\"4645\">M\u00e4rkus<\/strong><\/td>\n<td>* S\u00f5ltub liitmiku t\u00fc\u00fcbist<\/td>\n<td>* S\u00f5ltub liitmiku t\u00fc\u00fcbist<\/td>\n<\/tr>\n<\/tbody>\n<\/table>\n<p data-start=\"4759\" data-end=\"4818\"><em data-start=\"4759\" data-end=\"4818\">Lisaks: m\u00e4\u00e4rdeaineteta t\u00f6\u00f6 t\u00e4hendab 20% v\u00e4hem h\u00f5\u00f5rdumist.<\/em><\/p>\n<hr data-start=\"4820\" data-end=\"4823\" \/>\n<h3 data-start=\"4825\" data-end=\"4850\">Pressi andmed<\/h3>\n<p data-start=\"4852\" data-end=\"4880\"><strong data-start=\"4852\" data-end=\"4880\">Pressi suurused:<\/strong><\/p>\n<table data-start=\"4882\" data-end=\"5548\">\n<thead data-start=\"4882\" data-end=\"4904\">\n<tr data-start=\"4882\" data-end=\"4904\">\n<th data-start=\"4882\" data-end=\"4891\">\u00d8 (mm)<\/th>\n<th data-start=\"4891\" data-end=\"4904\">Pikkus (mm)<\/th>\n<\/tr>\n<\/thead>\n<tbody data-start=\"4928\" data-end=\"5548\">\n<tr data-start=\"4928\" data-end=\"4950\">\n<td>6.8<\/td>\n<td>50<\/td>\n<\/tr>\n<tr data-start=\"4951\" data-end=\"4973\">\n<td>9<\/td>\n<td>50<\/td>\n<\/tr>\n<tr data-start=\"4974\" data-end=\"4996\">\n<td>10<\/td>\n<td>50<\/td>\n<\/tr>\n<tr data-start=\"4997\" data-end=\"5019\">\n<td>12<\/td>\n<td>50<\/td>\n<\/tr>\n<tr data-start=\"5020\" data-end=\"5042\">\n<td>14<\/td>\n<td>60<\/td>\n<\/tr>\n<tr data-start=\"5043\" data-end=\"5065\">\n<td>16<\/td>\n<td>60<\/td>\n<\/tr>\n<tr data-start=\"5066\" data-end=\"5088\">\n<td>17<\/td>\n<td>60<\/td>\n<\/tr>\n<tr data-start=\"5089\" data-end=\"5111\">\n<td>19<\/td>\n<td>60<\/td>\n<\/tr>\n<tr data-start=\"5112\" data-end=\"5134\">\n<td>20<\/td>\n<td>60<\/td>\n<\/tr>\n<tr data-start=\"5135\" data-end=\"5157\">\n<td>22<\/td>\n<td>60<\/td>\n<\/tr>\n<tr data-start=\"5158\" data-end=\"5180\">\n<td>24<\/td>\n<td>60<\/td>\n<\/tr>\n<tr data-start=\"5181\" data-end=\"5203\">\n<td>26<\/td>\n<td>75<\/td>\n<\/tr>\n<tr data-start=\"5204\" data-end=\"5226\">\n<td>28<\/td>\n<td>75<\/td>\n<\/tr>\n<tr data-start=\"5227\" data-end=\"5249\">\n<td>30<\/td>\n<td>75<\/td>\n<\/tr>\n<tr data-start=\"5250\" data-end=\"5272\">\n<td>31<\/td>\n<td>75<\/td>\n<\/tr>\n<tr data-start=\"5273\" data-end=\"5295\">\n<td>32<\/td>\n<td>75<\/td>\n<\/tr>\n<tr data-start=\"5296\" data-end=\"5318\">\n<td>34<\/td>\n<td>75<\/td>\n<\/tr>\n<tr data-start=\"5319\" data-end=\"5341\">\n<td>36<\/td>\n<td>75<\/td>\n<\/tr>\n<tr data-start=\"5342\" data-end=\"5364\">\n<td>38<\/td>\n<td>75<\/td>\n<\/tr>\n<tr data-start=\"5365\" data-end=\"5387\">\n<td>39<\/td>\n<td>75<\/td>\n<\/tr>\n<tr data-start=\"5388\" data-end=\"5410\">\n<td>40<\/td>\n<td>75<\/td>\n<\/tr>\n<tr data-start=\"5411\" data-end=\"5433\">\n<td>44<\/td>\n<td>75<\/td>\n<\/tr>\n<tr data-start=\"5434\" data-end=\"5456\" data-is-only-node=\"\">\n<td>47<\/td>\n<td>75<\/td>\n<\/tr>\n<tr data-start=\"5457\" data-end=\"5479\">\n<td>50<\/td>\n<td>75<\/td>\n<\/tr>\n<tr data-start=\"5480\" data-end=\"5502\">\n<td>54<\/td>\n<td>75<\/td>\n<\/tr>\n<tr data-start=\"5503\" data-end=\"5525\">\n<td>57<\/td>\n<td>75<\/td>\n<\/tr>\n<tr data-start=\"5526\" data-end=\"5548\">\n<td>62<\/td>\n<td>75<\/td>\n<\/tr>\n<\/tbody>\n<\/table>\n<hr data-start=\"5550\" data-end=\"5553\" \/>\n<p data-start=\"5555\" data-end=\"5641\">P\u00e4ring:<\/p>\n<p data-start=\"5555\" data-end=\"5641\">\n<div class=\"wpcf7 no-js\" id=\"wpcf7-f3534-o1\" lang=\"et\" dir=\"ltr\">\n<div class=\"screen-reader-response\"><p role=\"status\" aria-live=\"polite\" aria-atomic=\"true\"><\/p> <ul><\/ul><\/div>\n<form action=\"\/sv\/wp-json\/wp\/v2\/product\/27958#wpcf7-f3534-o1\" method=\"post\" class=\"wpcf7-form init\" aria-label=\"Contact form\" novalidate=\"novalidate\" data-status=\"init\">\n<div style=\"display: none;\">\n<input type=\"hidden\" name=\"_wpcf7\" value=\"3534\" \/>\n<input type=\"hidden\" name=\"_wpcf7_version\" value=\"5.7.4\" \/>\n<input type=\"hidden\" name=\"_wpcf7_locale\" value=\"et\" \/>\n<input type=\"hidden\" name=\"_wpcf7_unit_tag\" value=\"wpcf7-f3534-o1\" \/>\n<input type=\"hidden\" name=\"_wpcf7_container_post\" value=\"0\" \/>\n<input type=\"hidden\" name=\"_wpcf7_posted_data_hash\" value=\"\" \/>\n<input type=\"hidden\" name=\"_wpcf7_recaptcha_response\" value=\"\" \/>\n<\/div>\n<p><label> E-mail<br \/>\n<span class=\"wpcf7-form-control-wrap\" data-name=\"your-email\"><input size=\"40\" class=\"wpcf7-form-control wpcf7-text wpcf7-email wpcf7-validates-as-required wpcf7-validates-as-email\" aria-required=\"true\" aria-invalid=\"false\" value=\"\" type=\"email\" name=\"your-email\" \/><\/span> <\/label>\n<\/p>\n<p><label> S\u00f5num<br \/>\n<span class=\"wpcf7-form-control-wrap\" data-name=\"your-message\"><textarea cols=\"40\" rows=\"10\" class=\"wpcf7-form-control wpcf7-textarea wpcf7-validates-as-required\" aria-required=\"true\" aria-invalid=\"false\" name=\"your-message\"><\/textarea><\/span> <\/label>\n<\/p>\n<p><input class=\"wpcf7-form-control has-spinner wpcf7-submit\" type=\"submit\" value=\"Saada\" \/>\n<\/p><div class=\"wpcf7-response-output\" aria-hidden=\"true\"><\/div>\n<\/form>\n<\/div>\n","protected":false},"excerpt":{"rendered":"<p>V\u00f5rreldamatu klassikaline voolikupress1 \u00bc\u201d suuruses pakub \u00fcletamatut kvaliteedi ja kuluefektiivsuse standardit t\u00e4nu oma \u00f5hukesele, uuenduslikule disainile, k\u00f5rgele kasutajas\u00f5bralikkusele, mitmek\u00fclgsusele ja<\/p>\n","protected":false},"featured_media":27959,"template":"","meta":[],"product_cat":[1719],"product_tag":[1720],"supplier_id":null,"supplier_sku":"","barcode":null,"atum_controlled":true,"out_stock_date":"2025-03-05 20:28:37","out_stock_threshold":null,"inheritable":false,"inbound_stock":0,"stock_on_hold":0,"sold_today":0,"sales_last_days":0,"reserved_stock":0,"customer_returns":0,"warehouse_damage":0,"lost_in_post":0,"other_logs":0,"out_stock_days":397,"lost_sales":0,"has_location":false,"update_date":"2026-04-07T00:14:39","atum_locations":[],"atum_stock_status":"onbackorder","restock_status":false,"low_stock_amount":"","sales_update_date":"2026-04-07T00:14:39","calc_backorders":null,"yoast_head":"<!-- This site is optimized with the Yoast SEO plugin v21.0 - https:\/\/yoast.com\/wordpress\/plugins\/seo\/ -->\n<title>H\u00fcdrovooliku press Uniflex HM 200 - Flexib h\u00fcdraulika<\/title>\n<meta name=\"description\" content=\"H\u00fcdrovooliku press Uniflex HM 200 - H\u00fcdraulika komponendid, h\u00fcdropumbad, h\u00fcdraulilised jagajad, h\u00fcdrosilindrid, h\u00fcdropumbad, h\u00fcdraulika \u00f5lid ja h\u00fcdromootorid. P\u00f5llumajandus h\u00fcdraulika, h\u00fcdrovoolikud ja h\u00fcdrojaamad.\" \/>\n<meta name=\"robots\" content=\"index, follow, max-snippet:-1, max-image-preview:large, max-video-preview:-1\" \/>\n<link rel=\"canonical\" href=\"https:\/\/flexib.ee\/sv\/toode\/hudrovooliku-press-uniflex-hm-200\/\" \/>\n<meta property=\"og:locale\" content=\"sv_SE\" \/>\n<meta property=\"og:type\" content=\"article\" \/>\n<meta property=\"og:title\" content=\"H\u00fcdrovooliku press Uniflex HM 200 - Flexib h\u00fcdraulika\" \/>\n<meta property=\"og:description\" content=\"H\u00fcdrovooliku press Uniflex HM 200 - H\u00fcdraulika komponendid, h\u00fcdropumbad, h\u00fcdraulilised jagajad, h\u00fcdrosilindrid, h\u00fcdropumbad, h\u00fcdraulika \u00f5lid ja h\u00fcdromootorid. P\u00f5llumajandus h\u00fcdraulika, h\u00fcdrovoolikud ja h\u00fcdrojaamad.\" \/>\n<meta property=\"og:url\" content=\"https:\/\/flexib.ee\/sv\/toode\/hudrovooliku-press-uniflex-hm-200\/\" \/>\n<meta property=\"og:site_name\" content=\"Flexib h\u00fcdraulika\" \/>\n<meta property=\"article:modified_time\" content=\"2025-03-05T17:39:58+00:00\" \/>\n<meta property=\"og:image\" content=\"https:\/\/flexib.ee\/wp-content\/uploads\/2025\/03\/Hudrovooliku-press-Uniflex-HM-200.webp\" \/>\n\t<meta property=\"og:image:width\" content=\"900\" \/>\n\t<meta property=\"og:image:height\" content=\"675\" \/>\n\t<meta property=\"og:image:type\" content=\"image\/webp\" \/>\n<meta name=\"twitter:card\" content=\"summary_large_image\" \/>\n<meta name=\"twitter:label1\" content=\"Ber\u00e4knad l\u00e4stid\" \/>\n\t<meta name=\"twitter:data1\" content=\"2 minuter\" \/>\n<script type=\"application\/ld+json\" class=\"yoast-schema-graph\">{\"@context\":\"https:\/\/schema.org\",\"@graph\":[{\"@type\":\"WebPage\",\"@id\":\"https:\/\/flexib.ee\/sv\/toode\/hudrovooliku-press-uniflex-hm-200\/\",\"url\":\"https:\/\/flexib.ee\/sv\/toode\/hudrovooliku-press-uniflex-hm-200\/\",\"name\":\"H\u00fcdrovooliku press Uniflex HM 200 - Flexib h\u00fcdraulika\",\"isPartOf\":{\"@id\":\"https:\/\/flexib.ee\/sv\/#website\"},\"datePublished\":\"2025-03-05T17:28:36+00:00\",\"dateModified\":\"2025-03-05T17:39:58+00:00\",\"description\":\"H\u00fcdrovooliku press Uniflex HM 200 - H\u00fcdraulika komponendid, h\u00fcdropumbad, h\u00fcdraulilised jagajad, h\u00fcdrosilindrid, h\u00fcdropumbad, h\u00fcdraulika \u00f5lid ja h\u00fcdromootorid. P\u00f5llumajandus h\u00fcdraulika, h\u00fcdrovoolikud ja h\u00fcdrojaamad.\",\"breadcrumb\":{\"@id\":\"https:\/\/flexib.ee\/sv\/toode\/hudrovooliku-press-uniflex-hm-200\/#breadcrumb\"},\"inLanguage\":\"sv-SE\",\"potentialAction\":[{\"@type\":\"ReadAction\",\"target\":[\"https:\/\/flexib.ee\/sv\/toode\/hudrovooliku-press-uniflex-hm-200\/\"]}]},{\"@type\":\"BreadcrumbList\",\"@id\":\"https:\/\/flexib.ee\/sv\/toode\/hudrovooliku-press-uniflex-hm-200\/#breadcrumb\",\"itemListElement\":[{\"@type\":\"ListItem\",\"position\":1,\"name\":\"Flexib\",\"item\":\"https:\/\/flexib.ee\/sv\/\"},{\"@type\":\"ListItem\",\"position\":2,\"name\":\"Butik\",\"item\":\"https:\/\/flexib.ee\/sv\/butik\/\"},{\"@type\":\"ListItem\",\"position\":3,\"name\":\"H\u00fcdrovooliku press Uniflex HM 200\"}]},{\"@type\":\"WebSite\",\"@id\":\"https:\/\/flexib.ee\/sv\/#website\",\"url\":\"https:\/\/flexib.ee\/sv\/\",\"name\":\"Flexib h\u00fcdraulika\",\"description\":\"H\u00fcdraulika tarvikud ja komponendid.\",\"publisher\":{\"@id\":\"https:\/\/flexib.ee\/sv\/#organization\"},\"potentialAction\":[{\"@type\":\"SearchAction\",\"target\":{\"@type\":\"EntryPoint\",\"urlTemplate\":\"https:\/\/flexib.ee\/sv\/?s={search_term_string}\"},\"query-input\":\"required name=search_term_string\"}],\"inLanguage\":\"sv-SE\"},{\"@type\":\"Organization\",\"@id\":\"https:\/\/flexib.ee\/sv\/#organization\",\"name\":\"Flexib H\u00fcdraulika\",\"url\":\"https:\/\/flexib.ee\/sv\/\",\"logo\":{\"@type\":\"ImageObject\",\"inLanguage\":\"sv-SE\",\"@id\":\"https:\/\/flexib.ee\/sv\/#\/schema\/logo\/image\/\",\"url\":\"https:\/\/flexib.ee\/wp-content\/uploads\/2020\/08\/FLEXIB-2.png\",\"contentUrl\":\"https:\/\/flexib.ee\/wp-content\/uploads\/2020\/08\/FLEXIB-2.png\",\"width\":500,\"height\":500,\"caption\":\"Flexib H\u00fcdraulika\"},\"image\":{\"@id\":\"https:\/\/flexib.ee\/sv\/#\/schema\/logo\/image\/\"}}]}<\/script>\n<!-- \/ Yoast SEO plugin. -->","yoast_head_json":{"title":"H\u00fcdrovooliku press Uniflex HM 200 - Flexib h\u00fcdraulika","description":"H\u00fcdrovooliku press Uniflex HM 200 - H\u00fcdraulika komponendid, h\u00fcdropumbad, h\u00fcdraulilised jagajad, h\u00fcdrosilindrid, h\u00fcdropumbad, h\u00fcdraulika \u00f5lid ja h\u00fcdromootorid. P\u00f5llumajandus h\u00fcdraulika, h\u00fcdrovoolikud ja h\u00fcdrojaamad.","robots":{"index":"index","follow":"follow","max-snippet":"max-snippet:-1","max-image-preview":"max-image-preview:large","max-video-preview":"max-video-preview:-1"},"canonical":"https:\/\/flexib.ee\/sv\/toode\/hudrovooliku-press-uniflex-hm-200\/","og_locale":"sv_SE","og_type":"article","og_title":"H\u00fcdrovooliku press Uniflex HM 200 - Flexib h\u00fcdraulika","og_description":"H\u00fcdrovooliku press Uniflex HM 200 - H\u00fcdraulika komponendid, h\u00fcdropumbad, h\u00fcdraulilised jagajad, h\u00fcdrosilindrid, h\u00fcdropumbad, h\u00fcdraulika \u00f5lid ja h\u00fcdromootorid. P\u00f5llumajandus h\u00fcdraulika, h\u00fcdrovoolikud ja h\u00fcdrojaamad.","og_url":"https:\/\/flexib.ee\/sv\/toode\/hudrovooliku-press-uniflex-hm-200\/","og_site_name":"Flexib h\u00fcdraulika","article_modified_time":"2025-03-05T17:39:58+00:00","og_image":[{"width":900,"height":675,"url":"https:\/\/flexib.ee\/wp-content\/uploads\/2025\/03\/Hudrovooliku-press-Uniflex-HM-200.webp","type":"image\/webp"}],"twitter_card":"summary_large_image","twitter_misc":{"Ber\u00e4knad l\u00e4stid":"2 minuter"},"schema":{"@context":"https:\/\/schema.org","@graph":[{"@type":"WebPage","@id":"https:\/\/flexib.ee\/sv\/toode\/hudrovooliku-press-uniflex-hm-200\/","url":"https:\/\/flexib.ee\/sv\/toode\/hudrovooliku-press-uniflex-hm-200\/","name":"H\u00fcdrovooliku press Uniflex HM 200 - Flexib h\u00fcdraulika","isPartOf":{"@id":"https:\/\/flexib.ee\/sv\/#website"},"datePublished":"2025-03-05T17:28:36+00:00","dateModified":"2025-03-05T17:39:58+00:00","description":"H\u00fcdrovooliku press Uniflex HM 200 - H\u00fcdraulika komponendid, h\u00fcdropumbad, h\u00fcdraulilised jagajad, h\u00fcdrosilindrid, h\u00fcdropumbad, h\u00fcdraulika \u00f5lid ja h\u00fcdromootorid. P\u00f5llumajandus h\u00fcdraulika, h\u00fcdrovoolikud ja h\u00fcdrojaamad.","breadcrumb":{"@id":"https:\/\/flexib.ee\/sv\/toode\/hudrovooliku-press-uniflex-hm-200\/#breadcrumb"},"inLanguage":"sv-SE","potentialAction":[{"@type":"ReadAction","target":["https:\/\/flexib.ee\/sv\/toode\/hudrovooliku-press-uniflex-hm-200\/"]}]},{"@type":"BreadcrumbList","@id":"https:\/\/flexib.ee\/sv\/toode\/hudrovooliku-press-uniflex-hm-200\/#breadcrumb","itemListElement":[{"@type":"ListItem","position":1,"name":"Flexib","item":"https:\/\/flexib.ee\/sv\/"},{"@type":"ListItem","position":2,"name":"Butik","item":"https:\/\/flexib.ee\/sv\/butik\/"},{"@type":"ListItem","position":3,"name":"H\u00fcdrovooliku press Uniflex HM 200"}]},{"@type":"WebSite","@id":"https:\/\/flexib.ee\/sv\/#website","url":"https:\/\/flexib.ee\/sv\/","name":"Flexib h\u00fcdraulika","description":"H\u00fcdraulika tarvikud ja komponendid.","publisher":{"@id":"https:\/\/flexib.ee\/sv\/#organization"},"potentialAction":[{"@type":"SearchAction","target":{"@type":"EntryPoint","urlTemplate":"https:\/\/flexib.ee\/sv\/?s={search_term_string}"},"query-input":"required name=search_term_string"}],"inLanguage":"sv-SE"},{"@type":"Organization","@id":"https:\/\/flexib.ee\/sv\/#organization","name":"Flexib H\u00fcdraulika","url":"https:\/\/flexib.ee\/sv\/","logo":{"@type":"ImageObject","inLanguage":"sv-SE","@id":"https:\/\/flexib.ee\/sv\/#\/schema\/logo\/image\/","url":"https:\/\/flexib.ee\/wp-content\/uploads\/2020\/08\/FLEXIB-2.png","contentUrl":"https:\/\/flexib.ee\/wp-content\/uploads\/2020\/08\/FLEXIB-2.png","width":500,"height":500,"caption":"Flexib H\u00fcdraulika"},"image":{"@id":"https:\/\/flexib.ee\/sv\/#\/schema\/logo\/image\/"}}]}},"_links":{"self":[{"href":"https:\/\/flexib.ee\/sv\/wp-json\/wp\/v2\/product\/27958"}],"collection":[{"href":"https:\/\/flexib.ee\/sv\/wp-json\/wp\/v2\/product"}],"about":[{"href":"https:\/\/flexib.ee\/sv\/wp-json\/wp\/v2\/types\/product"}],"wp:featuredmedia":[{"embeddable":true,"href":"https:\/\/flexib.ee\/sv\/wp-json\/wp\/v2\/media\/27959"}],"wp:attachment":[{"href":"https:\/\/flexib.ee\/sv\/wp-json\/wp\/v2\/media?parent=27958"}],"wp:term":[{"taxonomy":"product_cat","embeddable":true,"href":"https:\/\/flexib.ee\/sv\/wp-json\/wp\/v2\/product_cat?post=27958"},{"taxonomy":"product_tag","embeddable":true,"href":"https:\/\/flexib.ee\/sv\/wp-json\/wp\/v2\/product_tag?post=27958"}],"curies":[{"name":"wp","href":"https:\/\/api.w.org\/{rel}","templated":true}]}}