{"id":26605,"date":"2024-02-10T14:28:07","date_gmt":"2024-02-10T11:28:07","guid":{"rendered":"https:\/\/flexib.ee\/toode\/maare-liigenditele-starplex-ep-2\/"},"modified":"2026-04-07T09:40:13","modified_gmt":"2026-04-07T06:40:13","slug":"maare-liigenditele-starplex-ep-2","status":"publish","type":"product","link":"https:\/\/flexib.ee\/sv\/toode\/maare-liigenditele-starplex-ep-2\/","title":{"rendered":"M\u00e4\u00e4re liigenditele Starplex EP 2"},"content":{"rendered":"<p>Delo Starplex EP 2 on suure j\u00f5udlusega pika kasutusega m\u00e4\u00e4re, mitmeotstarbeliseks kasutamiseks kuul- ja rull-laagrites , sobib t\u00f6\u00f6tamiseks k\u00f5rge temperatuuri tingimustes. Delo Starplex EP 2 koosneb mineraalsetest baas\u00f5lidest, temperatuurikindel liitiumkomplekspaksendaja, kombineeritud suure j\u00f5udlusega \u00e4\u00e4rmusliku survega t\u00f6\u00f6tamiseks, kulumisvastased ja korrosioonivastased lisandid.<\/p>\n<p>Kasutusalad:<\/p>\n<p>Autode rattalaagrid<br \/>\n\u0160assii m\u00e4\u00e4rimine<br \/>\nMaantee- ja maastikurakendused<br \/>\nEhitustehnika<br \/>\nP\u00f5llumajandustraktorid<br \/>\nRaskeveokid<br \/>\n\u00dcldine t\u00f6\u00f6stuslik m\u00e4\u00e4rimine<br \/>\nMererakendused<\/p>\n<p>S\u00e4\u00e4stab hoolduskulusid<br \/>\nT\u00f5hus EP lisand kaitseb laagrite kulumise eest rasketes tingimustes ja p\u00f5rutuskoormusel. T\u00f5husad rooste- ja korrosiooniinhibiitorid kaitsevad metallpindu isegi tugeva veega kokkupuute tingimustes.<\/p>\n<p>Minimeerib seisakuid<br \/>\nK\u00f5rge kukkumispunkt minimeerib lekke laagritest k\u00f5rgel temperatuuril ja suurep\u00e4rane oks\u00fcdatsioonikindlus tagab m\u00e4\u00e4rde pika kasutusea. Liitiumkompleksi paksendaja looduslik veekindlus koos t\u00e4iendava kleepuvuslisandiga takistab vee v\u00e4ljauhtumist.<\/p>\n<p>Minimeerib varude kulud<br \/>\nMitmeotstarbeline v\u00f5ime v\u00f5imaldab kasutada paljudes auto- ja t\u00f6\u00f6stuslikes rakendustes, v\u00e4hendades vajalike erinevate m\u00e4\u00e4rdeainete arvu.<\/p>\n<p>Heakskiidud<br \/>\nStarplex EP 2: Volvo ettev\u00f5tte standard STD 1277, 2<\/p>\n<p>Sertifikaadid:<br \/>\nDIN 51 502: KP 2 N-30<br \/>\nISO 6743-09: ISO-L-XCDHB 2<br \/>\nNLGI teenusekategooria GC-LB<br \/>\nMack GC-G<br \/>\nMercedes-Benz: MB 265.1<br \/>\nVolvo 97720<\/p>\n<p>Kogus: 1 x 390g<\/p>\n<p>Originaalpakendis (kastis) on 12 tuubi m\u00e4\u00e4ret.<\/p>\n","protected":false},"excerpt":{"rendered":"<p>Delo Starplex EP 2 on suure j\u00f5udlusega pika kasutusega m\u00e4\u00e4re, mitmeotstarbeliseks kasutamiseks kuul- ja rull-laagrites , sobib t\u00f6\u00f6tamiseks k\u00f5rge temperatuuri<\/p>\n","protected":false},"featured_media":26606,"template":"","meta":[],"product_cat":[1766,1767,1768,1769],"product_tag":[],"supplier_id":null,"supplier_sku":"","barcode":null,"atum_controlled":true,"out_stock_date":null,"out_stock_threshold":null,"inheritable":false,"inbound_stock":0,"stock_on_hold":0,"sold_today":0,"sales_last_days":5,"reserved_stock":0,"customer_returns":0,"warehouse_damage":0,"lost_in_post":0,"other_logs":0,"out_stock_days":0,"lost_sales":0,"has_location":false,"update_date":"2026-04-07T06:40:24","atum_locations":[],"atum_stock_status":"instock","restock_status":false,"low_stock_amount":"","sales_update_date":"2026-03-23T07:16:47","calc_backorders":null,"yoast_head":"<!-- This site is optimized with the Yoast SEO plugin v21.0 - https:\/\/yoast.com\/wordpress\/plugins\/seo\/ -->\n<title>M\u00e4\u00e4re liigenditele Starplex EP 2 - Flexib h\u00fcdraulika<\/title>\n<meta name=\"description\" content=\"M\u00e4\u00e4re liigenditele Starplex EP 2 - H\u00fcdraulika komponendid, h\u00fcdropumbad, h\u00fcdraulilised jagajad, h\u00fcdrosilindrid, h\u00fcdropumbad, h\u00fcdraulika \u00f5lid ja h\u00fcdromootorid. P\u00f5llumajandus h\u00fcdraulika, h\u00fcdrovoolikud ja h\u00fcdrojaamad.\" \/>\n<meta name=\"robots\" content=\"index, follow, max-snippet:-1, max-image-preview:large, max-video-preview:-1\" \/>\n<link rel=\"canonical\" href=\"https:\/\/flexib.ee\/sv\/toode\/maare-liigenditele-starplex-ep-2\/\" \/>\n<meta property=\"og:locale\" content=\"sv_SE\" \/>\n<meta property=\"og:type\" content=\"article\" \/>\n<meta property=\"og:title\" content=\"M\u00e4\u00e4re liigenditele Starplex EP 2 - Flexib h\u00fcdraulika\" \/>\n<meta property=\"og:description\" content=\"M\u00e4\u00e4re liigenditele Starplex EP 2 - H\u00fcdraulika komponendid, h\u00fcdropumbad, h\u00fcdraulilised jagajad, h\u00fcdrosilindrid, h\u00fcdropumbad, h\u00fcdraulika \u00f5lid ja h\u00fcdromootorid. P\u00f5llumajandus h\u00fcdraulika, h\u00fcdrovoolikud ja h\u00fcdrojaamad.\" \/>\n<meta property=\"og:url\" content=\"https:\/\/flexib.ee\/sv\/toode\/maare-liigenditele-starplex-ep-2\/\" \/>\n<meta property=\"og:site_name\" content=\"Flexib h\u00fcdraulika\" \/>\n<meta property=\"article:modified_time\" content=\"2026-04-07T06:40:13+00:00\" \/>\n<meta property=\"og:image\" content=\"https:\/\/flexib.ee\/wp-content\/uploads\/2024\/02\/Delo_Starplex_EP_2_400g.png\" \/>\n\t<meta property=\"og:image:width\" content=\"800\" \/>\n\t<meta property=\"og:image:height\" content=\"800\" \/>\n\t<meta property=\"og:image:type\" content=\"image\/png\" \/>\n<meta name=\"twitter:card\" content=\"summary_large_image\" \/>\n<meta name=\"twitter:label1\" content=\"Ber\u00e4knad l\u00e4stid\" \/>\n\t<meta name=\"twitter:data1\" content=\"1 minut\" \/>\n<script type=\"application\/ld+json\" class=\"yoast-schema-graph\">{\"@context\":\"https:\/\/schema.org\",\"@graph\":[{\"@type\":\"WebPage\",\"@id\":\"https:\/\/flexib.ee\/sv\/toode\/maare-liigenditele-starplex-ep-2\/\",\"url\":\"https:\/\/flexib.ee\/sv\/toode\/maare-liigenditele-starplex-ep-2\/\",\"name\":\"M\u00e4\u00e4re liigenditele Starplex EP 2 - Flexib h\u00fcdraulika\",\"isPartOf\":{\"@id\":\"https:\/\/flexib.ee\/sv\/#website\"},\"datePublished\":\"2024-02-10T11:28:07+00:00\",\"dateModified\":\"2026-04-07T06:40:13+00:00\",\"description\":\"M\u00e4\u00e4re liigenditele Starplex EP 2 - H\u00fcdraulika komponendid, h\u00fcdropumbad, h\u00fcdraulilised jagajad, h\u00fcdrosilindrid, h\u00fcdropumbad, h\u00fcdraulika \u00f5lid ja h\u00fcdromootorid. P\u00f5llumajandus h\u00fcdraulika, h\u00fcdrovoolikud ja h\u00fcdrojaamad.\",\"breadcrumb\":{\"@id\":\"https:\/\/flexib.ee\/sv\/toode\/maare-liigenditele-starplex-ep-2\/#breadcrumb\"},\"inLanguage\":\"sv-SE\",\"potentialAction\":[{\"@type\":\"ReadAction\",\"target\":[\"https:\/\/flexib.ee\/sv\/toode\/maare-liigenditele-starplex-ep-2\/\"]}]},{\"@type\":\"BreadcrumbList\",\"@id\":\"https:\/\/flexib.ee\/sv\/toode\/maare-liigenditele-starplex-ep-2\/#breadcrumb\",\"itemListElement\":[{\"@type\":\"ListItem\",\"position\":1,\"name\":\"Flexib\",\"item\":\"https:\/\/flexib.ee\/sv\/\"},{\"@type\":\"ListItem\",\"position\":2,\"name\":\"Butik\",\"item\":\"https:\/\/flexib.ee\/sv\/butik\/\"},{\"@type\":\"ListItem\",\"position\":3,\"name\":\"M\u00e4\u00e4re liigenditele Starplex EP 2\"}]},{\"@type\":\"WebSite\",\"@id\":\"https:\/\/flexib.ee\/sv\/#website\",\"url\":\"https:\/\/flexib.ee\/sv\/\",\"name\":\"Flexib h\u00fcdraulika\",\"description\":\"H\u00fcdraulika tarvikud ja komponendid.\",\"publisher\":{\"@id\":\"https:\/\/flexib.ee\/sv\/#organization\"},\"potentialAction\":[{\"@type\":\"SearchAction\",\"target\":{\"@type\":\"EntryPoint\",\"urlTemplate\":\"https:\/\/flexib.ee\/sv\/?s={search_term_string}\"},\"query-input\":\"required name=search_term_string\"}],\"inLanguage\":\"sv-SE\"},{\"@type\":\"Organization\",\"@id\":\"https:\/\/flexib.ee\/sv\/#organization\",\"name\":\"Flexib H\u00fcdraulika\",\"url\":\"https:\/\/flexib.ee\/sv\/\",\"logo\":{\"@type\":\"ImageObject\",\"inLanguage\":\"sv-SE\",\"@id\":\"https:\/\/flexib.ee\/sv\/#\/schema\/logo\/image\/\",\"url\":\"https:\/\/flexib.ee\/wp-content\/uploads\/2020\/08\/FLEXIB-2.png\",\"contentUrl\":\"https:\/\/flexib.ee\/wp-content\/uploads\/2020\/08\/FLEXIB-2.png\",\"width\":500,\"height\":500,\"caption\":\"Flexib H\u00fcdraulika\"},\"image\":{\"@id\":\"https:\/\/flexib.ee\/sv\/#\/schema\/logo\/image\/\"}}]}<\/script>\n<!-- \/ Yoast SEO plugin. -->","yoast_head_json":{"title":"M\u00e4\u00e4re liigenditele Starplex EP 2 - Flexib h\u00fcdraulika","description":"M\u00e4\u00e4re liigenditele Starplex EP 2 - H\u00fcdraulika komponendid, h\u00fcdropumbad, h\u00fcdraulilised jagajad, h\u00fcdrosilindrid, h\u00fcdropumbad, h\u00fcdraulika \u00f5lid ja h\u00fcdromootorid. P\u00f5llumajandus h\u00fcdraulika, h\u00fcdrovoolikud ja h\u00fcdrojaamad.","robots":{"index":"index","follow":"follow","max-snippet":"max-snippet:-1","max-image-preview":"max-image-preview:large","max-video-preview":"max-video-preview:-1"},"canonical":"https:\/\/flexib.ee\/sv\/toode\/maare-liigenditele-starplex-ep-2\/","og_locale":"sv_SE","og_type":"article","og_title":"M\u00e4\u00e4re liigenditele Starplex EP 2 - Flexib h\u00fcdraulika","og_description":"M\u00e4\u00e4re liigenditele Starplex EP 2 - H\u00fcdraulika komponendid, h\u00fcdropumbad, h\u00fcdraulilised jagajad, h\u00fcdrosilindrid, h\u00fcdropumbad, h\u00fcdraulika \u00f5lid ja h\u00fcdromootorid. P\u00f5llumajandus h\u00fcdraulika, h\u00fcdrovoolikud ja h\u00fcdrojaamad.","og_url":"https:\/\/flexib.ee\/sv\/toode\/maare-liigenditele-starplex-ep-2\/","og_site_name":"Flexib h\u00fcdraulika","article_modified_time":"2026-04-07T06:40:13+00:00","og_image":[{"width":800,"height":800,"url":"https:\/\/flexib.ee\/wp-content\/uploads\/2024\/02\/Delo_Starplex_EP_2_400g.png","type":"image\/png"}],"twitter_card":"summary_large_image","twitter_misc":{"Ber\u00e4knad l\u00e4stid":"1 minut"},"schema":{"@context":"https:\/\/schema.org","@graph":[{"@type":"WebPage","@id":"https:\/\/flexib.ee\/sv\/toode\/maare-liigenditele-starplex-ep-2\/","url":"https:\/\/flexib.ee\/sv\/toode\/maare-liigenditele-starplex-ep-2\/","name":"M\u00e4\u00e4re liigenditele Starplex EP 2 - Flexib h\u00fcdraulika","isPartOf":{"@id":"https:\/\/flexib.ee\/sv\/#website"},"datePublished":"2024-02-10T11:28:07+00:00","dateModified":"2026-04-07T06:40:13+00:00","description":"M\u00e4\u00e4re liigenditele Starplex EP 2 - H\u00fcdraulika komponendid, h\u00fcdropumbad, h\u00fcdraulilised jagajad, h\u00fcdrosilindrid, h\u00fcdropumbad, h\u00fcdraulika \u00f5lid ja h\u00fcdromootorid. P\u00f5llumajandus h\u00fcdraulika, h\u00fcdrovoolikud ja h\u00fcdrojaamad.","breadcrumb":{"@id":"https:\/\/flexib.ee\/sv\/toode\/maare-liigenditele-starplex-ep-2\/#breadcrumb"},"inLanguage":"sv-SE","potentialAction":[{"@type":"ReadAction","target":["https:\/\/flexib.ee\/sv\/toode\/maare-liigenditele-starplex-ep-2\/"]}]},{"@type":"BreadcrumbList","@id":"https:\/\/flexib.ee\/sv\/toode\/maare-liigenditele-starplex-ep-2\/#breadcrumb","itemListElement":[{"@type":"ListItem","position":1,"name":"Flexib","item":"https:\/\/flexib.ee\/sv\/"},{"@type":"ListItem","position":2,"name":"Butik","item":"https:\/\/flexib.ee\/sv\/butik\/"},{"@type":"ListItem","position":3,"name":"M\u00e4\u00e4re liigenditele Starplex EP 2"}]},{"@type":"WebSite","@id":"https:\/\/flexib.ee\/sv\/#website","url":"https:\/\/flexib.ee\/sv\/","name":"Flexib h\u00fcdraulika","description":"H\u00fcdraulika tarvikud ja komponendid.","publisher":{"@id":"https:\/\/flexib.ee\/sv\/#organization"},"potentialAction":[{"@type":"SearchAction","target":{"@type":"EntryPoint","urlTemplate":"https:\/\/flexib.ee\/sv\/?s={search_term_string}"},"query-input":"required name=search_term_string"}],"inLanguage":"sv-SE"},{"@type":"Organization","@id":"https:\/\/flexib.ee\/sv\/#organization","name":"Flexib H\u00fcdraulika","url":"https:\/\/flexib.ee\/sv\/","logo":{"@type":"ImageObject","inLanguage":"sv-SE","@id":"https:\/\/flexib.ee\/sv\/#\/schema\/logo\/image\/","url":"https:\/\/flexib.ee\/wp-content\/uploads\/2020\/08\/FLEXIB-2.png","contentUrl":"https:\/\/flexib.ee\/wp-content\/uploads\/2020\/08\/FLEXIB-2.png","width":500,"height":500,"caption":"Flexib H\u00fcdraulika"},"image":{"@id":"https:\/\/flexib.ee\/sv\/#\/schema\/logo\/image\/"}}]}},"_links":{"self":[{"href":"https:\/\/flexib.ee\/sv\/wp-json\/wp\/v2\/product\/26605"}],"collection":[{"href":"https:\/\/flexib.ee\/sv\/wp-json\/wp\/v2\/product"}],"about":[{"href":"https:\/\/flexib.ee\/sv\/wp-json\/wp\/v2\/types\/product"}],"wp:featuredmedia":[{"embeddable":true,"href":"https:\/\/flexib.ee\/sv\/wp-json\/wp\/v2\/media\/26606"}],"wp:attachment":[{"href":"https:\/\/flexib.ee\/sv\/wp-json\/wp\/v2\/media?parent=26605"}],"wp:term":[{"taxonomy":"product_cat","embeddable":true,"href":"https:\/\/flexib.ee\/sv\/wp-json\/wp\/v2\/product_cat?post=26605"},{"taxonomy":"product_tag","embeddable":true,"href":"https:\/\/flexib.ee\/sv\/wp-json\/wp\/v2\/product_tag?post=26605"}],"curies":[{"name":"wp","href":"https:\/\/api.w.org\/{rel}","templated":true}]}}