{"id":25193,"date":"2023-11-21T11:37:08","date_gmt":"2023-11-21T08:37:08","guid":{"rendered":"https:\/\/flexib.ee\/toode\/universaalne-metallist-hudroolipaak-mahutavus-10-liitrit-tunn-kaasas-tagasivoolufiltriga\/"},"modified":"2023-12-06T17:38:44","modified_gmt":"2023-12-06T14:38:44","slug":"universaalne-metallist-hudroolipaak-mahutavus-10-liitrit-tunn-kaasas-tagasivoolufiltriga","status":"publish","type":"product","link":"https:\/\/flexib.ee\/sv\/toode\/universaalne-metallist-hudroolipaak-mahutavus-10-liitrit-tunn-kaasas-tagasivoolufiltriga\/","title":{"rendered":"Universaalne metallist h\u00fcdro\u00f5lipaak, mahutavus 10 liitrit, tagasivoolufiltriga"},"content":{"rendered":"<p><img decoding=\"async\" loading=\"lazy\" class=\"wp-image-26391 alignnone\" src=\"https:\/\/flexib.ee\/wp-content\/uploads\/2023\/11\/Universaalne-metallist-hudroolipaak-mahutavus-10-liitrit-tagasivoolufiltriga.jpg\" alt=\"\" width=\"424\" height=\"424\" srcset=\"https:\/\/flexib.ee\/wp-content\/uploads\/2023\/11\/Universaalne-metallist-hudroolipaak-mahutavus-10-liitrit-tagasivoolufiltriga.jpg 800w, https:\/\/flexib.ee\/wp-content\/uploads\/2023\/11\/Universaalne-metallist-hudroolipaak-mahutavus-10-liitrit-tagasivoolufiltriga-300x300.jpg 300w, https:\/\/flexib.ee\/wp-content\/uploads\/2023\/11\/Universaalne-metallist-hudroolipaak-mahutavus-10-liitrit-tagasivoolufiltriga-150x150.jpg 150w, https:\/\/flexib.ee\/wp-content\/uploads\/2023\/11\/Universaalne-metallist-hudroolipaak-mahutavus-10-liitrit-tagasivoolufiltriga-768x768.jpg 768w, https:\/\/flexib.ee\/wp-content\/uploads\/2023\/11\/Universaalne-metallist-hudroolipaak-mahutavus-10-liitrit-tagasivoolufiltriga-600x600.jpg 600w\" sizes=\"(max-width: 424px) 100vw, 424px\" \/><\/p>\n<p>Universaalne ovaalne \u00f5lipaak mahuga 10 L koos tagasivoolutorus t\u00f6\u00f6tava \u00f5lifiltriga.<br \/>\nPaagil on k\u00f5ik 3\/4&#8243; keermestatud augud.<\/p>\n","protected":false},"excerpt":{"rendered":"<p>Universaalne ovaalne \u00f5lipaak mahuga 10 L koos tagasivoolutorus t\u00f6\u00f6tava \u00f5lifiltriga. Paagil on k\u00f5ik 3\/4&#8243; keermestatud augud.<\/p>\n","protected":false},"featured_media":25190,"template":"","meta":[],"product_cat":[304],"product_tag":[],"supplier_id":null,"supplier_sku":"","barcode":null,"atum_controlled":true,"out_stock_date":null,"out_stock_threshold":null,"inheritable":false,"inbound_stock":0,"stock_on_hold":0,"sold_today":0,"sales_last_days":0,"reserved_stock":0,"customer_returns":0,"warehouse_damage":0,"lost_in_post":0,"other_logs":0,"out_stock_days":0,"lost_sales":0,"has_location":false,"update_date":"2026-04-15T00:12:21","atum_locations":[],"atum_stock_status":"onbackorder","restock_status":false,"low_stock_amount":"","sales_update_date":"2026-04-15T00:12:21","calc_backorders":null,"yoast_head":"<!-- This site is optimized with the Yoast SEO plugin v21.0 - https:\/\/yoast.com\/wordpress\/plugins\/seo\/ -->\n<title>Universaalne metallist h\u00fcdro\u00f5lipaak, mahutavus 10 liitrit, tagasivoolufiltriga - Flexib h\u00fcdraulika<\/title>\n<meta name=\"description\" content=\"Universaalne metallist h\u00fcdro\u00f5lipaak, mahutavus 10 liitrit, tagasivoolufiltriga - H\u00fcdraulika komponendid, h\u00fcdropumbad, h\u00fcdraulilised jagajad, h\u00fcdrosilindrid, h\u00fcdropumbad, h\u00fcdraulika \u00f5lid ja h\u00fcdromootorid. P\u00f5llumajandus h\u00fcdraulika, h\u00fcdrovoolikud ja h\u00fcdrojaamad.\" \/>\n<meta name=\"robots\" content=\"index, follow, max-snippet:-1, max-image-preview:large, max-video-preview:-1\" \/>\n<link rel=\"canonical\" href=\"https:\/\/flexib.ee\/sv\/toode\/universaalne-metallist-hudroolipaak-mahutavus-10-liitrit-tunn-kaasas-tagasivoolufiltriga\/\" \/>\n<meta property=\"og:locale\" content=\"sv_SE\" \/>\n<meta property=\"og:type\" content=\"article\" \/>\n<meta property=\"og:title\" content=\"Universaalne metallist h\u00fcdro\u00f5lipaak, mahutavus 10 liitrit, tagasivoolufiltriga - Flexib h\u00fcdraulika\" \/>\n<meta property=\"og:description\" content=\"Universaalne metallist h\u00fcdro\u00f5lipaak, mahutavus 10 liitrit, tagasivoolufiltriga - H\u00fcdraulika komponendid, h\u00fcdropumbad, h\u00fcdraulilised jagajad, h\u00fcdrosilindrid, h\u00fcdropumbad, h\u00fcdraulika \u00f5lid ja h\u00fcdromootorid. P\u00f5llumajandus h\u00fcdraulika, h\u00fcdrovoolikud ja h\u00fcdrojaamad.\" \/>\n<meta property=\"og:url\" content=\"https:\/\/flexib.ee\/sv\/toode\/universaalne-metallist-hudroolipaak-mahutavus-10-liitrit-tunn-kaasas-tagasivoolufiltriga\/\" \/>\n<meta property=\"og:site_name\" content=\"Flexib h\u00fcdraulika\" \/>\n<meta property=\"article:modified_time\" content=\"2023-12-06T14:38:44+00:00\" \/>\n<meta property=\"og:image\" content=\"https:\/\/flexib.ee\/wp-content\/uploads\/2023\/11\/1.41.11.010-hydrolider-1.png\" \/>\n\t<meta property=\"og:image:width\" content=\"800\" \/>\n\t<meta property=\"og:image:height\" content=\"800\" \/>\n\t<meta property=\"og:image:type\" content=\"image\/png\" \/>\n<meta name=\"twitter:card\" content=\"summary_large_image\" \/>\n<meta name=\"twitter:label1\" content=\"Ber\u00e4knad l\u00e4stid\" \/>\n\t<meta name=\"twitter:data1\" content=\"1 minut\" \/>\n<script type=\"application\/ld+json\" class=\"yoast-schema-graph\">{\"@context\":\"https:\/\/schema.org\",\"@graph\":[{\"@type\":\"WebPage\",\"@id\":\"https:\/\/flexib.ee\/sv\/toode\/universaalne-metallist-hudroolipaak-mahutavus-10-liitrit-tunn-kaasas-tagasivoolufiltriga\/\",\"url\":\"https:\/\/flexib.ee\/sv\/toode\/universaalne-metallist-hudroolipaak-mahutavus-10-liitrit-tunn-kaasas-tagasivoolufiltriga\/\",\"name\":\"Universaalne metallist h\u00fcdro\u00f5lipaak, mahutavus 10 liitrit, tagasivoolufiltriga - Flexib h\u00fcdraulika\",\"isPartOf\":{\"@id\":\"https:\/\/flexib.ee\/sv\/#website\"},\"datePublished\":\"2023-11-21T08:37:08+00:00\",\"dateModified\":\"2023-12-06T14:38:44+00:00\",\"description\":\"Universaalne metallist h\u00fcdro\u00f5lipaak, mahutavus 10 liitrit, tagasivoolufiltriga - H\u00fcdraulika komponendid, h\u00fcdropumbad, h\u00fcdraulilised jagajad, h\u00fcdrosilindrid, h\u00fcdropumbad, h\u00fcdraulika \u00f5lid ja h\u00fcdromootorid. P\u00f5llumajandus h\u00fcdraulika, h\u00fcdrovoolikud ja h\u00fcdrojaamad.\",\"breadcrumb\":{\"@id\":\"https:\/\/flexib.ee\/sv\/toode\/universaalne-metallist-hudroolipaak-mahutavus-10-liitrit-tunn-kaasas-tagasivoolufiltriga\/#breadcrumb\"},\"inLanguage\":\"sv-SE\",\"potentialAction\":[{\"@type\":\"ReadAction\",\"target\":[\"https:\/\/flexib.ee\/sv\/toode\/universaalne-metallist-hudroolipaak-mahutavus-10-liitrit-tunn-kaasas-tagasivoolufiltriga\/\"]}]},{\"@type\":\"BreadcrumbList\",\"@id\":\"https:\/\/flexib.ee\/sv\/toode\/universaalne-metallist-hudroolipaak-mahutavus-10-liitrit-tunn-kaasas-tagasivoolufiltriga\/#breadcrumb\",\"itemListElement\":[{\"@type\":\"ListItem\",\"position\":1,\"name\":\"Flexib\",\"item\":\"https:\/\/flexib.ee\/sv\/\"},{\"@type\":\"ListItem\",\"position\":2,\"name\":\"Butik\",\"item\":\"https:\/\/flexib.ee\/sv\/butik\/\"},{\"@type\":\"ListItem\",\"position\":3,\"name\":\"Universaalne metallist h\u00fcdro\u00f5lipaak, mahutavus 10 liitrit, tagasivoolufiltriga\"}]},{\"@type\":\"WebSite\",\"@id\":\"https:\/\/flexib.ee\/sv\/#website\",\"url\":\"https:\/\/flexib.ee\/sv\/\",\"name\":\"Flexib h\u00fcdraulika\",\"description\":\"H\u00fcdraulika tarvikud ja komponendid.\",\"publisher\":{\"@id\":\"https:\/\/flexib.ee\/sv\/#organization\"},\"potentialAction\":[{\"@type\":\"SearchAction\",\"target\":{\"@type\":\"EntryPoint\",\"urlTemplate\":\"https:\/\/flexib.ee\/sv\/?s={search_term_string}\"},\"query-input\":\"required name=search_term_string\"}],\"inLanguage\":\"sv-SE\"},{\"@type\":\"Organization\",\"@id\":\"https:\/\/flexib.ee\/sv\/#organization\",\"name\":\"Flexib H\u00fcdraulika\",\"url\":\"https:\/\/flexib.ee\/sv\/\",\"logo\":{\"@type\":\"ImageObject\",\"inLanguage\":\"sv-SE\",\"@id\":\"https:\/\/flexib.ee\/sv\/#\/schema\/logo\/image\/\",\"url\":\"https:\/\/flexib.ee\/wp-content\/uploads\/2020\/08\/FLEXIB-2.png\",\"contentUrl\":\"https:\/\/flexib.ee\/wp-content\/uploads\/2020\/08\/FLEXIB-2.png\",\"width\":500,\"height\":500,\"caption\":\"Flexib H\u00fcdraulika\"},\"image\":{\"@id\":\"https:\/\/flexib.ee\/sv\/#\/schema\/logo\/image\/\"}}]}<\/script>\n<!-- \/ Yoast SEO plugin. -->","yoast_head_json":{"title":"Universaalne metallist h\u00fcdro\u00f5lipaak, mahutavus 10 liitrit, tagasivoolufiltriga - Flexib h\u00fcdraulika","description":"Universaalne metallist h\u00fcdro\u00f5lipaak, mahutavus 10 liitrit, tagasivoolufiltriga - H\u00fcdraulika komponendid, h\u00fcdropumbad, h\u00fcdraulilised jagajad, h\u00fcdrosilindrid, h\u00fcdropumbad, h\u00fcdraulika \u00f5lid ja h\u00fcdromootorid. P\u00f5llumajandus h\u00fcdraulika, h\u00fcdrovoolikud ja h\u00fcdrojaamad.","robots":{"index":"index","follow":"follow","max-snippet":"max-snippet:-1","max-image-preview":"max-image-preview:large","max-video-preview":"max-video-preview:-1"},"canonical":"https:\/\/flexib.ee\/sv\/toode\/universaalne-metallist-hudroolipaak-mahutavus-10-liitrit-tunn-kaasas-tagasivoolufiltriga\/","og_locale":"sv_SE","og_type":"article","og_title":"Universaalne metallist h\u00fcdro\u00f5lipaak, mahutavus 10 liitrit, tagasivoolufiltriga - Flexib h\u00fcdraulika","og_description":"Universaalne metallist h\u00fcdro\u00f5lipaak, mahutavus 10 liitrit, tagasivoolufiltriga - H\u00fcdraulika komponendid, h\u00fcdropumbad, h\u00fcdraulilised jagajad, h\u00fcdrosilindrid, h\u00fcdropumbad, h\u00fcdraulika \u00f5lid ja h\u00fcdromootorid. P\u00f5llumajandus h\u00fcdraulika, h\u00fcdrovoolikud ja h\u00fcdrojaamad.","og_url":"https:\/\/flexib.ee\/sv\/toode\/universaalne-metallist-hudroolipaak-mahutavus-10-liitrit-tunn-kaasas-tagasivoolufiltriga\/","og_site_name":"Flexib h\u00fcdraulika","article_modified_time":"2023-12-06T14:38:44+00:00","og_image":[{"width":800,"height":800,"url":"https:\/\/flexib.ee\/wp-content\/uploads\/2023\/11\/1.41.11.010-hydrolider-1.png","type":"image\/png"}],"twitter_card":"summary_large_image","twitter_misc":{"Ber\u00e4knad l\u00e4stid":"1 minut"},"schema":{"@context":"https:\/\/schema.org","@graph":[{"@type":"WebPage","@id":"https:\/\/flexib.ee\/sv\/toode\/universaalne-metallist-hudroolipaak-mahutavus-10-liitrit-tunn-kaasas-tagasivoolufiltriga\/","url":"https:\/\/flexib.ee\/sv\/toode\/universaalne-metallist-hudroolipaak-mahutavus-10-liitrit-tunn-kaasas-tagasivoolufiltriga\/","name":"Universaalne metallist h\u00fcdro\u00f5lipaak, mahutavus 10 liitrit, tagasivoolufiltriga - Flexib h\u00fcdraulika","isPartOf":{"@id":"https:\/\/flexib.ee\/sv\/#website"},"datePublished":"2023-11-21T08:37:08+00:00","dateModified":"2023-12-06T14:38:44+00:00","description":"Universaalne metallist h\u00fcdro\u00f5lipaak, mahutavus 10 liitrit, tagasivoolufiltriga - H\u00fcdraulika komponendid, h\u00fcdropumbad, h\u00fcdraulilised jagajad, h\u00fcdrosilindrid, h\u00fcdropumbad, h\u00fcdraulika \u00f5lid ja h\u00fcdromootorid. P\u00f5llumajandus h\u00fcdraulika, h\u00fcdrovoolikud ja h\u00fcdrojaamad.","breadcrumb":{"@id":"https:\/\/flexib.ee\/sv\/toode\/universaalne-metallist-hudroolipaak-mahutavus-10-liitrit-tunn-kaasas-tagasivoolufiltriga\/#breadcrumb"},"inLanguage":"sv-SE","potentialAction":[{"@type":"ReadAction","target":["https:\/\/flexib.ee\/sv\/toode\/universaalne-metallist-hudroolipaak-mahutavus-10-liitrit-tunn-kaasas-tagasivoolufiltriga\/"]}]},{"@type":"BreadcrumbList","@id":"https:\/\/flexib.ee\/sv\/toode\/universaalne-metallist-hudroolipaak-mahutavus-10-liitrit-tunn-kaasas-tagasivoolufiltriga\/#breadcrumb","itemListElement":[{"@type":"ListItem","position":1,"name":"Flexib","item":"https:\/\/flexib.ee\/sv\/"},{"@type":"ListItem","position":2,"name":"Butik","item":"https:\/\/flexib.ee\/sv\/butik\/"},{"@type":"ListItem","position":3,"name":"Universaalne metallist h\u00fcdro\u00f5lipaak, mahutavus 10 liitrit, tagasivoolufiltriga"}]},{"@type":"WebSite","@id":"https:\/\/flexib.ee\/sv\/#website","url":"https:\/\/flexib.ee\/sv\/","name":"Flexib h\u00fcdraulika","description":"H\u00fcdraulika tarvikud ja komponendid.","publisher":{"@id":"https:\/\/flexib.ee\/sv\/#organization"},"potentialAction":[{"@type":"SearchAction","target":{"@type":"EntryPoint","urlTemplate":"https:\/\/flexib.ee\/sv\/?s={search_term_string}"},"query-input":"required name=search_term_string"}],"inLanguage":"sv-SE"},{"@type":"Organization","@id":"https:\/\/flexib.ee\/sv\/#organization","name":"Flexib H\u00fcdraulika","url":"https:\/\/flexib.ee\/sv\/","logo":{"@type":"ImageObject","inLanguage":"sv-SE","@id":"https:\/\/flexib.ee\/sv\/#\/schema\/logo\/image\/","url":"https:\/\/flexib.ee\/wp-content\/uploads\/2020\/08\/FLEXIB-2.png","contentUrl":"https:\/\/flexib.ee\/wp-content\/uploads\/2020\/08\/FLEXIB-2.png","width":500,"height":500,"caption":"Flexib H\u00fcdraulika"},"image":{"@id":"https:\/\/flexib.ee\/sv\/#\/schema\/logo\/image\/"}}]}},"_links":{"self":[{"href":"https:\/\/flexib.ee\/sv\/wp-json\/wp\/v2\/product\/25193"}],"collection":[{"href":"https:\/\/flexib.ee\/sv\/wp-json\/wp\/v2\/product"}],"about":[{"href":"https:\/\/flexib.ee\/sv\/wp-json\/wp\/v2\/types\/product"}],"wp:featuredmedia":[{"embeddable":true,"href":"https:\/\/flexib.ee\/sv\/wp-json\/wp\/v2\/media\/25190"}],"wp:attachment":[{"href":"https:\/\/flexib.ee\/sv\/wp-json\/wp\/v2\/media?parent=25193"}],"wp:term":[{"taxonomy":"product_cat","embeddable":true,"href":"https:\/\/flexib.ee\/sv\/wp-json\/wp\/v2\/product_cat?post=25193"},{"taxonomy":"product_tag","embeddable":true,"href":"https:\/\/flexib.ee\/sv\/wp-json\/wp\/v2\/product_tag?post=25193"}],"curies":[{"name":"wp","href":"https:\/\/api.w.org\/{rel}","templated":true}]}}