{"id":24653,"date":"2023-11-21T11:34:01","date_gmt":"2023-11-21T08:34:01","guid":{"rendered":"https:\/\/flexib.ee\/toode\/kolmefaasiline-vektorinverter-gd20-004g-4-eu\/"},"modified":"2026-02-23T17:00:26","modified_gmt":"2026-02-23T14:00:26","slug":"kolmefaasiline-vektorinverter-gd20-004g-4-eu","status":"publish","type":"product","link":"https:\/\/flexib.ee\/sv\/toode\/kolmefaasiline-vektorinverter-gd20-004g-4-eu\/","title":{"rendered":"Kolmefaasiline vektorinverter GD20-004G-4-EU."},"content":{"rendered":"<p>GD20-004G-4-EU vektorinverter, mis on ette n\u00e4htud v\u00f5lli p\u00f6\u00f6rlemise reguleerimiseks 3-faasilistes 380 V (400 V) mootorites v\u00f5imsusega 4 kW ja konstantse (tehase) p\u00f6\u00f6rete arvuga 750, 1000, 1500 v\u00f5i 3000 p\/min.<\/p>\n<p>&nbsp;<\/p>\n<p>Tehnilised andmed:<br \/>\nInverteril on suurep\u00e4rased omadused, sealhulgas kategooria C3 EMC-filter, d\u00fcnaamilise pidurduse moodul, integreeritud LED-operaatori paneel ja RS485-side Modbus RTU protokolliga. See on loodud paigaldus- ja kasutuselev\u00f5tuaja minimeerimiseks. Ideaalne neile, kes otsivad v\u00f5imsat inverterit taskukohase hinnaga.<\/p>\n<p>SISENDV\u00d5IMSUS:<\/p>\n<p>Sisendpinge (V):<\/p>\n<p>Vahelduvvool 3-faasiline 380 V (-15%) ~440 V (+10%)<\/p>\n<p>Sagedus (Hz):<\/p>\n<p>50 Hz v\u00f5i 60 Hz (lubatud vahemik 47~63 Hz)<\/p>\n<p>V\u00c4LJUNDV\u00d5IMSUS:<\/p>\n<p>V\u00e4ljundpinge (V):<\/p>\n<p>Vahelduvvool 3-faasiline 380-440 V<\/p>\n<p>V\u00e4ljundvool (A):<\/p>\n<p>9,5 A<br \/>\nV\u00e4ljundv\u00f5imsus (kW):<\/p>\n<p>4 kW<br \/>\nOmadused:<\/p>\n<p>Veekindlus: IP20<br \/>\nMaksimaalne v\u00e4ljundsagedus 400 Hz<br \/>\nRS485 side ModbusRTU protokolliga<br \/>\nP\u00f6\u00f6rdemomendi juhtimise funktsioon<br \/>\nLai valik turvafunktsioone<br \/>\nViimase 5 avariiseisundi ajalugu koos viimase 3 avariiv\u00e4ljal\u00fclituse t\u00f6\u00f6parameetrite m\u00e4luga<br \/>\nSisseehitatud spetsiaalne v\u00e4ljundpinge reguleerimise re\u017eiim olenemata seadistatud U\/f v\u00e4\u00e4rtusest<br \/>\nLendk\u00e4ivituse funktsioon, ideaalne p\u00f6\u00f6rleva koormusega k\u00e4ivitamiseks, nt. ventilaator<br \/>\nSisseehitatud EMC-h\u00e4irete summutamise filter kategooria C3 koos v\u00f5imalusega filtri Y-kondensaatorid lahti \u00fchendada lekkevoolude v\u00e4hendamiseks (hoiab \u00e4ra diferentsiaalkaitsel\u00fclitite soovimatu rakendumise)<br \/>\nSisseehitatud PID-kontroller unefunktsiooniga v\u00f5imaldab nt pumpade ja ventilaatorite automaatset juhtimist<br \/>\nSisseehitatud pidurdusmoodul<br \/>\nKahe- ja kolmejuhtmeline juhtimine<br \/>\nT\u00f6\u00f6aja loendur<br \/>\nDigitaalsed sisendid ja v\u00e4ljundid:<br \/>\nNeli fikseeritud digitaalsisendit, seadistatava sisendloogikaga: positiivne v\u00f5i negatiivne, pingevahemik 24 V<br \/>\n\u00dcks kiire digitaalsisend HDI, 24 V<br \/>\nProgrammeeritavad digitaalsisendi ja -v\u00e4ljundi funktsioonid, sealhulgas loenduri funktsioon<br \/>\n\u00dcks l\u00fclitusrelee v\u00e4ljund (SPDT), mitmefunktsiooniline<br \/>\nV\u00f5imalus kujundada sisendi\/v\u00e4ljundi polarisatsiooni mis tahes viisil (bitis\u00f5na)<br \/>\nAnaloogsisendid ja -v\u00e4ljundid:<br \/>\nKaks analoogsisendit, vaikimisi 0\u201310 V, seadistatav sisendi t\u00fc\u00fcp \u2013 pinge v\u00f5i vool.<br \/>\nSisendi karakteristikute skaleerimine vastavalt vajadusele sisendvahemiku algus- ja l\u00f5ppkoordinaatide m\u00e4\u00e4ramise teel<br \/>\nKaks analoogv\u00e4ljundit 0\u201310 v\u00f5i 0\u201320 mA, reguleeritavad v\u00e4ljundkarakteristikud, valitav j\u00e4lgitav muutuja<br \/>\nSisseehitatud potentsiomeeter, mis on \u00fchendatud s\u00f5ltumatu sisemise sisendiga (klemmid ei ole ribale v\u00e4lja viidud), seadistatavad karakteristikud nagu teistel analoogsisenditel<br \/>\nJuhend ja sertifikaadid:<br \/>\nIngliskeelse tootja juhendi saab saata m\u00e4\u00e4ratud e-posti aadressile. Tootel on k\u00f5ik vajalikud sertifikaadid Euroopa Liidus kauplemiseks ja kasutamiseks.<br \/>\nSertifikaadid: RoHS, T\u00dcV, CE<\/p>\n","protected":false},"excerpt":{"rendered":"<p>GD20-004G-4-EU vektorinverter, mis on ette n\u00e4htud v\u00f5lli p\u00f6\u00f6rlemise reguleerimiseks 3-faasilistes 380 V (400 V) mootorites v\u00f5imsusega 4 kW ja konstantse<\/p>\n","protected":false},"featured_media":24650,"template":"","meta":[],"product_cat":[1759],"product_tag":[],"supplier_id":null,"supplier_sku":"","barcode":null,"atum_controlled":true,"out_stock_date":null,"out_stock_threshold":null,"inheritable":false,"inbound_stock":null,"stock_on_hold":0,"sold_today":0,"sales_last_days":0,"reserved_stock":null,"customer_returns":null,"warehouse_damage":null,"lost_in_post":null,"other_logs":null,"out_stock_days":0,"lost_sales":0,"has_location":false,"update_date":"2026-04-09T00:09:23","atum_locations":[],"atum_stock_status":"onbackorder","restock_status":false,"low_stock_amount":"","sales_update_date":"2026-04-09T00:09:23","calc_backorders":null,"yoast_head":"<!-- This site is optimized with the Yoast SEO plugin v21.0 - https:\/\/yoast.com\/wordpress\/plugins\/seo\/ -->\n<title>Kolmefaasiline vektorinverter GD20-004G-4-EU. - Flexib h\u00fcdraulika<\/title>\n<meta name=\"description\" content=\"Kolmefaasiline vektorinverter GD20-004G-4-EU. - H\u00fcdraulika komponendid, h\u00fcdropumbad, h\u00fcdraulilised jagajad, h\u00fcdrosilindrid, h\u00fcdropumbad, h\u00fcdraulika \u00f5lid ja h\u00fcdromootorid. P\u00f5llumajandus h\u00fcdraulika, h\u00fcdrovoolikud ja h\u00fcdrojaamad.\" \/>\n<meta name=\"robots\" content=\"index, follow, max-snippet:-1, max-image-preview:large, max-video-preview:-1\" \/>\n<link rel=\"canonical\" href=\"https:\/\/flexib.ee\/sv\/toode\/kolmefaasiline-vektorinverter-gd20-004g-4-eu\/\" \/>\n<meta property=\"og:locale\" content=\"sv_SE\" \/>\n<meta property=\"og:type\" content=\"article\" \/>\n<meta property=\"og:title\" content=\"Kolmefaasiline vektorinverter GD20-004G-4-EU. - Flexib h\u00fcdraulika\" \/>\n<meta property=\"og:description\" content=\"Kolmefaasiline vektorinverter GD20-004G-4-EU. - H\u00fcdraulika komponendid, h\u00fcdropumbad, h\u00fcdraulilised jagajad, h\u00fcdrosilindrid, h\u00fcdropumbad, h\u00fcdraulika \u00f5lid ja h\u00fcdromootorid. P\u00f5llumajandus h\u00fcdraulika, h\u00fcdrovoolikud ja h\u00fcdrojaamad.\" \/>\n<meta property=\"og:url\" content=\"https:\/\/flexib.ee\/sv\/toode\/kolmefaasiline-vektorinverter-gd20-004g-4-eu\/\" \/>\n<meta property=\"og:site_name\" content=\"Flexib h\u00fcdraulika\" \/>\n<meta property=\"article:modified_time\" content=\"2026-02-23T14:00:26+00:00\" \/>\n<meta property=\"og:image\" content=\"https:\/\/flexib.ee\/wp-content\/uploads\/2023\/11\/1.42.50.20.0400.1-inverter-goodrive-invt-1.png\" \/>\n\t<meta property=\"og:image:width\" content=\"800\" \/>\n\t<meta property=\"og:image:height\" content=\"800\" \/>\n\t<meta property=\"og:image:type\" content=\"image\/png\" \/>\n<meta name=\"twitter:card\" content=\"summary_large_image\" \/>\n<meta name=\"twitter:label1\" content=\"Ber\u00e4knad l\u00e4stid\" \/>\n\t<meta name=\"twitter:data1\" content=\"2 minuter\" \/>\n<script type=\"application\/ld+json\" class=\"yoast-schema-graph\">{\"@context\":\"https:\/\/schema.org\",\"@graph\":[{\"@type\":\"WebPage\",\"@id\":\"https:\/\/flexib.ee\/sv\/toode\/kolmefaasiline-vektorinverter-gd20-004g-4-eu\/\",\"url\":\"https:\/\/flexib.ee\/sv\/toode\/kolmefaasiline-vektorinverter-gd20-004g-4-eu\/\",\"name\":\"Kolmefaasiline vektorinverter GD20-004G-4-EU. - Flexib h\u00fcdraulika\",\"isPartOf\":{\"@id\":\"https:\/\/flexib.ee\/sv\/#website\"},\"datePublished\":\"2023-11-21T08:34:01+00:00\",\"dateModified\":\"2026-02-23T14:00:26+00:00\",\"description\":\"Kolmefaasiline vektorinverter GD20-004G-4-EU. - H\u00fcdraulika komponendid, h\u00fcdropumbad, h\u00fcdraulilised jagajad, h\u00fcdrosilindrid, h\u00fcdropumbad, h\u00fcdraulika \u00f5lid ja h\u00fcdromootorid. P\u00f5llumajandus h\u00fcdraulika, h\u00fcdrovoolikud ja h\u00fcdrojaamad.\",\"breadcrumb\":{\"@id\":\"https:\/\/flexib.ee\/sv\/toode\/kolmefaasiline-vektorinverter-gd20-004g-4-eu\/#breadcrumb\"},\"inLanguage\":\"sv-SE\",\"potentialAction\":[{\"@type\":\"ReadAction\",\"target\":[\"https:\/\/flexib.ee\/sv\/toode\/kolmefaasiline-vektorinverter-gd20-004g-4-eu\/\"]}]},{\"@type\":\"BreadcrumbList\",\"@id\":\"https:\/\/flexib.ee\/sv\/toode\/kolmefaasiline-vektorinverter-gd20-004g-4-eu\/#breadcrumb\",\"itemListElement\":[{\"@type\":\"ListItem\",\"position\":1,\"name\":\"Flexib\",\"item\":\"https:\/\/flexib.ee\/sv\/\"},{\"@type\":\"ListItem\",\"position\":2,\"name\":\"Butik\",\"item\":\"https:\/\/flexib.ee\/sv\/butik\/\"},{\"@type\":\"ListItem\",\"position\":3,\"name\":\"Kolmefaasiline vektorinverter GD20-004G-4-EU.\"}]},{\"@type\":\"WebSite\",\"@id\":\"https:\/\/flexib.ee\/sv\/#website\",\"url\":\"https:\/\/flexib.ee\/sv\/\",\"name\":\"Flexib h\u00fcdraulika\",\"description\":\"H\u00fcdraulika tarvikud ja komponendid.\",\"publisher\":{\"@id\":\"https:\/\/flexib.ee\/sv\/#organization\"},\"potentialAction\":[{\"@type\":\"SearchAction\",\"target\":{\"@type\":\"EntryPoint\",\"urlTemplate\":\"https:\/\/flexib.ee\/sv\/?s={search_term_string}\"},\"query-input\":\"required name=search_term_string\"}],\"inLanguage\":\"sv-SE\"},{\"@type\":\"Organization\",\"@id\":\"https:\/\/flexib.ee\/sv\/#organization\",\"name\":\"Flexib H\u00fcdraulika\",\"url\":\"https:\/\/flexib.ee\/sv\/\",\"logo\":{\"@type\":\"ImageObject\",\"inLanguage\":\"sv-SE\",\"@id\":\"https:\/\/flexib.ee\/sv\/#\/schema\/logo\/image\/\",\"url\":\"https:\/\/flexib.ee\/wp-content\/uploads\/2020\/08\/FLEXIB-2.png\",\"contentUrl\":\"https:\/\/flexib.ee\/wp-content\/uploads\/2020\/08\/FLEXIB-2.png\",\"width\":500,\"height\":500,\"caption\":\"Flexib H\u00fcdraulika\"},\"image\":{\"@id\":\"https:\/\/flexib.ee\/sv\/#\/schema\/logo\/image\/\"}}]}<\/script>\n<!-- \/ Yoast SEO plugin. -->","yoast_head_json":{"title":"Kolmefaasiline vektorinverter GD20-004G-4-EU. - Flexib h\u00fcdraulika","description":"Kolmefaasiline vektorinverter GD20-004G-4-EU. - H\u00fcdraulika komponendid, h\u00fcdropumbad, h\u00fcdraulilised jagajad, h\u00fcdrosilindrid, h\u00fcdropumbad, h\u00fcdraulika \u00f5lid ja h\u00fcdromootorid. P\u00f5llumajandus h\u00fcdraulika, h\u00fcdrovoolikud ja h\u00fcdrojaamad.","robots":{"index":"index","follow":"follow","max-snippet":"max-snippet:-1","max-image-preview":"max-image-preview:large","max-video-preview":"max-video-preview:-1"},"canonical":"https:\/\/flexib.ee\/sv\/toode\/kolmefaasiline-vektorinverter-gd20-004g-4-eu\/","og_locale":"sv_SE","og_type":"article","og_title":"Kolmefaasiline vektorinverter GD20-004G-4-EU. - Flexib h\u00fcdraulika","og_description":"Kolmefaasiline vektorinverter GD20-004G-4-EU. - H\u00fcdraulika komponendid, h\u00fcdropumbad, h\u00fcdraulilised jagajad, h\u00fcdrosilindrid, h\u00fcdropumbad, h\u00fcdraulika \u00f5lid ja h\u00fcdromootorid. P\u00f5llumajandus h\u00fcdraulika, h\u00fcdrovoolikud ja h\u00fcdrojaamad.","og_url":"https:\/\/flexib.ee\/sv\/toode\/kolmefaasiline-vektorinverter-gd20-004g-4-eu\/","og_site_name":"Flexib h\u00fcdraulika","article_modified_time":"2026-02-23T14:00:26+00:00","og_image":[{"width":800,"height":800,"url":"https:\/\/flexib.ee\/wp-content\/uploads\/2023\/11\/1.42.50.20.0400.1-inverter-goodrive-invt-1.png","type":"image\/png"}],"twitter_card":"summary_large_image","twitter_misc":{"Ber\u00e4knad l\u00e4stid":"2 minuter"},"schema":{"@context":"https:\/\/schema.org","@graph":[{"@type":"WebPage","@id":"https:\/\/flexib.ee\/sv\/toode\/kolmefaasiline-vektorinverter-gd20-004g-4-eu\/","url":"https:\/\/flexib.ee\/sv\/toode\/kolmefaasiline-vektorinverter-gd20-004g-4-eu\/","name":"Kolmefaasiline vektorinverter GD20-004G-4-EU. - Flexib h\u00fcdraulika","isPartOf":{"@id":"https:\/\/flexib.ee\/sv\/#website"},"datePublished":"2023-11-21T08:34:01+00:00","dateModified":"2026-02-23T14:00:26+00:00","description":"Kolmefaasiline vektorinverter GD20-004G-4-EU. - H\u00fcdraulika komponendid, h\u00fcdropumbad, h\u00fcdraulilised jagajad, h\u00fcdrosilindrid, h\u00fcdropumbad, h\u00fcdraulika \u00f5lid ja h\u00fcdromootorid. P\u00f5llumajandus h\u00fcdraulika, h\u00fcdrovoolikud ja h\u00fcdrojaamad.","breadcrumb":{"@id":"https:\/\/flexib.ee\/sv\/toode\/kolmefaasiline-vektorinverter-gd20-004g-4-eu\/#breadcrumb"},"inLanguage":"sv-SE","potentialAction":[{"@type":"ReadAction","target":["https:\/\/flexib.ee\/sv\/toode\/kolmefaasiline-vektorinverter-gd20-004g-4-eu\/"]}]},{"@type":"BreadcrumbList","@id":"https:\/\/flexib.ee\/sv\/toode\/kolmefaasiline-vektorinverter-gd20-004g-4-eu\/#breadcrumb","itemListElement":[{"@type":"ListItem","position":1,"name":"Flexib","item":"https:\/\/flexib.ee\/sv\/"},{"@type":"ListItem","position":2,"name":"Butik","item":"https:\/\/flexib.ee\/sv\/butik\/"},{"@type":"ListItem","position":3,"name":"Kolmefaasiline vektorinverter GD20-004G-4-EU."}]},{"@type":"WebSite","@id":"https:\/\/flexib.ee\/sv\/#website","url":"https:\/\/flexib.ee\/sv\/","name":"Flexib h\u00fcdraulika","description":"H\u00fcdraulika tarvikud ja komponendid.","publisher":{"@id":"https:\/\/flexib.ee\/sv\/#organization"},"potentialAction":[{"@type":"SearchAction","target":{"@type":"EntryPoint","urlTemplate":"https:\/\/flexib.ee\/sv\/?s={search_term_string}"},"query-input":"required name=search_term_string"}],"inLanguage":"sv-SE"},{"@type":"Organization","@id":"https:\/\/flexib.ee\/sv\/#organization","name":"Flexib H\u00fcdraulika","url":"https:\/\/flexib.ee\/sv\/","logo":{"@type":"ImageObject","inLanguage":"sv-SE","@id":"https:\/\/flexib.ee\/sv\/#\/schema\/logo\/image\/","url":"https:\/\/flexib.ee\/wp-content\/uploads\/2020\/08\/FLEXIB-2.png","contentUrl":"https:\/\/flexib.ee\/wp-content\/uploads\/2020\/08\/FLEXIB-2.png","width":500,"height":500,"caption":"Flexib H\u00fcdraulika"},"image":{"@id":"https:\/\/flexib.ee\/sv\/#\/schema\/logo\/image\/"}}]}},"_links":{"self":[{"href":"https:\/\/flexib.ee\/sv\/wp-json\/wp\/v2\/product\/24653"}],"collection":[{"href":"https:\/\/flexib.ee\/sv\/wp-json\/wp\/v2\/product"}],"about":[{"href":"https:\/\/flexib.ee\/sv\/wp-json\/wp\/v2\/types\/product"}],"wp:featuredmedia":[{"embeddable":true,"href":"https:\/\/flexib.ee\/sv\/wp-json\/wp\/v2\/media\/24650"}],"wp:attachment":[{"href":"https:\/\/flexib.ee\/sv\/wp-json\/wp\/v2\/media?parent=24653"}],"wp:term":[{"taxonomy":"product_cat","embeddable":true,"href":"https:\/\/flexib.ee\/sv\/wp-json\/wp\/v2\/product_cat?post=24653"},{"taxonomy":"product_tag","embeddable":true,"href":"https:\/\/flexib.ee\/sv\/wp-json\/wp\/v2\/product_tag?post=24653"}],"curies":[{"name":"wp","href":"https:\/\/api.w.org\/{rel}","templated":true}]}}