{"id":1751,"date":"2020-08-17T22:16:52","date_gmt":"2020-08-17T20:16:52","guid":{"rendered":"https:\/\/flexib.ee\/toode\/import-placeholder-for-11385\/"},"modified":"2026-01-23T14:36:05","modified_gmt":"2026-01-23T11:36:05","slug":"hudrosilinder-680mm-400mm-cj2f-63-36-400-koos-turvaklapiga","status":"publish","type":"product","link":"https:\/\/flexib.ee\/sv\/toode\/hudrosilinder-680mm-400mm-cj2f-63-36-400-koos-turvaklapiga\/","title":{"rendered":"H\u00fcdrosilinder 680mm: 400mm CJ2F-63\/36\/400, Koos turvaklapiga"},"content":{"rendered":"<p>Kaitseklappi (lukku) kasutatakse silindri liikumise blokeerimiseks m\u00f5lemas suunas. See tagab kolvivarda asendi stabiliseerumise, kui me ajamit ei juhi ja samal ajal toimivad need suurtele j\u00f5ududele. Klapilukk lakkab t\u00f6\u00f6tamast, kui hakkame jaoturit h\u00fcdrauliliselt juhtima ja vabastame r\u00f5hu.<\/p>\n<p><img decoding=\"async\" loading=\"lazy\" class=\"alignnone size-full wp-image-14124\" src=\"https:\/\/flexib.ee\/wp-content\/uploads\/2020\/08\/silinder.jpg\" alt=\"\" width=\"800\" height=\"383\" srcset=\"https:\/\/www.flexib.ee\/wp-content\/uploads\/2020\/08\/silinder.jpg 800w, https:\/\/www.flexib.ee\/wp-content\/uploads\/2020\/08\/silinder-300x144.jpg 300w, https:\/\/www.flexib.ee\/wp-content\/uploads\/2020\/08\/silinder-768x368.jpg 768w, https:\/\/www.flexib.ee\/wp-content\/uploads\/2020\/08\/silinder-150x72.jpg 150w\" sizes=\"(max-width: 800px) 100vw, 800px\" \/><\/p>\n","protected":false},"excerpt":{"rendered":"<p>Kaitseklappi (lukku) kasutatakse silindri liikumise blokeerimiseks m\u00f5lemas suunas. See tagab kolvivarda asendi stabiliseerumise, kui me ajamit ei juhi ja samal<\/p>\n","protected":false},"featured_media":8762,"template":"","meta":[],"product_cat":[180],"product_tag":[373,796,380],"supplier_id":null,"supplier_sku":"","barcode":null,"atum_controlled":true,"out_stock_date":null,"out_stock_threshold":null,"inheritable":false,"inbound_stock":null,"stock_on_hold":0,"sold_today":0,"sales_last_days":0,"reserved_stock":null,"customer_returns":null,"warehouse_damage":null,"lost_in_post":null,"other_logs":null,"out_stock_days":0,"lost_sales":0,"has_location":false,"update_date":"2026-04-11T00:19:39","atum_locations":[],"atum_stock_status":"instock","restock_status":false,"low_stock_amount":"","sales_update_date":"2026-04-11T00:19:39","calc_backorders":0,"yoast_head":"<!-- This site is optimized with the Yoast SEO plugin v21.0 - https:\/\/yoast.com\/wordpress\/plugins\/seo\/ -->\n<title>H\u00fcdrosilinder 680mm: 400mm CJ2F-63\/36\/400, Koos turvaklapiga - Flexib h\u00fcdraulika<\/title>\n<meta name=\"description\" content=\"H\u00fcdrosilinder 680mm: 400mm CJ2F-63\/36\/400, Koos turvaklapiga - H\u00fcdraulika komponendid, h\u00fcdropumbad, h\u00fcdraulilised jagajad, h\u00fcdrosilindrid, h\u00fcdropumbad, h\u00fcdraulika \u00f5lid ja h\u00fcdromootorid. P\u00f5llumajandus h\u00fcdraulika, h\u00fcdrovoolikud ja h\u00fcdrojaamad.\" \/>\n<meta name=\"robots\" content=\"index, follow, max-snippet:-1, max-image-preview:large, max-video-preview:-1\" \/>\n<link rel=\"canonical\" href=\"https:\/\/flexib.ee\/sv\/toode\/hudrosilinder-680mm-400mm-cj2f-63-36-400-koos-turvaklapiga\/\" \/>\n<meta property=\"og:locale\" content=\"sv_SE\" \/>\n<meta property=\"og:type\" content=\"article\" \/>\n<meta property=\"og:title\" content=\"H\u00fcdrosilinder 680mm: 400mm CJ2F-63\/36\/400, Koos turvaklapiga - Flexib h\u00fcdraulika\" \/>\n<meta property=\"og:description\" content=\"H\u00fcdrosilinder 680mm: 400mm CJ2F-63\/36\/400, Koos turvaklapiga - H\u00fcdraulika komponendid, h\u00fcdropumbad, h\u00fcdraulilised jagajad, h\u00fcdrosilindrid, h\u00fcdropumbad, h\u00fcdraulika \u00f5lid ja h\u00fcdromootorid. P\u00f5llumajandus h\u00fcdraulika, h\u00fcdrovoolikud ja h\u00fcdrojaamad.\" \/>\n<meta property=\"og:url\" content=\"https:\/\/flexib.ee\/sv\/toode\/hudrosilinder-680mm-400mm-cj2f-63-36-400-koos-turvaklapiga\/\" \/>\n<meta property=\"og:site_name\" content=\"Flexib h\u00fcdraulika\" \/>\n<meta property=\"article:modified_time\" content=\"2026-01-23T11:36:05+00:00\" \/>\n<meta property=\"og:image\" content=\"https:\/\/flexib.ee\/wp-content\/uploads\/2020\/08\/6141.png\" \/>\n\t<meta property=\"og:image:width\" content=\"800\" \/>\n\t<meta property=\"og:image:height\" content=\"800\" \/>\n\t<meta property=\"og:image:type\" content=\"image\/png\" \/>\n<meta name=\"twitter:card\" content=\"summary_large_image\" \/>\n<meta name=\"twitter:label1\" content=\"Ber\u00e4knad l\u00e4stid\" \/>\n\t<meta name=\"twitter:data1\" content=\"1 minut\" \/>\n<script type=\"application\/ld+json\" class=\"yoast-schema-graph\">{\"@context\":\"https:\/\/schema.org\",\"@graph\":[{\"@type\":\"WebPage\",\"@id\":\"https:\/\/flexib.ee\/sv\/toode\/hudrosilinder-680mm-400mm-cj2f-63-36-400-koos-turvaklapiga\/\",\"url\":\"https:\/\/flexib.ee\/sv\/toode\/hudrosilinder-680mm-400mm-cj2f-63-36-400-koos-turvaklapiga\/\",\"name\":\"H\u00fcdrosilinder 680mm: 400mm CJ2F-63\/36\/400, Koos turvaklapiga - Flexib h\u00fcdraulika\",\"isPartOf\":{\"@id\":\"https:\/\/flexib.ee\/sv\/#website\"},\"datePublished\":\"2020-08-17T20:16:52+00:00\",\"dateModified\":\"2026-01-23T11:36:05+00:00\",\"description\":\"H\u00fcdrosilinder 680mm: 400mm CJ2F-63\/36\/400, Koos turvaklapiga - H\u00fcdraulika komponendid, h\u00fcdropumbad, h\u00fcdraulilised jagajad, h\u00fcdrosilindrid, h\u00fcdropumbad, h\u00fcdraulika \u00f5lid ja h\u00fcdromootorid. P\u00f5llumajandus h\u00fcdraulika, h\u00fcdrovoolikud ja h\u00fcdrojaamad.\",\"breadcrumb\":{\"@id\":\"https:\/\/flexib.ee\/sv\/toode\/hudrosilinder-680mm-400mm-cj2f-63-36-400-koos-turvaklapiga\/#breadcrumb\"},\"inLanguage\":\"sv-SE\",\"potentialAction\":[{\"@type\":\"ReadAction\",\"target\":[\"https:\/\/flexib.ee\/sv\/toode\/hudrosilinder-680mm-400mm-cj2f-63-36-400-koos-turvaklapiga\/\"]}]},{\"@type\":\"BreadcrumbList\",\"@id\":\"https:\/\/flexib.ee\/sv\/toode\/hudrosilinder-680mm-400mm-cj2f-63-36-400-koos-turvaklapiga\/#breadcrumb\",\"itemListElement\":[{\"@type\":\"ListItem\",\"position\":1,\"name\":\"Flexib\",\"item\":\"https:\/\/flexib.ee\/sv\/\"},{\"@type\":\"ListItem\",\"position\":2,\"name\":\"Butik\",\"item\":\"https:\/\/www.flexib.ee\/sv\/butik\/\"},{\"@type\":\"ListItem\",\"position\":3,\"name\":\"H\u00fcdrosilinder 680mm: 400mm CJ2F-63\/36\/400, Koos turvaklapiga\"}]},{\"@type\":\"WebSite\",\"@id\":\"https:\/\/flexib.ee\/sv\/#website\",\"url\":\"https:\/\/flexib.ee\/sv\/\",\"name\":\"Flexib h\u00fcdraulika\",\"description\":\"H\u00fcdraulika tarvikud ja komponendid.\",\"publisher\":{\"@id\":\"https:\/\/flexib.ee\/sv\/#organization\"},\"potentialAction\":[{\"@type\":\"SearchAction\",\"target\":{\"@type\":\"EntryPoint\",\"urlTemplate\":\"https:\/\/flexib.ee\/sv\/?s={search_term_string}\"},\"query-input\":\"required name=search_term_string\"}],\"inLanguage\":\"sv-SE\"},{\"@type\":\"Organization\",\"@id\":\"https:\/\/flexib.ee\/sv\/#organization\",\"name\":\"Flexib H\u00fcdraulika\",\"url\":\"https:\/\/flexib.ee\/sv\/\",\"logo\":{\"@type\":\"ImageObject\",\"inLanguage\":\"sv-SE\",\"@id\":\"https:\/\/flexib.ee\/sv\/#\/schema\/logo\/image\/\",\"url\":\"https:\/\/flexib.ee\/wp-content\/uploads\/2020\/08\/FLEXIB-2.png\",\"contentUrl\":\"https:\/\/flexib.ee\/wp-content\/uploads\/2020\/08\/FLEXIB-2.png\",\"width\":500,\"height\":500,\"caption\":\"Flexib H\u00fcdraulika\"},\"image\":{\"@id\":\"https:\/\/flexib.ee\/sv\/#\/schema\/logo\/image\/\"}}]}<\/script>\n<!-- \/ Yoast SEO plugin. -->","yoast_head_json":{"title":"H\u00fcdrosilinder 680mm: 400mm CJ2F-63\/36\/400, Koos turvaklapiga - Flexib h\u00fcdraulika","description":"H\u00fcdrosilinder 680mm: 400mm CJ2F-63\/36\/400, Koos turvaklapiga - H\u00fcdraulika komponendid, h\u00fcdropumbad, h\u00fcdraulilised jagajad, h\u00fcdrosilindrid, h\u00fcdropumbad, h\u00fcdraulika \u00f5lid ja h\u00fcdromootorid. P\u00f5llumajandus h\u00fcdraulika, h\u00fcdrovoolikud ja h\u00fcdrojaamad.","robots":{"index":"index","follow":"follow","max-snippet":"max-snippet:-1","max-image-preview":"max-image-preview:large","max-video-preview":"max-video-preview:-1"},"canonical":"https:\/\/flexib.ee\/sv\/toode\/hudrosilinder-680mm-400mm-cj2f-63-36-400-koos-turvaklapiga\/","og_locale":"sv_SE","og_type":"article","og_title":"H\u00fcdrosilinder 680mm: 400mm CJ2F-63\/36\/400, Koos turvaklapiga - Flexib h\u00fcdraulika","og_description":"H\u00fcdrosilinder 680mm: 400mm CJ2F-63\/36\/400, Koos turvaklapiga - H\u00fcdraulika komponendid, h\u00fcdropumbad, h\u00fcdraulilised jagajad, h\u00fcdrosilindrid, h\u00fcdropumbad, h\u00fcdraulika \u00f5lid ja h\u00fcdromootorid. P\u00f5llumajandus h\u00fcdraulika, h\u00fcdrovoolikud ja h\u00fcdrojaamad.","og_url":"https:\/\/flexib.ee\/sv\/toode\/hudrosilinder-680mm-400mm-cj2f-63-36-400-koos-turvaklapiga\/","og_site_name":"Flexib h\u00fcdraulika","article_modified_time":"2026-01-23T11:36:05+00:00","og_image":[{"width":800,"height":800,"url":"https:\/\/flexib.ee\/wp-content\/uploads\/2020\/08\/6141.png","type":"image\/png"}],"twitter_card":"summary_large_image","twitter_misc":{"Ber\u00e4knad l\u00e4stid":"1 minut"},"schema":{"@context":"https:\/\/schema.org","@graph":[{"@type":"WebPage","@id":"https:\/\/flexib.ee\/sv\/toode\/hudrosilinder-680mm-400mm-cj2f-63-36-400-koos-turvaklapiga\/","url":"https:\/\/flexib.ee\/sv\/toode\/hudrosilinder-680mm-400mm-cj2f-63-36-400-koos-turvaklapiga\/","name":"H\u00fcdrosilinder 680mm: 400mm CJ2F-63\/36\/400, Koos turvaklapiga - Flexib h\u00fcdraulika","isPartOf":{"@id":"https:\/\/flexib.ee\/sv\/#website"},"datePublished":"2020-08-17T20:16:52+00:00","dateModified":"2026-01-23T11:36:05+00:00","description":"H\u00fcdrosilinder 680mm: 400mm CJ2F-63\/36\/400, Koos turvaklapiga - H\u00fcdraulika komponendid, h\u00fcdropumbad, h\u00fcdraulilised jagajad, h\u00fcdrosilindrid, h\u00fcdropumbad, h\u00fcdraulika \u00f5lid ja h\u00fcdromootorid. P\u00f5llumajandus h\u00fcdraulika, h\u00fcdrovoolikud ja h\u00fcdrojaamad.","breadcrumb":{"@id":"https:\/\/flexib.ee\/sv\/toode\/hudrosilinder-680mm-400mm-cj2f-63-36-400-koos-turvaklapiga\/#breadcrumb"},"inLanguage":"sv-SE","potentialAction":[{"@type":"ReadAction","target":["https:\/\/flexib.ee\/sv\/toode\/hudrosilinder-680mm-400mm-cj2f-63-36-400-koos-turvaklapiga\/"]}]},{"@type":"BreadcrumbList","@id":"https:\/\/flexib.ee\/sv\/toode\/hudrosilinder-680mm-400mm-cj2f-63-36-400-koos-turvaklapiga\/#breadcrumb","itemListElement":[{"@type":"ListItem","position":1,"name":"Flexib","item":"https:\/\/flexib.ee\/sv\/"},{"@type":"ListItem","position":2,"name":"Butik","item":"https:\/\/www.flexib.ee\/sv\/butik\/"},{"@type":"ListItem","position":3,"name":"H\u00fcdrosilinder 680mm: 400mm CJ2F-63\/36\/400, Koos turvaklapiga"}]},{"@type":"WebSite","@id":"https:\/\/flexib.ee\/sv\/#website","url":"https:\/\/flexib.ee\/sv\/","name":"Flexib h\u00fcdraulika","description":"H\u00fcdraulika tarvikud ja komponendid.","publisher":{"@id":"https:\/\/flexib.ee\/sv\/#organization"},"potentialAction":[{"@type":"SearchAction","target":{"@type":"EntryPoint","urlTemplate":"https:\/\/flexib.ee\/sv\/?s={search_term_string}"},"query-input":"required name=search_term_string"}],"inLanguage":"sv-SE"},{"@type":"Organization","@id":"https:\/\/flexib.ee\/sv\/#organization","name":"Flexib H\u00fcdraulika","url":"https:\/\/flexib.ee\/sv\/","logo":{"@type":"ImageObject","inLanguage":"sv-SE","@id":"https:\/\/flexib.ee\/sv\/#\/schema\/logo\/image\/","url":"https:\/\/flexib.ee\/wp-content\/uploads\/2020\/08\/FLEXIB-2.png","contentUrl":"https:\/\/flexib.ee\/wp-content\/uploads\/2020\/08\/FLEXIB-2.png","width":500,"height":500,"caption":"Flexib H\u00fcdraulika"},"image":{"@id":"https:\/\/flexib.ee\/sv\/#\/schema\/logo\/image\/"}}]}},"_links":{"self":[{"href":"https:\/\/flexib.ee\/sv\/wp-json\/wp\/v2\/product\/1751"}],"collection":[{"href":"https:\/\/flexib.ee\/sv\/wp-json\/wp\/v2\/product"}],"about":[{"href":"https:\/\/flexib.ee\/sv\/wp-json\/wp\/v2\/types\/product"}],"wp:featuredmedia":[{"embeddable":true,"href":"https:\/\/flexib.ee\/sv\/wp-json\/wp\/v2\/media\/8762"}],"wp:attachment":[{"href":"https:\/\/flexib.ee\/sv\/wp-json\/wp\/v2\/media?parent=1751"}],"wp:term":[{"taxonomy":"product_cat","embeddable":true,"href":"https:\/\/flexib.ee\/sv\/wp-json\/wp\/v2\/product_cat?post=1751"},{"taxonomy":"product_tag","embeddable":true,"href":"https:\/\/flexib.ee\/sv\/wp-json\/wp\/v2\/product_tag?post=1751"}],"curies":[{"name":"wp","href":"https:\/\/api.w.org\/{rel}","templated":true}]}}