{"id":14090,"date":"2023-07-20T09:46:22","date_gmt":"2023-07-20T06:46:22","guid":{"rendered":"https:\/\/flexib.ee\/?post_type=product&#038;p=14090"},"modified":"2026-01-18T12:38:10","modified_gmt":"2026-01-18T09:38:10","slug":"hudromootor-bmr-400cm3-rev-kiirus-150rpm-voll-32mm","status":"publish","type":"product","link":"https:\/\/flexib.ee\/sv\/toode\/hudromootor-bmr-400cm3-rev-kiirus-150rpm-voll-32mm\/","title":{"rendered":"H\u00fcdromootor BMR 400cm3 \/ rev Kiirus: 150rpm V\u00f5ll: 32mm"},"content":{"rendered":"<p>400cm3\/p\u00f6\u00f6re ; V\u00d5LL: 32mm; RPM: 150 p\u00f6\u00f6ret minutis<\/p>\n<p>Tehnilised andmed:<br \/>\nP\u00f6\u00f6rlemissuund: kahepoolne<br \/>\nKorpuse sisekeermed: 1\/2&#8243;<br \/>\nKorpuse materjal: malm<br \/>\nPidev t\u00f6\u00f6: piiramatu aeg<br \/>\nHetkeline maksimaalne t\u00f6\u00f6: maksimaalselt 6 sekundit minutis<br \/>\nMaksimaalne vooluhulk pidevas t\u00f6\u00f6s [l\/min]:<\/p>\n<p>&nbsp;<\/p>\n<p>Uue p\u00f5lvkonna tugevdatud laager &#8211; uut t\u00fc\u00fcpi, suur tugevdatud laager asendades vana ja avariilahenduse kahe v\u00e4ikese laagriga. Kaasaegne disain annab veelgi suuremad v\u00f5imalused k\u00fclg- ja ekstsentriliste pingete \u00fclekandmiseks.<br \/>\nKaks vabastus- ja tagasivooluklappi \u2013 kaitsevad mootorit m\u00f5lemas p\u00f6\u00f6rlemissuunas, pikendavad oluliselt kasutusiga, toetavad ja parandavad v\u00f5llitihendite efektiivsust, kaitsevad mootorit ebasoodsates tingimustes t\u00f6\u00f6tamisel.<br \/>\nKvaliteetsed tihendid \u2013 v\u00f5imaldavad t\u00f6\u00f6tada k\u00f5rgemal r\u00f5hul, kaitsevad lisaks \u00f5lilekke ja k\u00fclgpinge eest.<br \/>\nTugev korpus \u2013 valmistatud spetsiaalsest metallisulamist, tagab vaikse t\u00f6\u00f6 ka suure koormuse korral. See v\u00f5imaldab t\u00f6\u00f6tada sise- ja v\u00e4listingimustes.<\/p>\n<p>BMR-i mootorite disain p\u00f5hineb GEROLLER-s\u00fcsteemil, mis h\u00f5lmab tugevdatud rull-laagrite kasutamist. Rullid tagavad suurima vastupidavuse \u00fclekoormustele ja pika mootori t\u00f6\u00f6ea. Rullmootoreid soovitatakse s\u00fcsteemidele, mis t\u00f6\u00f6tavad keerulistes tingimustes, pika ja katkematu t\u00f6\u00f6 ajal p\u00f5llumajanduses ja t\u00f6\u00f6stuses.<\/p>\n<p>V\u00f5imalus \u00fchendada j\u00e4rjestikku ja paralleelselt<br \/>\nSuur k\u00e4ivitusmoment ja sujuv t\u00f6\u00f6 kohe p\u00e4rast k\u00e4ivitamist<br \/>\nK\u00f5rge vastupidavus aksiaal- ja radiaalj\u00f5ududele<br \/>\nLihtne paigaldus<br \/>\nMadal m\u00fcratase<\/p>\n<p>Maksimaalne vooluhulk hetkelises t\u00f6\u00f6s [l\/min]:<\/p>\n<p>60<\/p>\n<p>75<\/p>\n<p>Maksimaalne p\u00f6\u00f6rlemiskiirus pidevas t\u00f6\u00f6s [rpm]:<\/p>\n<p>Maksimaalne p\u00f6\u00f6rlemiskiirus hetkelises t\u00f6\u00f6s [rpm]:<\/p>\n<p>150<\/p>\n<p>190<\/p>\n<p>Maksimaalne r\u00f5hk pidevas t\u00f6\u00f6s [bar]:<\/p>\n<p>Maksimaalne r\u00f5hk ajutisel t\u00f6\u00f6l [bar]:<\/p>\n<p>100<\/p>\n<p>140<\/p>\n<p>Maksimaalne v\u00f5imsus pidevas t\u00f6\u00f6s [kW]:<\/p>\n<p>Maksimaalne v\u00f5imsus hetkelises t\u00f6\u00f6s [kW]:<\/p>\n<p>6.9<\/p>\n<p>12<\/p>\n<p>Maksimaalne p\u00f6\u00f6rdemoment pidevas t\u00f6\u00f6s [Nm]:<\/p>\n<p>Maksimaalne p\u00f6\u00f6rdemoment hetkelises t\u00f6\u00f6s [Nm]:<\/p>\n<p>520<\/p>\n<p>630<\/p>\n<p>&nbsp;<\/p>\n<p><img decoding=\"async\" loading=\"lazy\" class=\"alignnone size-full wp-image-14091\" src=\"https:\/\/flexib.ee\/wp-content\/uploads\/2023\/07\/hudromootor-32mm.jpg\" alt=\"\" width=\"800\" height=\"800\" srcset=\"https:\/\/flexib.ee\/wp-content\/uploads\/2023\/07\/hudromootor-32mm.jpg 800w, https:\/\/flexib.ee\/wp-content\/uploads\/2023\/07\/hudromootor-32mm-300x300.jpg 300w, https:\/\/flexib.ee\/wp-content\/uploads\/2023\/07\/hudromootor-32mm-150x150.jpg 150w, https:\/\/flexib.ee\/wp-content\/uploads\/2023\/07\/hudromootor-32mm-768x768.jpg 768w, https:\/\/flexib.ee\/wp-content\/uploads\/2023\/07\/hudromootor-32mm-600x600.jpg 600w\" sizes=\"(max-width: 800px) 100vw, 800px\" \/><\/p>\n","protected":false},"excerpt":{"rendered":"<p>400cm3\/p\u00f6\u00f6re ; V\u00d5LL: 32mm; RPM: 150 p\u00f6\u00f6ret minutis Tehnilised andmed: P\u00f6\u00f6rlemissuund: kahepoolne Korpuse sisekeermed: 1\/2&#8243; Korpuse materjal: malm Pidev t\u00f6\u00f6:<\/p>\n","protected":false},"featured_media":14092,"template":"","meta":[],"product_cat":[230],"product_tag":[598,599],"supplier_id":null,"supplier_sku":"","barcode":null,"atum_controlled":true,"out_stock_date":null,"out_stock_threshold":null,"inheritable":false,"inbound_stock":0,"stock_on_hold":0,"sold_today":0,"sales_last_days":0,"reserved_stock":0,"customer_returns":0,"warehouse_damage":0,"lost_in_post":0,"other_logs":0,"out_stock_days":0,"lost_sales":0,"has_location":false,"update_date":"2026-04-09T00:08:52","atum_locations":[],"atum_stock_status":"onbackorder","restock_status":false,"low_stock_amount":"","sales_update_date":"2026-04-09T00:08:52","calc_backorders":-5,"yoast_head":"<!-- This site is optimized with the Yoast SEO plugin v21.0 - https:\/\/yoast.com\/wordpress\/plugins\/seo\/ -->\n<title>H\u00fcdromootor BMR 400cm3 \/ rev Kiirus: 150rpm V\u00f5ll: 32mm - Flexib h\u00fcdraulika<\/title>\n<meta name=\"description\" content=\"H\u00fcdromootor BMR 400cm3 \/ rev Kiirus: 150rpm V\u00f5ll: 32mm - H\u00fcdraulika komponendid, h\u00fcdropumbad, h\u00fcdraulilised jagajad, h\u00fcdrosilindrid, h\u00fcdropumbad, h\u00fcdraulika \u00f5lid ja h\u00fcdromootorid. P\u00f5llumajandus h\u00fcdraulika, h\u00fcdrovoolikud ja h\u00fcdrojaamad.\" \/>\n<meta name=\"robots\" content=\"index, follow, max-snippet:-1, max-image-preview:large, max-video-preview:-1\" \/>\n<link rel=\"canonical\" href=\"https:\/\/flexib.ee\/sv\/toode\/hudromootor-bmr-400cm3-rev-kiirus-150rpm-voll-32mm\/\" \/>\n<meta property=\"og:locale\" content=\"sv_SE\" \/>\n<meta property=\"og:type\" content=\"article\" \/>\n<meta property=\"og:title\" content=\"H\u00fcdromootor BMR 400cm3 \/ rev Kiirus: 150rpm V\u00f5ll: 32mm - Flexib h\u00fcdraulika\" \/>\n<meta property=\"og:description\" content=\"H\u00fcdromootor BMR 400cm3 \/ rev Kiirus: 150rpm V\u00f5ll: 32mm - H\u00fcdraulika komponendid, h\u00fcdropumbad, h\u00fcdraulilised jagajad, h\u00fcdrosilindrid, h\u00fcdropumbad, h\u00fcdraulika \u00f5lid ja h\u00fcdromootorid. P\u00f5llumajandus h\u00fcdraulika, h\u00fcdrovoolikud ja h\u00fcdrojaamad.\" \/>\n<meta property=\"og:url\" content=\"https:\/\/flexib.ee\/sv\/toode\/hudromootor-bmr-400cm3-rev-kiirus-150rpm-voll-32mm\/\" \/>\n<meta property=\"og:site_name\" content=\"Flexib h\u00fcdraulika\" \/>\n<meta property=\"article:modified_time\" content=\"2026-01-18T09:38:10+00:00\" \/>\n<meta property=\"og:image\" content=\"https:\/\/flexib.ee\/wp-content\/uploads\/2023\/07\/7000.jpeg\" \/>\n\t<meta property=\"og:image:width\" content=\"800\" \/>\n\t<meta property=\"og:image:height\" content=\"800\" \/>\n\t<meta property=\"og:image:type\" content=\"image\/jpeg\" \/>\n<meta name=\"twitter:card\" content=\"summary_large_image\" \/>\n<meta name=\"twitter:label1\" content=\"Ber\u00e4knad l\u00e4stid\" \/>\n\t<meta name=\"twitter:data1\" content=\"2 minuter\" \/>\n<script type=\"application\/ld+json\" class=\"yoast-schema-graph\">{\"@context\":\"https:\/\/schema.org\",\"@graph\":[{\"@type\":\"WebPage\",\"@id\":\"https:\/\/flexib.ee\/sv\/toode\/hudromootor-bmr-400cm3-rev-kiirus-150rpm-voll-32mm\/\",\"url\":\"https:\/\/flexib.ee\/sv\/toode\/hudromootor-bmr-400cm3-rev-kiirus-150rpm-voll-32mm\/\",\"name\":\"H\u00fcdromootor BMR 400cm3 \/ rev Kiirus: 150rpm V\u00f5ll: 32mm - Flexib h\u00fcdraulika\",\"isPartOf\":{\"@id\":\"https:\/\/flexib.ee\/sv\/#website\"},\"datePublished\":\"2023-07-20T06:46:22+00:00\",\"dateModified\":\"2026-01-18T09:38:10+00:00\",\"description\":\"H\u00fcdromootor BMR 400cm3 \/ rev Kiirus: 150rpm V\u00f5ll: 32mm - H\u00fcdraulika komponendid, h\u00fcdropumbad, h\u00fcdraulilised jagajad, h\u00fcdrosilindrid, h\u00fcdropumbad, h\u00fcdraulika \u00f5lid ja h\u00fcdromootorid. P\u00f5llumajandus h\u00fcdraulika, h\u00fcdrovoolikud ja h\u00fcdrojaamad.\",\"breadcrumb\":{\"@id\":\"https:\/\/flexib.ee\/sv\/toode\/hudromootor-bmr-400cm3-rev-kiirus-150rpm-voll-32mm\/#breadcrumb\"},\"inLanguage\":\"sv-SE\",\"potentialAction\":[{\"@type\":\"ReadAction\",\"target\":[\"https:\/\/flexib.ee\/sv\/toode\/hudromootor-bmr-400cm3-rev-kiirus-150rpm-voll-32mm\/\"]}]},{\"@type\":\"BreadcrumbList\",\"@id\":\"https:\/\/flexib.ee\/sv\/toode\/hudromootor-bmr-400cm3-rev-kiirus-150rpm-voll-32mm\/#breadcrumb\",\"itemListElement\":[{\"@type\":\"ListItem\",\"position\":1,\"name\":\"Flexib\",\"item\":\"https:\/\/flexib.ee\/sv\/\"},{\"@type\":\"ListItem\",\"position\":2,\"name\":\"Butik\",\"item\":\"https:\/\/flexib.ee\/sv\/butik\/\"},{\"@type\":\"ListItem\",\"position\":3,\"name\":\"H\u00fcdromootor BMR 400cm3 \/ rev Kiirus: 150rpm V\u00f5ll: 32mm\"}]},{\"@type\":\"WebSite\",\"@id\":\"https:\/\/flexib.ee\/sv\/#website\",\"url\":\"https:\/\/flexib.ee\/sv\/\",\"name\":\"Flexib h\u00fcdraulika\",\"description\":\"H\u00fcdraulika tarvikud ja komponendid.\",\"publisher\":{\"@id\":\"https:\/\/flexib.ee\/sv\/#organization\"},\"potentialAction\":[{\"@type\":\"SearchAction\",\"target\":{\"@type\":\"EntryPoint\",\"urlTemplate\":\"https:\/\/flexib.ee\/sv\/?s={search_term_string}\"},\"query-input\":\"required name=search_term_string\"}],\"inLanguage\":\"sv-SE\"},{\"@type\":\"Organization\",\"@id\":\"https:\/\/flexib.ee\/sv\/#organization\",\"name\":\"Flexib H\u00fcdraulika\",\"url\":\"https:\/\/flexib.ee\/sv\/\",\"logo\":{\"@type\":\"ImageObject\",\"inLanguage\":\"sv-SE\",\"@id\":\"https:\/\/flexib.ee\/sv\/#\/schema\/logo\/image\/\",\"url\":\"https:\/\/flexib.ee\/wp-content\/uploads\/2020\/08\/FLEXIB-2.png\",\"contentUrl\":\"https:\/\/flexib.ee\/wp-content\/uploads\/2020\/08\/FLEXIB-2.png\",\"width\":500,\"height\":500,\"caption\":\"Flexib H\u00fcdraulika\"},\"image\":{\"@id\":\"https:\/\/flexib.ee\/sv\/#\/schema\/logo\/image\/\"}}]}<\/script>\n<!-- \/ Yoast SEO plugin. -->","yoast_head_json":{"title":"H\u00fcdromootor BMR 400cm3 \/ rev Kiirus: 150rpm V\u00f5ll: 32mm - Flexib h\u00fcdraulika","description":"H\u00fcdromootor BMR 400cm3 \/ rev Kiirus: 150rpm V\u00f5ll: 32mm - H\u00fcdraulika komponendid, h\u00fcdropumbad, h\u00fcdraulilised jagajad, h\u00fcdrosilindrid, h\u00fcdropumbad, h\u00fcdraulika \u00f5lid ja h\u00fcdromootorid. P\u00f5llumajandus h\u00fcdraulika, h\u00fcdrovoolikud ja h\u00fcdrojaamad.","robots":{"index":"index","follow":"follow","max-snippet":"max-snippet:-1","max-image-preview":"max-image-preview:large","max-video-preview":"max-video-preview:-1"},"canonical":"https:\/\/flexib.ee\/sv\/toode\/hudromootor-bmr-400cm3-rev-kiirus-150rpm-voll-32mm\/","og_locale":"sv_SE","og_type":"article","og_title":"H\u00fcdromootor BMR 400cm3 \/ rev Kiirus: 150rpm V\u00f5ll: 32mm - Flexib h\u00fcdraulika","og_description":"H\u00fcdromootor BMR 400cm3 \/ rev Kiirus: 150rpm V\u00f5ll: 32mm - H\u00fcdraulika komponendid, h\u00fcdropumbad, h\u00fcdraulilised jagajad, h\u00fcdrosilindrid, h\u00fcdropumbad, h\u00fcdraulika \u00f5lid ja h\u00fcdromootorid. P\u00f5llumajandus h\u00fcdraulika, h\u00fcdrovoolikud ja h\u00fcdrojaamad.","og_url":"https:\/\/flexib.ee\/sv\/toode\/hudromootor-bmr-400cm3-rev-kiirus-150rpm-voll-32mm\/","og_site_name":"Flexib h\u00fcdraulika","article_modified_time":"2026-01-18T09:38:10+00:00","og_image":[{"width":800,"height":800,"url":"https:\/\/flexib.ee\/wp-content\/uploads\/2023\/07\/7000.jpeg","type":"image\/jpeg"}],"twitter_card":"summary_large_image","twitter_misc":{"Ber\u00e4knad l\u00e4stid":"2 minuter"},"schema":{"@context":"https:\/\/schema.org","@graph":[{"@type":"WebPage","@id":"https:\/\/flexib.ee\/sv\/toode\/hudromootor-bmr-400cm3-rev-kiirus-150rpm-voll-32mm\/","url":"https:\/\/flexib.ee\/sv\/toode\/hudromootor-bmr-400cm3-rev-kiirus-150rpm-voll-32mm\/","name":"H\u00fcdromootor BMR 400cm3 \/ rev Kiirus: 150rpm V\u00f5ll: 32mm - Flexib h\u00fcdraulika","isPartOf":{"@id":"https:\/\/flexib.ee\/sv\/#website"},"datePublished":"2023-07-20T06:46:22+00:00","dateModified":"2026-01-18T09:38:10+00:00","description":"H\u00fcdromootor BMR 400cm3 \/ rev Kiirus: 150rpm V\u00f5ll: 32mm - H\u00fcdraulika komponendid, h\u00fcdropumbad, h\u00fcdraulilised jagajad, h\u00fcdrosilindrid, h\u00fcdropumbad, h\u00fcdraulika \u00f5lid ja h\u00fcdromootorid. P\u00f5llumajandus h\u00fcdraulika, h\u00fcdrovoolikud ja h\u00fcdrojaamad.","breadcrumb":{"@id":"https:\/\/flexib.ee\/sv\/toode\/hudromootor-bmr-400cm3-rev-kiirus-150rpm-voll-32mm\/#breadcrumb"},"inLanguage":"sv-SE","potentialAction":[{"@type":"ReadAction","target":["https:\/\/flexib.ee\/sv\/toode\/hudromootor-bmr-400cm3-rev-kiirus-150rpm-voll-32mm\/"]}]},{"@type":"BreadcrumbList","@id":"https:\/\/flexib.ee\/sv\/toode\/hudromootor-bmr-400cm3-rev-kiirus-150rpm-voll-32mm\/#breadcrumb","itemListElement":[{"@type":"ListItem","position":1,"name":"Flexib","item":"https:\/\/flexib.ee\/sv\/"},{"@type":"ListItem","position":2,"name":"Butik","item":"https:\/\/flexib.ee\/sv\/butik\/"},{"@type":"ListItem","position":3,"name":"H\u00fcdromootor BMR 400cm3 \/ rev Kiirus: 150rpm V\u00f5ll: 32mm"}]},{"@type":"WebSite","@id":"https:\/\/flexib.ee\/sv\/#website","url":"https:\/\/flexib.ee\/sv\/","name":"Flexib h\u00fcdraulika","description":"H\u00fcdraulika tarvikud ja komponendid.","publisher":{"@id":"https:\/\/flexib.ee\/sv\/#organization"},"potentialAction":[{"@type":"SearchAction","target":{"@type":"EntryPoint","urlTemplate":"https:\/\/flexib.ee\/sv\/?s={search_term_string}"},"query-input":"required name=search_term_string"}],"inLanguage":"sv-SE"},{"@type":"Organization","@id":"https:\/\/flexib.ee\/sv\/#organization","name":"Flexib H\u00fcdraulika","url":"https:\/\/flexib.ee\/sv\/","logo":{"@type":"ImageObject","inLanguage":"sv-SE","@id":"https:\/\/flexib.ee\/sv\/#\/schema\/logo\/image\/","url":"https:\/\/flexib.ee\/wp-content\/uploads\/2020\/08\/FLEXIB-2.png","contentUrl":"https:\/\/flexib.ee\/wp-content\/uploads\/2020\/08\/FLEXIB-2.png","width":500,"height":500,"caption":"Flexib H\u00fcdraulika"},"image":{"@id":"https:\/\/flexib.ee\/sv\/#\/schema\/logo\/image\/"}}]}},"_links":{"self":[{"href":"https:\/\/flexib.ee\/sv\/wp-json\/wp\/v2\/product\/14090"}],"collection":[{"href":"https:\/\/flexib.ee\/sv\/wp-json\/wp\/v2\/product"}],"about":[{"href":"https:\/\/flexib.ee\/sv\/wp-json\/wp\/v2\/types\/product"}],"wp:featuredmedia":[{"embeddable":true,"href":"https:\/\/flexib.ee\/sv\/wp-json\/wp\/v2\/media\/14092"}],"wp:attachment":[{"href":"https:\/\/flexib.ee\/sv\/wp-json\/wp\/v2\/media?parent=14090"}],"wp:term":[{"taxonomy":"product_cat","embeddable":true,"href":"https:\/\/flexib.ee\/sv\/wp-json\/wp\/v2\/product_cat?post=14090"},{"taxonomy":"product_tag","embeddable":true,"href":"https:\/\/flexib.ee\/sv\/wp-json\/wp\/v2\/product_tag?post=14090"}],"curies":[{"name":"wp","href":"https:\/\/api.w.org\/{rel}","templated":true}]}}