{"id":13983,"date":"2023-04-24T10:10:24","date_gmt":"2023-04-24T07:10:24","guid":{"rendered":"https:\/\/flexib.ee\/toode\/raadio-kontroller-ja-pult-sistematica-nimble-italy\/"},"modified":"2026-04-09T09:40:28","modified_gmt":"2026-04-09T06:40:28","slug":"raadio-kontroller-ja-pult-sistematica-nimble-italy","status":"publish","type":"product","link":"https:\/\/flexib.ee\/sv\/toode\/raadio-kontroller-ja-pult-sistematica-nimble-italy\/","title":{"rendered":"Raadio kontroller ja pult Sistematica Nimble Italy"},"content":{"rendered":"<p>Taskusuurune kaugjuhtimispult 2 klahviga (numbrid v\u00f5i nooled), lisaks START &amp; STOP funktsioonidele, sobib k\u00f5ikidele lihtsaid liigutusi n\u00f5udvatele rakendustele n\u00e4iteks palgivintsid v\u00f5i muud kahesuunalised elektrilised v\u00f5i h\u00fcdraulilised lahendused.<br \/>\nTugev korpus on vormitud kummist kestaga, et muuta k\u00e4epide tugevamaks ja kaitsta juhusliku kukkumise eest kuni 4 meetri k\u00f5rguselt. T\u00f6\u00f6 on garanteeritud vahemikus -20\u00b0C kuni +55\u00b0C.<\/p>\n<p>\u2022 Nupud: 2 nuppu (IP67)<br \/>\nRakendused:<br \/>\nVINTSID<br \/>\nS\u00f5iduki veo platvormid, haagised ja veokid<br \/>\nMETSAMASINAD<br \/>\nKallurid<br \/>\nKONKS-LAADURID<br \/>\nMarkiisid ja muud<br \/>\n10 mm l\u00e4bim\u00f5\u00f5duga nupud, millel on t\u00e4pselt m\u00e4\u00e4ratletud kontakt, sobivad k\u00f5igile kasutajatele. Silikoonkummist klaviatuur 2 klahviga lisaks START &amp; STOP funktsioonidele.<\/p>\n<p>Punane LED-tuli n\u00e4itab, et aku on peaaegu t\u00fchi, roheline n\u00e4itab raadiopuldi patareide sobivat pinget. Puldi paremas nurgas olev LED-tuli kinnitab raadioside \u00fchendust.<br \/>\nKONTROLLER<br \/>\nSoovitame siduda CNTR4 v\u00f5i RADIOCANiga, antud komplektiga tuleb kaasa ilmastikukindel CNTR4 kontroller. Radiocan kontrolleriga komplektile palun esitada infop\u00e4ring info@flexib.ee<br \/>\nOHUTUS JA KAITSE<br \/>\nSTART &amp; STOP funktsioonid ja hooldusfunktsioon (M): toiming toimub ainult vastava klahvi all hoidmisel. Vabastamise korral toiming peatub.<\/p>\n<p>CNTR4 parameetrid:<\/p>\n<p>\u2022 M\u00f5\u00f5dud: 58 x 80 x 22 mm<br \/>\n\u2022 Kaitsetase: IP68<br \/>\n\u2022 Toide: kaabel (10-30 Vdc \u00b1 10%)<br \/>\n\u2022 Maksimaalne vool V\u00c4LJUNDI jaoks: 5A<br \/>\n\u2022 Maksimaalne koguvool: 7A<br \/>\n\u2022 V\u00c4LJUNDID (MO v\u00f5i EO = kumbki 1 v\u00e4ljund): 4<br \/>\n\u2022 Digitaalne sisend: 1<br \/>\n\u2022 T\u00f6\u00f6temperatuurid: -20\u00b0 kuni +55\u00b0C<br \/>\n\u2022 Raadio FQ: 433 \/ 868 \/ 915 MHz<\/p>\n<p>K\u00f5ik lisak\u00fcsimused ja tootep\u00e4ringud v\u00f5imalik esitada Infop\u00e4ring v\u00f5i kirjuta otse info@flexib.ee<\/p>\n<p>Ametlik Sistematica esindaja.<\/p>\n","protected":false},"excerpt":{"rendered":"<p>Taskusuurune kaugjuhtimispult 2 klahviga (numbrid v\u00f5i nooled), lisaks START &amp; STOP funktsioonidele, sobib k\u00f5ikidele lihtsaid liigutusi n\u00f5udvatele rakendustele n\u00e4iteks palgivintsid<\/p>\n","protected":false},"featured_media":13991,"template":"","meta":[],"product_cat":[1727],"product_tag":[],"supplier_id":null,"supplier_sku":"","barcode":null,"atum_controlled":true,"out_stock_date":null,"out_stock_threshold":null,"inheritable":false,"inbound_stock":0,"stock_on_hold":1,"sold_today":0,"sales_last_days":0,"reserved_stock":0,"customer_returns":0,"warehouse_damage":0,"lost_in_post":0,"other_logs":0,"out_stock_days":0,"lost_sales":0,"has_location":false,"update_date":"2026-04-09T06:40:46","atum_locations":[],"atum_stock_status":"instock","restock_status":false,"low_stock_amount":"","sales_update_date":"2026-02-20T07:27:56","calc_backorders":null,"yoast_head":"<!-- This site is optimized with the Yoast SEO plugin v21.0 - https:\/\/yoast.com\/wordpress\/plugins\/seo\/ -->\n<title>Raadio kontroller ja pult Sistematica Nimble Italy - Flexib h\u00fcdraulika<\/title>\n<meta name=\"description\" content=\"Raadio kontroller ja pult Sistematica Nimble Italy - H\u00fcdraulika komponendid, h\u00fcdropumbad, h\u00fcdraulilised jagajad, h\u00fcdrosilindrid, h\u00fcdropumbad, h\u00fcdraulika \u00f5lid ja h\u00fcdromootorid. P\u00f5llumajandus h\u00fcdraulika, h\u00fcdrovoolikud ja h\u00fcdrojaamad.\" \/>\n<meta name=\"robots\" content=\"index, follow, max-snippet:-1, max-image-preview:large, max-video-preview:-1\" \/>\n<link rel=\"canonical\" href=\"https:\/\/flexib.ee\/sv\/toode\/raadio-kontroller-ja-pult-sistematica-nimble-italy\/\" \/>\n<meta property=\"og:locale\" content=\"sv_SE\" \/>\n<meta property=\"og:type\" content=\"article\" \/>\n<meta property=\"og:title\" content=\"Raadio kontroller ja pult Sistematica Nimble Italy - Flexib h\u00fcdraulika\" \/>\n<meta property=\"og:description\" content=\"Raadio kontroller ja pult Sistematica Nimble Italy - H\u00fcdraulika komponendid, h\u00fcdropumbad, h\u00fcdraulilised jagajad, h\u00fcdrosilindrid, h\u00fcdropumbad, h\u00fcdraulika \u00f5lid ja h\u00fcdromootorid. P\u00f5llumajandus h\u00fcdraulika, h\u00fcdrovoolikud ja h\u00fcdrojaamad.\" \/>\n<meta property=\"og:url\" content=\"https:\/\/flexib.ee\/sv\/toode\/raadio-kontroller-ja-pult-sistematica-nimble-italy\/\" \/>\n<meta property=\"og:site_name\" content=\"Flexib h\u00fcdraulika\" \/>\n<meta property=\"article:modified_time\" content=\"2026-04-09T06:40:28+00:00\" \/>\n<meta property=\"og:image\" content=\"https:\/\/flexib.ee\/wp-content\/uploads\/2023\/04\/Sistematica-Nimble-Raadiovintsi-pult-ja-kontroller.jpg\" \/>\n\t<meta property=\"og:image:width\" content=\"850\" \/>\n\t<meta property=\"og:image:height\" content=\"850\" \/>\n\t<meta property=\"og:image:type\" content=\"image\/jpeg\" \/>\n<meta name=\"twitter:card\" content=\"summary_large_image\" \/>\n<meta name=\"twitter:label1\" content=\"Ber\u00e4knad l\u00e4stid\" \/>\n\t<meta name=\"twitter:data1\" content=\"2 minuter\" \/>\n<script type=\"application\/ld+json\" class=\"yoast-schema-graph\">{\"@context\":\"https:\/\/schema.org\",\"@graph\":[{\"@type\":\"WebPage\",\"@id\":\"https:\/\/flexib.ee\/sv\/toode\/raadio-kontroller-ja-pult-sistematica-nimble-italy\/\",\"url\":\"https:\/\/flexib.ee\/sv\/toode\/raadio-kontroller-ja-pult-sistematica-nimble-italy\/\",\"name\":\"Raadio kontroller ja pult Sistematica Nimble Italy - Flexib h\u00fcdraulika\",\"isPartOf\":{\"@id\":\"https:\/\/flexib.ee\/sv\/#website\"},\"datePublished\":\"2023-04-24T07:10:24+00:00\",\"dateModified\":\"2026-04-09T06:40:28+00:00\",\"description\":\"Raadio kontroller ja pult Sistematica Nimble Italy - H\u00fcdraulika komponendid, h\u00fcdropumbad, h\u00fcdraulilised jagajad, h\u00fcdrosilindrid, h\u00fcdropumbad, h\u00fcdraulika \u00f5lid ja h\u00fcdromootorid. P\u00f5llumajandus h\u00fcdraulika, h\u00fcdrovoolikud ja h\u00fcdrojaamad.\",\"breadcrumb\":{\"@id\":\"https:\/\/flexib.ee\/sv\/toode\/raadio-kontroller-ja-pult-sistematica-nimble-italy\/#breadcrumb\"},\"inLanguage\":\"sv-SE\",\"potentialAction\":[{\"@type\":\"ReadAction\",\"target\":[\"https:\/\/flexib.ee\/sv\/toode\/raadio-kontroller-ja-pult-sistematica-nimble-italy\/\"]}]},{\"@type\":\"BreadcrumbList\",\"@id\":\"https:\/\/flexib.ee\/sv\/toode\/raadio-kontroller-ja-pult-sistematica-nimble-italy\/#breadcrumb\",\"itemListElement\":[{\"@type\":\"ListItem\",\"position\":1,\"name\":\"Flexib\",\"item\":\"https:\/\/flexib.ee\/sv\/\"},{\"@type\":\"ListItem\",\"position\":2,\"name\":\"Butik\",\"item\":\"https:\/\/flexib.ee\/sv\/butik\/\"},{\"@type\":\"ListItem\",\"position\":3,\"name\":\"Raadio kontroller ja pult Sistematica Nimble Italy\"}]},{\"@type\":\"WebSite\",\"@id\":\"https:\/\/flexib.ee\/sv\/#website\",\"url\":\"https:\/\/flexib.ee\/sv\/\",\"name\":\"Flexib h\u00fcdraulika\",\"description\":\"H\u00fcdraulika tarvikud ja komponendid.\",\"publisher\":{\"@id\":\"https:\/\/flexib.ee\/sv\/#organization\"},\"potentialAction\":[{\"@type\":\"SearchAction\",\"target\":{\"@type\":\"EntryPoint\",\"urlTemplate\":\"https:\/\/flexib.ee\/sv\/?s={search_term_string}\"},\"query-input\":\"required name=search_term_string\"}],\"inLanguage\":\"sv-SE\"},{\"@type\":\"Organization\",\"@id\":\"https:\/\/flexib.ee\/sv\/#organization\",\"name\":\"Flexib H\u00fcdraulika\",\"url\":\"https:\/\/flexib.ee\/sv\/\",\"logo\":{\"@type\":\"ImageObject\",\"inLanguage\":\"sv-SE\",\"@id\":\"https:\/\/flexib.ee\/sv\/#\/schema\/logo\/image\/\",\"url\":\"https:\/\/flexib.ee\/wp-content\/uploads\/2020\/08\/FLEXIB-2.png\",\"contentUrl\":\"https:\/\/flexib.ee\/wp-content\/uploads\/2020\/08\/FLEXIB-2.png\",\"width\":500,\"height\":500,\"caption\":\"Flexib H\u00fcdraulika\"},\"image\":{\"@id\":\"https:\/\/flexib.ee\/sv\/#\/schema\/logo\/image\/\"}}]}<\/script>\n<!-- \/ Yoast SEO plugin. -->","yoast_head_json":{"title":"Raadio kontroller ja pult Sistematica Nimble Italy - Flexib h\u00fcdraulika","description":"Raadio kontroller ja pult Sistematica Nimble Italy - H\u00fcdraulika komponendid, h\u00fcdropumbad, h\u00fcdraulilised jagajad, h\u00fcdrosilindrid, h\u00fcdropumbad, h\u00fcdraulika \u00f5lid ja h\u00fcdromootorid. P\u00f5llumajandus h\u00fcdraulika, h\u00fcdrovoolikud ja h\u00fcdrojaamad.","robots":{"index":"index","follow":"follow","max-snippet":"max-snippet:-1","max-image-preview":"max-image-preview:large","max-video-preview":"max-video-preview:-1"},"canonical":"https:\/\/flexib.ee\/sv\/toode\/raadio-kontroller-ja-pult-sistematica-nimble-italy\/","og_locale":"sv_SE","og_type":"article","og_title":"Raadio kontroller ja pult Sistematica Nimble Italy - Flexib h\u00fcdraulika","og_description":"Raadio kontroller ja pult Sistematica Nimble Italy - H\u00fcdraulika komponendid, h\u00fcdropumbad, h\u00fcdraulilised jagajad, h\u00fcdrosilindrid, h\u00fcdropumbad, h\u00fcdraulika \u00f5lid ja h\u00fcdromootorid. P\u00f5llumajandus h\u00fcdraulika, h\u00fcdrovoolikud ja h\u00fcdrojaamad.","og_url":"https:\/\/flexib.ee\/sv\/toode\/raadio-kontroller-ja-pult-sistematica-nimble-italy\/","og_site_name":"Flexib h\u00fcdraulika","article_modified_time":"2026-04-09T06:40:28+00:00","og_image":[{"width":850,"height":850,"url":"https:\/\/flexib.ee\/wp-content\/uploads\/2023\/04\/Sistematica-Nimble-Raadiovintsi-pult-ja-kontroller.jpg","type":"image\/jpeg"}],"twitter_card":"summary_large_image","twitter_misc":{"Ber\u00e4knad l\u00e4stid":"2 minuter"},"schema":{"@context":"https:\/\/schema.org","@graph":[{"@type":"WebPage","@id":"https:\/\/flexib.ee\/sv\/toode\/raadio-kontroller-ja-pult-sistematica-nimble-italy\/","url":"https:\/\/flexib.ee\/sv\/toode\/raadio-kontroller-ja-pult-sistematica-nimble-italy\/","name":"Raadio kontroller ja pult Sistematica Nimble Italy - Flexib h\u00fcdraulika","isPartOf":{"@id":"https:\/\/flexib.ee\/sv\/#website"},"datePublished":"2023-04-24T07:10:24+00:00","dateModified":"2026-04-09T06:40:28+00:00","description":"Raadio kontroller ja pult Sistematica Nimble Italy - H\u00fcdraulika komponendid, h\u00fcdropumbad, h\u00fcdraulilised jagajad, h\u00fcdrosilindrid, h\u00fcdropumbad, h\u00fcdraulika \u00f5lid ja h\u00fcdromootorid. P\u00f5llumajandus h\u00fcdraulika, h\u00fcdrovoolikud ja h\u00fcdrojaamad.","breadcrumb":{"@id":"https:\/\/flexib.ee\/sv\/toode\/raadio-kontroller-ja-pult-sistematica-nimble-italy\/#breadcrumb"},"inLanguage":"sv-SE","potentialAction":[{"@type":"ReadAction","target":["https:\/\/flexib.ee\/sv\/toode\/raadio-kontroller-ja-pult-sistematica-nimble-italy\/"]}]},{"@type":"BreadcrumbList","@id":"https:\/\/flexib.ee\/sv\/toode\/raadio-kontroller-ja-pult-sistematica-nimble-italy\/#breadcrumb","itemListElement":[{"@type":"ListItem","position":1,"name":"Flexib","item":"https:\/\/flexib.ee\/sv\/"},{"@type":"ListItem","position":2,"name":"Butik","item":"https:\/\/flexib.ee\/sv\/butik\/"},{"@type":"ListItem","position":3,"name":"Raadio kontroller ja pult Sistematica Nimble Italy"}]},{"@type":"WebSite","@id":"https:\/\/flexib.ee\/sv\/#website","url":"https:\/\/flexib.ee\/sv\/","name":"Flexib h\u00fcdraulika","description":"H\u00fcdraulika tarvikud ja komponendid.","publisher":{"@id":"https:\/\/flexib.ee\/sv\/#organization"},"potentialAction":[{"@type":"SearchAction","target":{"@type":"EntryPoint","urlTemplate":"https:\/\/flexib.ee\/sv\/?s={search_term_string}"},"query-input":"required name=search_term_string"}],"inLanguage":"sv-SE"},{"@type":"Organization","@id":"https:\/\/flexib.ee\/sv\/#organization","name":"Flexib H\u00fcdraulika","url":"https:\/\/flexib.ee\/sv\/","logo":{"@type":"ImageObject","inLanguage":"sv-SE","@id":"https:\/\/flexib.ee\/sv\/#\/schema\/logo\/image\/","url":"https:\/\/flexib.ee\/wp-content\/uploads\/2020\/08\/FLEXIB-2.png","contentUrl":"https:\/\/flexib.ee\/wp-content\/uploads\/2020\/08\/FLEXIB-2.png","width":500,"height":500,"caption":"Flexib H\u00fcdraulika"},"image":{"@id":"https:\/\/flexib.ee\/sv\/#\/schema\/logo\/image\/"}}]}},"_links":{"self":[{"href":"https:\/\/flexib.ee\/sv\/wp-json\/wp\/v2\/product\/13983"}],"collection":[{"href":"https:\/\/flexib.ee\/sv\/wp-json\/wp\/v2\/product"}],"about":[{"href":"https:\/\/flexib.ee\/sv\/wp-json\/wp\/v2\/types\/product"}],"wp:featuredmedia":[{"embeddable":true,"href":"https:\/\/flexib.ee\/sv\/wp-json\/wp\/v2\/media\/13991"}],"wp:attachment":[{"href":"https:\/\/flexib.ee\/sv\/wp-json\/wp\/v2\/media?parent=13983"}],"wp:term":[{"taxonomy":"product_cat","embeddable":true,"href":"https:\/\/flexib.ee\/sv\/wp-json\/wp\/v2\/product_cat?post=13983"},{"taxonomy":"product_tag","embeddable":true,"href":"https:\/\/flexib.ee\/sv\/wp-json\/wp\/v2\/product_tag?post=13983"}],"curies":[{"name":"wp","href":"https:\/\/api.w.org\/{rel}","templated":true}]}}