{"id":13900,"date":"2023-03-09T13:17:49","date_gmt":"2023-03-09T10:17:49","guid":{"rendered":"https:\/\/flexib.ee\/?post_type=product&#038;p=13900"},"modified":"2023-03-09T13:24:14","modified_gmt":"2023-03-09T10:24:14","slug":"frontaallaadur-snr-20-20l","status":"publish","type":"product","link":"https:\/\/flexib.ee\/sv\/toode\/frontaallaadur-snr-20-20l\/","title":{"rendered":"Frontaallaadur SNR 20\/20L"},"content":{"rendered":"\r\n<h1>Frontaallaadur SNR 20\/20L<\/h1>\r\n<h3><span class=\"\">M\u00f5eldud heina, s\u00f5nniku, silo, puistematerjalide, kaubaaluste peale- ja mahalaadimiseks ning transpordit\u00f6\u00f6deks.<\/span><\/h3>\r\n<ul>\r\n<li>K\u00e4ed on valmistatud topelt \u201cC\u201d meetodil, paksuseinalise p\u00f5iktala ja t\u00e4iendavate tugevdustega, mis annavad t\u00e4iendavat \u201cj\u00e4ikust\u201d.<\/li>\r\n<li>\u00d5igesti kujundatud kandekonstruktsioon tagab raskuskeskme optimaalse asukoha esilaaduris, mis suurendab t\u00f6\u00f6mugavust ja v\u00e4hendab traktori esitelje koormust.<\/li>\r\n<li>Optimaalsed t\u00f5rjumis- ja kallakunurgad, t\u00e4pne nivelleerimine, h\u00fcdrovoolikute lihtne ja kiire \u00fchendamine ning iselukustuv kinnitusraam tagavad t\u00f6\u00f6 kiiruse ja efektiivsuse.<\/li>\r\n<li>Elektriliselt aktiveeritav (juhtkangis asuva nupuga) amortisaator v\u00e4hendab vibratsiooni, mis suurendab kasutusmugavust ja pikendab laaduri \u201celuiga\u201d.<\/li>\r\n<li>Laadurit juhitakse elektroh\u00fcdraulilise juhtseadme (h\u00fcdrauliline jaotur \u2013 Joystick) abil, kasutades Bowdeni trossi \u2013 pakkudes suuremat t\u00f6\u00f6mugavust ja v\u00f5imaldades juhtida kolme h\u00fcdrosektsiooni (valikuliselt neli sektsiooni).\u00a0See ei kehti mudeli SNR 20L kohta.<\/li>\r\n<\/ul>\r\n<figure class=\"wp-block-image\"><\/figure>\r\n<h3>Nimiv\u00f5imsus<\/h3>\r\n<p>650 kg<\/p>\r\n<figure class=\"wp-block-image\"><\/figure>\r\n<h3>Silidrid<\/h3>\r\n<p>50\/50 mm<\/p>\r\n<h3>T\u00f5stmise k\u00f5rgus<\/h3>\r\n<p>2800 mm<\/p>\r\n<figure class=\"wp-block-image\"><\/figure>\r\n<h3>Joystick ja jagaja<\/h3>\r\n<p>standardis<\/p>\r\n<figure class=\"wp-block-image\"><img decoding=\"async\" src=\"https:\/\/sonarol.pl\/uploads\/adowacz%2020%20mini2.png\" alt=\"\" \/><\/figure>\r\n<h2>Laaduri seadmed<\/h2>\r\n<p>Laadurile sobivate tarvikute hulka kuuluvad: haarats, kopp, kaubaaluste kahvlid jne.<\/p>\r\n<h2>TEHNILISED\u00a0\u00a0<strong>PARAMEETRID<\/strong><\/h2>\r\n<figure class=\"wp-block-table\">\r\n<table>\r\n<tbody>\r\n<tr>\r\n<th>ESiLAADUR SNR 20\/20L<\/th>\r\n<th><strong>\u00a0 \u00a0 \u00a0 \u00a0 \u00a0 \u00dchik\u00a0 \u00a0 \u00a0 \u00a0\u00a0<\/strong><\/th>\r\n<th><strong>V\u00c4\u00c4RTUS<\/strong><\/th>\r\n<\/tr>\r\n<tr>\r\n<td>Nimiv\u00f5imsus p\u00f6\u00f6rlemisteljel<\/td>\r\n<td>kg<\/td>\r\n<td>650<\/td>\r\n<\/tr>\r\n<tr>\r\n<td>T\u00e4iturmehhanismid<\/td>\r\n<td>mm<\/td>\r\n<td>50\/50<\/td>\r\n<\/tr>\r\n<tr>\r\n<td>T\u00f5stek\u00f5rgus (A)<\/td>\r\n<td>mm<\/td>\r\n<td>2800<\/td>\r\n<\/tr>\r\n<tr>\r\n<td>Laadimisk\u00f5rgus (B)<\/td>\r\n<td>mm<\/td>\r\n<td>2500<\/td>\r\n<\/tr>\r\n<tr>\r\n<td>Kaeves\u00fcgavus (C)<\/td>\r\n<td>mm<\/td>\r\n<td>100-150<\/td>\r\n<\/tr>\r\n<tr>\r\n<td>Tera sulgemisnurk alumises asendis (D)<\/td>\r\n<td>\u00b0<\/td>\r\n<td>46<\/td>\r\n<\/tr>\r\n<tr>\r\n<td>Tera sulgemisnurk \u00fclemises asendis (E)<\/td>\r\n<td>\u00b0<\/td>\r\n<td>58<\/td>\r\n<\/tr>\r\n<tr>\r\n<td>Tera kaldenurk \u00fclemises asendis (F)<\/td>\r\n<td>\u00b0<\/td>\r\n<td>61<\/td>\r\n<\/tr>\r\n<tr>\r\n<td>Tera kaldenurk alumises asendis (G)<\/td>\r\n<td>\u00b0<\/td>\r\n<td>60<\/td>\r\n<\/tr>\r\n<tr>\r\n<td>Laaduri kaal<\/td>\r\n<td>kg<\/td>\r\n<td>270<\/td>\r\n<\/tr>\r\n<tr>\r\n<td>juhtkangi juhtimine<\/td>\r\n<td>\u2013<\/td>\r\n<td>standard<\/td>\r\n<\/tr>\r\n<tr>\r\n<td>Euro kinnitus<\/td>\r\n<td>\u2013<\/td>\r\n<td>standard<\/td>\r\n<\/tr>\r\n<tr>\r\n<td>Juhtkangiga aktiveeritav amortisaator*\u00a0 \u00a0 \u00a0 \u00a0 \u00a0 \u00a0 \u00a0 \u00a0<\/td>\r\n<td>\u2013<\/td>\r\n<td>standard<\/td>\r\n<\/tr>\r\n<\/tbody>\r\n<\/table>\r\n<\/figure>\r\n<p>* ei kehti mudelile \u0141C SNR20L <strong>Lisatasud:<\/strong> \u2013 Jagaja h\u00fcdrauliline kiirliitmik \u2013 Kohandatud v\u00e4rv\u00a0<\/p>\r\n<figure class=\"wp-block-image\"><img decoding=\"async\" src=\"https:\/\/sonarol.pl\/uploads\/adowacz%20techniczny.jpg\" alt=\"\" \/><\/figure>\r\n<p>\u00a0 Hinnapakkumise tarbeks esitage p\u00e4ring allpool, lisage traktori andmed, tarne andmed ja lisasoovid:<\/p>\r\n<p>&nbsp;<\/p>\r\n<p>&nbsp;<\/p>\r\n\n<div class=\"wpcf7 no-js\" id=\"wpcf7-f3534-o1\" lang=\"et\" dir=\"ltr\">\n<div class=\"screen-reader-response\"><p role=\"status\" aria-live=\"polite\" aria-atomic=\"true\"><\/p> <ul><\/ul><\/div>\n<form action=\"\/sv\/wp-json\/wp\/v2\/product\/13900#wpcf7-f3534-o1\" method=\"post\" class=\"wpcf7-form init\" aria-label=\"Contact form\" novalidate=\"novalidate\" data-status=\"init\">\n<div style=\"display: none;\">\n<input type=\"hidden\" name=\"_wpcf7\" value=\"3534\" \/>\n<input type=\"hidden\" name=\"_wpcf7_version\" value=\"5.7.4\" \/>\n<input type=\"hidden\" name=\"_wpcf7_locale\" value=\"et\" \/>\n<input type=\"hidden\" name=\"_wpcf7_unit_tag\" value=\"wpcf7-f3534-o1\" \/>\n<input type=\"hidden\" name=\"_wpcf7_container_post\" value=\"0\" \/>\n<input type=\"hidden\" name=\"_wpcf7_posted_data_hash\" value=\"\" \/>\n<input type=\"hidden\" name=\"_wpcf7_recaptcha_response\" value=\"\" \/>\n<\/div>\n<p><label> E-mail<br \/>\n<span class=\"wpcf7-form-control-wrap\" data-name=\"your-email\"><input size=\"40\" class=\"wpcf7-form-control wpcf7-text wpcf7-email wpcf7-validates-as-required wpcf7-validates-as-email\" aria-required=\"true\" aria-invalid=\"false\" value=\"\" type=\"email\" name=\"your-email\" \/><\/span> <\/label>\n<\/p>\n<p><label> S\u00f5num<br \/>\n<span class=\"wpcf7-form-control-wrap\" data-name=\"your-message\"><textarea cols=\"40\" rows=\"10\" class=\"wpcf7-form-control wpcf7-textarea wpcf7-validates-as-required\" aria-required=\"true\" aria-invalid=\"false\" name=\"your-message\"><\/textarea><\/span> <\/label>\n<\/p>\n<p><input class=\"wpcf7-form-control has-spinner wpcf7-submit\" type=\"submit\" value=\"Saada\" \/>\n<\/p><div class=\"wpcf7-response-output\" aria-hidden=\"true\"><\/div>\n<\/form>\n<\/div>\n\r\n<p>&nbsp;<\/p>\r\n","protected":false},"excerpt":{"rendered":"<p>Frontaallaadur SNR 20\/20L M\u00f5eldud heina, s\u00f5nniku, silo, puistematerjalide, kaubaaluste peale- ja mahalaadimiseks ning transpordit\u00f6\u00f6deks. K\u00e4ed on valmistatud topelt \u201cC\u201d meetodil,<\/p>\n","protected":false},"featured_media":13901,"template":"","meta":[],"product_cat":[1724],"product_tag":[],"supplier_id":null,"supplier_sku":"","barcode":null,"atum_controlled":true,"out_stock_date":null,"out_stock_threshold":null,"inheritable":false,"inbound_stock":0,"stock_on_hold":0,"sold_today":0,"sales_last_days":0,"reserved_stock":0,"customer_returns":0,"warehouse_damage":0,"lost_in_post":0,"other_logs":0,"out_stock_days":0,"lost_sales":0,"has_location":false,"update_date":"2026-04-09T00:16:23","atum_locations":[],"atum_stock_status":"instock","restock_status":false,"low_stock_amount":"","sales_update_date":"2026-04-09T00:16:23","calc_backorders":null,"yoast_head":"<!-- This site is optimized with the Yoast SEO plugin v21.0 - https:\/\/yoast.com\/wordpress\/plugins\/seo\/ -->\n<title>Frontaallaadur SNR 20\/20L - Flexib h\u00fcdraulika<\/title>\n<meta name=\"description\" content=\"Frontaallaadur SNR 20\/20L - H\u00fcdraulika komponendid, h\u00fcdropumbad, h\u00fcdraulilised jagajad, h\u00fcdrosilindrid, h\u00fcdropumbad, h\u00fcdraulika \u00f5lid ja h\u00fcdromootorid. P\u00f5llumajandus h\u00fcdraulika, h\u00fcdrovoolikud ja h\u00fcdrojaamad.\" \/>\n<meta name=\"robots\" content=\"index, follow, max-snippet:-1, max-image-preview:large, max-video-preview:-1\" \/>\n<link rel=\"canonical\" href=\"https:\/\/flexib.ee\/sv\/toode\/frontaallaadur-snr-20-20l\/\" \/>\n<meta property=\"og:locale\" content=\"sv_SE\" \/>\n<meta property=\"og:type\" content=\"article\" \/>\n<meta property=\"og:title\" content=\"Frontaallaadur SNR 20\/20L - Flexib h\u00fcdraulika\" \/>\n<meta property=\"og:description\" content=\"Frontaallaadur SNR 20\/20L - H\u00fcdraulika komponendid, h\u00fcdropumbad, h\u00fcdraulilised jagajad, h\u00fcdrosilindrid, h\u00fcdropumbad, h\u00fcdraulika \u00f5lid ja h\u00fcdromootorid. P\u00f5llumajandus h\u00fcdraulika, h\u00fcdrovoolikud ja h\u00fcdrojaamad.\" \/>\n<meta property=\"og:url\" content=\"https:\/\/flexib.ee\/sv\/toode\/frontaallaadur-snr-20-20l\/\" \/>\n<meta property=\"og:site_name\" content=\"Flexib h\u00fcdraulika\" \/>\n<meta property=\"article:modified_time\" content=\"2023-03-09T10:24:14+00:00\" \/>\n<meta property=\"og:image\" content=\"https:\/\/www.flexib.ee\/wp-content\/uploads\/2023\/03\/Frontaallaadur-SNR-2020L.png\" \/>\n\t<meta property=\"og:image:width\" content=\"813\" \/>\n\t<meta property=\"og:image:height\" content=\"768\" \/>\n\t<meta property=\"og:image:type\" content=\"image\/png\" \/>\n<meta name=\"twitter:card\" content=\"summary_large_image\" \/>\n<meta name=\"twitter:label1\" content=\"Ber\u00e4knad l\u00e4stid\" \/>\n\t<meta name=\"twitter:data1\" content=\"2 minuter\" \/>\n<script type=\"application\/ld+json\" class=\"yoast-schema-graph\">{\"@context\":\"https:\/\/schema.org\",\"@graph\":[{\"@type\":\"WebPage\",\"@id\":\"https:\/\/flexib.ee\/sv\/toode\/frontaallaadur-snr-20-20l\/\",\"url\":\"https:\/\/flexib.ee\/sv\/toode\/frontaallaadur-snr-20-20l\/\",\"name\":\"Frontaallaadur SNR 20\/20L - Flexib h\u00fcdraulika\",\"isPartOf\":{\"@id\":\"https:\/\/flexib.ee\/sv\/#website\"},\"datePublished\":\"2023-03-09T10:17:49+00:00\",\"dateModified\":\"2023-03-09T10:24:14+00:00\",\"description\":\"Frontaallaadur SNR 20\/20L - H\u00fcdraulika komponendid, h\u00fcdropumbad, h\u00fcdraulilised jagajad, h\u00fcdrosilindrid, h\u00fcdropumbad, h\u00fcdraulika \u00f5lid ja h\u00fcdromootorid. P\u00f5llumajandus h\u00fcdraulika, h\u00fcdrovoolikud ja h\u00fcdrojaamad.\",\"breadcrumb\":{\"@id\":\"https:\/\/flexib.ee\/sv\/toode\/frontaallaadur-snr-20-20l\/#breadcrumb\"},\"inLanguage\":\"sv-SE\",\"potentialAction\":[{\"@type\":\"ReadAction\",\"target\":[\"https:\/\/flexib.ee\/sv\/toode\/frontaallaadur-snr-20-20l\/\"]}]},{\"@type\":\"BreadcrumbList\",\"@id\":\"https:\/\/flexib.ee\/sv\/toode\/frontaallaadur-snr-20-20l\/#breadcrumb\",\"itemListElement\":[{\"@type\":\"ListItem\",\"position\":1,\"name\":\"Flexib\",\"item\":\"https:\/\/flexib.ee\/sv\/\"},{\"@type\":\"ListItem\",\"position\":2,\"name\":\"Butik\",\"item\":\"https:\/\/flexib.ee\/sv\/butik\/\"},{\"@type\":\"ListItem\",\"position\":3,\"name\":\"Frontaallaadur SNR 20\/20L\"}]},{\"@type\":\"WebSite\",\"@id\":\"https:\/\/flexib.ee\/sv\/#website\",\"url\":\"https:\/\/flexib.ee\/sv\/\",\"name\":\"Flexib h\u00fcdraulika\",\"description\":\"H\u00fcdraulika tarvikud ja komponendid.\",\"publisher\":{\"@id\":\"https:\/\/flexib.ee\/sv\/#organization\"},\"potentialAction\":[{\"@type\":\"SearchAction\",\"target\":{\"@type\":\"EntryPoint\",\"urlTemplate\":\"https:\/\/flexib.ee\/sv\/?s={search_term_string}\"},\"query-input\":\"required name=search_term_string\"}],\"inLanguage\":\"sv-SE\"},{\"@type\":\"Organization\",\"@id\":\"https:\/\/flexib.ee\/sv\/#organization\",\"name\":\"Flexib H\u00fcdraulika\",\"url\":\"https:\/\/flexib.ee\/sv\/\",\"logo\":{\"@type\":\"ImageObject\",\"inLanguage\":\"sv-SE\",\"@id\":\"https:\/\/flexib.ee\/sv\/#\/schema\/logo\/image\/\",\"url\":\"https:\/\/flexib.ee\/wp-content\/uploads\/2020\/08\/FLEXIB-2.png\",\"contentUrl\":\"https:\/\/flexib.ee\/wp-content\/uploads\/2020\/08\/FLEXIB-2.png\",\"width\":500,\"height\":500,\"caption\":\"Flexib H\u00fcdraulika\"},\"image\":{\"@id\":\"https:\/\/flexib.ee\/sv\/#\/schema\/logo\/image\/\"}}]}<\/script>\n<!-- \/ Yoast SEO plugin. -->","yoast_head_json":{"title":"Frontaallaadur SNR 20\/20L - Flexib h\u00fcdraulika","description":"Frontaallaadur SNR 20\/20L - H\u00fcdraulika komponendid, h\u00fcdropumbad, h\u00fcdraulilised jagajad, h\u00fcdrosilindrid, h\u00fcdropumbad, h\u00fcdraulika \u00f5lid ja h\u00fcdromootorid. P\u00f5llumajandus h\u00fcdraulika, h\u00fcdrovoolikud ja h\u00fcdrojaamad.","robots":{"index":"index","follow":"follow","max-snippet":"max-snippet:-1","max-image-preview":"max-image-preview:large","max-video-preview":"max-video-preview:-1"},"canonical":"https:\/\/flexib.ee\/sv\/toode\/frontaallaadur-snr-20-20l\/","og_locale":"sv_SE","og_type":"article","og_title":"Frontaallaadur SNR 20\/20L - Flexib h\u00fcdraulika","og_description":"Frontaallaadur SNR 20\/20L - H\u00fcdraulika komponendid, h\u00fcdropumbad, h\u00fcdraulilised jagajad, h\u00fcdrosilindrid, h\u00fcdropumbad, h\u00fcdraulika \u00f5lid ja h\u00fcdromootorid. P\u00f5llumajandus h\u00fcdraulika, h\u00fcdrovoolikud ja h\u00fcdrojaamad.","og_url":"https:\/\/flexib.ee\/sv\/toode\/frontaallaadur-snr-20-20l\/","og_site_name":"Flexib h\u00fcdraulika","article_modified_time":"2023-03-09T10:24:14+00:00","og_image":[{"width":813,"height":768,"url":"https:\/\/www.flexib.ee\/wp-content\/uploads\/2023\/03\/Frontaallaadur-SNR-2020L.png","type":"image\/png"}],"twitter_card":"summary_large_image","twitter_misc":{"Ber\u00e4knad l\u00e4stid":"2 minuter"},"schema":{"@context":"https:\/\/schema.org","@graph":[{"@type":"WebPage","@id":"https:\/\/flexib.ee\/sv\/toode\/frontaallaadur-snr-20-20l\/","url":"https:\/\/flexib.ee\/sv\/toode\/frontaallaadur-snr-20-20l\/","name":"Frontaallaadur SNR 20\/20L - Flexib h\u00fcdraulika","isPartOf":{"@id":"https:\/\/flexib.ee\/sv\/#website"},"datePublished":"2023-03-09T10:17:49+00:00","dateModified":"2023-03-09T10:24:14+00:00","description":"Frontaallaadur SNR 20\/20L - H\u00fcdraulika komponendid, h\u00fcdropumbad, h\u00fcdraulilised jagajad, h\u00fcdrosilindrid, h\u00fcdropumbad, h\u00fcdraulika \u00f5lid ja h\u00fcdromootorid. P\u00f5llumajandus h\u00fcdraulika, h\u00fcdrovoolikud ja h\u00fcdrojaamad.","breadcrumb":{"@id":"https:\/\/flexib.ee\/sv\/toode\/frontaallaadur-snr-20-20l\/#breadcrumb"},"inLanguage":"sv-SE","potentialAction":[{"@type":"ReadAction","target":["https:\/\/flexib.ee\/sv\/toode\/frontaallaadur-snr-20-20l\/"]}]},{"@type":"BreadcrumbList","@id":"https:\/\/flexib.ee\/sv\/toode\/frontaallaadur-snr-20-20l\/#breadcrumb","itemListElement":[{"@type":"ListItem","position":1,"name":"Flexib","item":"https:\/\/flexib.ee\/sv\/"},{"@type":"ListItem","position":2,"name":"Butik","item":"https:\/\/flexib.ee\/sv\/butik\/"},{"@type":"ListItem","position":3,"name":"Frontaallaadur SNR 20\/20L"}]},{"@type":"WebSite","@id":"https:\/\/flexib.ee\/sv\/#website","url":"https:\/\/flexib.ee\/sv\/","name":"Flexib h\u00fcdraulika","description":"H\u00fcdraulika tarvikud ja komponendid.","publisher":{"@id":"https:\/\/flexib.ee\/sv\/#organization"},"potentialAction":[{"@type":"SearchAction","target":{"@type":"EntryPoint","urlTemplate":"https:\/\/flexib.ee\/sv\/?s={search_term_string}"},"query-input":"required name=search_term_string"}],"inLanguage":"sv-SE"},{"@type":"Organization","@id":"https:\/\/flexib.ee\/sv\/#organization","name":"Flexib H\u00fcdraulika","url":"https:\/\/flexib.ee\/sv\/","logo":{"@type":"ImageObject","inLanguage":"sv-SE","@id":"https:\/\/flexib.ee\/sv\/#\/schema\/logo\/image\/","url":"https:\/\/flexib.ee\/wp-content\/uploads\/2020\/08\/FLEXIB-2.png","contentUrl":"https:\/\/flexib.ee\/wp-content\/uploads\/2020\/08\/FLEXIB-2.png","width":500,"height":500,"caption":"Flexib H\u00fcdraulika"},"image":{"@id":"https:\/\/flexib.ee\/sv\/#\/schema\/logo\/image\/"}}]}},"_links":{"self":[{"href":"https:\/\/flexib.ee\/sv\/wp-json\/wp\/v2\/product\/13900"}],"collection":[{"href":"https:\/\/flexib.ee\/sv\/wp-json\/wp\/v2\/product"}],"about":[{"href":"https:\/\/flexib.ee\/sv\/wp-json\/wp\/v2\/types\/product"}],"wp:featuredmedia":[{"embeddable":true,"href":"https:\/\/flexib.ee\/sv\/wp-json\/wp\/v2\/media\/13901"}],"wp:attachment":[{"href":"https:\/\/flexib.ee\/sv\/wp-json\/wp\/v2\/media?parent=13900"}],"wp:term":[{"taxonomy":"product_cat","embeddable":true,"href":"https:\/\/flexib.ee\/sv\/wp-json\/wp\/v2\/product_cat?post=13900"},{"taxonomy":"product_tag","embeddable":true,"href":"https:\/\/flexib.ee\/sv\/wp-json\/wp\/v2\/product_tag?post=13900"}],"curies":[{"name":"wp","href":"https:\/\/api.w.org\/{rel}","templated":true}]}}