{"id":12816,"date":"2021-06-15T11:31:44","date_gmt":"2021-06-15T08:31:44","guid":{"rendered":"https:\/\/flexib.ee\/?post_type=product&#038;p=12816"},"modified":"2026-04-07T12:40:02","modified_gmt":"2026-04-07T09:40:02","slug":"pneumaatiline-lookmutrikeeraja-1900nm","status":"publish","type":"product","link":"https:\/\/flexib.ee\/sv\/toode\/pneumaatiline-lookmutrikeeraja-1900nm\/","title":{"rendered":"Pneumaatiline l\u00f6\u00f6kmutrikeeraja 1900Nm"},"content":{"rendered":"<p>Tootja: REDATS<\/p>\n<p>Maksimaalne p\u00f6\u00f6rdemoment: 1900 Nm<\/p>\n<p>T\u00f6\u00f6r\u00f5hk: 6,2 baari<\/p>\n<p>M\u00fcratase: 80 dBA<\/p>\n<p>Komplektis: \u00bc GZ-pistik kiir\u00fchenduseks<\/p>\n<p>\u00d5hukulu: keskmine 150 l \/ min<\/p>\n<p>Vooliku minimaalne l\u00e4bim\u00f5\u00f5t: 8 mm<\/p>\n<p>Vooliku maksimaalne pikkus: 10 m<\/p>\n<p>Vastavus direktiivile 2006\/42 \/ E\u00dc: jah<\/p>\n<p>Kruvimise \/ pingutamise reguleerimine: 4-astmeline pingutamine, 1-astmeline lahti keeramine<\/p>\n<p>Kaal: 2,3 kg<\/p>\n","protected":false},"excerpt":{"rendered":"<p>Tootja: REDATS Maksimaalne p\u00f6\u00f6rdemoment: 1900 Nm T\u00f6\u00f6r\u00f5hk: 6,2 baari M\u00fcratase: 80 dBA Komplektis: \u00bc GZ-pistik kiir\u00fchenduseks \u00d5hukulu: keskmine 150 l<\/p>\n","protected":false},"featured_media":12879,"template":"","meta":[],"product_cat":[954,955],"product_tag":[],"supplier_id":null,"supplier_sku":"","barcode":null,"atum_controlled":true,"out_stock_date":null,"out_stock_threshold":null,"inheritable":false,"inbound_stock":0,"stock_on_hold":0,"sold_today":0,"sales_last_days":0,"reserved_stock":0,"customer_returns":0,"warehouse_damage":0,"lost_in_post":0,"other_logs":0,"out_stock_days":0,"lost_sales":0,"has_location":false,"update_date":"2026-04-07T09:40:38","atum_locations":[],"atum_stock_status":"instock","restock_status":false,"low_stock_amount":"","sales_update_date":"2023-05-23T10:09:37","calc_backorders":null,"yoast_head":"<!-- This site is optimized with the Yoast SEO plugin v21.0 - https:\/\/yoast.com\/wordpress\/plugins\/seo\/ -->\n<title>Pneumaatiline l\u00f6\u00f6kmutrikeeraja 1900Nm - Flexib h\u00fcdraulika<\/title>\n<meta name=\"description\" content=\"Pneumaatiline l\u00f6\u00f6kmutrikeeraja 1900Nm - H\u00fcdraulika komponendid, h\u00fcdropumbad, h\u00fcdraulilised jagajad, h\u00fcdrosilindrid, h\u00fcdropumbad, h\u00fcdraulika \u00f5lid ja h\u00fcdromootorid. P\u00f5llumajandus h\u00fcdraulika, h\u00fcdrovoolikud ja h\u00fcdrojaamad.\" \/>\n<meta name=\"robots\" content=\"index, follow, max-snippet:-1, max-image-preview:large, max-video-preview:-1\" \/>\n<link rel=\"canonical\" href=\"https:\/\/flexib.ee\/sv\/toode\/pneumaatiline-lookmutrikeeraja-1900nm\/\" \/>\n<meta property=\"og:locale\" content=\"sv_SE\" \/>\n<meta property=\"og:type\" content=\"article\" \/>\n<meta property=\"og:title\" content=\"Pneumaatiline l\u00f6\u00f6kmutrikeeraja 1900Nm - Flexib h\u00fcdraulika\" \/>\n<meta property=\"og:description\" content=\"Pneumaatiline l\u00f6\u00f6kmutrikeeraja 1900Nm - H\u00fcdraulika komponendid, h\u00fcdropumbad, h\u00fcdraulilised jagajad, h\u00fcdrosilindrid, h\u00fcdropumbad, h\u00fcdraulika \u00f5lid ja h\u00fcdromootorid. P\u00f5llumajandus h\u00fcdraulika, h\u00fcdrovoolikud ja h\u00fcdrojaamad.\" \/>\n<meta property=\"og:url\" content=\"https:\/\/flexib.ee\/sv\/toode\/pneumaatiline-lookmutrikeeraja-1900nm\/\" \/>\n<meta property=\"og:site_name\" content=\"Flexib h\u00fcdraulika\" \/>\n<meta property=\"article:modified_time\" content=\"2026-04-07T09:40:02+00:00\" \/>\n<meta property=\"og:image\" content=\"https:\/\/www.flexib.ee\/wp-content\/uploads\/2021\/06\/Lo\u0308o\u0308kmutrikeeraja-pneumaatiline.jpeg\" \/>\n\t<meta property=\"og:image:width\" content=\"1100\" \/>\n\t<meta property=\"og:image:height\" content=\"1008\" \/>\n\t<meta property=\"og:image:type\" content=\"image\/jpeg\" \/>\n<meta name=\"twitter:card\" content=\"summary_large_image\" \/>\n<script type=\"application\/ld+json\" class=\"yoast-schema-graph\">{\"@context\":\"https:\/\/schema.org\",\"@graph\":[{\"@type\":\"WebPage\",\"@id\":\"https:\/\/flexib.ee\/sv\/toode\/pneumaatiline-lookmutrikeeraja-1900nm\/\",\"url\":\"https:\/\/flexib.ee\/sv\/toode\/pneumaatiline-lookmutrikeeraja-1900nm\/\",\"name\":\"Pneumaatiline l\u00f6\u00f6kmutrikeeraja 1900Nm - Flexib h\u00fcdraulika\",\"isPartOf\":{\"@id\":\"https:\/\/flexib.ee\/sv\/#website\"},\"datePublished\":\"2021-06-15T08:31:44+00:00\",\"dateModified\":\"2026-04-07T09:40:02+00:00\",\"description\":\"Pneumaatiline l\u00f6\u00f6kmutrikeeraja 1900Nm - H\u00fcdraulika komponendid, h\u00fcdropumbad, h\u00fcdraulilised jagajad, h\u00fcdrosilindrid, h\u00fcdropumbad, h\u00fcdraulika \u00f5lid ja h\u00fcdromootorid. P\u00f5llumajandus h\u00fcdraulika, h\u00fcdrovoolikud ja h\u00fcdrojaamad.\",\"breadcrumb\":{\"@id\":\"https:\/\/flexib.ee\/sv\/toode\/pneumaatiline-lookmutrikeeraja-1900nm\/#breadcrumb\"},\"inLanguage\":\"sv-SE\",\"potentialAction\":[{\"@type\":\"ReadAction\",\"target\":[\"https:\/\/flexib.ee\/sv\/toode\/pneumaatiline-lookmutrikeeraja-1900nm\/\"]}]},{\"@type\":\"BreadcrumbList\",\"@id\":\"https:\/\/flexib.ee\/sv\/toode\/pneumaatiline-lookmutrikeeraja-1900nm\/#breadcrumb\",\"itemListElement\":[{\"@type\":\"ListItem\",\"position\":1,\"name\":\"Flexib\",\"item\":\"https:\/\/flexib.ee\/sv\/\"},{\"@type\":\"ListItem\",\"position\":2,\"name\":\"Butik\",\"item\":\"https:\/\/flexib.ee\/sv\/butik\/\"},{\"@type\":\"ListItem\",\"position\":3,\"name\":\"Pneumaatiline l\u00f6\u00f6kmutrikeeraja 1900Nm\"}]},{\"@type\":\"WebSite\",\"@id\":\"https:\/\/flexib.ee\/sv\/#website\",\"url\":\"https:\/\/flexib.ee\/sv\/\",\"name\":\"Flexib h\u00fcdraulika\",\"description\":\"H\u00fcdraulika tarvikud ja komponendid.\",\"publisher\":{\"@id\":\"https:\/\/flexib.ee\/sv\/#organization\"},\"potentialAction\":[{\"@type\":\"SearchAction\",\"target\":{\"@type\":\"EntryPoint\",\"urlTemplate\":\"https:\/\/flexib.ee\/sv\/?s={search_term_string}\"},\"query-input\":\"required name=search_term_string\"}],\"inLanguage\":\"sv-SE\"},{\"@type\":\"Organization\",\"@id\":\"https:\/\/flexib.ee\/sv\/#organization\",\"name\":\"Flexib H\u00fcdraulika\",\"url\":\"https:\/\/flexib.ee\/sv\/\",\"logo\":{\"@type\":\"ImageObject\",\"inLanguage\":\"sv-SE\",\"@id\":\"https:\/\/flexib.ee\/sv\/#\/schema\/logo\/image\/\",\"url\":\"https:\/\/flexib.ee\/wp-content\/uploads\/2020\/08\/FLEXIB-2.png\",\"contentUrl\":\"https:\/\/flexib.ee\/wp-content\/uploads\/2020\/08\/FLEXIB-2.png\",\"width\":500,\"height\":500,\"caption\":\"Flexib H\u00fcdraulika\"},\"image\":{\"@id\":\"https:\/\/flexib.ee\/sv\/#\/schema\/logo\/image\/\"}}]}<\/script>\n<!-- \/ Yoast SEO plugin. -->","yoast_head_json":{"title":"Pneumaatiline l\u00f6\u00f6kmutrikeeraja 1900Nm - Flexib h\u00fcdraulika","description":"Pneumaatiline l\u00f6\u00f6kmutrikeeraja 1900Nm - H\u00fcdraulika komponendid, h\u00fcdropumbad, h\u00fcdraulilised jagajad, h\u00fcdrosilindrid, h\u00fcdropumbad, h\u00fcdraulika \u00f5lid ja h\u00fcdromootorid. P\u00f5llumajandus h\u00fcdraulika, h\u00fcdrovoolikud ja h\u00fcdrojaamad.","robots":{"index":"index","follow":"follow","max-snippet":"max-snippet:-1","max-image-preview":"max-image-preview:large","max-video-preview":"max-video-preview:-1"},"canonical":"https:\/\/flexib.ee\/sv\/toode\/pneumaatiline-lookmutrikeeraja-1900nm\/","og_locale":"sv_SE","og_type":"article","og_title":"Pneumaatiline l\u00f6\u00f6kmutrikeeraja 1900Nm - Flexib h\u00fcdraulika","og_description":"Pneumaatiline l\u00f6\u00f6kmutrikeeraja 1900Nm - H\u00fcdraulika komponendid, h\u00fcdropumbad, h\u00fcdraulilised jagajad, h\u00fcdrosilindrid, h\u00fcdropumbad, h\u00fcdraulika \u00f5lid ja h\u00fcdromootorid. P\u00f5llumajandus h\u00fcdraulika, h\u00fcdrovoolikud ja h\u00fcdrojaamad.","og_url":"https:\/\/flexib.ee\/sv\/toode\/pneumaatiline-lookmutrikeeraja-1900nm\/","og_site_name":"Flexib h\u00fcdraulika","article_modified_time":"2026-04-07T09:40:02+00:00","og_image":[{"width":1100,"height":1008,"url":"https:\/\/www.flexib.ee\/wp-content\/uploads\/2021\/06\/Lo\u0308o\u0308kmutrikeeraja-pneumaatiline.jpeg","type":"image\/jpeg"}],"twitter_card":"summary_large_image","schema":{"@context":"https:\/\/schema.org","@graph":[{"@type":"WebPage","@id":"https:\/\/flexib.ee\/sv\/toode\/pneumaatiline-lookmutrikeeraja-1900nm\/","url":"https:\/\/flexib.ee\/sv\/toode\/pneumaatiline-lookmutrikeeraja-1900nm\/","name":"Pneumaatiline l\u00f6\u00f6kmutrikeeraja 1900Nm - Flexib h\u00fcdraulika","isPartOf":{"@id":"https:\/\/flexib.ee\/sv\/#website"},"datePublished":"2021-06-15T08:31:44+00:00","dateModified":"2026-04-07T09:40:02+00:00","description":"Pneumaatiline l\u00f6\u00f6kmutrikeeraja 1900Nm - H\u00fcdraulika komponendid, h\u00fcdropumbad, h\u00fcdraulilised jagajad, h\u00fcdrosilindrid, h\u00fcdropumbad, h\u00fcdraulika \u00f5lid ja h\u00fcdromootorid. P\u00f5llumajandus h\u00fcdraulika, h\u00fcdrovoolikud ja h\u00fcdrojaamad.","breadcrumb":{"@id":"https:\/\/flexib.ee\/sv\/toode\/pneumaatiline-lookmutrikeeraja-1900nm\/#breadcrumb"},"inLanguage":"sv-SE","potentialAction":[{"@type":"ReadAction","target":["https:\/\/flexib.ee\/sv\/toode\/pneumaatiline-lookmutrikeeraja-1900nm\/"]}]},{"@type":"BreadcrumbList","@id":"https:\/\/flexib.ee\/sv\/toode\/pneumaatiline-lookmutrikeeraja-1900nm\/#breadcrumb","itemListElement":[{"@type":"ListItem","position":1,"name":"Flexib","item":"https:\/\/flexib.ee\/sv\/"},{"@type":"ListItem","position":2,"name":"Butik","item":"https:\/\/flexib.ee\/sv\/butik\/"},{"@type":"ListItem","position":3,"name":"Pneumaatiline l\u00f6\u00f6kmutrikeeraja 1900Nm"}]},{"@type":"WebSite","@id":"https:\/\/flexib.ee\/sv\/#website","url":"https:\/\/flexib.ee\/sv\/","name":"Flexib h\u00fcdraulika","description":"H\u00fcdraulika tarvikud ja komponendid.","publisher":{"@id":"https:\/\/flexib.ee\/sv\/#organization"},"potentialAction":[{"@type":"SearchAction","target":{"@type":"EntryPoint","urlTemplate":"https:\/\/flexib.ee\/sv\/?s={search_term_string}"},"query-input":"required name=search_term_string"}],"inLanguage":"sv-SE"},{"@type":"Organization","@id":"https:\/\/flexib.ee\/sv\/#organization","name":"Flexib H\u00fcdraulika","url":"https:\/\/flexib.ee\/sv\/","logo":{"@type":"ImageObject","inLanguage":"sv-SE","@id":"https:\/\/flexib.ee\/sv\/#\/schema\/logo\/image\/","url":"https:\/\/flexib.ee\/wp-content\/uploads\/2020\/08\/FLEXIB-2.png","contentUrl":"https:\/\/flexib.ee\/wp-content\/uploads\/2020\/08\/FLEXIB-2.png","width":500,"height":500,"caption":"Flexib H\u00fcdraulika"},"image":{"@id":"https:\/\/flexib.ee\/sv\/#\/schema\/logo\/image\/"}}]}},"_links":{"self":[{"href":"https:\/\/flexib.ee\/sv\/wp-json\/wp\/v2\/product\/12816"}],"collection":[{"href":"https:\/\/flexib.ee\/sv\/wp-json\/wp\/v2\/product"}],"about":[{"href":"https:\/\/flexib.ee\/sv\/wp-json\/wp\/v2\/types\/product"}],"wp:featuredmedia":[{"embeddable":true,"href":"https:\/\/flexib.ee\/sv\/wp-json\/wp\/v2\/media\/12879"}],"wp:attachment":[{"href":"https:\/\/flexib.ee\/sv\/wp-json\/wp\/v2\/media?parent=12816"}],"wp:term":[{"taxonomy":"product_cat","embeddable":true,"href":"https:\/\/flexib.ee\/sv\/wp-json\/wp\/v2\/product_cat?post=12816"},{"taxonomy":"product_tag","embeddable":true,"href":"https:\/\/flexib.ee\/sv\/wp-json\/wp\/v2\/product_tag?post=12816"}],"curies":[{"name":"wp","href":"https:\/\/api.w.org\/{rel}","templated":true}]}}