{"id":12031,"date":"2021-02-05T15:46:40","date_gmt":"2021-02-05T12:46:40","guid":{"rendered":"https:\/\/flexib.ee\/toode\/taidistraat-09mm-1kg\/"},"modified":"2026-04-06T11:06:08","modified_gmt":"2026-04-06T08:06:08","slug":"taidistraat-09mm-1kg","status":"publish","type":"product","link":"https:\/\/flexib.ee\/sv\/toode\/taidistraat-09mm-1kg\/","title":{"rendered":"T\u00e4idistraat 0,9mm 1kg"},"content":{"rendered":"<p> isekaitsev t\u00e4idistraat gaasita keevitamiseks fi 0,9 mm \/ 1 kg E71T-GS on ette n\u00e4htud tavaliste ja \u00fclitugevate s\u00fcsinikteraste keevitamiseks, mille maht ei \u00fcleta 510 MPa.<\/p>\n<p>Seda kasutatakse tootmisel, ehitamisel, mahutite, p\u00f5llumajandusseadmete tootmisel jne. Kasutatakse nii seadmete tootmisel kui ka remondil.<\/p>\n<p>Rakendus<br \/>\nSeda saab kasutada alumiiniumist ja tsingitud terasest paksusega 1,2 &#8211; 5,0 mm..<br \/>\nKaitsegaas (EN ISO 14175):<br \/>\nIsekaitsev traat<br \/>\nKeevitusvool:<br \/>\n= (-)<br \/>\nSpetsifikatsioon:<br \/>\nSideaine t\u00fc\u00fcpiline keemiline koostis (%):<\/p>\n<p>C: 0,2<br \/>\nSi: 0,3<br \/>\nMn: 1,0<br \/>\nAl: 2,0<br \/>\nKeevismetalli t\u00fc\u00fcpilised mehaanilised omadused:<br \/>\nKatsetingimused: EN<br \/>\nSeisund: TZ0<br \/>\nGaas: &#8211;<br \/>\nRm (MPa): 500<br \/>\nReL (MPa): 380<br \/>\nA5 (%):> 22<br \/>\nKV (J) \/ \u00b0 C +20:> 27<br \/>\nTehnoloogilised parameetrid:<br \/>\n\u00f8 d (mm): 0,9<br \/>\nKeevitusvool (A): 40 &#8211; 100<br \/>\nKaarepinge (V): 14-16<br \/>\nEtteandekiirus (m \/ min): 3,0 &#8211; 7,0<br \/>\nKeevismetalli kasutegur (kg \/ h): 0,4 &#8211; 2,6<\/p>\n","protected":false},"excerpt":{"rendered":"<p>isekaitsev t\u00e4idistraat gaasita keevitamiseks fi 0,9 mm \/ 1 kg E71T-GS on ette n\u00e4htud tavaliste ja \u00fclitugevate s\u00fcsinikteraste keevitamiseks, mille<\/p>\n","protected":false},"featured_media":12030,"template":"","meta":[],"product_cat":[918,933],"product_tag":[1511,1404,1403],"supplier_id":null,"supplier_sku":"","barcode":null,"atum_controlled":true,"out_stock_date":null,"out_stock_threshold":null,"inheritable":false,"inbound_stock":0,"stock_on_hold":0,"sold_today":0,"sales_last_days":0,"reserved_stock":0,"customer_returns":0,"warehouse_damage":0,"lost_in_post":0,"other_logs":0,"out_stock_days":0,"lost_sales":0,"has_location":false,"update_date":"2026-04-06T08:07:06","atum_locations":[],"atum_stock_status":"instock","restock_status":false,"low_stock_amount":"","sales_update_date":"2023-05-23T10:09:32","calc_backorders":null,"yoast_head":"<!-- This site is optimized with the Yoast SEO plugin v21.0 - https:\/\/yoast.com\/wordpress\/plugins\/seo\/ -->\n<title>T\u00e4idistraat 0,9mm 1kg - Flexib h\u00fcdraulika<\/title>\n<meta name=\"description\" content=\"T\u00e4idistraat 0,9mm 1kg - H\u00fcdraulika komponendid, h\u00fcdropumbad, h\u00fcdraulilised jagajad, h\u00fcdrosilindrid, h\u00fcdropumbad, h\u00fcdraulika \u00f5lid ja h\u00fcdromootorid. P\u00f5llumajandus h\u00fcdraulika, h\u00fcdrovoolikud ja h\u00fcdrojaamad.\" \/>\n<meta name=\"robots\" content=\"index, follow, max-snippet:-1, max-image-preview:large, max-video-preview:-1\" \/>\n<link rel=\"canonical\" href=\"https:\/\/flexib.ee\/sv\/toode\/taidistraat-09mm-1kg\/\" \/>\n<meta property=\"og:locale\" content=\"sv_SE\" \/>\n<meta property=\"og:type\" content=\"article\" \/>\n<meta property=\"og:title\" content=\"T\u00e4idistraat 0,9mm 1kg - Flexib h\u00fcdraulika\" \/>\n<meta property=\"og:description\" content=\"T\u00e4idistraat 0,9mm 1kg - H\u00fcdraulika komponendid, h\u00fcdropumbad, h\u00fcdraulilised jagajad, h\u00fcdrosilindrid, h\u00fcdropumbad, h\u00fcdraulika \u00f5lid ja h\u00fcdromootorid. P\u00f5llumajandus h\u00fcdraulika, h\u00fcdrovoolikud ja h\u00fcdrojaamad.\" \/>\n<meta property=\"og:url\" content=\"https:\/\/flexib.ee\/sv\/toode\/taidistraat-09mm-1kg\/\" \/>\n<meta property=\"og:site_name\" content=\"Flexib h\u00fcdraulika\" \/>\n<meta property=\"article:modified_time\" content=\"2026-04-06T08:06:08+00:00\" \/>\n<meta property=\"og:image\" content=\"https:\/\/flexib.ee\/wp-content\/uploads\/2021\/02\/drut-spawalniczy-rdzeniowy-samooslonowy-09mm-1kg-flux-09-1kg.jpg\" \/>\n\t<meta property=\"og:image:width\" content=\"1000\" \/>\n\t<meta property=\"og:image:height\" content=\"1000\" \/>\n\t<meta property=\"og:image:type\" content=\"image\/jpeg\" \/>\n<meta name=\"twitter:card\" content=\"summary_large_image\" \/>\n<meta name=\"twitter:label1\" content=\"Ber\u00e4knad l\u00e4stid\" \/>\n\t<meta name=\"twitter:data1\" content=\"1 minut\" \/>\n<script type=\"application\/ld+json\" class=\"yoast-schema-graph\">{\"@context\":\"https:\/\/schema.org\",\"@graph\":[{\"@type\":\"WebPage\",\"@id\":\"https:\/\/flexib.ee\/sv\/toode\/taidistraat-09mm-1kg\/\",\"url\":\"https:\/\/flexib.ee\/sv\/toode\/taidistraat-09mm-1kg\/\",\"name\":\"T\u00e4idistraat 0,9mm 1kg - Flexib h\u00fcdraulika\",\"isPartOf\":{\"@id\":\"https:\/\/flexib.ee\/sv\/#website\"},\"datePublished\":\"2021-02-05T12:46:40+00:00\",\"dateModified\":\"2026-04-06T08:06:08+00:00\",\"description\":\"T\u00e4idistraat 0,9mm 1kg - H\u00fcdraulika komponendid, h\u00fcdropumbad, h\u00fcdraulilised jagajad, h\u00fcdrosilindrid, h\u00fcdropumbad, h\u00fcdraulika \u00f5lid ja h\u00fcdromootorid. P\u00f5llumajandus h\u00fcdraulika, h\u00fcdrovoolikud ja h\u00fcdrojaamad.\",\"breadcrumb\":{\"@id\":\"https:\/\/flexib.ee\/sv\/toode\/taidistraat-09mm-1kg\/#breadcrumb\"},\"inLanguage\":\"sv-SE\",\"potentialAction\":[{\"@type\":\"ReadAction\",\"target\":[\"https:\/\/flexib.ee\/sv\/toode\/taidistraat-09mm-1kg\/\"]}]},{\"@type\":\"BreadcrumbList\",\"@id\":\"https:\/\/flexib.ee\/sv\/toode\/taidistraat-09mm-1kg\/#breadcrumb\",\"itemListElement\":[{\"@type\":\"ListItem\",\"position\":1,\"name\":\"Flexib\",\"item\":\"https:\/\/flexib.ee\/sv\/\"},{\"@type\":\"ListItem\",\"position\":2,\"name\":\"Butik\",\"item\":\"https:\/\/flexib.ee\/sv\/butik\/\"},{\"@type\":\"ListItem\",\"position\":3,\"name\":\"T\u00e4idistraat 0,9mm 1kg\"}]},{\"@type\":\"WebSite\",\"@id\":\"https:\/\/flexib.ee\/sv\/#website\",\"url\":\"https:\/\/flexib.ee\/sv\/\",\"name\":\"Flexib h\u00fcdraulika\",\"description\":\"H\u00fcdraulika tarvikud ja komponendid.\",\"publisher\":{\"@id\":\"https:\/\/flexib.ee\/sv\/#organization\"},\"potentialAction\":[{\"@type\":\"SearchAction\",\"target\":{\"@type\":\"EntryPoint\",\"urlTemplate\":\"https:\/\/flexib.ee\/sv\/?s={search_term_string}\"},\"query-input\":\"required name=search_term_string\"}],\"inLanguage\":\"sv-SE\"},{\"@type\":\"Organization\",\"@id\":\"https:\/\/flexib.ee\/sv\/#organization\",\"name\":\"Flexib H\u00fcdraulika\",\"url\":\"https:\/\/flexib.ee\/sv\/\",\"logo\":{\"@type\":\"ImageObject\",\"inLanguage\":\"sv-SE\",\"@id\":\"https:\/\/flexib.ee\/sv\/#\/schema\/logo\/image\/\",\"url\":\"https:\/\/flexib.ee\/wp-content\/uploads\/2020\/08\/FLEXIB-2.png\",\"contentUrl\":\"https:\/\/flexib.ee\/wp-content\/uploads\/2020\/08\/FLEXIB-2.png\",\"width\":500,\"height\":500,\"caption\":\"Flexib H\u00fcdraulika\"},\"image\":{\"@id\":\"https:\/\/flexib.ee\/sv\/#\/schema\/logo\/image\/\"}}]}<\/script>\n<!-- \/ Yoast SEO plugin. -->","yoast_head_json":{"title":"T\u00e4idistraat 0,9mm 1kg - Flexib h\u00fcdraulika","description":"T\u00e4idistraat 0,9mm 1kg - H\u00fcdraulika komponendid, h\u00fcdropumbad, h\u00fcdraulilised jagajad, h\u00fcdrosilindrid, h\u00fcdropumbad, h\u00fcdraulika \u00f5lid ja h\u00fcdromootorid. P\u00f5llumajandus h\u00fcdraulika, h\u00fcdrovoolikud ja h\u00fcdrojaamad.","robots":{"index":"index","follow":"follow","max-snippet":"max-snippet:-1","max-image-preview":"max-image-preview:large","max-video-preview":"max-video-preview:-1"},"canonical":"https:\/\/flexib.ee\/sv\/toode\/taidistraat-09mm-1kg\/","og_locale":"sv_SE","og_type":"article","og_title":"T\u00e4idistraat 0,9mm 1kg - Flexib h\u00fcdraulika","og_description":"T\u00e4idistraat 0,9mm 1kg - H\u00fcdraulika komponendid, h\u00fcdropumbad, h\u00fcdraulilised jagajad, h\u00fcdrosilindrid, h\u00fcdropumbad, h\u00fcdraulika \u00f5lid ja h\u00fcdromootorid. P\u00f5llumajandus h\u00fcdraulika, h\u00fcdrovoolikud ja h\u00fcdrojaamad.","og_url":"https:\/\/flexib.ee\/sv\/toode\/taidistraat-09mm-1kg\/","og_site_name":"Flexib h\u00fcdraulika","article_modified_time":"2026-04-06T08:06:08+00:00","og_image":[{"width":1000,"height":1000,"url":"https:\/\/flexib.ee\/wp-content\/uploads\/2021\/02\/drut-spawalniczy-rdzeniowy-samooslonowy-09mm-1kg-flux-09-1kg.jpg","type":"image\/jpeg"}],"twitter_card":"summary_large_image","twitter_misc":{"Ber\u00e4knad l\u00e4stid":"1 minut"},"schema":{"@context":"https:\/\/schema.org","@graph":[{"@type":"WebPage","@id":"https:\/\/flexib.ee\/sv\/toode\/taidistraat-09mm-1kg\/","url":"https:\/\/flexib.ee\/sv\/toode\/taidistraat-09mm-1kg\/","name":"T\u00e4idistraat 0,9mm 1kg - Flexib h\u00fcdraulika","isPartOf":{"@id":"https:\/\/flexib.ee\/sv\/#website"},"datePublished":"2021-02-05T12:46:40+00:00","dateModified":"2026-04-06T08:06:08+00:00","description":"T\u00e4idistraat 0,9mm 1kg - H\u00fcdraulika komponendid, h\u00fcdropumbad, h\u00fcdraulilised jagajad, h\u00fcdrosilindrid, h\u00fcdropumbad, h\u00fcdraulika \u00f5lid ja h\u00fcdromootorid. P\u00f5llumajandus h\u00fcdraulika, h\u00fcdrovoolikud ja h\u00fcdrojaamad.","breadcrumb":{"@id":"https:\/\/flexib.ee\/sv\/toode\/taidistraat-09mm-1kg\/#breadcrumb"},"inLanguage":"sv-SE","potentialAction":[{"@type":"ReadAction","target":["https:\/\/flexib.ee\/sv\/toode\/taidistraat-09mm-1kg\/"]}]},{"@type":"BreadcrumbList","@id":"https:\/\/flexib.ee\/sv\/toode\/taidistraat-09mm-1kg\/#breadcrumb","itemListElement":[{"@type":"ListItem","position":1,"name":"Flexib","item":"https:\/\/flexib.ee\/sv\/"},{"@type":"ListItem","position":2,"name":"Butik","item":"https:\/\/flexib.ee\/sv\/butik\/"},{"@type":"ListItem","position":3,"name":"T\u00e4idistraat 0,9mm 1kg"}]},{"@type":"WebSite","@id":"https:\/\/flexib.ee\/sv\/#website","url":"https:\/\/flexib.ee\/sv\/","name":"Flexib h\u00fcdraulika","description":"H\u00fcdraulika tarvikud ja komponendid.","publisher":{"@id":"https:\/\/flexib.ee\/sv\/#organization"},"potentialAction":[{"@type":"SearchAction","target":{"@type":"EntryPoint","urlTemplate":"https:\/\/flexib.ee\/sv\/?s={search_term_string}"},"query-input":"required name=search_term_string"}],"inLanguage":"sv-SE"},{"@type":"Organization","@id":"https:\/\/flexib.ee\/sv\/#organization","name":"Flexib H\u00fcdraulika","url":"https:\/\/flexib.ee\/sv\/","logo":{"@type":"ImageObject","inLanguage":"sv-SE","@id":"https:\/\/flexib.ee\/sv\/#\/schema\/logo\/image\/","url":"https:\/\/flexib.ee\/wp-content\/uploads\/2020\/08\/FLEXIB-2.png","contentUrl":"https:\/\/flexib.ee\/wp-content\/uploads\/2020\/08\/FLEXIB-2.png","width":500,"height":500,"caption":"Flexib H\u00fcdraulika"},"image":{"@id":"https:\/\/flexib.ee\/sv\/#\/schema\/logo\/image\/"}}]}},"_links":{"self":[{"href":"https:\/\/flexib.ee\/sv\/wp-json\/wp\/v2\/product\/12031"}],"collection":[{"href":"https:\/\/flexib.ee\/sv\/wp-json\/wp\/v2\/product"}],"about":[{"href":"https:\/\/flexib.ee\/sv\/wp-json\/wp\/v2\/types\/product"}],"wp:featuredmedia":[{"embeddable":true,"href":"https:\/\/flexib.ee\/sv\/wp-json\/wp\/v2\/media\/12030"}],"wp:attachment":[{"href":"https:\/\/flexib.ee\/sv\/wp-json\/wp\/v2\/media?parent=12031"}],"wp:term":[{"taxonomy":"product_cat","embeddable":true,"href":"https:\/\/flexib.ee\/sv\/wp-json\/wp\/v2\/product_cat?post=12031"},{"taxonomy":"product_tag","embeddable":true,"href":"https:\/\/flexib.ee\/sv\/wp-json\/wp\/v2\/product_tag?post=12031"}],"curies":[{"name":"wp","href":"https:\/\/api.w.org\/{rel}","templated":true}]}}