{"id":11912,"date":"2020-12-31T16:20:56","date_gmt":"2020-12-31T13:20:56","guid":{"rendered":"https:\/\/flexib.ee\/toode\/varvipustol-hvlp-rohuregulaatoriga\/"},"modified":"2026-05-04T10:06:12","modified_gmt":"2026-05-04T07:06:12","slug":"varvipustol-hvlp-rohuregulaatoriga","status":"publish","type":"product","link":"https:\/\/flexib.ee\/sv\/toode\/varvipustol-hvlp-rohuregulaatoriga\/","title":{"rendered":"V\u00e4rvip\u00fcstol HVLP r\u00f5huregulaatoriga"},"content":{"rendered":"<p>HVLP t\u00fc\u00fcpi v\u00e4rvisp\u00fcstol 1,4 mm. Ideaalne kasutamiseks lakkide, emailide, v\u00e4rvide ning kiirelt kuivavate ja madala viskoossusega v\u00e4rvidega. HVLP (High Volume Low Pressure) disain hoiab \u00e4ra lekked, nii et te ei pea kunagi muretsema segaduse tekitamise ega v\u00e4rvi raiskamise p\u00e4rast. Kiire ja lihtne puhastamise komplekti kuuluva puhastusharja ja lahtiv\u00f5tmiseks m\u00f5eldud mutriv\u00f5tmega.<\/p>\n<p>Toote omadused<br \/>\nHVLP t\u00fc\u00fcpi v\u00e4rvip\u00fcss<br \/>\nD\u00fc\u00fcsi suurus 1,4 mm<br \/>\nAlumiiniumist korpus<br \/>\nVarustatud \u00f5huregulaatoriga<br \/>\nMessingust n\u00f5el ja roostevabast terasest otsik<br \/>\nT\u00e4pseks pealekandmiseks reguleeritav vedeliku reguleerimine ja \u00f5hukontroll<br \/>\nSisaldab lisav\u00f5tit ja harja<br \/>\nPneumaatika otsik 1\/4 &#8220;voolikule<\/p>\n","protected":false},"excerpt":{"rendered":"<p>HVLP t\u00fc\u00fcpi v\u00e4rvisp\u00fcstol 1,4 mm. Ideaalne kasutamiseks lakkide, emailide, v\u00e4rvide ning kiirelt kuivavate ja madala viskoossusega v\u00e4rvidega. HVLP (High Volume<\/p>\n","protected":false},"featured_media":11909,"template":"","meta":[],"product_cat":[974,1490],"product_tag":[1498],"supplier_id":null,"supplier_sku":"","barcode":null,"atum_controlled":true,"out_stock_date":null,"out_stock_threshold":null,"inheritable":false,"inbound_stock":0,"stock_on_hold":0,"sold_today":0,"sales_last_days":0,"reserved_stock":0,"customer_returns":0,"warehouse_damage":0,"lost_in_post":0,"other_logs":0,"out_stock_days":0,"lost_sales":0,"has_location":false,"update_date":"2026-05-04T07:07:06","atum_locations":[],"atum_stock_status":"instock","restock_status":false,"low_stock_amount":"","sales_update_date":"2023-05-23T10:09:32","calc_backorders":null,"yoast_head":"<!-- This site is optimized with the Yoast SEO plugin v21.0 - https:\/\/yoast.com\/wordpress\/plugins\/seo\/ -->\n<title>V\u00e4rvip\u00fcstol HVLP r\u00f5huregulaatoriga - Flexib h\u00fcdraulika<\/title>\n<meta name=\"description\" content=\"V\u00e4rvip\u00fcstol HVLP r\u00f5huregulaatoriga - H\u00fcdraulika komponendid, h\u00fcdropumbad, h\u00fcdraulilised jagajad, h\u00fcdrosilindrid, h\u00fcdropumbad, h\u00fcdraulika \u00f5lid ja h\u00fcdromootorid. P\u00f5llumajandus h\u00fcdraulika, h\u00fcdrovoolikud ja h\u00fcdrojaamad.\" \/>\n<meta name=\"robots\" content=\"index, follow, max-snippet:-1, max-image-preview:large, max-video-preview:-1\" \/>\n<link rel=\"canonical\" href=\"https:\/\/flexib.ee\/sv\/toode\/varvipustol-hvlp-rohuregulaatoriga\/\" \/>\n<meta property=\"og:locale\" content=\"sv_SE\" \/>\n<meta property=\"og:type\" content=\"article\" \/>\n<meta property=\"og:title\" content=\"V\u00e4rvip\u00fcstol HVLP r\u00f5huregulaatoriga - Flexib h\u00fcdraulika\" \/>\n<meta property=\"og:description\" content=\"V\u00e4rvip\u00fcstol HVLP r\u00f5huregulaatoriga - H\u00fcdraulika komponendid, h\u00fcdropumbad, h\u00fcdraulilised jagajad, h\u00fcdrosilindrid, h\u00fcdropumbad, h\u00fcdraulika \u00f5lid ja h\u00fcdromootorid. P\u00f5llumajandus h\u00fcdraulika, h\u00fcdrovoolikud ja h\u00fcdrojaamad.\" \/>\n<meta property=\"og:url\" content=\"https:\/\/flexib.ee\/sv\/toode\/varvipustol-hvlp-rohuregulaatoriga\/\" \/>\n<meta property=\"og:site_name\" content=\"Flexib h\u00fcdraulika\" \/>\n<meta property=\"article:modified_time\" content=\"2026-05-04T07:06:12+00:00\" \/>\n<meta property=\"og:image\" content=\"https:\/\/flexib.ee\/wp-content\/uploads\/2020\/12\/1-19.jpg\" \/>\n\t<meta property=\"og:image:width\" content=\"1920\" \/>\n\t<meta property=\"og:image:height\" content=\"1440\" \/>\n\t<meta property=\"og:image:type\" content=\"image\/jpeg\" \/>\n<meta name=\"twitter:card\" content=\"summary_large_image\" \/>\n<script type=\"application\/ld+json\" class=\"yoast-schema-graph\">{\"@context\":\"https:\/\/schema.org\",\"@graph\":[{\"@type\":\"WebPage\",\"@id\":\"https:\/\/flexib.ee\/sv\/toode\/varvipustol-hvlp-rohuregulaatoriga\/\",\"url\":\"https:\/\/flexib.ee\/sv\/toode\/varvipustol-hvlp-rohuregulaatoriga\/\",\"name\":\"V\u00e4rvip\u00fcstol HVLP r\u00f5huregulaatoriga - Flexib h\u00fcdraulika\",\"isPartOf\":{\"@id\":\"https:\/\/flexib.ee\/sv\/#website\"},\"datePublished\":\"2020-12-31T13:20:56+00:00\",\"dateModified\":\"2026-05-04T07:06:12+00:00\",\"description\":\"V\u00e4rvip\u00fcstol HVLP r\u00f5huregulaatoriga - H\u00fcdraulika komponendid, h\u00fcdropumbad, h\u00fcdraulilised jagajad, h\u00fcdrosilindrid, h\u00fcdropumbad, h\u00fcdraulika \u00f5lid ja h\u00fcdromootorid. P\u00f5llumajandus h\u00fcdraulika, h\u00fcdrovoolikud ja h\u00fcdrojaamad.\",\"breadcrumb\":{\"@id\":\"https:\/\/flexib.ee\/sv\/toode\/varvipustol-hvlp-rohuregulaatoriga\/#breadcrumb\"},\"inLanguage\":\"sv-SE\",\"potentialAction\":[{\"@type\":\"ReadAction\",\"target\":[\"https:\/\/flexib.ee\/sv\/toode\/varvipustol-hvlp-rohuregulaatoriga\/\"]}]},{\"@type\":\"BreadcrumbList\",\"@id\":\"https:\/\/flexib.ee\/sv\/toode\/varvipustol-hvlp-rohuregulaatoriga\/#breadcrumb\",\"itemListElement\":[{\"@type\":\"ListItem\",\"position\":1,\"name\":\"Flexib\",\"item\":\"https:\/\/www.flexib.ee\/sv\/\"},{\"@type\":\"ListItem\",\"position\":2,\"name\":\"Butik\",\"item\":\"https:\/\/flexib.ee\/sv\/butik\/\"},{\"@type\":\"ListItem\",\"position\":3,\"name\":\"V\u00e4rvip\u00fcstol HVLP r\u00f5huregulaatoriga\"}]},{\"@type\":\"WebSite\",\"@id\":\"https:\/\/flexib.ee\/sv\/#website\",\"url\":\"https:\/\/flexib.ee\/sv\/\",\"name\":\"Flexib h\u00fcdraulika\",\"description\":\"H\u00fcdraulika tarvikud ja komponendid.\",\"publisher\":{\"@id\":\"https:\/\/flexib.ee\/sv\/#organization\"},\"potentialAction\":[{\"@type\":\"SearchAction\",\"target\":{\"@type\":\"EntryPoint\",\"urlTemplate\":\"https:\/\/flexib.ee\/sv\/?s={search_term_string}\"},\"query-input\":\"required name=search_term_string\"}],\"inLanguage\":\"sv-SE\"},{\"@type\":\"Organization\",\"@id\":\"https:\/\/flexib.ee\/sv\/#organization\",\"name\":\"Flexib H\u00fcdraulika\",\"url\":\"https:\/\/flexib.ee\/sv\/\",\"logo\":{\"@type\":\"ImageObject\",\"inLanguage\":\"sv-SE\",\"@id\":\"https:\/\/flexib.ee\/sv\/#\/schema\/logo\/image\/\",\"url\":\"https:\/\/flexib.ee\/wp-content\/uploads\/2020\/08\/FLEXIB-2.png\",\"contentUrl\":\"https:\/\/flexib.ee\/wp-content\/uploads\/2020\/08\/FLEXIB-2.png\",\"width\":500,\"height\":500,\"caption\":\"Flexib H\u00fcdraulika\"},\"image\":{\"@id\":\"https:\/\/flexib.ee\/sv\/#\/schema\/logo\/image\/\"}}]}<\/script>\n<!-- \/ Yoast SEO plugin. -->","yoast_head_json":{"title":"V\u00e4rvip\u00fcstol HVLP r\u00f5huregulaatoriga - Flexib h\u00fcdraulika","description":"V\u00e4rvip\u00fcstol HVLP r\u00f5huregulaatoriga - H\u00fcdraulika komponendid, h\u00fcdropumbad, h\u00fcdraulilised jagajad, h\u00fcdrosilindrid, h\u00fcdropumbad, h\u00fcdraulika \u00f5lid ja h\u00fcdromootorid. P\u00f5llumajandus h\u00fcdraulika, h\u00fcdrovoolikud ja h\u00fcdrojaamad.","robots":{"index":"index","follow":"follow","max-snippet":"max-snippet:-1","max-image-preview":"max-image-preview:large","max-video-preview":"max-video-preview:-1"},"canonical":"https:\/\/flexib.ee\/sv\/toode\/varvipustol-hvlp-rohuregulaatoriga\/","og_locale":"sv_SE","og_type":"article","og_title":"V\u00e4rvip\u00fcstol HVLP r\u00f5huregulaatoriga - Flexib h\u00fcdraulika","og_description":"V\u00e4rvip\u00fcstol HVLP r\u00f5huregulaatoriga - H\u00fcdraulika komponendid, h\u00fcdropumbad, h\u00fcdraulilised jagajad, h\u00fcdrosilindrid, h\u00fcdropumbad, h\u00fcdraulika \u00f5lid ja h\u00fcdromootorid. P\u00f5llumajandus h\u00fcdraulika, h\u00fcdrovoolikud ja h\u00fcdrojaamad.","og_url":"https:\/\/flexib.ee\/sv\/toode\/varvipustol-hvlp-rohuregulaatoriga\/","og_site_name":"Flexib h\u00fcdraulika","article_modified_time":"2026-05-04T07:06:12+00:00","og_image":[{"width":1920,"height":1440,"url":"https:\/\/flexib.ee\/wp-content\/uploads\/2020\/12\/1-19.jpg","type":"image\/jpeg"}],"twitter_card":"summary_large_image","schema":{"@context":"https:\/\/schema.org","@graph":[{"@type":"WebPage","@id":"https:\/\/flexib.ee\/sv\/toode\/varvipustol-hvlp-rohuregulaatoriga\/","url":"https:\/\/flexib.ee\/sv\/toode\/varvipustol-hvlp-rohuregulaatoriga\/","name":"V\u00e4rvip\u00fcstol HVLP r\u00f5huregulaatoriga - Flexib h\u00fcdraulika","isPartOf":{"@id":"https:\/\/flexib.ee\/sv\/#website"},"datePublished":"2020-12-31T13:20:56+00:00","dateModified":"2026-05-04T07:06:12+00:00","description":"V\u00e4rvip\u00fcstol HVLP r\u00f5huregulaatoriga - H\u00fcdraulika komponendid, h\u00fcdropumbad, h\u00fcdraulilised jagajad, h\u00fcdrosilindrid, h\u00fcdropumbad, h\u00fcdraulika \u00f5lid ja h\u00fcdromootorid. P\u00f5llumajandus h\u00fcdraulika, h\u00fcdrovoolikud ja h\u00fcdrojaamad.","breadcrumb":{"@id":"https:\/\/flexib.ee\/sv\/toode\/varvipustol-hvlp-rohuregulaatoriga\/#breadcrumb"},"inLanguage":"sv-SE","potentialAction":[{"@type":"ReadAction","target":["https:\/\/flexib.ee\/sv\/toode\/varvipustol-hvlp-rohuregulaatoriga\/"]}]},{"@type":"BreadcrumbList","@id":"https:\/\/flexib.ee\/sv\/toode\/varvipustol-hvlp-rohuregulaatoriga\/#breadcrumb","itemListElement":[{"@type":"ListItem","position":1,"name":"Flexib","item":"https:\/\/www.flexib.ee\/sv\/"},{"@type":"ListItem","position":2,"name":"Butik","item":"https:\/\/flexib.ee\/sv\/butik\/"},{"@type":"ListItem","position":3,"name":"V\u00e4rvip\u00fcstol HVLP r\u00f5huregulaatoriga"}]},{"@type":"WebSite","@id":"https:\/\/flexib.ee\/sv\/#website","url":"https:\/\/flexib.ee\/sv\/","name":"Flexib h\u00fcdraulika","description":"H\u00fcdraulika tarvikud ja komponendid.","publisher":{"@id":"https:\/\/flexib.ee\/sv\/#organization"},"potentialAction":[{"@type":"SearchAction","target":{"@type":"EntryPoint","urlTemplate":"https:\/\/flexib.ee\/sv\/?s={search_term_string}"},"query-input":"required name=search_term_string"}],"inLanguage":"sv-SE"},{"@type":"Organization","@id":"https:\/\/flexib.ee\/sv\/#organization","name":"Flexib H\u00fcdraulika","url":"https:\/\/flexib.ee\/sv\/","logo":{"@type":"ImageObject","inLanguage":"sv-SE","@id":"https:\/\/flexib.ee\/sv\/#\/schema\/logo\/image\/","url":"https:\/\/flexib.ee\/wp-content\/uploads\/2020\/08\/FLEXIB-2.png","contentUrl":"https:\/\/flexib.ee\/wp-content\/uploads\/2020\/08\/FLEXIB-2.png","width":500,"height":500,"caption":"Flexib H\u00fcdraulika"},"image":{"@id":"https:\/\/flexib.ee\/sv\/#\/schema\/logo\/image\/"}}]}},"_links":{"self":[{"href":"https:\/\/flexib.ee\/sv\/wp-json\/wp\/v2\/product\/11912"}],"collection":[{"href":"https:\/\/flexib.ee\/sv\/wp-json\/wp\/v2\/product"}],"about":[{"href":"https:\/\/flexib.ee\/sv\/wp-json\/wp\/v2\/types\/product"}],"wp:featuredmedia":[{"embeddable":true,"href":"https:\/\/flexib.ee\/sv\/wp-json\/wp\/v2\/media\/11909"}],"wp:attachment":[{"href":"https:\/\/flexib.ee\/sv\/wp-json\/wp\/v2\/media?parent=11912"}],"wp:term":[{"taxonomy":"product_cat","embeddable":true,"href":"https:\/\/flexib.ee\/sv\/wp-json\/wp\/v2\/product_cat?post=11912"},{"taxonomy":"product_tag","embeddable":true,"href":"https:\/\/flexib.ee\/sv\/wp-json\/wp\/v2\/product_tag?post=11912"}],"curies":[{"name":"wp","href":"https:\/\/api.w.org\/{rel}","templated":true}]}}