{"id":11633,"date":"2020-10-30T00:11:50","date_gmt":"2020-10-29T21:11:50","guid":{"rendered":"https:\/\/flexib.ee\/toode\/import-placeholder-for-62033\/"},"modified":"2026-04-16T00:06:16","modified_gmt":"2026-04-15T21:06:16","slug":"plasmaloikur-jasic-cut-60-pro","status":"publish","type":"product","link":"https:\/\/flexib.ee\/sv\/toode\/plasmaloikur-jasic-cut-60-pro\/","title":{"rendered":"Plasmal\u00f5ikur Jasic CUT 60 Pro"},"content":{"rendered":"<p>Kvaliteetne PWM tehnoloogia plasma l\u00f5ikur<\/p>\n<p>Intelligentne digitaalne kontroll<\/p>\n<p>Puhas l\u00f5ige 20mm, Maksimum l\u00f5ige 25mm<\/p>\n<p>L\u00f5iked materjalidele: teras, roostevaba, vask, malm ja alumiinium<\/p>\n<p>L\u00f5ikekiirus paranenud 1,8 korda v\u00f5rreldes gaasi l\u00f5ikusega. <\/p>\n<p>Kerge, kaasaskantav l\u00f5ikur<\/p>\n<p>LED paneel<\/p>\n<p>IGBT kaitse s\u00fcsteem<\/p>\n<p>\u00d5hur\u00f5hu indikaator<\/p>\n<p>Mitte HF start, ehk sobiv CNC pinkidele. S\u00fc\u00fctamine ei tekita k\u00f5rget sagedust ega m\u00fcra.<\/p>\n<p>PT-100 Plasma p\u00f5leti (6m)<\/p>\n<p>2T \/ 4T L\u00f5ikeoperatsioonid &#8211; 4 punkti operatsiooni kasutatakse kui on oluline et s\u00fc\u00fcde ei hakkaks kohe peale signaali t\u00e4iel v\u00f5imsusel t\u00f6\u00f6le, ning l\u00f5petaks t\u00f6\u00f6 samuti \u00fcleminekuga.<\/p>\n<p>Saab kasutada koos CNC plasmakaarkeevitamise s\u00fcsteemidega- ei p\u00f5hjusta elektroonikale h\u00e4ireid- No HF start. Plasma l\u00f5ikuril on CNC pistik p\u00f5leti kontrollimiseks.<\/p>\n<p>Generaatori s\u00f5bralik plasma l\u00f5ikur<\/p>\n<p>Kvaliteetne kummeeritud viimistlusega k\u00e4epide ja korpus <br \/> Metall v\u00f5rkude ja armatuuri l\u00f5ike re\u017eiim<\/p>\n","protected":false},"excerpt":{"rendered":"<p>> Professionaalne IGBT plasma l\u00f5ikur<\/p>\n<p>> Jasic Cut 60 plasma l\u00f5ikur on varustatud PWM tehnoloogia ja v\u00f5imsate IGBT komponenditega. See on ideaalne lahendus terasest, roostevabast terasest ja<br \/>\n  alumiiniumist materjali ja detailide l\u00f5ikamiseks.<\/p>\n<p>> Kasutajas\u00f5bralik plasmal\u00f5ikur v\u00f5imaldab kvaliteetset, kiiret ja t\u00e4pset l\u00f5ikamist materjalile kuni 20mm-25mm.<\/p>\n","protected":false},"featured_media":11685,"template":"","meta":[],"product_cat":[1441,1442],"product_tag":[1443,1444,1445],"supplier_id":null,"supplier_sku":"","barcode":null,"atum_controlled":true,"out_stock_date":"2026-04-16 00:06:16","out_stock_threshold":null,"inheritable":false,"inbound_stock":0,"stock_on_hold":0,"sold_today":0,"sales_last_days":0,"reserved_stock":0,"customer_returns":0,"warehouse_damage":0,"lost_in_post":0,"other_logs":0,"out_stock_days":0,"lost_sales":0,"has_location":false,"update_date":"2026-04-15T21:07:06","atum_locations":[],"atum_stock_status":"onbackorder","restock_status":false,"low_stock_amount":"","sales_update_date":"2025-12-20T10:26:43","calc_backorders":0,"yoast_head":"<!-- This site is optimized with the Yoast SEO plugin v21.0 - https:\/\/yoast.com\/wordpress\/plugins\/seo\/ -->\n<title>Plasmal\u00f5ikur Jasic CUT 60 Pro - Flexib h\u00fcdraulika<\/title>\n<meta name=\"description\" content=\"Plasmal\u00f5ikur Jasic CUT 60 Pro - H\u00fcdraulika komponendid, h\u00fcdropumbad, h\u00fcdraulilised jagajad, h\u00fcdrosilindrid, h\u00fcdropumbad, h\u00fcdraulika \u00f5lid ja h\u00fcdromootorid. P\u00f5llumajandus h\u00fcdraulika, h\u00fcdrovoolikud ja h\u00fcdrojaamad.\" \/>\n<meta name=\"robots\" content=\"index, follow, max-snippet:-1, max-image-preview:large, max-video-preview:-1\" \/>\n<link rel=\"canonical\" href=\"https:\/\/flexib.ee\/sv\/toode\/plasmaloikur-jasic-cut-60-pro\/\" \/>\n<meta property=\"og:locale\" content=\"sv_SE\" \/>\n<meta property=\"og:type\" content=\"article\" \/>\n<meta property=\"og:title\" content=\"Plasmal\u00f5ikur Jasic CUT 60 Pro - Flexib h\u00fcdraulika\" \/>\n<meta property=\"og:description\" content=\"Plasmal\u00f5ikur Jasic CUT 60 Pro - H\u00fcdraulika komponendid, h\u00fcdropumbad, h\u00fcdraulilised jagajad, h\u00fcdrosilindrid, h\u00fcdropumbad, h\u00fcdraulika \u00f5lid ja h\u00fcdromootorid. P\u00f5llumajandus h\u00fcdraulika, h\u00fcdrovoolikud ja h\u00fcdrojaamad.\" \/>\n<meta property=\"og:url\" content=\"https:\/\/flexib.ee\/sv\/toode\/plasmaloikur-jasic-cut-60-pro\/\" \/>\n<meta property=\"og:site_name\" content=\"Flexib h\u00fcdraulika\" \/>\n<meta property=\"article:modified_time\" content=\"2026-04-15T21:06:16+00:00\" \/>\n<meta property=\"og:image\" content=\"https:\/\/www.flexib.ee\/wp-content\/uploads\/2020\/10\/Plasmalo\u0303ikur-CUT-Jasic-60-Pro.jpg\" \/>\n\t<meta property=\"og:image:width\" content=\"720\" \/>\n\t<meta property=\"og:image:height\" content=\"720\" \/>\n\t<meta property=\"og:image:type\" content=\"image\/jpeg\" \/>\n<meta name=\"twitter:card\" content=\"summary_large_image\" \/>\n<meta name=\"twitter:label1\" content=\"Ber\u00e4knad l\u00e4stid\" \/>\n\t<meta name=\"twitter:data1\" content=\"1 minut\" \/>\n<script type=\"application\/ld+json\" class=\"yoast-schema-graph\">{\"@context\":\"https:\/\/schema.org\",\"@graph\":[{\"@type\":\"WebPage\",\"@id\":\"https:\/\/flexib.ee\/sv\/toode\/plasmaloikur-jasic-cut-60-pro\/\",\"url\":\"https:\/\/flexib.ee\/sv\/toode\/plasmaloikur-jasic-cut-60-pro\/\",\"name\":\"Plasmal\u00f5ikur Jasic CUT 60 Pro - Flexib h\u00fcdraulika\",\"isPartOf\":{\"@id\":\"https:\/\/flexib.ee\/sv\/#website\"},\"datePublished\":\"2020-10-29T21:11:50+00:00\",\"dateModified\":\"2026-04-15T21:06:16+00:00\",\"description\":\"Plasmal\u00f5ikur Jasic CUT 60 Pro - H\u00fcdraulika komponendid, h\u00fcdropumbad, h\u00fcdraulilised jagajad, h\u00fcdrosilindrid, h\u00fcdropumbad, h\u00fcdraulika \u00f5lid ja h\u00fcdromootorid. P\u00f5llumajandus h\u00fcdraulika, h\u00fcdrovoolikud ja h\u00fcdrojaamad.\",\"breadcrumb\":{\"@id\":\"https:\/\/flexib.ee\/sv\/toode\/plasmaloikur-jasic-cut-60-pro\/#breadcrumb\"},\"inLanguage\":\"sv-SE\",\"potentialAction\":[{\"@type\":\"ReadAction\",\"target\":[\"https:\/\/flexib.ee\/sv\/toode\/plasmaloikur-jasic-cut-60-pro\/\"]}]},{\"@type\":\"BreadcrumbList\",\"@id\":\"https:\/\/flexib.ee\/sv\/toode\/plasmaloikur-jasic-cut-60-pro\/#breadcrumb\",\"itemListElement\":[{\"@type\":\"ListItem\",\"position\":1,\"name\":\"Flexib\",\"item\":\"https:\/\/flexib.ee\/sv\/\"},{\"@type\":\"ListItem\",\"position\":2,\"name\":\"Butik\",\"item\":\"https:\/\/flexib.ee\/sv\/butik\/\"},{\"@type\":\"ListItem\",\"position\":3,\"name\":\"Plasmal\u00f5ikur Jasic CUT 60 Pro\"}]},{\"@type\":\"WebSite\",\"@id\":\"https:\/\/flexib.ee\/sv\/#website\",\"url\":\"https:\/\/flexib.ee\/sv\/\",\"name\":\"Flexib h\u00fcdraulika\",\"description\":\"H\u00fcdraulika tarvikud ja komponendid.\",\"publisher\":{\"@id\":\"https:\/\/flexib.ee\/sv\/#organization\"},\"potentialAction\":[{\"@type\":\"SearchAction\",\"target\":{\"@type\":\"EntryPoint\",\"urlTemplate\":\"https:\/\/flexib.ee\/sv\/?s={search_term_string}\"},\"query-input\":\"required name=search_term_string\"}],\"inLanguage\":\"sv-SE\"},{\"@type\":\"Organization\",\"@id\":\"https:\/\/flexib.ee\/sv\/#organization\",\"name\":\"Flexib H\u00fcdraulika\",\"url\":\"https:\/\/flexib.ee\/sv\/\",\"logo\":{\"@type\":\"ImageObject\",\"inLanguage\":\"sv-SE\",\"@id\":\"https:\/\/flexib.ee\/sv\/#\/schema\/logo\/image\/\",\"url\":\"https:\/\/flexib.ee\/wp-content\/uploads\/2020\/08\/FLEXIB-2.png\",\"contentUrl\":\"https:\/\/flexib.ee\/wp-content\/uploads\/2020\/08\/FLEXIB-2.png\",\"width\":500,\"height\":500,\"caption\":\"Flexib H\u00fcdraulika\"},\"image\":{\"@id\":\"https:\/\/flexib.ee\/sv\/#\/schema\/logo\/image\/\"}}]}<\/script>\n<!-- \/ Yoast SEO plugin. -->","yoast_head_json":{"title":"Plasmal\u00f5ikur Jasic CUT 60 Pro - Flexib h\u00fcdraulika","description":"Plasmal\u00f5ikur Jasic CUT 60 Pro - H\u00fcdraulika komponendid, h\u00fcdropumbad, h\u00fcdraulilised jagajad, h\u00fcdrosilindrid, h\u00fcdropumbad, h\u00fcdraulika \u00f5lid ja h\u00fcdromootorid. P\u00f5llumajandus h\u00fcdraulika, h\u00fcdrovoolikud ja h\u00fcdrojaamad.","robots":{"index":"index","follow":"follow","max-snippet":"max-snippet:-1","max-image-preview":"max-image-preview:large","max-video-preview":"max-video-preview:-1"},"canonical":"https:\/\/flexib.ee\/sv\/toode\/plasmaloikur-jasic-cut-60-pro\/","og_locale":"sv_SE","og_type":"article","og_title":"Plasmal\u00f5ikur Jasic CUT 60 Pro - Flexib h\u00fcdraulika","og_description":"Plasmal\u00f5ikur Jasic CUT 60 Pro - H\u00fcdraulika komponendid, h\u00fcdropumbad, h\u00fcdraulilised jagajad, h\u00fcdrosilindrid, h\u00fcdropumbad, h\u00fcdraulika \u00f5lid ja h\u00fcdromootorid. P\u00f5llumajandus h\u00fcdraulika, h\u00fcdrovoolikud ja h\u00fcdrojaamad.","og_url":"https:\/\/flexib.ee\/sv\/toode\/plasmaloikur-jasic-cut-60-pro\/","og_site_name":"Flexib h\u00fcdraulika","article_modified_time":"2026-04-15T21:06:16+00:00","og_image":[{"width":720,"height":720,"url":"https:\/\/www.flexib.ee\/wp-content\/uploads\/2020\/10\/Plasmalo\u0303ikur-CUT-Jasic-60-Pro.jpg","type":"image\/jpeg"}],"twitter_card":"summary_large_image","twitter_misc":{"Ber\u00e4knad l\u00e4stid":"1 minut"},"schema":{"@context":"https:\/\/schema.org","@graph":[{"@type":"WebPage","@id":"https:\/\/flexib.ee\/sv\/toode\/plasmaloikur-jasic-cut-60-pro\/","url":"https:\/\/flexib.ee\/sv\/toode\/plasmaloikur-jasic-cut-60-pro\/","name":"Plasmal\u00f5ikur Jasic CUT 60 Pro - Flexib h\u00fcdraulika","isPartOf":{"@id":"https:\/\/flexib.ee\/sv\/#website"},"datePublished":"2020-10-29T21:11:50+00:00","dateModified":"2026-04-15T21:06:16+00:00","description":"Plasmal\u00f5ikur Jasic CUT 60 Pro - H\u00fcdraulika komponendid, h\u00fcdropumbad, h\u00fcdraulilised jagajad, h\u00fcdrosilindrid, h\u00fcdropumbad, h\u00fcdraulika \u00f5lid ja h\u00fcdromootorid. P\u00f5llumajandus h\u00fcdraulika, h\u00fcdrovoolikud ja h\u00fcdrojaamad.","breadcrumb":{"@id":"https:\/\/flexib.ee\/sv\/toode\/plasmaloikur-jasic-cut-60-pro\/#breadcrumb"},"inLanguage":"sv-SE","potentialAction":[{"@type":"ReadAction","target":["https:\/\/flexib.ee\/sv\/toode\/plasmaloikur-jasic-cut-60-pro\/"]}]},{"@type":"BreadcrumbList","@id":"https:\/\/flexib.ee\/sv\/toode\/plasmaloikur-jasic-cut-60-pro\/#breadcrumb","itemListElement":[{"@type":"ListItem","position":1,"name":"Flexib","item":"https:\/\/flexib.ee\/sv\/"},{"@type":"ListItem","position":2,"name":"Butik","item":"https:\/\/flexib.ee\/sv\/butik\/"},{"@type":"ListItem","position":3,"name":"Plasmal\u00f5ikur Jasic CUT 60 Pro"}]},{"@type":"WebSite","@id":"https:\/\/flexib.ee\/sv\/#website","url":"https:\/\/flexib.ee\/sv\/","name":"Flexib h\u00fcdraulika","description":"H\u00fcdraulika tarvikud ja komponendid.","publisher":{"@id":"https:\/\/flexib.ee\/sv\/#organization"},"potentialAction":[{"@type":"SearchAction","target":{"@type":"EntryPoint","urlTemplate":"https:\/\/flexib.ee\/sv\/?s={search_term_string}"},"query-input":"required name=search_term_string"}],"inLanguage":"sv-SE"},{"@type":"Organization","@id":"https:\/\/flexib.ee\/sv\/#organization","name":"Flexib H\u00fcdraulika","url":"https:\/\/flexib.ee\/sv\/","logo":{"@type":"ImageObject","inLanguage":"sv-SE","@id":"https:\/\/flexib.ee\/sv\/#\/schema\/logo\/image\/","url":"https:\/\/flexib.ee\/wp-content\/uploads\/2020\/08\/FLEXIB-2.png","contentUrl":"https:\/\/flexib.ee\/wp-content\/uploads\/2020\/08\/FLEXIB-2.png","width":500,"height":500,"caption":"Flexib H\u00fcdraulika"},"image":{"@id":"https:\/\/flexib.ee\/sv\/#\/schema\/logo\/image\/"}}]}},"_links":{"self":[{"href":"https:\/\/flexib.ee\/sv\/wp-json\/wp\/v2\/product\/11633"}],"collection":[{"href":"https:\/\/flexib.ee\/sv\/wp-json\/wp\/v2\/product"}],"about":[{"href":"https:\/\/flexib.ee\/sv\/wp-json\/wp\/v2\/types\/product"}],"wp:featuredmedia":[{"embeddable":true,"href":"https:\/\/flexib.ee\/sv\/wp-json\/wp\/v2\/media\/11685"}],"wp:attachment":[{"href":"https:\/\/flexib.ee\/sv\/wp-json\/wp\/v2\/media?parent=11633"}],"wp:term":[{"taxonomy":"product_cat","embeddable":true,"href":"https:\/\/flexib.ee\/sv\/wp-json\/wp\/v2\/product_cat?post=11633"},{"taxonomy":"product_tag","embeddable":true,"href":"https:\/\/flexib.ee\/sv\/wp-json\/wp\/v2\/product_tag?post=11633"}],"curies":[{"name":"wp","href":"https:\/\/api.w.org\/{rel}","templated":true}]}}