{"id":10891,"date":"2020-10-29T22:36:10","date_gmt":"2020-10-29T19:36:10","guid":{"rendered":"https:\/\/flexib.ee\/toode\/import-placeholder-for-40707\/"},"modified":"2026-04-07T21:34:09","modified_gmt":"2026-04-07T18:34:09","slug":"pidurikolbide-tagasisurumise-komplekt-12-osa","status":"publish","type":"product","link":"https:\/\/flexib.ee\/sv\/toode\/pidurikolbide-tagasisurumise-komplekt-12-osa\/","title":{"rendered":"Pidurikolbide tagasisurumise komplekt 12-osa"},"content":{"rendered":"","protected":false},"excerpt":{"rendered":"<p>Professionaalne 12-osaline komplekt pidurikolbide tagasisurumiseks \/ keeramiseks, h\u00e4davajalik ketaspiduritega s\u00f5idukite remondiks.<\/p>\n<p>Komplekti elemendid<\/p>\n<p>Adapter nr 0 General Motors, Cadillac Sevilla, Eldorado<\/p>\n<p>Adapter nr 1 kinnitusplaat<\/p>\n<p>Adapter nr 2 Citroen XM, Xantia ja muud<\/p>\n<p>Adapter nr 3 Alfa Romeo, Audi, Austin, BMW 318 iS, 320 i, 325 TD, 518 i, 525 i, 740 i, 850 ci, M5, Ford Fiesta, Honda Concerto, Jaguar XJ6, XJ40, Mercedes-Benz 190, 200, 300, 420, 560, Mitsubishi Colt, Nissan Micra, Stanza, Sunny, Range Rover, Toyota Camry, VW Passat, Golf GTI, Volvo<\/p>\n<p>Adapter nr 4 Alfa Romeo 164 2.0, Fiat, Ford Telstar, Laser, General Motors Saturn, Grand Prix, Lumina, Honda Prelude, CRX, Mazda, Saab 9000, Subaru<\/p>\n<p>Adapter nr 5 3\/8 &#8220;k\u00e4pa jaoks<\/p>\n<p>Adapter nr 6 Nissan Primera, VW Golf 4<\/p>\n<p>Adapter nr 7 Audi 80 ja 90, V8 ja 100, Kupee, Ford Sierra ABS, Granada ja Scorpio alates 1985. aastast, Honda Prelude, Nissan Silvia 1.8 Turbo, Blue Bird Primera 2.0 i, LS, GS, GSX, Rover 8000, Saab 9000, Subaru L ja Z Peugeot 405 1.9Gi, Gri, Sri, GTXI, MI16, 605 2.0 Sri, Toyota Celica, Corolla GT, MR2, VW Golf ja Passat Cl, Gl, GT, GT 16V, 16V Corrado, Scirocco GTX 16V, Jetta Synchro, Jetta, GTI 16V<\/p>\n<p>Adapter nr 8 GENERAL MOTORS<\/p>\n<p>Adapter nr 9 General Motors, Cadillac Sevilla, Eldorado<\/p>\n<p>Adapter nr E Cefrio Nissan, Maxima<\/p>\n<p>Nupp magnetilise otsaga<\/p>\n","protected":false},"featured_media":10953,"template":"","meta":[],"product_cat":[947,353,954],"product_tag":[1145],"supplier_id":null,"supplier_sku":"","barcode":null,"atum_controlled":true,"out_stock_date":null,"out_stock_threshold":null,"inheritable":false,"inbound_stock":0,"stock_on_hold":0,"sold_today":0,"sales_last_days":0,"reserved_stock":0,"customer_returns":0,"warehouse_damage":0,"lost_in_post":0,"other_logs":0,"out_stock_days":0,"lost_sales":0,"has_location":false,"update_date":"2026-04-07T18:35:03","atum_locations":[],"atum_stock_status":"instock","restock_status":false,"low_stock_amount":"","sales_update_date":"2025-04-28T08:49:50","calc_backorders":null,"yoast_head":"<!-- This site is optimized with the Yoast SEO plugin v21.0 - https:\/\/yoast.com\/wordpress\/plugins\/seo\/ -->\n<title>Pidurikolbide tagasisurumise komplekt 12-osa - Flexib h\u00fcdraulika<\/title>\n<meta name=\"description\" content=\"Pidurikolbide tagasisurumise komplekt 12-osa - H\u00fcdraulika komponendid, h\u00fcdropumbad, h\u00fcdraulilised jagajad, h\u00fcdrosilindrid, h\u00fcdropumbad, h\u00fcdraulika \u00f5lid ja h\u00fcdromootorid. P\u00f5llumajandus h\u00fcdraulika, h\u00fcdrovoolikud ja h\u00fcdrojaamad.\" \/>\n<meta name=\"robots\" content=\"index, follow, max-snippet:-1, max-image-preview:large, max-video-preview:-1\" \/>\n<link rel=\"canonical\" href=\"https:\/\/flexib.ee\/sv\/toode\/pidurikolbide-tagasisurumise-komplekt-12-osa\/\" \/>\n<meta property=\"og:locale\" content=\"sv_SE\" \/>\n<meta property=\"og:type\" content=\"article\" \/>\n<meta property=\"og:title\" content=\"Pidurikolbide tagasisurumise komplekt 12-osa - Flexib h\u00fcdraulika\" \/>\n<meta property=\"og:description\" content=\"Pidurikolbide tagasisurumise komplekt 12-osa - H\u00fcdraulika komponendid, h\u00fcdropumbad, h\u00fcdraulilised jagajad, h\u00fcdrosilindrid, h\u00fcdropumbad, h\u00fcdraulika \u00f5lid ja h\u00fcdromootorid. P\u00f5llumajandus h\u00fcdraulika, h\u00fcdrovoolikud ja h\u00fcdrojaamad.\" \/>\n<meta property=\"og:url\" content=\"https:\/\/flexib.ee\/sv\/toode\/pidurikolbide-tagasisurumise-komplekt-12-osa\/\" \/>\n<meta property=\"og:site_name\" content=\"Flexib h\u00fcdraulika\" \/>\n<meta property=\"article:modified_time\" content=\"2026-04-07T18:34:09+00:00\" \/>\n<meta property=\"og:image\" content=\"https:\/\/flexib.ee\/wp-content\/uploads\/2020\/10\/1-37.jpg\" \/>\n\t<meta property=\"og:image:width\" content=\"1920\" \/>\n\t<meta property=\"og:image:height\" content=\"1440\" \/>\n\t<meta property=\"og:image:type\" content=\"image\/jpeg\" \/>\n<meta name=\"twitter:card\" content=\"summary_large_image\" \/>\n<script type=\"application\/ld+json\" class=\"yoast-schema-graph\">{\"@context\":\"https:\/\/schema.org\",\"@graph\":[{\"@type\":\"WebPage\",\"@id\":\"https:\/\/flexib.ee\/sv\/toode\/pidurikolbide-tagasisurumise-komplekt-12-osa\/\",\"url\":\"https:\/\/flexib.ee\/sv\/toode\/pidurikolbide-tagasisurumise-komplekt-12-osa\/\",\"name\":\"Pidurikolbide tagasisurumise komplekt 12-osa - Flexib h\u00fcdraulika\",\"isPartOf\":{\"@id\":\"https:\/\/flexib.ee\/sv\/#website\"},\"datePublished\":\"2020-10-29T19:36:10+00:00\",\"dateModified\":\"2026-04-07T18:34:09+00:00\",\"description\":\"Pidurikolbide tagasisurumise komplekt 12-osa - H\u00fcdraulika komponendid, h\u00fcdropumbad, h\u00fcdraulilised jagajad, h\u00fcdrosilindrid, h\u00fcdropumbad, h\u00fcdraulika \u00f5lid ja h\u00fcdromootorid. P\u00f5llumajandus h\u00fcdraulika, h\u00fcdrovoolikud ja h\u00fcdrojaamad.\",\"breadcrumb\":{\"@id\":\"https:\/\/flexib.ee\/sv\/toode\/pidurikolbide-tagasisurumise-komplekt-12-osa\/#breadcrumb\"},\"inLanguage\":\"sv-SE\",\"potentialAction\":[{\"@type\":\"ReadAction\",\"target\":[\"https:\/\/flexib.ee\/sv\/toode\/pidurikolbide-tagasisurumise-komplekt-12-osa\/\"]}]},{\"@type\":\"BreadcrumbList\",\"@id\":\"https:\/\/flexib.ee\/sv\/toode\/pidurikolbide-tagasisurumise-komplekt-12-osa\/#breadcrumb\",\"itemListElement\":[{\"@type\":\"ListItem\",\"position\":1,\"name\":\"Flexib\",\"item\":\"https:\/\/flexib.ee\/sv\/\"},{\"@type\":\"ListItem\",\"position\":2,\"name\":\"Butik\",\"item\":\"https:\/\/flexib.ee\/sv\/butik\/\"},{\"@type\":\"ListItem\",\"position\":3,\"name\":\"Pidurikolbide tagasisurumise komplekt 12-osa\"}]},{\"@type\":\"WebSite\",\"@id\":\"https:\/\/flexib.ee\/sv\/#website\",\"url\":\"https:\/\/flexib.ee\/sv\/\",\"name\":\"Flexib h\u00fcdraulika\",\"description\":\"H\u00fcdraulika tarvikud ja komponendid.\",\"publisher\":{\"@id\":\"https:\/\/flexib.ee\/sv\/#organization\"},\"potentialAction\":[{\"@type\":\"SearchAction\",\"target\":{\"@type\":\"EntryPoint\",\"urlTemplate\":\"https:\/\/flexib.ee\/sv\/?s={search_term_string}\"},\"query-input\":\"required name=search_term_string\"}],\"inLanguage\":\"sv-SE\"},{\"@type\":\"Organization\",\"@id\":\"https:\/\/flexib.ee\/sv\/#organization\",\"name\":\"Flexib H\u00fcdraulika\",\"url\":\"https:\/\/flexib.ee\/sv\/\",\"logo\":{\"@type\":\"ImageObject\",\"inLanguage\":\"sv-SE\",\"@id\":\"https:\/\/flexib.ee\/sv\/#\/schema\/logo\/image\/\",\"url\":\"https:\/\/flexib.ee\/wp-content\/uploads\/2020\/08\/FLEXIB-2.png\",\"contentUrl\":\"https:\/\/flexib.ee\/wp-content\/uploads\/2020\/08\/FLEXIB-2.png\",\"width\":500,\"height\":500,\"caption\":\"Flexib H\u00fcdraulika\"},\"image\":{\"@id\":\"https:\/\/flexib.ee\/sv\/#\/schema\/logo\/image\/\"}}]}<\/script>\n<!-- \/ Yoast SEO plugin. -->","yoast_head_json":{"title":"Pidurikolbide tagasisurumise komplekt 12-osa - Flexib h\u00fcdraulika","description":"Pidurikolbide tagasisurumise komplekt 12-osa - H\u00fcdraulika komponendid, h\u00fcdropumbad, h\u00fcdraulilised jagajad, h\u00fcdrosilindrid, h\u00fcdropumbad, h\u00fcdraulika \u00f5lid ja h\u00fcdromootorid. P\u00f5llumajandus h\u00fcdraulika, h\u00fcdrovoolikud ja h\u00fcdrojaamad.","robots":{"index":"index","follow":"follow","max-snippet":"max-snippet:-1","max-image-preview":"max-image-preview:large","max-video-preview":"max-video-preview:-1"},"canonical":"https:\/\/flexib.ee\/sv\/toode\/pidurikolbide-tagasisurumise-komplekt-12-osa\/","og_locale":"sv_SE","og_type":"article","og_title":"Pidurikolbide tagasisurumise komplekt 12-osa - Flexib h\u00fcdraulika","og_description":"Pidurikolbide tagasisurumise komplekt 12-osa - H\u00fcdraulika komponendid, h\u00fcdropumbad, h\u00fcdraulilised jagajad, h\u00fcdrosilindrid, h\u00fcdropumbad, h\u00fcdraulika \u00f5lid ja h\u00fcdromootorid. P\u00f5llumajandus h\u00fcdraulika, h\u00fcdrovoolikud ja h\u00fcdrojaamad.","og_url":"https:\/\/flexib.ee\/sv\/toode\/pidurikolbide-tagasisurumise-komplekt-12-osa\/","og_site_name":"Flexib h\u00fcdraulika","article_modified_time":"2026-04-07T18:34:09+00:00","og_image":[{"width":1920,"height":1440,"url":"https:\/\/flexib.ee\/wp-content\/uploads\/2020\/10\/1-37.jpg","type":"image\/jpeg"}],"twitter_card":"summary_large_image","schema":{"@context":"https:\/\/schema.org","@graph":[{"@type":"WebPage","@id":"https:\/\/flexib.ee\/sv\/toode\/pidurikolbide-tagasisurumise-komplekt-12-osa\/","url":"https:\/\/flexib.ee\/sv\/toode\/pidurikolbide-tagasisurumise-komplekt-12-osa\/","name":"Pidurikolbide tagasisurumise komplekt 12-osa - Flexib h\u00fcdraulika","isPartOf":{"@id":"https:\/\/flexib.ee\/sv\/#website"},"datePublished":"2020-10-29T19:36:10+00:00","dateModified":"2026-04-07T18:34:09+00:00","description":"Pidurikolbide tagasisurumise komplekt 12-osa - H\u00fcdraulika komponendid, h\u00fcdropumbad, h\u00fcdraulilised jagajad, h\u00fcdrosilindrid, h\u00fcdropumbad, h\u00fcdraulika \u00f5lid ja h\u00fcdromootorid. P\u00f5llumajandus h\u00fcdraulika, h\u00fcdrovoolikud ja h\u00fcdrojaamad.","breadcrumb":{"@id":"https:\/\/flexib.ee\/sv\/toode\/pidurikolbide-tagasisurumise-komplekt-12-osa\/#breadcrumb"},"inLanguage":"sv-SE","potentialAction":[{"@type":"ReadAction","target":["https:\/\/flexib.ee\/sv\/toode\/pidurikolbide-tagasisurumise-komplekt-12-osa\/"]}]},{"@type":"BreadcrumbList","@id":"https:\/\/flexib.ee\/sv\/toode\/pidurikolbide-tagasisurumise-komplekt-12-osa\/#breadcrumb","itemListElement":[{"@type":"ListItem","position":1,"name":"Flexib","item":"https:\/\/flexib.ee\/sv\/"},{"@type":"ListItem","position":2,"name":"Butik","item":"https:\/\/flexib.ee\/sv\/butik\/"},{"@type":"ListItem","position":3,"name":"Pidurikolbide tagasisurumise komplekt 12-osa"}]},{"@type":"WebSite","@id":"https:\/\/flexib.ee\/sv\/#website","url":"https:\/\/flexib.ee\/sv\/","name":"Flexib h\u00fcdraulika","description":"H\u00fcdraulika tarvikud ja komponendid.","publisher":{"@id":"https:\/\/flexib.ee\/sv\/#organization"},"potentialAction":[{"@type":"SearchAction","target":{"@type":"EntryPoint","urlTemplate":"https:\/\/flexib.ee\/sv\/?s={search_term_string}"},"query-input":"required name=search_term_string"}],"inLanguage":"sv-SE"},{"@type":"Organization","@id":"https:\/\/flexib.ee\/sv\/#organization","name":"Flexib H\u00fcdraulika","url":"https:\/\/flexib.ee\/sv\/","logo":{"@type":"ImageObject","inLanguage":"sv-SE","@id":"https:\/\/flexib.ee\/sv\/#\/schema\/logo\/image\/","url":"https:\/\/flexib.ee\/wp-content\/uploads\/2020\/08\/FLEXIB-2.png","contentUrl":"https:\/\/flexib.ee\/wp-content\/uploads\/2020\/08\/FLEXIB-2.png","width":500,"height":500,"caption":"Flexib H\u00fcdraulika"},"image":{"@id":"https:\/\/flexib.ee\/sv\/#\/schema\/logo\/image\/"}}]}},"_links":{"self":[{"href":"https:\/\/flexib.ee\/sv\/wp-json\/wp\/v2\/product\/10891"}],"collection":[{"href":"https:\/\/flexib.ee\/sv\/wp-json\/wp\/v2\/product"}],"about":[{"href":"https:\/\/flexib.ee\/sv\/wp-json\/wp\/v2\/types\/product"}],"wp:featuredmedia":[{"embeddable":true,"href":"https:\/\/flexib.ee\/sv\/wp-json\/wp\/v2\/media\/10953"}],"wp:attachment":[{"href":"https:\/\/flexib.ee\/sv\/wp-json\/wp\/v2\/media?parent=10891"}],"wp:term":[{"taxonomy":"product_cat","embeddable":true,"href":"https:\/\/flexib.ee\/sv\/wp-json\/wp\/v2\/product_cat?post=10891"},{"taxonomy":"product_tag","embeddable":true,"href":"https:\/\/flexib.ee\/sv\/wp-json\/wp\/v2\/product_tag?post=10891"}],"curies":[{"name":"wp","href":"https:\/\/api.w.org\/{rel}","templated":true}]}}