{"id":1045,"date":"2020-08-17T22:07:58","date_gmt":"2020-08-17T20:07:58","guid":{"rendered":"https:\/\/flexib.ee\/toode\/import-placeholder-for-9974\/"},"modified":"2025-09-08T14:07:25","modified_gmt":"2025-09-08T11:07:25","slug":"hudromootor-wmd-250cm3-rev-kiirus-240rpm","status":"publish","type":"product","link":"https:\/\/flexib.ee\/sv\/toode\/hudromootor-wmd-250cm3-rev-kiirus-240rpm\/","title":{"rendered":"H\u00fcdromootor WMD 250cm3 \/ rev Kiirus: 240rpm"},"content":{"rendered":"<p>BMR 250 h\u00fcdrauliline mootor on m\u00f5eldud peamiselt kasutamiseks erinevat t\u00fc\u00fcpi p\u00f5llumajandus- ja t\u00f6\u00f6stusseadmetes. S\u00fcsteemides, kus on keskmine v\u00f5imsustarve ja keskmine \u00f5livool, soovime saavutada \u00fcsna k\u00f5rge p\u00f6\u00f6rlemiskiiruse.<\/p>\n<p>&nbsp;<\/p>\n<p>V\u00f5ll: 25mm<\/p>\n<p>Kiletaja, hakkija, laotur<br \/>\nP\u00fchkimismasinad, liivapuistajad, lumekoristajad<br \/>\nPorgandi-, peedi-, sibula- ja muude taimede pealisl\u00f5ikurid<br \/>\nLehe- ja oksarehad<br \/>\nKonveierilindi ajamid<br \/>\nHakkurid ja oksapurustajad<br \/>\nMetsandusvintsid ja s\u00f5idukivintsid<br \/>\nViljakruvid ja maapuurid<br \/>\nTehnilised andmed:<br \/>\nP\u00f6\u00f6rlemissuund: kahepoolne<br \/>\nKorpuse sisekeere: 1\/2&#8243;<br \/>\nLiigendid: K\u00fclg\u00fchendus<br \/>\nKorpuse materjal: malm<br \/>\nPidev t\u00f6\u00f6: piiramatu aeg<br \/>\nHetkeline t\u00f6\u00f6: maksimaalselt 6 sekundit minutis<br \/>\nMaksimaalne vooluhulk pideval t\u00f6\u00f6l [l\/min]:<\/p>\n<p>Maksimaalne vooluhulk hetkelisel t\u00f6\u00f6l [l\/min]:<\/p>\n<p>60<\/p>\n<p>75<\/p>\n<p>Maksimaalne p\u00f6\u00f6rlemiskiirus pideval t\u00f6\u00f6l [p\/min]:<\/p>\n<p>Maksimaalne p\u00f6\u00f6rlemiskiirus hetkelisel t\u00f6\u00f6l [p\/min]:<\/p>\n<p>240<\/p>\n<p>300<\/p>\n<p>Maksimaalne r\u00f5hk pideval t\u00f6\u00f6l [bar]:<\/p>\n<p>Maksimaalne r\u00f5hk hetkelisel t\u00f6\u00f6l [bar]:<\/p>\n<p>120<\/p>\n<p>175<\/p>\n<p>Maksimaalne v\u00f5imsus pideval t\u00f6\u00f6tamisel [kW]:<\/p>\n<p>Maksimaalne v\u00f5imsus hetkelisel t\u00f6\u00f6tamisel [kW]:<\/p>\n<p>8,2<\/p>\n<p>15<\/p>\n<p>Maksimaalne p\u00f6\u00f6rdemoment pideval t\u00f6\u00f6tamisel [Nm]:<\/p>\n<p>Maksimaalne p\u00f6\u00f6rdemoment hetkelisel t\u00f6\u00f6tamisel [Nm]:<\/p>\n<p>410<\/p>\n<p>540<\/p>\n<p>Soovitatav t\u00f6\u00f6temperatuuri vahemik:<\/p>\n<p>Lubatud \u00fcmbritseva \u00f5hu temperatuur: -40 C kuni +80 C<br \/>\nLubatud \u00f5litemperatuur: -15 C kuni +80 C<\/p>\n<p>&nbsp;<\/p>\n","protected":false},"excerpt":{"rendered":"<p>BMR 250 h\u00fcdrauliline mootor on m\u00f5eldud peamiselt kasutamiseks erinevat t\u00fc\u00fcpi p\u00f5llumajandus- ja t\u00f6\u00f6stusseadmetes. S\u00fcsteemides, kus on keskmine v\u00f5imsustarve ja keskmine<\/p>\n","protected":false},"featured_media":8057,"template":"","meta":[],"product_cat":[230],"product_tag":[598,599],"supplier_id":null,"supplier_sku":"","barcode":null,"atum_controlled":true,"out_stock_date":null,"out_stock_threshold":null,"inheritable":false,"inbound_stock":null,"stock_on_hold":0,"sold_today":0,"sales_last_days":0,"reserved_stock":null,"customer_returns":null,"warehouse_damage":null,"lost_in_post":null,"other_logs":null,"out_stock_days":0,"lost_sales":0,"has_location":false,"update_date":"2026-04-07T00:10:14","atum_locations":[],"atum_stock_status":"onbackorder","restock_status":false,"low_stock_amount":"","sales_update_date":"2026-04-07T00:10:14","calc_backorders":-2,"yoast_head":"<!-- This site is optimized with the Yoast SEO plugin v21.0 - https:\/\/yoast.com\/wordpress\/plugins\/seo\/ -->\n<title>H\u00fcdromootor WMD 250cm3 \/ rev Kiirus: 240rpm - Flexib h\u00fcdraulika<\/title>\n<meta name=\"description\" content=\"H\u00fcdromootor WMD 250cm3 \/ rev Kiirus: 240rpm - H\u00fcdraulika komponendid, h\u00fcdropumbad, h\u00fcdraulilised jagajad, h\u00fcdrosilindrid, h\u00fcdropumbad, h\u00fcdraulika \u00f5lid ja h\u00fcdromootorid. P\u00f5llumajandus h\u00fcdraulika, h\u00fcdrovoolikud ja h\u00fcdrojaamad.\" \/>\n<meta name=\"robots\" content=\"index, follow, max-snippet:-1, max-image-preview:large, max-video-preview:-1\" \/>\n<link rel=\"canonical\" href=\"https:\/\/flexib.ee\/sv\/toode\/hudromootor-wmd-250cm3-rev-kiirus-240rpm\/\" \/>\n<meta property=\"og:locale\" content=\"sv_SE\" \/>\n<meta property=\"og:type\" content=\"article\" \/>\n<meta property=\"og:title\" content=\"H\u00fcdromootor WMD 250cm3 \/ rev Kiirus: 240rpm - Flexib h\u00fcdraulika\" \/>\n<meta property=\"og:description\" content=\"H\u00fcdromootor WMD 250cm3 \/ rev Kiirus: 240rpm - H\u00fcdraulika komponendid, h\u00fcdropumbad, h\u00fcdraulilised jagajad, h\u00fcdrosilindrid, h\u00fcdropumbad, h\u00fcdraulika \u00f5lid ja h\u00fcdromootorid. P\u00f5llumajandus h\u00fcdraulika, h\u00fcdrovoolikud ja h\u00fcdrojaamad.\" \/>\n<meta property=\"og:url\" content=\"https:\/\/flexib.ee\/sv\/toode\/hudromootor-wmd-250cm3-rev-kiirus-240rpm\/\" \/>\n<meta property=\"og:site_name\" content=\"Flexib h\u00fcdraulika\" \/>\n<meta property=\"article:modified_time\" content=\"2025-09-08T11:07:25+00:00\" \/>\n<meta property=\"og:image\" content=\"https:\/\/flexib.ee\/wp-content\/uploads\/2020\/08\/7094.jpg\" \/>\n\t<meta property=\"og:image:width\" content=\"800\" \/>\n\t<meta property=\"og:image:height\" content=\"800\" \/>\n\t<meta property=\"og:image:type\" content=\"image\/jpeg\" \/>\n<meta name=\"twitter:card\" content=\"summary_large_image\" \/>\n<meta name=\"twitter:label1\" content=\"Ber\u00e4knad l\u00e4stid\" \/>\n\t<meta name=\"twitter:data1\" content=\"1 minut\" \/>\n<script type=\"application\/ld+json\" class=\"yoast-schema-graph\">{\"@context\":\"https:\/\/schema.org\",\"@graph\":[{\"@type\":\"WebPage\",\"@id\":\"https:\/\/flexib.ee\/sv\/toode\/hudromootor-wmd-250cm3-rev-kiirus-240rpm\/\",\"url\":\"https:\/\/flexib.ee\/sv\/toode\/hudromootor-wmd-250cm3-rev-kiirus-240rpm\/\",\"name\":\"H\u00fcdromootor WMD 250cm3 \/ rev Kiirus: 240rpm - Flexib h\u00fcdraulika\",\"isPartOf\":{\"@id\":\"https:\/\/flexib.ee\/sv\/#website\"},\"datePublished\":\"2020-08-17T20:07:58+00:00\",\"dateModified\":\"2025-09-08T11:07:25+00:00\",\"description\":\"H\u00fcdromootor WMD 250cm3 \/ rev Kiirus: 240rpm - H\u00fcdraulika komponendid, h\u00fcdropumbad, h\u00fcdraulilised jagajad, h\u00fcdrosilindrid, h\u00fcdropumbad, h\u00fcdraulika \u00f5lid ja h\u00fcdromootorid. P\u00f5llumajandus h\u00fcdraulika, h\u00fcdrovoolikud ja h\u00fcdrojaamad.\",\"breadcrumb\":{\"@id\":\"https:\/\/flexib.ee\/sv\/toode\/hudromootor-wmd-250cm3-rev-kiirus-240rpm\/#breadcrumb\"},\"inLanguage\":\"sv-SE\",\"potentialAction\":[{\"@type\":\"ReadAction\",\"target\":[\"https:\/\/flexib.ee\/sv\/toode\/hudromootor-wmd-250cm3-rev-kiirus-240rpm\/\"]}]},{\"@type\":\"BreadcrumbList\",\"@id\":\"https:\/\/flexib.ee\/sv\/toode\/hudromootor-wmd-250cm3-rev-kiirus-240rpm\/#breadcrumb\",\"itemListElement\":[{\"@type\":\"ListItem\",\"position\":1,\"name\":\"Flexib\",\"item\":\"https:\/\/flexib.ee\/sv\/\"},{\"@type\":\"ListItem\",\"position\":2,\"name\":\"Butik\",\"item\":\"https:\/\/flexib.ee\/sv\/butik\/\"},{\"@type\":\"ListItem\",\"position\":3,\"name\":\"H\u00fcdromootor WMD 250cm3 \/ rev Kiirus: 240rpm\"}]},{\"@type\":\"WebSite\",\"@id\":\"https:\/\/flexib.ee\/sv\/#website\",\"url\":\"https:\/\/flexib.ee\/sv\/\",\"name\":\"Flexib h\u00fcdraulika\",\"description\":\"H\u00fcdraulika tarvikud ja komponendid.\",\"publisher\":{\"@id\":\"https:\/\/flexib.ee\/sv\/#organization\"},\"potentialAction\":[{\"@type\":\"SearchAction\",\"target\":{\"@type\":\"EntryPoint\",\"urlTemplate\":\"https:\/\/flexib.ee\/sv\/?s={search_term_string}\"},\"query-input\":\"required name=search_term_string\"}],\"inLanguage\":\"sv-SE\"},{\"@type\":\"Organization\",\"@id\":\"https:\/\/flexib.ee\/sv\/#organization\",\"name\":\"Flexib H\u00fcdraulika\",\"url\":\"https:\/\/flexib.ee\/sv\/\",\"logo\":{\"@type\":\"ImageObject\",\"inLanguage\":\"sv-SE\",\"@id\":\"https:\/\/flexib.ee\/sv\/#\/schema\/logo\/image\/\",\"url\":\"https:\/\/flexib.ee\/wp-content\/uploads\/2020\/08\/FLEXIB-2.png\",\"contentUrl\":\"https:\/\/flexib.ee\/wp-content\/uploads\/2020\/08\/FLEXIB-2.png\",\"width\":500,\"height\":500,\"caption\":\"Flexib H\u00fcdraulika\"},\"image\":{\"@id\":\"https:\/\/flexib.ee\/sv\/#\/schema\/logo\/image\/\"}}]}<\/script>\n<!-- \/ Yoast SEO plugin. -->","yoast_head_json":{"title":"H\u00fcdromootor WMD 250cm3 \/ rev Kiirus: 240rpm - Flexib h\u00fcdraulika","description":"H\u00fcdromootor WMD 250cm3 \/ rev Kiirus: 240rpm - H\u00fcdraulika komponendid, h\u00fcdropumbad, h\u00fcdraulilised jagajad, h\u00fcdrosilindrid, h\u00fcdropumbad, h\u00fcdraulika \u00f5lid ja h\u00fcdromootorid. P\u00f5llumajandus h\u00fcdraulika, h\u00fcdrovoolikud ja h\u00fcdrojaamad.","robots":{"index":"index","follow":"follow","max-snippet":"max-snippet:-1","max-image-preview":"max-image-preview:large","max-video-preview":"max-video-preview:-1"},"canonical":"https:\/\/flexib.ee\/sv\/toode\/hudromootor-wmd-250cm3-rev-kiirus-240rpm\/","og_locale":"sv_SE","og_type":"article","og_title":"H\u00fcdromootor WMD 250cm3 \/ rev Kiirus: 240rpm - Flexib h\u00fcdraulika","og_description":"H\u00fcdromootor WMD 250cm3 \/ rev Kiirus: 240rpm - H\u00fcdraulika komponendid, h\u00fcdropumbad, h\u00fcdraulilised jagajad, h\u00fcdrosilindrid, h\u00fcdropumbad, h\u00fcdraulika \u00f5lid ja h\u00fcdromootorid. P\u00f5llumajandus h\u00fcdraulika, h\u00fcdrovoolikud ja h\u00fcdrojaamad.","og_url":"https:\/\/flexib.ee\/sv\/toode\/hudromootor-wmd-250cm3-rev-kiirus-240rpm\/","og_site_name":"Flexib h\u00fcdraulika","article_modified_time":"2025-09-08T11:07:25+00:00","og_image":[{"width":800,"height":800,"url":"https:\/\/flexib.ee\/wp-content\/uploads\/2020\/08\/7094.jpg","type":"image\/jpeg"}],"twitter_card":"summary_large_image","twitter_misc":{"Ber\u00e4knad l\u00e4stid":"1 minut"},"schema":{"@context":"https:\/\/schema.org","@graph":[{"@type":"WebPage","@id":"https:\/\/flexib.ee\/sv\/toode\/hudromootor-wmd-250cm3-rev-kiirus-240rpm\/","url":"https:\/\/flexib.ee\/sv\/toode\/hudromootor-wmd-250cm3-rev-kiirus-240rpm\/","name":"H\u00fcdromootor WMD 250cm3 \/ rev Kiirus: 240rpm - Flexib h\u00fcdraulika","isPartOf":{"@id":"https:\/\/flexib.ee\/sv\/#website"},"datePublished":"2020-08-17T20:07:58+00:00","dateModified":"2025-09-08T11:07:25+00:00","description":"H\u00fcdromootor WMD 250cm3 \/ rev Kiirus: 240rpm - H\u00fcdraulika komponendid, h\u00fcdropumbad, h\u00fcdraulilised jagajad, h\u00fcdrosilindrid, h\u00fcdropumbad, h\u00fcdraulika \u00f5lid ja h\u00fcdromootorid. P\u00f5llumajandus h\u00fcdraulika, h\u00fcdrovoolikud ja h\u00fcdrojaamad.","breadcrumb":{"@id":"https:\/\/flexib.ee\/sv\/toode\/hudromootor-wmd-250cm3-rev-kiirus-240rpm\/#breadcrumb"},"inLanguage":"sv-SE","potentialAction":[{"@type":"ReadAction","target":["https:\/\/flexib.ee\/sv\/toode\/hudromootor-wmd-250cm3-rev-kiirus-240rpm\/"]}]},{"@type":"BreadcrumbList","@id":"https:\/\/flexib.ee\/sv\/toode\/hudromootor-wmd-250cm3-rev-kiirus-240rpm\/#breadcrumb","itemListElement":[{"@type":"ListItem","position":1,"name":"Flexib","item":"https:\/\/flexib.ee\/sv\/"},{"@type":"ListItem","position":2,"name":"Butik","item":"https:\/\/flexib.ee\/sv\/butik\/"},{"@type":"ListItem","position":3,"name":"H\u00fcdromootor WMD 250cm3 \/ rev Kiirus: 240rpm"}]},{"@type":"WebSite","@id":"https:\/\/flexib.ee\/sv\/#website","url":"https:\/\/flexib.ee\/sv\/","name":"Flexib h\u00fcdraulika","description":"H\u00fcdraulika tarvikud ja komponendid.","publisher":{"@id":"https:\/\/flexib.ee\/sv\/#organization"},"potentialAction":[{"@type":"SearchAction","target":{"@type":"EntryPoint","urlTemplate":"https:\/\/flexib.ee\/sv\/?s={search_term_string}"},"query-input":"required name=search_term_string"}],"inLanguage":"sv-SE"},{"@type":"Organization","@id":"https:\/\/flexib.ee\/sv\/#organization","name":"Flexib H\u00fcdraulika","url":"https:\/\/flexib.ee\/sv\/","logo":{"@type":"ImageObject","inLanguage":"sv-SE","@id":"https:\/\/flexib.ee\/sv\/#\/schema\/logo\/image\/","url":"https:\/\/flexib.ee\/wp-content\/uploads\/2020\/08\/FLEXIB-2.png","contentUrl":"https:\/\/flexib.ee\/wp-content\/uploads\/2020\/08\/FLEXIB-2.png","width":500,"height":500,"caption":"Flexib H\u00fcdraulika"},"image":{"@id":"https:\/\/flexib.ee\/sv\/#\/schema\/logo\/image\/"}}]}},"_links":{"self":[{"href":"https:\/\/flexib.ee\/sv\/wp-json\/wp\/v2\/product\/1045"}],"collection":[{"href":"https:\/\/flexib.ee\/sv\/wp-json\/wp\/v2\/product"}],"about":[{"href":"https:\/\/flexib.ee\/sv\/wp-json\/wp\/v2\/types\/product"}],"wp:featuredmedia":[{"embeddable":true,"href":"https:\/\/flexib.ee\/sv\/wp-json\/wp\/v2\/media\/8057"}],"wp:attachment":[{"href":"https:\/\/flexib.ee\/sv\/wp-json\/wp\/v2\/media?parent=1045"}],"wp:term":[{"taxonomy":"product_cat","embeddable":true,"href":"https:\/\/flexib.ee\/sv\/wp-json\/wp\/v2\/product_cat?post=1045"},{"taxonomy":"product_tag","embeddable":true,"href":"https:\/\/flexib.ee\/sv\/wp-json\/wp\/v2\/product_tag?post=1045"}],"curies":[{"name":"wp","href":"https:\/\/api.w.org\/{rel}","templated":true}]}}